{"id":97,"date":"2020-10-10T18:18:22","date_gmt":"2020-10-10T18:18:22","guid":{"rendered":"https:\/\/rutasdesierto.com\/trips\/?page_id=97"},"modified":"2021-06-08T14:24:21","modified_gmt":"2021-06-08T14:24:21","slug":"1-noche-en-campamento-en-el-desierto","status":"publish","type":"page","link":"https:\/\/moroccotouroperator.com\/es\/1-noche-en-campamento-en-el-desierto\/","title":{"rendered":"1 Noche en campamento en el desierto"},"content":{"rendered":"<body><h2>1 Noche en el campamento del desierto<\/h2>\n<h3>Excursi\u00f3n en camello y noche en el campamento del desierto \/ 1 noche en el campamento del desierto<\/h3>\n<h3>Descripci\u00f3n:<\/h3>\n<p style=\"text-align: justify;\">Esta 1 Noche en el campamento del desierto le dar\u00e1 la oportunidad de montar en camello y cruzar las dunas de arena. Despu\u00e9s disfrutar\u00e1 de la puesta de sol de su vida sobre una alta duna. Adem\u00e1s, explorar\u00e1 los paisajes del desierto del Sahara. Despu\u00e9s, al llegar al campamento, tomar\u00e1s una taza de t\u00e9 antes de coger tu tienda. Despu\u00e9s de la cena, podr\u00e1s tocar algo de m\u00fasica bereber con el personal alrededor del fuego. Tambi\u00e9n disfrutar\u00e1 de un cielo estrellado. Adem\u00e1s, disfrutar\u00e1 de un maravilloso amanecer por la ma\u00f1ana temprano. A continuaci\u00f3n, volveremos en camello al pueblo de Merzouga despu\u00e9s del desayuno.<\/p>\n<p>\u00a0<\/p>\n<h3>Informaci\u00f3n:<\/h3>\n<ul>\n<li>Duraci\u00f3n: 1 Noche<\/li>\n<li>Hora de salida:\u00a0 Por la tarde<\/li>\n<li>Punto de partida: su alojamiento en la zona de <a href=\"https:\/\/es.wikipedia.org\/wiki\/Merzouga\">Merzouga<\/a><\/li>\n<li>Punto de finalizaci\u00f3n: su alojamiento en la zona de Merzouga<\/li>\n<\/ul>\n<h3>Puntos destacados:<\/h3>\n<ul>\n<li>Explorar el desierto del Sahara<\/li>\n<li>Montar en camello<\/li>\n<li>Disfrutar de la puesta de sol y del amanecer<\/li>\n<li>Noche en el campamento del desierto<\/li>\n<\/ul>\n<p>\u00a0<\/p>\n<h3>Programa:<\/h3>\n<p style=\"text-align: justify;\">Organizamos el paseo en camello y pasamos una noche en un campamento del desierto. Esta excursi\u00f3n comienza por la tarde. En primer lugar, se iniciar\u00e1 el paseo en camello por el desierto durante 1:30min. Adem\u00e1s, pasaremos la noche en un campamento tradicional o de lujo, seg\u00fan su elecci\u00f3n. En el camino, nuestro gu\u00eda le llevar\u00e1 al mejor lugar para disfrutar y tomar hermosas fotos de la puesta de sol. Despu\u00e9s, al llegar al campamento, el personal le dar\u00e1 la bienvenida con una taza de t\u00e9. Adem\u00e1s, despu\u00e9s de la cena, tendr\u00e1 una gran oportunidad de disfrutar de la m\u00fasica alrededor del fuego en el campamento. Adem\u00e1s, podr\u00e1 pasear bajo un cielo estrellado cerca del campamento y pasar la noche en \u00e9l.<\/p>\n<p style=\"text-align: justify;\">Por la ma\u00f1ana temprano, nuestro personal le despertar\u00e1 para que disfrute del cielo rojo y del mejor amanecer de su vida. Despu\u00e9s de desayunar, cabalgaremos a lomos de camellos disfrutando del hermoso paisaje.<\/p>\n<p>\u00a0<\/p>\n<h3>C\u00f3mo reservar esta noche en el campamento del desierto?<\/h3>\n<p>No dude en ponerse en contacto con nosotros para este viaje, por Email, WhatsApp o llamada telef\u00f3nica.<\/p>\n<h4>Nota:<\/h4>\n<p>Si quieres una excursi\u00f3n de d\u00eda completo por el desierto en 4\u00d74, <a href=\"http:\/\/moroccotouroperator.com\/es\/\">click aqu\u00ed<\/a><\/p>\n<\/body>","protected":false},"excerpt":{"rendered":"<p>1 Noche en el campamento del desierto Excursi\u00f3n en camello y noche en el campamento del desierto \/ 1 noche en el campamento del desierto Descripci\u00f3n:<span class=\"excerpt-hellip\"> [\u2026]<\/span><\/p>\n","protected":false},"author":1,"featured_media":885,"parent":0,"menu_order":0,"comment_status":"closed","ping_status":"closed","template":"","meta":{"footnotes":""},"class_list":["post-97","page","type-page","status-publish","has-post-thumbnail","hentry"],"yoast_head":"<!-- This site is optimized with the Yoast SEO plugin v25.6 - https:\/\/yoast.com\/wordpress\/plugins\/seo\/ -->\n<title>1 Noche en campamento en el desierto \/ Camellos en Merzouga<\/title>\n<meta name=\"description\" content=\"1 noche en el campamento del desierto para disfrutar de la caminata en camello, la puesta de sol y pasar una noche en el campamento...\" \/>\n<meta name=\"robots\" content=\"index, follow, max-snippet:-1, max-image-preview:large, max-video-preview:-1\" \/>\n<link rel=\"canonical\" href=\"https:\/\/moroccotouroperator.com\/es\/1-noche-en-campamento-en-el-desierto\/\" \/>\n<meta property=\"og:locale\" content=\"en_US\" \/>\n<meta property=\"og:type\" content=\"article\" \/>\n<meta property=\"og:title\" content=\"1 Noche en campamento en el desierto \/ Camellos en Merzouga\" \/>\n<meta property=\"og:description\" content=\"1 noche en el campamento del desierto para disfrutar de la caminata en camello, la puesta de sol y pasar una noche en el campamento...\" \/>\n<meta property=\"og:url\" content=\"https:\/\/moroccotouroperator.com\/es\/1-noche-en-campamento-en-el-desierto\/\" \/>\n<meta property=\"og:site_name\" content=\"Morocco Tour Operator\" \/>\n<meta property=\"article:modified_time\" content=\"2021-06-08T14:24:21+00:00\" \/>\n<meta property=\"og:image\" content=\"https:\/\/i0.wp.com\/moroccotouroperator.com\/es\/wp-content\/uploads\/2021\/06\/176409626_807522976808020_1940139934730051049_n.jpg?fit=1079%2C1051&ssl=1\" \/>\n\t<meta property=\"og:image:width\" content=\"1079\" \/>\n\t<meta property=\"og:image:height\" content=\"1051\" \/>\n\t<meta property=\"og:image:type\" content=\"image\/jpeg\" \/>\n<meta name=\"twitter:card\" content=\"summary_large_image\" \/>\n<meta name=\"twitter:label1\" content=\"Est. reading time\" \/>\n\t<meta name=\"twitter:data1\" content=\"2 minutes\" \/>\n<script type=\"application\/ld+json\" class=\"yoast-schema-graph\">{\"@context\":\"https:\/\/schema.org\",\"@graph\":[{\"@type\":\"WebPage\",\"@id\":\"https:\/\/moroccotouroperator.com\/es\/1-noche-en-campamento-en-el-desierto\/\",\"url\":\"https:\/\/moroccotouroperator.com\/es\/1-noche-en-campamento-en-el-desierto\/\",\"name\":\"1 Noche en campamento en el desierto \/ Camellos en Merzouga\",\"isPartOf\":{\"@id\":\"https:\/\/moroccotouroperator.com\/es\/#website\"},\"primaryImageOfPage\":{\"@id\":\"https:\/\/moroccotouroperator.com\/es\/1-noche-en-campamento-en-el-desierto\/#primaryimage\"},\"image\":{\"@id\":\"https:\/\/moroccotouroperator.com\/es\/1-noche-en-campamento-en-el-desierto\/#primaryimage\"},\"thumbnailUrl\":\"https:\/\/i0.wp.com\/moroccotouroperator.com\/es\/wp-content\/uploads\/2021\/06\/176409626_807522976808020_1940139934730051049_n.jpg?fit=1079%2C1051&ssl=1\",\"datePublished\":\"2020-10-10T18:18:22+00:00\",\"dateModified\":\"2021-06-08T14:24:21+00:00\",\"description\":\"1 noche en el campamento del desierto para disfrutar de la caminata en camello, la puesta de sol y pasar una noche en el campamento...\",\"breadcrumb\":{\"@id\":\"https:\/\/moroccotouroperator.com\/es\/1-noche-en-campamento-en-el-desierto\/#breadcrumb\"},\"inLanguage\":\"en-US\",\"potentialAction\":[{\"@type\":\"ReadAction\",\"target\":[\"https:\/\/moroccotouroperator.com\/es\/1-noche-en-campamento-en-el-desierto\/\"]}]},{\"@type\":\"ImageObject\",\"inLanguage\":\"en-US\",\"@id\":\"https:\/\/moroccotouroperator.com\/es\/1-noche-en-campamento-en-el-desierto\/#primaryimage\",\"url\":\"https:\/\/i0.wp.com\/moroccotouroperator.com\/es\/wp-content\/uploads\/2021\/06\/176409626_807522976808020_1940139934730051049_n.jpg?fit=1079%2C1051&ssl=1\",\"contentUrl\":\"https:\/\/i0.wp.com\/moroccotouroperator.com\/es\/wp-content\/uploads\/2021\/06\/176409626_807522976808020_1940139934730051049_n.jpg?fit=1079%2C1051&ssl=1\",\"width\":1079,\"height\":1051,\"caption\":\"1 notch en el campamento\"},{\"@type\":\"BreadcrumbList\",\"@id\":\"https:\/\/moroccotouroperator.com\/es\/1-noche-en-campamento-en-el-desierto\/#breadcrumb\",\"itemListElement\":[{\"@type\":\"ListItem\",\"position\":1,\"name\":\"Home\",\"item\":\"https:\/\/moroccotouroperator.com\/es\/\"},{\"@type\":\"ListItem\",\"position\":2,\"name\":\"1 Noche en campamento en el desierto\"}]},{\"@type\":\"WebSite\",\"@id\":\"https:\/\/moroccotouroperator.com\/es\/#website\",\"url\":\"https:\/\/moroccotouroperator.com\/es\/\",\"name\":\"Morocco Tour Operator\",\"description\":\"Morocco Private Desert Tours\",\"potentialAction\":[{\"@type\":\"SearchAction\",\"target\":{\"@type\":\"EntryPoint\",\"urlTemplate\":\"https:\/\/moroccotouroperator.com\/es\/?s={search_term_string}\"},\"query-input\":{\"@type\":\"PropertyValueSpecification\",\"valueRequired\":true,\"valueName\":\"search_term_string\"}}],\"inLanguage\":\"en-US\"}]}<\/script>\n<!-- \/ Yoast SEO plugin. -->","yoast_head_json":{"title":"1 Noche en campamento en el desierto \/ Camellos en Merzouga","description":"1 noche en el campamento del desierto para disfrutar de la caminata en camello, la puesta de sol y pasar una noche en el campamento...","robots":{"index":"index","follow":"follow","max-snippet":"max-snippet:-1","max-image-preview":"max-image-preview:large","max-video-preview":"max-video-preview:-1"},"canonical":"https:\/\/moroccotouroperator.com\/es\/1-noche-en-campamento-en-el-desierto\/","og_locale":"en_US","og_type":"article","og_title":"1 Noche en campamento en el desierto \/ Camellos en Merzouga","og_description":"1 noche en el campamento del desierto para disfrutar de la caminata en camello, la puesta de sol y pasar una noche en el campamento...","og_url":"https:\/\/moroccotouroperator.com\/es\/1-noche-en-campamento-en-el-desierto\/","og_site_name":"Morocco Tour Operator","article_modified_time":"2021-06-08T14:24:21+00:00","og_image":[{"width":1079,"height":1051,"url":"https:\/\/i0.wp.com\/moroccotouroperator.com\/es\/wp-content\/uploads\/2021\/06\/176409626_807522976808020_1940139934730051049_n.jpg?fit=1079%2C1051&ssl=1","type":"image\/jpeg"}],"twitter_card":"summary_large_image","twitter_misc":{"Est. reading time":"2 minutes"},"schema":{"@context":"https:\/\/schema.org","@graph":[{"@type":"WebPage","@id":"https:\/\/moroccotouroperator.com\/es\/1-noche-en-campamento-en-el-desierto\/","url":"https:\/\/moroccotouroperator.com\/es\/1-noche-en-campamento-en-el-desierto\/","name":"1 Noche en campamento en el desierto \/ Camellos en Merzouga","isPartOf":{"@id":"https:\/\/moroccotouroperator.com\/es\/#website"},"primaryImageOfPage":{"@id":"https:\/\/moroccotouroperator.com\/es\/1-noche-en-campamento-en-el-desierto\/#primaryimage"},"image":{"@id":"https:\/\/moroccotouroperator.com\/es\/1-noche-en-campamento-en-el-desierto\/#primaryimage"},"thumbnailUrl":"https:\/\/i0.wp.com\/moroccotouroperator.com\/es\/wp-content\/uploads\/2021\/06\/176409626_807522976808020_1940139934730051049_n.jpg?fit=1079%2C1051&ssl=1","datePublished":"2020-10-10T18:18:22+00:00","dateModified":"2021-06-08T14:24:21+00:00","description":"1 noche en el campamento del desierto para disfrutar de la caminata en camello, la puesta de sol y pasar una noche en el campamento...","breadcrumb":{"@id":"https:\/\/moroccotouroperator.com\/es\/1-noche-en-campamento-en-el-desierto\/#breadcrumb"},"inLanguage":"en-US","potentialAction":[{"@type":"ReadAction","target":["https:\/\/moroccotouroperator.com\/es\/1-noche-en-campamento-en-el-desierto\/"]}]},{"@type":"ImageObject","inLanguage":"en-US","@id":"https:\/\/moroccotouroperator.com\/es\/1-noche-en-campamento-en-el-desierto\/#primaryimage","url":"https:\/\/i0.wp.com\/moroccotouroperator.com\/es\/wp-content\/uploads\/2021\/06\/176409626_807522976808020_1940139934730051049_n.jpg?fit=1079%2C1051&ssl=1","contentUrl":"https:\/\/i0.wp.com\/moroccotouroperator.com\/es\/wp-content\/uploads\/2021\/06\/176409626_807522976808020_1940139934730051049_n.jpg?fit=1079%2C1051&ssl=1","width":1079,"height":1051,"caption":"1 notch en el campamento"},{"@type":"BreadcrumbList","@id":"https:\/\/moroccotouroperator.com\/es\/1-noche-en-campamento-en-el-desierto\/#breadcrumb","itemListElement":[{"@type":"ListItem","position":1,"name":"Home","item":"https:\/\/moroccotouroperator.com\/es\/"},{"@type":"ListItem","position":2,"name":"1 Noche en campamento en el desierto"}]},{"@type":"WebSite","@id":"https:\/\/moroccotouroperator.com\/es\/#website","url":"https:\/\/moroccotouroperator.com\/es\/","name":"Morocco Tour Operator","description":"Morocco Private Desert Tours","potentialAction":[{"@type":"SearchAction","target":{"@type":"EntryPoint","urlTemplate":"https:\/\/moroccotouroperator.com\/es\/?s={search_term_string}"},"query-input":{"@type":"PropertyValueSpecification","valueRequired":true,"valueName":"search_term_string"}}],"inLanguage":"en-US"}]}},"jetpack_sharing_enabled":true,"_links":{"self":[{"href":"https:\/\/moroccotouroperator.com\/es\/wp-json\/wp\/v2\/pages\/97"}],"collection":[{"href":"https:\/\/moroccotouroperator.com\/es\/wp-json\/wp\/v2\/pages"}],"about":[{"href":"https:\/\/moroccotouroperator.com\/es\/wp-json\/wp\/v2\/types\/page"}],"author":[{"embeddable":true,"href":"https:\/\/moroccotouroperator.com\/es\/wp-json\/wp\/v2\/users\/1"}],"replies":[{"embeddable":true,"href":"https:\/\/moroccotouroperator.com\/es\/wp-json\/wp\/v2\/comments?post=97"}],"version-history":[{"count":7,"href":"https:\/\/moroccotouroperator.com\/es\/wp-json\/wp\/v2\/pages\/97\/revisions"}],"predecessor-version":[{"id":886,"href":"https:\/\/moroccotouroperator.com\/es\/wp-json\/wp\/v2\/pages\/97\/revisions\/886"}],"wp:featuredmedia":[{"embeddable":true,"href":"https:\/\/moroccotouroperator.com\/es\/wp-json\/wp\/v2\/media\/885"}],"wp:attachment":[{"href":"https:\/\/moroccotouroperator.com\/es\/wp-json\/wp\/v2\/media?parent=97"}],"curies":[{"name":"wp","href":"https:\/\/api.w.org\/{rel}","templated":true}]}}