{"id":95,"date":"2020-10-10T18:17:27","date_gmt":"2020-10-10T18:17:27","guid":{"rendered":"https:\/\/rutasdesierto.com\/trips\/?page_id=95"},"modified":"2021-06-08T12:12:15","modified_gmt":"2021-06-08T12:12:15","slug":"excursion-de-2-dias-en-el-desierto-de-merzouga","status":"publish","type":"page","link":"https:\/\/moroccotouroperator.com\/es\/excursion-de-2-dias-en-el-desierto-de-merzouga\/","title":{"rendered":"Excursi\u00f3n de 2 d\u00edas en el desierto de Merzouga"},"content":{"rendered":"<body><p><\/p>\n<h2>Tour de 2 d\u00edas en el desierto de Merzouga<\/h2>\n<h3>2 d\u00edas en el desierto del Sahara de Marruecos \/ Actividades en el desierto de Merzouga en d\u00edas<\/h3>\n<h3>Resumen:<\/h3>\n<p style=\"text-align: justify;\">Este excursi\u00f3n de 2 d\u00edas en el desierto de Merzouga \u00a0es ideal para las personas que alquilan un coche para viajar por Marruecos. Luego, cuando llegan al desierto de Merzouga, necesitan un coche 4\u00d74 con un gu\u00eda experimentado para explorar el desierto del Sahara conduciendo en todoterreno. Este viaje te har\u00e1 vivir un viaje \u00fanico, har\u00e1s un recorrido lleno de descubrimientos. Adem\u00e1s, montar\u00e1n en camellos para cruzar las dunas de arena y ver\u00e1n la puesta de sol de su vida. Adem\u00e1s, pasar\u00e1 una noche en un campamento del desierto bajo un cielo lleno de estrellas donde no hay mucha luz. Despu\u00e9s de la cena, el personal del campamento le ense\u00f1ar\u00e1 a tocar la m\u00fasica bereber\u2026 Ruta de 4\u00d74 en Merzouga \/ viaje de Merzouga en 4\u00d74 \/ Viajes del desierto de Merzouga\u2026<\/p>\n<p>\u00a0<\/p>\n<h3><img data-recalc-dims=\"1\" decoding=\"async\" class=\"size-medium wp-image-857 aligncenter\" src=\"https:\/\/i0.wp.com\/moroccotouroperator.com\/es\/wp-content\/uploads\/2021\/06\/196387992_1902754333217935_6433526496007148232_n.jpg?resize=300%2C201\" alt=\"\" width=\"300\" height=\"201\" loading=\"lazy\" srcset=\"https:\/\/i0.wp.com\/moroccotouroperator.com\/es\/wp-content\/uploads\/2021\/06\/196387992_1902754333217935_6433526496007148232_n.jpg?resize=300%2C201&amp;ssl=1 300w, https:\/\/i0.wp.com\/moroccotouroperator.com\/es\/wp-content\/uploads\/2021\/06\/196387992_1902754333217935_6433526496007148232_n.jpg?resize=1024%2C687&amp;ssl=1 1024w, https:\/\/i0.wp.com\/moroccotouroperator.com\/es\/wp-content\/uploads\/2021\/06\/196387992_1902754333217935_6433526496007148232_n.jpg?resize=768%2C516&amp;ssl=1 768w, https:\/\/i0.wp.com\/moroccotouroperator.com\/es\/wp-content\/uploads\/2021\/06\/196387992_1902754333217935_6433526496007148232_n.jpg?resize=217%2C146&amp;ssl=1 217w, https:\/\/i0.wp.com\/moroccotouroperator.com\/es\/wp-content\/uploads\/2021\/06\/196387992_1902754333217935_6433526496007148232_n.jpg?resize=50%2C34&amp;ssl=1 50w, https:\/\/i0.wp.com\/moroccotouroperator.com\/es\/wp-content\/uploads\/2021\/06\/196387992_1902754333217935_6433526496007148232_n.jpg?resize=112%2C75&amp;ssl=1 112w, https:\/\/i0.wp.com\/moroccotouroperator.com\/es\/wp-content\/uploads\/2021\/06\/196387992_1902754333217935_6433526496007148232_n.jpg?w=1080&amp;ssl=1 1080w\" sizes=\"(max-width: 300px) 100vw, 300px\" \/><\/h3>\n<h3>Informaci\u00f3n sobre la excursi\u00f3n de 2 d\u00edas en el desierto de Merzouga:<\/h3>\n<ul>\n<li>Duraci\u00f3n: 2 d\u00edas \/ 1 noche<\/li>\n<li>Hora de salida: por la ma\u00f1ana o por la tarde<\/li>\n<li>Punto de partida: su alojamiento en la zona de Merzouga<\/li>\n<li>Punto de finalizaci\u00f3n: su alojamiento en la zona de Merzouga<\/li>\n<\/ul>\n<p>\u00a0<\/p>\n<h3>Puntos destacados:<\/h3>\n<ul>\n<li>Explorar los pueblos bereberes del desierto y su trabajo<\/li>\n<li>Lago del desierto y Oasis en Merzouga<\/li>\n<li>Visitar a los n\u00f3madas que viven en la tienda de campa\u00f1a<\/li>\n<li>Escuchar la m\u00fasica gnaoua en Khamlia<\/li>\n<li>Disfrutar de hermosas vistas panor\u00e1micas<\/li>\n<\/ul>\n<p>\u00a0<\/p>\n<h3>Itinerario:<\/h3>\n<p style=\"text-align: justify;\">Hotel o campamento en el desierto de Merzouga &gt;&gt; el lago del desierto &gt;&gt; M\u00fasica Gnaoua &gt;&gt; Monta\u00f1as Mineralis&gt;&gt; Vistas panor\u00e1micas del desierto&gt;&gt; N\u00f3madas que viven en las tiendas&gt;&gt; Oasis de Tisserdmin &gt;&gt; Campamento en el desierto&gt;&gt; Rissani&gt;&gt; Mercado tradicional&gt;&gt; Erfoud&gt;&gt; F\u00e1brica de f\u00f3siles&gt;&gt; Mercado de d\u00e1tiles&gt;&gt; Hassi lbied&gt;&gt; Merzouga.<\/p>\n<p>\u00a0<\/p>\n<h3><img data-recalc-dims=\"1\" decoding=\"async\" class=\"size-medium wp-image-858 aligncenter\" src=\"https:\/\/i0.wp.com\/moroccotouroperator.com\/es\/wp-content\/uploads\/2021\/06\/181654017_304428501205766_196743153397964477_n.jpg?resize=300%2C238\" alt=\"\" width=\"300\" height=\"238\" loading=\"lazy\" srcset=\"https:\/\/i0.wp.com\/moroccotouroperator.com\/es\/wp-content\/uploads\/2021\/06\/181654017_304428501205766_196743153397964477_n.jpg?resize=300%2C238&amp;ssl=1 300w, https:\/\/i0.wp.com\/moroccotouroperator.com\/es\/wp-content\/uploads\/2021\/06\/181654017_304428501205766_196743153397964477_n.jpg?resize=768%2C609&amp;ssl=1 768w, https:\/\/i0.wp.com\/moroccotouroperator.com\/es\/wp-content\/uploads\/2021\/06\/181654017_304428501205766_196743153397964477_n.jpg?resize=184%2C146&amp;ssl=1 184w, https:\/\/i0.wp.com\/moroccotouroperator.com\/es\/wp-content\/uploads\/2021\/06\/181654017_304428501205766_196743153397964477_n.jpg?resize=50%2C40&amp;ssl=1 50w, https:\/\/i0.wp.com\/moroccotouroperator.com\/es\/wp-content\/uploads\/2021\/06\/181654017_304428501205766_196743153397964477_n.jpg?resize=95%2C75&amp;ssl=1 95w, https:\/\/i0.wp.com\/moroccotouroperator.com\/es\/wp-content\/uploads\/2021\/06\/181654017_304428501205766_196743153397964477_n.jpg?w=798&amp;ssl=1 798w\" sizes=\"(max-width: 300px) 100vw, 300px\" \/><\/h3>\n<h3>Programa:<\/h3>\n<h4>D\u00eda 1: Merzouga \u2013 Familias n\u00f3madas \u2013 Campamento en el desierto:<\/h4>\n<p style=\"text-align: justify;\">Nuestro tour de 2 d\u00edas en el desierto de Merzouga le dar\u00e1 la oportunidad de conducir en el off-road alrededor de las dunas de Erg Chebbi. En primer lugar, comenzaremos nuestro viaje explorando diferentes e interesantes lugares en la zona del desierto del Sahara. As\u00ed, visitaremos el lago del desierto donde disfrutaremos de sus hermosas aves y de una maravillosa vista. Despu\u00e9s, nos dirigiremos a la aldea de Khamlia para escuchar la m\u00fasica gnawa del pueblo de piel oscura y explorar su historia. Despu\u00e9s, seguiremos explorando el trabajo de los n\u00f3madas en las monta\u00f1as minerales de Mufis. Adem\u00e1s, tendr\u00e1 la oportunidad de visitar a las familias n\u00f3madas que siguen viviendo una vida sencilla en tiendas hechas a mano.<\/p>\n<p style=\"text-align: justify;\">Adem\u00e1s, seguiremos hasta Tisserdmine donde disfrutaremos de la vista de su oasis y almorzaremos en un restaurante tradicional. A continuaci\u00f3n, regresaremos para comenzar la caminata en camello para vivir la mejor experiencia de su vida.<\/p>\n<h4>D\u00eda 2: Campamento en el desierto \u2013 Rissani \u2013 Erfoud:<\/h4>\n<p style=\"text-align: justify;\">Por la ma\u00f1ana temprano, el personal del campamento le despertar\u00e1 a la hora adecuada para disfrutar del cielo rojo y de la mejor puesta de sol que pueda haber en su vida. Despu\u00e9s del desayuno, nuestro viaje se dirigir\u00e1 hacia Rissani, conocida por su mercado tradicional. Adem\u00e1s, pasearemos por su mercado tradicional para explorar diversas artesan\u00edas y ver c\u00f3mo la gente local consigue dinero. Tambi\u00e9n, visitaremos un famoso mercado de burros en Rissani, los d\u00edas de mercado es { Domingo, Martes, Jueves}. Despu\u00e9s de eso, nos dirigimos a explorar Erfoud que es famoso por su mercado de d\u00e1tiles y f\u00e1bricas de f\u00f3siles. A continuaci\u00f3n, volver a Hassi pueblo etiquetado para ver su canal de riego y le llevar\u00e1 a su alojamiento en la zona del desierto de Merzouga.<\/p>\n<p>\u00a0<\/p>\n<h3>Incluido en este tour de 2 d\u00edas en el desierto de Merzouga:<\/h3>\n<ul>\n<li>Recogida en su alojamiento.<\/li>\n<li>Veh\u00edculo privado 4\u00d74 confortable con aire acondicionado<\/li>\n<li>Conductor de habla Espagnol para esta excursi\u00f3n de un d\u00eda.<\/li>\n<\/ul>\n<h3>No incluye:<\/h3>\n<p>* Todas las comidas y bebidas.<\/p>\n<p>* Entradas y propinas.<\/p>\n<p>\u00a0<\/p>\n<h3>C\u00f3mo reservar esta excursi\u00f3n de 2 d\u00edas en el desierto de Merzouga?<\/h3>\n<p>No dude en ponerse en contacto con nosotros para esta excursi\u00f3n de 2 d\u00edas en el desierto de <a href=\"https:\/\/es.wikipedia.org\/wiki\/Merzouga\">Merzouga<\/a>.<\/p>\n<h4>*Nota:<\/h4>\n<p>Tambi\u00e9n organizamos excursiones de 1 d\u00eda en el desierto de Merzouga, <a href=\"http:\/\/moroccotouroperator.com\/es\/\">haga clic aqu\u00ed<\/a> para ver m\u00e1s.<\/p>\n<p>\u00a0<\/p>\n<\/body>","protected":false},"excerpt":{"rendered":"<p>Tour de 2 d\u00edas en el desierto de Merzouga 2 d\u00edas en el desierto del Sahara de Marruecos \/ Actividades en el desierto de Merzouga en<span class=\"excerpt-hellip\"> [\u2026]<\/span><\/p>\n","protected":false},"author":1,"featured_media":856,"parent":0,"menu_order":0,"comment_status":"closed","ping_status":"closed","template":"","meta":{"footnotes":""},"class_list":["post-95","page","type-page","status-publish","has-post-thumbnail","hentry"],"yoast_head":"<!-- This site is optimized with the Yoast SEO plugin v25.6 - https:\/\/yoast.com\/wordpress\/plugins\/seo\/ -->\n<title>Excursi\u00f3n de 2 d\u00edas en el desierto de Merzouga \/ 2-dia ruta de Merzouga<\/title>\n<meta name=\"description\" content=\"Excursi\u00f3n de 2 d\u00edas en el desierto de Merzouga le llevar\u00e1 a explorar el verdadero desierto y a pasar una noche en un campamento del desierto\" \/>\n<meta name=\"robots\" content=\"index, follow, max-snippet:-1, max-image-preview:large, max-video-preview:-1\" \/>\n<link rel=\"canonical\" href=\"https:\/\/moroccotouroperator.com\/es\/excursion-de-2-dias-en-el-desierto-de-merzouga\/\" \/>\n<meta property=\"og:locale\" content=\"en_US\" \/>\n<meta property=\"og:type\" content=\"article\" \/>\n<meta property=\"og:title\" content=\"Excursi\u00f3n de 2 d\u00edas en el desierto de Merzouga \/ 2-dia ruta de Merzouga\" \/>\n<meta property=\"og:description\" content=\"Excursi\u00f3n de 2 d\u00edas en el desierto de Merzouga le llevar\u00e1 a explorar el verdadero desierto y a pasar una noche en un campamento del desierto\" \/>\n<meta property=\"og:url\" content=\"https:\/\/moroccotouroperator.com\/es\/excursion-de-2-dias-en-el-desierto-de-merzouga\/\" \/>\n<meta property=\"og:site_name\" content=\"Morocco Tour Operator\" \/>\n<meta property=\"article:modified_time\" content=\"2021-06-08T12:12:15+00:00\" \/>\n<meta property=\"og:image\" content=\"https:\/\/i0.wp.com\/moroccotouroperator.com\/es\/wp-content\/uploads\/2021\/06\/181395459_1392497194463664_5563650283113175007_n.jpg?fit=674%2C310&ssl=1\" \/>\n\t<meta property=\"og:image:width\" content=\"674\" \/>\n\t<meta property=\"og:image:height\" content=\"310\" \/>\n\t<meta property=\"og:image:type\" content=\"image\/jpeg\" \/>\n<meta name=\"twitter:card\" content=\"summary_large_image\" \/>\n<meta name=\"twitter:label1\" content=\"Est. reading time\" \/>\n\t<meta name=\"twitter:data1\" content=\"4 minutes\" \/>\n<script type=\"application\/ld+json\" class=\"yoast-schema-graph\">{\"@context\":\"https:\/\/schema.org\",\"@graph\":[{\"@type\":\"WebPage\",\"@id\":\"https:\/\/moroccotouroperator.com\/es\/excursion-de-2-dias-en-el-desierto-de-merzouga\/\",\"url\":\"https:\/\/moroccotouroperator.com\/es\/excursion-de-2-dias-en-el-desierto-de-merzouga\/\",\"name\":\"Excursi\u00f3n de 2 d\u00edas en el desierto de Merzouga \/ 2-dia ruta de Merzouga\",\"isPartOf\":{\"@id\":\"https:\/\/moroccotouroperator.com\/es\/#website\"},\"primaryImageOfPage\":{\"@id\":\"https:\/\/moroccotouroperator.com\/es\/excursion-de-2-dias-en-el-desierto-de-merzouga\/#primaryimage\"},\"image\":{\"@id\":\"https:\/\/moroccotouroperator.com\/es\/excursion-de-2-dias-en-el-desierto-de-merzouga\/#primaryimage\"},\"thumbnailUrl\":\"https:\/\/i0.wp.com\/moroccotouroperator.com\/es\/wp-content\/uploads\/2021\/06\/181395459_1392497194463664_5563650283113175007_n.jpg?fit=674%2C310&ssl=1\",\"datePublished\":\"2020-10-10T18:17:27+00:00\",\"dateModified\":\"2021-06-08T12:12:15+00:00\",\"description\":\"Excursi\u00f3n de 2 d\u00edas en el desierto de Merzouga le llevar\u00e1 a explorar el verdadero desierto y a pasar una noche en un campamento del desierto\",\"breadcrumb\":{\"@id\":\"https:\/\/moroccotouroperator.com\/es\/excursion-de-2-dias-en-el-desierto-de-merzouga\/#breadcrumb\"},\"inLanguage\":\"en-US\",\"potentialAction\":[{\"@type\":\"ReadAction\",\"target\":[\"https:\/\/moroccotouroperator.com\/es\/excursion-de-2-dias-en-el-desierto-de-merzouga\/\"]}]},{\"@type\":\"ImageObject\",\"inLanguage\":\"en-US\",\"@id\":\"https:\/\/moroccotouroperator.com\/es\/excursion-de-2-dias-en-el-desierto-de-merzouga\/#primaryimage\",\"url\":\"https:\/\/i0.wp.com\/moroccotouroperator.com\/es\/wp-content\/uploads\/2021\/06\/181395459_1392497194463664_5563650283113175007_n.jpg?fit=674%2C310&ssl=1\",\"contentUrl\":\"https:\/\/i0.wp.com\/moroccotouroperator.com\/es\/wp-content\/uploads\/2021\/06\/181395459_1392497194463664_5563650283113175007_n.jpg?fit=674%2C310&ssl=1\",\"width\":674,\"height\":310,\"caption\":\"Ruta de 2 dias en el desierto de Merzouga\"},{\"@type\":\"BreadcrumbList\",\"@id\":\"https:\/\/moroccotouroperator.com\/es\/excursion-de-2-dias-en-el-desierto-de-merzouga\/#breadcrumb\",\"itemListElement\":[{\"@type\":\"ListItem\",\"position\":1,\"name\":\"Home\",\"item\":\"https:\/\/moroccotouroperator.com\/es\/\"},{\"@type\":\"ListItem\",\"position\":2,\"name\":\"Excursi\u00f3n de 2 d\u00edas en el desierto de Merzouga\"}]},{\"@type\":\"WebSite\",\"@id\":\"https:\/\/moroccotouroperator.com\/es\/#website\",\"url\":\"https:\/\/moroccotouroperator.com\/es\/\",\"name\":\"Morocco Tour Operator\",\"description\":\"Morocco Private Desert Tours\",\"potentialAction\":[{\"@type\":\"SearchAction\",\"target\":{\"@type\":\"EntryPoint\",\"urlTemplate\":\"https:\/\/moroccotouroperator.com\/es\/?s={search_term_string}\"},\"query-input\":{\"@type\":\"PropertyValueSpecification\",\"valueRequired\":true,\"valueName\":\"search_term_string\"}}],\"inLanguage\":\"en-US\"}]}<\/script>\n<!-- \/ Yoast SEO plugin. -->","yoast_head_json":{"title":"Excursi\u00f3n de 2 d\u00edas en el desierto de Merzouga \/ 2-dia ruta de Merzouga","description":"Excursi\u00f3n de 2 d\u00edas en el desierto de Merzouga le llevar\u00e1 a explorar el verdadero desierto y a pasar una noche en un campamento del desierto","robots":{"index":"index","follow":"follow","max-snippet":"max-snippet:-1","max-image-preview":"max-image-preview:large","max-video-preview":"max-video-preview:-1"},"canonical":"https:\/\/moroccotouroperator.com\/es\/excursion-de-2-dias-en-el-desierto-de-merzouga\/","og_locale":"en_US","og_type":"article","og_title":"Excursi\u00f3n de 2 d\u00edas en el desierto de Merzouga \/ 2-dia ruta de Merzouga","og_description":"Excursi\u00f3n de 2 d\u00edas en el desierto de Merzouga le llevar\u00e1 a explorar el verdadero desierto y a pasar una noche en un campamento del desierto","og_url":"https:\/\/moroccotouroperator.com\/es\/excursion-de-2-dias-en-el-desierto-de-merzouga\/","og_site_name":"Morocco Tour Operator","article_modified_time":"2021-06-08T12:12:15+00:00","og_image":[{"width":674,"height":310,"url":"https:\/\/i0.wp.com\/moroccotouroperator.com\/es\/wp-content\/uploads\/2021\/06\/181395459_1392497194463664_5563650283113175007_n.jpg?fit=674%2C310&ssl=1","type":"image\/jpeg"}],"twitter_card":"summary_large_image","twitter_misc":{"Est. reading time":"4 minutes"},"schema":{"@context":"https:\/\/schema.org","@graph":[{"@type":"WebPage","@id":"https:\/\/moroccotouroperator.com\/es\/excursion-de-2-dias-en-el-desierto-de-merzouga\/","url":"https:\/\/moroccotouroperator.com\/es\/excursion-de-2-dias-en-el-desierto-de-merzouga\/","name":"Excursi\u00f3n de 2 d\u00edas en el desierto de Merzouga \/ 2-dia ruta de Merzouga","isPartOf":{"@id":"https:\/\/moroccotouroperator.com\/es\/#website"},"primaryImageOfPage":{"@id":"https:\/\/moroccotouroperator.com\/es\/excursion-de-2-dias-en-el-desierto-de-merzouga\/#primaryimage"},"image":{"@id":"https:\/\/moroccotouroperator.com\/es\/excursion-de-2-dias-en-el-desierto-de-merzouga\/#primaryimage"},"thumbnailUrl":"https:\/\/i0.wp.com\/moroccotouroperator.com\/es\/wp-content\/uploads\/2021\/06\/181395459_1392497194463664_5563650283113175007_n.jpg?fit=674%2C310&ssl=1","datePublished":"2020-10-10T18:17:27+00:00","dateModified":"2021-06-08T12:12:15+00:00","description":"Excursi\u00f3n de 2 d\u00edas en el desierto de Merzouga le llevar\u00e1 a explorar el verdadero desierto y a pasar una noche en un campamento del desierto","breadcrumb":{"@id":"https:\/\/moroccotouroperator.com\/es\/excursion-de-2-dias-en-el-desierto-de-merzouga\/#breadcrumb"},"inLanguage":"en-US","potentialAction":[{"@type":"ReadAction","target":["https:\/\/moroccotouroperator.com\/es\/excursion-de-2-dias-en-el-desierto-de-merzouga\/"]}]},{"@type":"ImageObject","inLanguage":"en-US","@id":"https:\/\/moroccotouroperator.com\/es\/excursion-de-2-dias-en-el-desierto-de-merzouga\/#primaryimage","url":"https:\/\/i0.wp.com\/moroccotouroperator.com\/es\/wp-content\/uploads\/2021\/06\/181395459_1392497194463664_5563650283113175007_n.jpg?fit=674%2C310&ssl=1","contentUrl":"https:\/\/i0.wp.com\/moroccotouroperator.com\/es\/wp-content\/uploads\/2021\/06\/181395459_1392497194463664_5563650283113175007_n.jpg?fit=674%2C310&ssl=1","width":674,"height":310,"caption":"Ruta de 2 dias en el desierto de Merzouga"},{"@type":"BreadcrumbList","@id":"https:\/\/moroccotouroperator.com\/es\/excursion-de-2-dias-en-el-desierto-de-merzouga\/#breadcrumb","itemListElement":[{"@type":"ListItem","position":1,"name":"Home","item":"https:\/\/moroccotouroperator.com\/es\/"},{"@type":"ListItem","position":2,"name":"Excursi\u00f3n de 2 d\u00edas en el desierto de Merzouga"}]},{"@type":"WebSite","@id":"https:\/\/moroccotouroperator.com\/es\/#website","url":"https:\/\/moroccotouroperator.com\/es\/","name":"Morocco Tour Operator","description":"Morocco Private Desert Tours","potentialAction":[{"@type":"SearchAction","target":{"@type":"EntryPoint","urlTemplate":"https:\/\/moroccotouroperator.com\/es\/?s={search_term_string}"},"query-input":{"@type":"PropertyValueSpecification","valueRequired":true,"valueName":"search_term_string"}}],"inLanguage":"en-US"}]}},"jetpack_sharing_enabled":true,"_links":{"self":[{"href":"https:\/\/moroccotouroperator.com\/es\/wp-json\/wp\/v2\/pages\/95"}],"collection":[{"href":"https:\/\/moroccotouroperator.com\/es\/wp-json\/wp\/v2\/pages"}],"about":[{"href":"https:\/\/moroccotouroperator.com\/es\/wp-json\/wp\/v2\/types\/page"}],"author":[{"embeddable":true,"href":"https:\/\/moroccotouroperator.com\/es\/wp-json\/wp\/v2\/users\/1"}],"replies":[{"embeddable":true,"href":"https:\/\/moroccotouroperator.com\/es\/wp-json\/wp\/v2\/comments?post=95"}],"version-history":[{"count":6,"href":"https:\/\/moroccotouroperator.com\/es\/wp-json\/wp\/v2\/pages\/95\/revisions"}],"predecessor-version":[{"id":859,"href":"https:\/\/moroccotouroperator.com\/es\/wp-json\/wp\/v2\/pages\/95\/revisions\/859"}],"wp:featuredmedia":[{"embeddable":true,"href":"https:\/\/moroccotouroperator.com\/es\/wp-json\/wp\/v2\/media\/856"}],"wp:attachment":[{"href":"https:\/\/moroccotouroperator.com\/es\/wp-json\/wp\/v2\/media?parent=95"}],"curies":[{"name":"wp","href":"https:\/\/api.w.org\/{rel}","templated":true}]}}