{"id":935,"date":"2022-03-04T12:31:18","date_gmt":"2022-03-04T12:31:18","guid":{"rendered":"http:\/\/moroccotouroperator.com\/es\/?page_id=935"},"modified":"2022-03-04T12:31:18","modified_gmt":"2022-03-04T12:31:18","slug":"4-dias-desde-fes-al-desierto","status":"publish","type":"page","link":"https:\/\/moroccotouroperator.com\/es\/4-dias-desde-fes-al-desierto\/","title":{"rendered":"4 d\u00edas desde Fes al desierto"},"content":{"rendered":"<body><p><\/p>\n<h1>Excursi\u00f3n de 4 d\u00edas de Fez al desierto de Merzouga pasando por las gargantas del Todra<\/h1>\n<h2>Viaje de 4 d\u00edas desde Fes al desierto y las gargantas del Todra<\/h2>\n<h2>Paquete de 4 d\u00edas de Fes al desierto de Merzouga<\/h2>\n<h3>Descripci\u00f3n general:<\/h3>\n<p>Esta excursi\u00f3n de 4 d\u00edas desde Fes al desierto de Merzouga pasando por las gargantas del Todra es una gran opci\u00f3n para aquellas personas que quieran experimentar el desierto del Sahara y visitar un destino famoso que son las gargantas del Todra. En el camino, disfrutar\u00e1 de las hermosas vistas panor\u00e1micas de los palmerales y tendr\u00e1 muchas paradas para tomar fotos de los paisajes. Adem\u00e1s, comenzar\u00e1 su viaje desde Fez y terminar\u00e1 en Fez. Adem\u00e1s, podemos organizar su viaje en funci\u00f3n de los lugares que desee visitar\u2026<\/p>\n<h3>Lo m\u00e1s destacado de nuestra excursi\u00f3n de 4 d\u00edas desde Fes hasta el desierto de Merzouga pasando por las gargantas del Todra:<\/h3>\n<ul>\n<li>Atravesar las monta\u00f1as del Medio Atlas y los bosques de cedros<\/li>\n<li>Recorrer el valle del Ziz y las palmeras<\/li>\n<li>Una noche inolvidable en un campamento de n\u00f3mada o lujo en el desierto<\/li>\n<li>Caminar por las gargantas del Todra<\/li>\n<li>Atravesar las monta\u00f1as del Atlas Medio y disfrutar de las vistas panor\u00e1micas<\/li>\n<\/ul>\n<h4><img data-recalc-dims=\"1\" decoding=\"async\" class=\"size-medium wp-image-938 aligncenter\" src=\"https:\/\/i0.wp.com\/moroccotouroperator.com\/es\/wp-content\/uploads\/2022\/03\/tamar-dCMvzMV1jfc-unsplash.jpg?resize=300%2C179\" alt=\"4 dias desde fes al deseirto\" width=\"300\" height=\"179\" loading=\"lazy\" srcset=\"https:\/\/i0.wp.com\/moroccotouroperator.com\/es\/wp-content\/uploads\/2022\/03\/tamar-dCMvzMV1jfc-unsplash-scaled.jpg?resize=300%2C179&amp;ssl=1 300w, https:\/\/i0.wp.com\/moroccotouroperator.com\/es\/wp-content\/uploads\/2022\/03\/tamar-dCMvzMV1jfc-unsplash-scaled.jpg?resize=1024%2C610&amp;ssl=1 1024w, https:\/\/i0.wp.com\/moroccotouroperator.com\/es\/wp-content\/uploads\/2022\/03\/tamar-dCMvzMV1jfc-unsplash-scaled.jpg?resize=768%2C457&amp;ssl=1 768w, https:\/\/i0.wp.com\/moroccotouroperator.com\/es\/wp-content\/uploads\/2022\/03\/tamar-dCMvzMV1jfc-unsplash-scaled.jpg?resize=1536%2C914&amp;ssl=1 1536w, https:\/\/i0.wp.com\/moroccotouroperator.com\/es\/wp-content\/uploads\/2022\/03\/tamar-dCMvzMV1jfc-unsplash-scaled.jpg?resize=2048%2C1219&amp;ssl=1 2048w, https:\/\/i0.wp.com\/moroccotouroperator.com\/es\/wp-content\/uploads\/2022\/03\/tamar-dCMvzMV1jfc-unsplash-scaled.jpg?resize=245%2C146&amp;ssl=1 245w, https:\/\/i0.wp.com\/moroccotouroperator.com\/es\/wp-content\/uploads\/2022\/03\/tamar-dCMvzMV1jfc-unsplash-scaled.jpg?resize=50%2C30&amp;ssl=1 50w, https:\/\/i0.wp.com\/moroccotouroperator.com\/es\/wp-content\/uploads\/2022\/03\/tamar-dCMvzMV1jfc-unsplash-scaled.jpg?resize=126%2C75&amp;ssl=1 126w, https:\/\/i0.wp.com\/moroccotouroperator.com\/es\/wp-content\/uploads\/2022\/03\/tamar-dCMvzMV1jfc-unsplash-scaled.jpg?w=2400 2400w\" sizes=\"(max-width: 300px) 100vw, 300px\" \/><\/h4>\n<h3><\/h3>\n<h3>Itinerario del programa<\/h3>\n<h4>D\u00eda 1: Fes \u2013 Midelt \u2013 Todra gorges<\/h4>\n<p style=\"text-align: justify;\">Salida de Fez hacia las Gargantas del Todra despu\u00e9s del desayuno para llegar a Ifrane bosques de cedros de Azrou donde los monos salvajes. A continuaci\u00f3n, ser una buena oportunidad de fotos del desierto de Marruecos. Almuerzo en un peque\u00f1o pueblo bereber Zaida. A partir de entonces, seguimos el camino a trav\u00e9s de las monta\u00f1as del turismo Atlas Medilt para llegar a la peque\u00f1a ciudad americana. Aqu\u00ed, giramos a la derecha para pasar por el famoso pueblo de Imilchil, antes de llegar a la Garganta del Todra, llegando a la tarde de Todra<\/p>\n<h4>D\u00eda 2: Garganta del Todra \u2013 Desierto de Merzouga Todra<\/h4>\n<p style=\"text-align: justify;\">Por la ma\u00f1ana, Despu\u00e9s del desayuno, partimos hacia <a href=\"https:\/\/es.wikipedia.org\/wiki\/Merzouga\">Merzouga<\/a>, hacia el valle de Daraa donde nace uno de los r\u00edos m\u00e1s largos de Marruecos. Despu\u00e9s, varias paradas para contemplar las bonitas kasbahs de ladrillo sin cocer y los pueblos bereberes que surgen a lo largo de la carretera y las maravillas del Draa. Tras el almuerzo en Alnif, 2 horas de viaje hasta las impresionantes dunas de Merzouga, donde tomaremos un t\u00e9 de hospitalidad mientras descansamos un poco del viaje. Despu\u00e9s, noche en un hotel o riad bereber.<\/p>\n<h4>D\u00eda 3:: Merzouga \u2013 Excursi\u00f3n por el desierto en 4\u00d74 \u2013 Paseo en camello conocido en el desierto<\/h4>\n<p style=\"text-align: justify;\">Salimos a rodear el Erg Chebbi, una extensi\u00f3n del desierto de arena donde se encuentra la Gran Duna de Marruecos de m\u00e1s de 250 metros de altura, contactando por pista con parte del recorrido realizado por el antiguo Par\u00eds-Dakar, con las monta\u00f1as que marcan la frontera con Argelia al fondo. Despu\u00e9s, parada en el oasis de Tissardmin y continuaci\u00f3n hacia un campamento n\u00f3mada donde conoceremos algunas costumbres y secretos de su vida. Despu\u00e9s, nos detendremos en un punto panor\u00e1mico donde podremos contemplar todo el Erg Chebbi. A continuaci\u00f3n, parada en Khamlia, pueblo originario de Mal\u00ed, donde podremos relajarnos con un t\u00e9 mientras escuchamos un peque\u00f1o concierto de m\u00fasica gnawa, viaje de 2 horas para llegar a las impresionantes dunas de Merzouga, donde tomaremos un t\u00e9 de hospitalidad mientras descansamos un poco del viaje.<\/p>\n<p style=\"text-align: justify;\">Aqu\u00ed, dejamos las maletas y todo lo que no necesitemos para el desierto en el hotel y salimos en un grupo de dromedarios durante una hora y media que nos llevar\u00e1 al pie de la Gran Duna, acogidos por la hermosa puesta de sol del desierto. A continuaci\u00f3n, cena en el campamento y noche en una tienda de campa\u00f1a en el coraz\u00f3n del desierto bajo su espectacular manto de estrellas.<\/p>\n<h3>D\u00eda 4: Merzouga \u2013 Fes<\/h3>\n<p>Despu\u00e9s de un temprano amanecer, volvemos a Merzouga en camellos, despu\u00e9s de ducharnos y desayunar iniciaremos nuestro recorrido de vuelta a Fez.<\/p>\n<h4>Esta excursi\u00f3n de 4 d\u00edas desde Fes hasta el desierto de Merzouga, pasando por las gargantas del Todra, est\u00e1 incluida:<\/h4>\n<ul>\n<li>Recogida en su riad o en el aeropuerto de Fes.<\/li>\n<li>Veh\u00edculo privado y confortable con aire acondicionado.<\/li>\n<li>Conductor que habla ingl\u00e9s muy bien para este tour.<\/li>\n<li>Paseo en camello \u2013 1 camello para cada persona.<\/li>\n<li>Alojamiento en Riad\/Hotel.<\/li>\n<li>Noche en campamento de lujo o n\u00f3mada en el desierto.<\/li>\n<\/ul>\n<h4>No incluye:<\/h4>\n<ul>\n<li>Billetes de avi\u00f3n.<\/li>\n<li>Comidas y bebidas.<\/li>\n<li>Entradas y tickets, propinas.<\/li>\n<\/ul>\n<p><strong><em>*Nota:<\/em><\/strong><br>\nSi s\u00f3lo tienes 2 d\u00edas de Fes a Merzouga.<a href=\"http:\/\/moroccotouroperator.com\/es\/excursion-de-2-dias-de-fes-al-desierto-de-merzouga\/\"> Haga clic aqu\u00ed<\/a><\/p>\n<p>\u00a0<\/p>\n<\/body>","protected":false},"excerpt":{"rendered":"<p>Excursi\u00f3n de 4 d\u00edas de Fez al desierto de Merzouga pasando por las gargantas del Todra Viaje de 4 d\u00edas desde Fes al desierto y las<span class=\"excerpt-hellip\"> [\u2026]<\/span><\/p>\n","protected":false},"author":1,"featured_media":936,"parent":0,"menu_order":0,"comment_status":"closed","ping_status":"closed","template":"","meta":{"footnotes":""},"class_list":["post-935","page","type-page","status-publish","has-post-thumbnail","hentry"],"yoast_head":"<!-- This site is optimized with the Yoast SEO plugin v25.6 - https:\/\/yoast.com\/wordpress\/plugins\/seo\/ -->\n<title>4 d\u00edas desde Fes al desierto - Morocco Tour Operator<\/title>\n<meta name=\"description\" content=\"Ruta de 4 d\u00edas desde Fes al desierto , una de las rutas mas echas, y uno de los viajes que los clientes preguntan en hacerlo...\" \/>\n<meta name=\"robots\" content=\"index, follow, max-snippet:-1, max-image-preview:large, max-video-preview:-1\" \/>\n<link rel=\"canonical\" href=\"https:\/\/moroccotouroperator.com\/es\/4-dias-desde-fes-al-desierto\/\" \/>\n<meta property=\"og:locale\" content=\"en_US\" \/>\n<meta property=\"og:type\" content=\"article\" \/>\n<meta property=\"og:title\" content=\"4 d\u00edas desde Fes al desierto - Morocco Tour Operator\" \/>\n<meta property=\"og:description\" content=\"Ruta de 4 d\u00edas desde Fes al desierto , una de las rutas mas echas, y uno de los viajes que los clientes preguntan en hacerlo...\" \/>\n<meta property=\"og:url\" content=\"https:\/\/moroccotouroperator.com\/es\/4-dias-desde-fes-al-desierto\/\" \/>\n<meta property=\"og:site_name\" content=\"Morocco Tour Operator\" \/>\n<meta property=\"og:image\" content=\"https:\/\/i0.wp.com\/moroccotouroperator.com\/es\/wp-content\/uploads\/2022\/03\/wallpaperflare.com_wallpaper-16.jpg?fit=1216%2C489&ssl=1\" \/>\n\t<meta property=\"og:image:width\" content=\"1216\" \/>\n\t<meta property=\"og:image:height\" content=\"489\" \/>\n\t<meta property=\"og:image:type\" content=\"image\/jpeg\" \/>\n<meta name=\"twitter:card\" content=\"summary_large_image\" \/>\n<meta name=\"twitter:label1\" content=\"Est. reading time\" \/>\n\t<meta name=\"twitter:data1\" content=\"4 minutes\" \/>\n<script type=\"application\/ld+json\" class=\"yoast-schema-graph\">{\"@context\":\"https:\/\/schema.org\",\"@graph\":[{\"@type\":\"WebPage\",\"@id\":\"https:\/\/moroccotouroperator.com\/es\/4-dias-desde-fes-al-desierto\/\",\"url\":\"https:\/\/moroccotouroperator.com\/es\/4-dias-desde-fes-al-desierto\/\",\"name\":\"4 d\u00edas desde Fes al desierto - Morocco Tour Operator\",\"isPartOf\":{\"@id\":\"https:\/\/moroccotouroperator.com\/es\/#website\"},\"primaryImageOfPage\":{\"@id\":\"https:\/\/moroccotouroperator.com\/es\/4-dias-desde-fes-al-desierto\/#primaryimage\"},\"image\":{\"@id\":\"https:\/\/moroccotouroperator.com\/es\/4-dias-desde-fes-al-desierto\/#primaryimage\"},\"thumbnailUrl\":\"https:\/\/i0.wp.com\/moroccotouroperator.com\/es\/wp-content\/uploads\/2022\/03\/wallpaperflare.com_wallpaper-16.jpg?fit=1216%2C489&ssl=1\",\"datePublished\":\"2022-03-04T12:31:18+00:00\",\"description\":\"Ruta de 4 d\u00edas desde Fes al desierto , una de las rutas mas echas, y uno de los viajes que los clientes preguntan en hacerlo...\",\"breadcrumb\":{\"@id\":\"https:\/\/moroccotouroperator.com\/es\/4-dias-desde-fes-al-desierto\/#breadcrumb\"},\"inLanguage\":\"en-US\",\"potentialAction\":[{\"@type\":\"ReadAction\",\"target\":[\"https:\/\/moroccotouroperator.com\/es\/4-dias-desde-fes-al-desierto\/\"]}]},{\"@type\":\"ImageObject\",\"inLanguage\":\"en-US\",\"@id\":\"https:\/\/moroccotouroperator.com\/es\/4-dias-desde-fes-al-desierto\/#primaryimage\",\"url\":\"https:\/\/i0.wp.com\/moroccotouroperator.com\/es\/wp-content\/uploads\/2022\/03\/wallpaperflare.com_wallpaper-16.jpg?fit=1216%2C489&ssl=1\",\"contentUrl\":\"https:\/\/i0.wp.com\/moroccotouroperator.com\/es\/wp-content\/uploads\/2022\/03\/wallpaperflare.com_wallpaper-16.jpg?fit=1216%2C489&ssl=1\",\"width\":1216,\"height\":489,\"caption\":\"4 dias desde Fes al desierto\"},{\"@type\":\"BreadcrumbList\",\"@id\":\"https:\/\/moroccotouroperator.com\/es\/4-dias-desde-fes-al-desierto\/#breadcrumb\",\"itemListElement\":[{\"@type\":\"ListItem\",\"position\":1,\"name\":\"Home\",\"item\":\"https:\/\/moroccotouroperator.com\/es\/\"},{\"@type\":\"ListItem\",\"position\":2,\"name\":\"4 d\u00edas desde Fes al desierto\"}]},{\"@type\":\"WebSite\",\"@id\":\"https:\/\/moroccotouroperator.com\/es\/#website\",\"url\":\"https:\/\/moroccotouroperator.com\/es\/\",\"name\":\"Morocco Tour Operator\",\"description\":\"Morocco Private Desert Tours\",\"potentialAction\":[{\"@type\":\"SearchAction\",\"target\":{\"@type\":\"EntryPoint\",\"urlTemplate\":\"https:\/\/moroccotouroperator.com\/es\/?s={search_term_string}\"},\"query-input\":{\"@type\":\"PropertyValueSpecification\",\"valueRequired\":true,\"valueName\":\"search_term_string\"}}],\"inLanguage\":\"en-US\"}]}<\/script>\n<!-- \/ Yoast SEO plugin. -->","yoast_head_json":{"title":"4 d\u00edas desde Fes al desierto - Morocco Tour Operator","description":"Ruta de 4 d\u00edas desde Fes al desierto , una de las rutas mas echas, y uno de los viajes que los clientes preguntan en hacerlo...","robots":{"index":"index","follow":"follow","max-snippet":"max-snippet:-1","max-image-preview":"max-image-preview:large","max-video-preview":"max-video-preview:-1"},"canonical":"https:\/\/moroccotouroperator.com\/es\/4-dias-desde-fes-al-desierto\/","og_locale":"en_US","og_type":"article","og_title":"4 d\u00edas desde Fes al desierto - Morocco Tour Operator","og_description":"Ruta de 4 d\u00edas desde Fes al desierto , una de las rutas mas echas, y uno de los viajes que los clientes preguntan en hacerlo...","og_url":"https:\/\/moroccotouroperator.com\/es\/4-dias-desde-fes-al-desierto\/","og_site_name":"Morocco Tour Operator","og_image":[{"width":1216,"height":489,"url":"https:\/\/i0.wp.com\/moroccotouroperator.com\/es\/wp-content\/uploads\/2022\/03\/wallpaperflare.com_wallpaper-16.jpg?fit=1216%2C489&ssl=1","type":"image\/jpeg"}],"twitter_card":"summary_large_image","twitter_misc":{"Est. reading time":"4 minutes"},"schema":{"@context":"https:\/\/schema.org","@graph":[{"@type":"WebPage","@id":"https:\/\/moroccotouroperator.com\/es\/4-dias-desde-fes-al-desierto\/","url":"https:\/\/moroccotouroperator.com\/es\/4-dias-desde-fes-al-desierto\/","name":"4 d\u00edas desde Fes al desierto - Morocco Tour Operator","isPartOf":{"@id":"https:\/\/moroccotouroperator.com\/es\/#website"},"primaryImageOfPage":{"@id":"https:\/\/moroccotouroperator.com\/es\/4-dias-desde-fes-al-desierto\/#primaryimage"},"image":{"@id":"https:\/\/moroccotouroperator.com\/es\/4-dias-desde-fes-al-desierto\/#primaryimage"},"thumbnailUrl":"https:\/\/i0.wp.com\/moroccotouroperator.com\/es\/wp-content\/uploads\/2022\/03\/wallpaperflare.com_wallpaper-16.jpg?fit=1216%2C489&ssl=1","datePublished":"2022-03-04T12:31:18+00:00","description":"Ruta de 4 d\u00edas desde Fes al desierto , una de las rutas mas echas, y uno de los viajes que los clientes preguntan en hacerlo...","breadcrumb":{"@id":"https:\/\/moroccotouroperator.com\/es\/4-dias-desde-fes-al-desierto\/#breadcrumb"},"inLanguage":"en-US","potentialAction":[{"@type":"ReadAction","target":["https:\/\/moroccotouroperator.com\/es\/4-dias-desde-fes-al-desierto\/"]}]},{"@type":"ImageObject","inLanguage":"en-US","@id":"https:\/\/moroccotouroperator.com\/es\/4-dias-desde-fes-al-desierto\/#primaryimage","url":"https:\/\/i0.wp.com\/moroccotouroperator.com\/es\/wp-content\/uploads\/2022\/03\/wallpaperflare.com_wallpaper-16.jpg?fit=1216%2C489&ssl=1","contentUrl":"https:\/\/i0.wp.com\/moroccotouroperator.com\/es\/wp-content\/uploads\/2022\/03\/wallpaperflare.com_wallpaper-16.jpg?fit=1216%2C489&ssl=1","width":1216,"height":489,"caption":"4 dias desde Fes al desierto"},{"@type":"BreadcrumbList","@id":"https:\/\/moroccotouroperator.com\/es\/4-dias-desde-fes-al-desierto\/#breadcrumb","itemListElement":[{"@type":"ListItem","position":1,"name":"Home","item":"https:\/\/moroccotouroperator.com\/es\/"},{"@type":"ListItem","position":2,"name":"4 d\u00edas desde Fes al desierto"}]},{"@type":"WebSite","@id":"https:\/\/moroccotouroperator.com\/es\/#website","url":"https:\/\/moroccotouroperator.com\/es\/","name":"Morocco Tour Operator","description":"Morocco Private Desert Tours","potentialAction":[{"@type":"SearchAction","target":{"@type":"EntryPoint","urlTemplate":"https:\/\/moroccotouroperator.com\/es\/?s={search_term_string}"},"query-input":{"@type":"PropertyValueSpecification","valueRequired":true,"valueName":"search_term_string"}}],"inLanguage":"en-US"}]}},"jetpack_sharing_enabled":true,"_links":{"self":[{"href":"https:\/\/moroccotouroperator.com\/es\/wp-json\/wp\/v2\/pages\/935"}],"collection":[{"href":"https:\/\/moroccotouroperator.com\/es\/wp-json\/wp\/v2\/pages"}],"about":[{"href":"https:\/\/moroccotouroperator.com\/es\/wp-json\/wp\/v2\/types\/page"}],"author":[{"embeddable":true,"href":"https:\/\/moroccotouroperator.com\/es\/wp-json\/wp\/v2\/users\/1"}],"replies":[{"embeddable":true,"href":"https:\/\/moroccotouroperator.com\/es\/wp-json\/wp\/v2\/comments?post=935"}],"version-history":[{"count":1,"href":"https:\/\/moroccotouroperator.com\/es\/wp-json\/wp\/v2\/pages\/935\/revisions"}],"predecessor-version":[{"id":939,"href":"https:\/\/moroccotouroperator.com\/es\/wp-json\/wp\/v2\/pages\/935\/revisions\/939"}],"wp:featuredmedia":[{"embeddable":true,"href":"https:\/\/moroccotouroperator.com\/es\/wp-json\/wp\/v2\/media\/936"}],"wp:attachment":[{"href":"https:\/\/moroccotouroperator.com\/es\/wp-json\/wp\/v2\/media?parent=935"}],"curies":[{"name":"wp","href":"https:\/\/api.w.org\/{rel}","templated":true}]}}