{"id":93,"date":"2020-10-10T18:17:07","date_gmt":"2020-10-10T18:17:07","guid":{"rendered":"https:\/\/rutasdesierto.com\/trips\/?page_id=93"},"modified":"2021-06-08T14:07:30","modified_gmt":"2021-06-08T14:07:30","slug":"excursion-en-quad-por-el-desierto-de-merzouga","status":"publish","type":"page","link":"https:\/\/moroccotouroperator.com\/es\/excursion-en-quad-por-el-desierto-de-merzouga\/","title":{"rendered":"Excursi\u00f3n en quad por el desierto de Merzouga"},"content":{"rendered":"<body><h2>Excursi\u00f3n en quad por el desierto de Merzouga:<\/h2>\n<h3>Viaje de quad por el desierto de Merzouga \/ Ruta en quad por el desierto de Merzouga<\/h3>\n<p style=\"text-align: justify;\">Organizamos excursiones por Marruecos y actividades de aventura en el desierto del S\u00e1hara, incluyendo paseos en quad y buggy por las dunas de arena como una incre\u00edble experiencia off-road con instructores experimentados\u2026 As\u00ed, esta excursi\u00f3n en quad por el desierto de Merzouga es una opci\u00f3n perfecta para disfrutar del desierto del Sahara. El desierto suele ser un lugar popular para practicar el quad o el Buggy. En el desierto de Merzouga se puede practicar el quad o el Buggy. Adem\u00e1s, las dunas de Merzouga son una de las mayores dunas de arena de Marruecos.<\/p>\n<h3>Visi\u00f3n general:<\/h3>\n<p style=\"text-align: justify;\">Nuestra excursi\u00f3n en quad por el desierto de Merzouga le ofrece inolvidables aventuras en quad para explorar las doradas dunas de Erg Chebbi. A continuaci\u00f3n, disfrute de la puesta de sol de su vida en la cima de la duna m\u00e1s alta. Adem\u00e1s, es para grupos, familias, eventos especiales o para que un grupo de amigos se divierta en las dunas del desierto. Adem\u00e1s, es apto para todo el mundo, incluso para principiantes o profesionales.<\/p>\n<h3>Informaci\u00f3n:<\/h3>\n<ul>\n<li>Duraci\u00f3n: dependiendo de cu\u00e1ntas horas quieras.<\/li>\n<li>Punto de partida: su alojamiento<\/li>\n<li>Punto de finalizaci\u00f3n: su alojamiento<\/li>\n<\/ul>\n<h3>Puntos destacados:<\/h3>\n<ul>\n<li>Explorar los pueblos bereberes del desierto<\/li>\n<li>Lago del desierto y Oasis<\/li>\n<li>Visitar a los n\u00f3madas en su tienda<\/li>\n<li>Escuchar la m\u00fasica gnaoua<\/li>\n<li>Disfrutar de hermosas vistas panor\u00e1micas<\/li>\n<\/ul>\n<p>\u00a0<\/p>\n<h3>Programa:<\/h3>\n<h4>1 Hora \/ 2 Horas:<\/h4>\n<p style=\"text-align: justify;\">Esta ruta de quad por el desierto de Merzouga es una gran opci\u00f3n y una forma divertida de descubrir las dunas de Erg Chebbi. En primer lugar, nuestra misi\u00f3n de alquiler de quad o Buggy Merzouga incluye excursiones por el desierto por pistas de las dunas de arena en Erg Chebbi, especial en la zona de Merzouga. Adem\u00e1s, este tipo de actividades del desierto en quad o Buggy por las dunas de Merzouga est\u00e1 guiado por profesionales. En primer lugar, le llevaremos por paisajes des\u00e9rticos de extraordinarios contrastes, en Merzouga y sus alrededores. Adem\u00e1s, inmensas dunas y lagos dorados. Adem\u00e1s, el paseo en quad por las dunas de Merzouga es una actividad muy divertida y estimulante. Puede ser una actividad de 1 hora o de 2 horas.<\/p>\n<h4>3 Horas \/ 4 Horas:<\/h4>\n<p style=\"text-align: justify;\">Nuestra viaje de quad por el desierto de Merzouga le da la oportunidad de recibir clases de conducci\u00f3n de Quad o Buggy en el desierto del Sahara. Esta excursi\u00f3n le llevar\u00e1 a visitar los lugares m\u00e1s famosos del desierto de Merzouga (depende de su elecci\u00f3n y tiempo). En primer lugar, conduciremos hasta el lago de <a href=\"https:\/\/es.wikipedia.org\/wiki\/Merzouga\">Merzouga<\/a> para disfrutar de la hermosa vista del lago y sus aves. A continuaci\u00f3n, seguimos hasta el pueblo de Khamlia, donde la gente de piel negra, originaria de Ghana y Soudan, toca su m\u00fasica tradicional Gnaoua. Adem\u00e1s, seguimos hasta las monta\u00f1as de Mineralis en Muifis donde explorar\u00e1s el trabajo de los n\u00f3madas. Adem\u00e1s, tendr\u00e1 la oportunidad de tomar una taza de t\u00e9 con los n\u00f3madas en su tienda.<\/p>\n<p style=\"text-align: justify;\">Despu\u00e9s, conduciremos hasta la duna de arena m\u00e1s alta para disfrutar viendo la mejor puesta de sol que pueda haber en tu vida. Finalmente, cruzaremos las dunas de arena para volver al pueblo de Merzouga.<\/p>\n<p>\u00a0<\/p>\n<h3>Incluido en esta ruta en quad por el desierto de Merzouga:<\/h3>\n<ul>\n<li>Recogida en su alojamiento.<\/li>\n<li>Quad o Buggy<\/li>\n<li>Gu\u00eda de la excursi\u00f3n.<\/li>\n<\/ul>\n<h3>No incluye:<\/h3>\n<ul>\n<li>El almuerzo y las bebidas.<\/li>\n<li>Consejos.<\/li>\n<\/ul>\n<p>\u00a0<\/p>\n<h3>C\u00f3mo reservar esta excursi\u00f3n en quad por el desierto de Merzouga?<\/h3>\n<p>No dude en ponerse en contacto con nosotros para esta excursi\u00f3n, por Email, WhatsApp o llamada telef\u00f3nica.<\/p>\n<p>Nota:<\/p>\n<p>Si desea una excursi\u00f3n al desierto en 4\u00d74, <a href=\"http:\/\/moroccotouroperator.com\/es\/\">haga clic aqu\u00ed<\/a>.<\/p>\n<\/body>","protected":false},"excerpt":{"rendered":"<p>Excursi\u00f3n en quad por el desierto de Merzouga: Viaje de quad por el desierto de Merzouga \/ Ruta en quad por el desierto de Merzouga Organizamos<span class=\"excerpt-hellip\"> [\u2026]<\/span><\/p>\n","protected":false},"author":1,"featured_media":882,"parent":0,"menu_order":0,"comment_status":"closed","ping_status":"closed","template":"","meta":{"footnotes":""},"class_list":["post-93","page","type-page","status-publish","has-post-thumbnail","hentry"],"yoast_head":"<!-- This site is optimized with the Yoast SEO plugin v25.6 - https:\/\/yoast.com\/wordpress\/plugins\/seo\/ -->\n<title>Excursi\u00f3n en quad por el desierto de Merzouga \/ Merzouga Quad &amp; Buggy<\/title>\n<meta name=\"description\" content=\"Esta excursi\u00f3n en quad por el desierto de Merzouga es apta para todos, tanto para principiantes como para profesionales, grupos o familias...\" \/>\n<meta name=\"robots\" content=\"index, follow, max-snippet:-1, max-image-preview:large, max-video-preview:-1\" \/>\n<link rel=\"canonical\" href=\"https:\/\/moroccotouroperator.com\/es\/excursion-en-quad-por-el-desierto-de-merzouga\/\" \/>\n<meta property=\"og:locale\" content=\"en_US\" \/>\n<meta property=\"og:type\" content=\"article\" \/>\n<meta property=\"og:title\" content=\"Excursi\u00f3n en quad por el desierto de Merzouga \/ Merzouga Quad &amp; Buggy\" \/>\n<meta property=\"og:description\" content=\"Esta excursi\u00f3n en quad por el desierto de Merzouga es apta para todos, tanto para principiantes como para profesionales, grupos o familias...\" \/>\n<meta property=\"og:url\" content=\"https:\/\/moroccotouroperator.com\/es\/excursion-en-quad-por-el-desierto-de-merzouga\/\" \/>\n<meta property=\"og:site_name\" content=\"Morocco Tour Operator\" \/>\n<meta property=\"article:modified_time\" content=\"2021-06-08T14:07:30+00:00\" \/>\n<meta property=\"og:image\" content=\"https:\/\/i0.wp.com\/moroccotouroperator.com\/es\/wp-content\/uploads\/2021\/06\/177695561_753914005322437_9051374657904677980_n.jpg?fit=825%2C548&ssl=1\" \/>\n\t<meta property=\"og:image:width\" content=\"825\" \/>\n\t<meta property=\"og:image:height\" content=\"548\" \/>\n\t<meta property=\"og:image:type\" content=\"image\/jpeg\" \/>\n<meta name=\"twitter:card\" content=\"summary_large_image\" \/>\n<meta name=\"twitter:label1\" content=\"Est. reading time\" \/>\n\t<meta name=\"twitter:data1\" content=\"3 minutes\" \/>\n<script type=\"application\/ld+json\" class=\"yoast-schema-graph\">{\"@context\":\"https:\/\/schema.org\",\"@graph\":[{\"@type\":\"WebPage\",\"@id\":\"https:\/\/moroccotouroperator.com\/es\/excursion-en-quad-por-el-desierto-de-merzouga\/\",\"url\":\"https:\/\/moroccotouroperator.com\/es\/excursion-en-quad-por-el-desierto-de-merzouga\/\",\"name\":\"Excursi\u00f3n en quad por el desierto de Merzouga \/ Merzouga Quad & Buggy\",\"isPartOf\":{\"@id\":\"https:\/\/moroccotouroperator.com\/es\/#website\"},\"primaryImageOfPage\":{\"@id\":\"https:\/\/moroccotouroperator.com\/es\/excursion-en-quad-por-el-desierto-de-merzouga\/#primaryimage\"},\"image\":{\"@id\":\"https:\/\/moroccotouroperator.com\/es\/excursion-en-quad-por-el-desierto-de-merzouga\/#primaryimage\"},\"thumbnailUrl\":\"https:\/\/i0.wp.com\/moroccotouroperator.com\/es\/wp-content\/uploads\/2021\/06\/177695561_753914005322437_9051374657904677980_n.jpg?fit=825%2C548&ssl=1\",\"datePublished\":\"2020-10-10T18:17:07+00:00\",\"dateModified\":\"2021-06-08T14:07:30+00:00\",\"description\":\"Esta excursi\u00f3n en quad por el desierto de Merzouga es apta para todos, tanto para principiantes como para profesionales, grupos o familias...\",\"breadcrumb\":{\"@id\":\"https:\/\/moroccotouroperator.com\/es\/excursion-en-quad-por-el-desierto-de-merzouga\/#breadcrumb\"},\"inLanguage\":\"en-US\",\"potentialAction\":[{\"@type\":\"ReadAction\",\"target\":[\"https:\/\/moroccotouroperator.com\/es\/excursion-en-quad-por-el-desierto-de-merzouga\/\"]}]},{\"@type\":\"ImageObject\",\"inLanguage\":\"en-US\",\"@id\":\"https:\/\/moroccotouroperator.com\/es\/excursion-en-quad-por-el-desierto-de-merzouga\/#primaryimage\",\"url\":\"https:\/\/i0.wp.com\/moroccotouroperator.com\/es\/wp-content\/uploads\/2021\/06\/177695561_753914005322437_9051374657904677980_n.jpg?fit=825%2C548&ssl=1\",\"contentUrl\":\"https:\/\/i0.wp.com\/moroccotouroperator.com\/es\/wp-content\/uploads\/2021\/06\/177695561_753914005322437_9051374657904677980_n.jpg?fit=825%2C548&ssl=1\",\"width\":825,\"height\":548,\"caption\":\"excursion de quad por el desierto de Merzouga\"},{\"@type\":\"BreadcrumbList\",\"@id\":\"https:\/\/moroccotouroperator.com\/es\/excursion-en-quad-por-el-desierto-de-merzouga\/#breadcrumb\",\"itemListElement\":[{\"@type\":\"ListItem\",\"position\":1,\"name\":\"Home\",\"item\":\"https:\/\/moroccotouroperator.com\/es\/\"},{\"@type\":\"ListItem\",\"position\":2,\"name\":\"Excursi\u00f3n en quad por el desierto de Merzouga\"}]},{\"@type\":\"WebSite\",\"@id\":\"https:\/\/moroccotouroperator.com\/es\/#website\",\"url\":\"https:\/\/moroccotouroperator.com\/es\/\",\"name\":\"Morocco Tour Operator\",\"description\":\"Morocco Private Desert Tours\",\"potentialAction\":[{\"@type\":\"SearchAction\",\"target\":{\"@type\":\"EntryPoint\",\"urlTemplate\":\"https:\/\/moroccotouroperator.com\/es\/?s={search_term_string}\"},\"query-input\":{\"@type\":\"PropertyValueSpecification\",\"valueRequired\":true,\"valueName\":\"search_term_string\"}}],\"inLanguage\":\"en-US\"}]}<\/script>\n<!-- \/ Yoast SEO plugin. -->","yoast_head_json":{"title":"Excursi\u00f3n en quad por el desierto de Merzouga \/ Merzouga Quad & Buggy","description":"Esta excursi\u00f3n en quad por el desierto de Merzouga es apta para todos, tanto para principiantes como para profesionales, grupos o familias...","robots":{"index":"index","follow":"follow","max-snippet":"max-snippet:-1","max-image-preview":"max-image-preview:large","max-video-preview":"max-video-preview:-1"},"canonical":"https:\/\/moroccotouroperator.com\/es\/excursion-en-quad-por-el-desierto-de-merzouga\/","og_locale":"en_US","og_type":"article","og_title":"Excursi\u00f3n en quad por el desierto de Merzouga \/ Merzouga Quad & Buggy","og_description":"Esta excursi\u00f3n en quad por el desierto de Merzouga es apta para todos, tanto para principiantes como para profesionales, grupos o familias...","og_url":"https:\/\/moroccotouroperator.com\/es\/excursion-en-quad-por-el-desierto-de-merzouga\/","og_site_name":"Morocco Tour Operator","article_modified_time":"2021-06-08T14:07:30+00:00","og_image":[{"width":825,"height":548,"url":"https:\/\/i0.wp.com\/moroccotouroperator.com\/es\/wp-content\/uploads\/2021\/06\/177695561_753914005322437_9051374657904677980_n.jpg?fit=825%2C548&ssl=1","type":"image\/jpeg"}],"twitter_card":"summary_large_image","twitter_misc":{"Est. reading time":"3 minutes"},"schema":{"@context":"https:\/\/schema.org","@graph":[{"@type":"WebPage","@id":"https:\/\/moroccotouroperator.com\/es\/excursion-en-quad-por-el-desierto-de-merzouga\/","url":"https:\/\/moroccotouroperator.com\/es\/excursion-en-quad-por-el-desierto-de-merzouga\/","name":"Excursi\u00f3n en quad por el desierto de Merzouga \/ Merzouga Quad & Buggy","isPartOf":{"@id":"https:\/\/moroccotouroperator.com\/es\/#website"},"primaryImageOfPage":{"@id":"https:\/\/moroccotouroperator.com\/es\/excursion-en-quad-por-el-desierto-de-merzouga\/#primaryimage"},"image":{"@id":"https:\/\/moroccotouroperator.com\/es\/excursion-en-quad-por-el-desierto-de-merzouga\/#primaryimage"},"thumbnailUrl":"https:\/\/i0.wp.com\/moroccotouroperator.com\/es\/wp-content\/uploads\/2021\/06\/177695561_753914005322437_9051374657904677980_n.jpg?fit=825%2C548&ssl=1","datePublished":"2020-10-10T18:17:07+00:00","dateModified":"2021-06-08T14:07:30+00:00","description":"Esta excursi\u00f3n en quad por el desierto de Merzouga es apta para todos, tanto para principiantes como para profesionales, grupos o familias...","breadcrumb":{"@id":"https:\/\/moroccotouroperator.com\/es\/excursion-en-quad-por-el-desierto-de-merzouga\/#breadcrumb"},"inLanguage":"en-US","potentialAction":[{"@type":"ReadAction","target":["https:\/\/moroccotouroperator.com\/es\/excursion-en-quad-por-el-desierto-de-merzouga\/"]}]},{"@type":"ImageObject","inLanguage":"en-US","@id":"https:\/\/moroccotouroperator.com\/es\/excursion-en-quad-por-el-desierto-de-merzouga\/#primaryimage","url":"https:\/\/i0.wp.com\/moroccotouroperator.com\/es\/wp-content\/uploads\/2021\/06\/177695561_753914005322437_9051374657904677980_n.jpg?fit=825%2C548&ssl=1","contentUrl":"https:\/\/i0.wp.com\/moroccotouroperator.com\/es\/wp-content\/uploads\/2021\/06\/177695561_753914005322437_9051374657904677980_n.jpg?fit=825%2C548&ssl=1","width":825,"height":548,"caption":"excursion de quad por el desierto de Merzouga"},{"@type":"BreadcrumbList","@id":"https:\/\/moroccotouroperator.com\/es\/excursion-en-quad-por-el-desierto-de-merzouga\/#breadcrumb","itemListElement":[{"@type":"ListItem","position":1,"name":"Home","item":"https:\/\/moroccotouroperator.com\/es\/"},{"@type":"ListItem","position":2,"name":"Excursi\u00f3n en quad por el desierto de Merzouga"}]},{"@type":"WebSite","@id":"https:\/\/moroccotouroperator.com\/es\/#website","url":"https:\/\/moroccotouroperator.com\/es\/","name":"Morocco Tour Operator","description":"Morocco Private Desert Tours","potentialAction":[{"@type":"SearchAction","target":{"@type":"EntryPoint","urlTemplate":"https:\/\/moroccotouroperator.com\/es\/?s={search_term_string}"},"query-input":{"@type":"PropertyValueSpecification","valueRequired":true,"valueName":"search_term_string"}}],"inLanguage":"en-US"}]}},"jetpack_sharing_enabled":true,"_links":{"self":[{"href":"https:\/\/moroccotouroperator.com\/es\/wp-json\/wp\/v2\/pages\/93"}],"collection":[{"href":"https:\/\/moroccotouroperator.com\/es\/wp-json\/wp\/v2\/pages"}],"about":[{"href":"https:\/\/moroccotouroperator.com\/es\/wp-json\/wp\/v2\/types\/page"}],"author":[{"embeddable":true,"href":"https:\/\/moroccotouroperator.com\/es\/wp-json\/wp\/v2\/users\/1"}],"replies":[{"embeddable":true,"href":"https:\/\/moroccotouroperator.com\/es\/wp-json\/wp\/v2\/comments?post=93"}],"version-history":[{"count":7,"href":"https:\/\/moroccotouroperator.com\/es\/wp-json\/wp\/v2\/pages\/93\/revisions"}],"predecessor-version":[{"id":883,"href":"https:\/\/moroccotouroperator.com\/es\/wp-json\/wp\/v2\/pages\/93\/revisions\/883"}],"wp:featuredmedia":[{"embeddable":true,"href":"https:\/\/moroccotouroperator.com\/es\/wp-json\/wp\/v2\/media\/882"}],"wp:attachment":[{"href":"https:\/\/moroccotouroperator.com\/es\/wp-json\/wp\/v2\/media?parent=93"}],"curies":[{"name":"wp","href":"https:\/\/api.w.org\/{rel}","templated":true}]}}