{"id":91,"date":"2020-10-10T18:16:11","date_gmt":"2020-10-10T18:16:11","guid":{"rendered":"https:\/\/rutasdesierto.com\/trips\/?page_id=91"},"modified":"2021-06-08T11:39:28","modified_gmt":"2021-06-08T11:39:28","slug":"excursion-en-4x4-por-el-desierto-de-merzouga","status":"publish","type":"page","link":"https:\/\/moroccotouroperator.com\/es\/excursion-en-4x4-por-el-desierto-de-merzouga\/","title":{"rendered":"Excursi\u00f3n en 4&#215;4 por el desierto de Merzouga"},"content":{"rendered":"<body><p><\/p>\n<h2>Excursi\u00f3n por el desierto de Merzouga en 4\u00d74:<\/h2>\n<h3>Merzouga tours por el desierto 4\u00d74 \/ 1 d\u00eda de tour por el desierto 4\u00d74 en Merzouga<\/h3>\n<h3>Descripci\u00f3n:<\/h3>\n<p style=\"text-align: justify;\">Hay muchas personas que descubren Marruecos por s\u00ed mismos, y traen su coche o alquilan un coche peque\u00f1o para viajar por Marruecos. Entonces, cuando llegan al desierto de Merzouga, necesitan un coche 4\u00d74 para explorar el desierto del Sahara. Por lo tanto, Morocco Tour Operator hizo un ruta especial para sus clientes. En primer lugar, Excursi\u00f3n en 4\u00d74 por el desierto de Merzouga le llevar\u00e1 en un viaje emocionante. Adem\u00e1s, visitar\u00e1 el lago del desierto, la gente n\u00f3mada que vive en las tiendas, la m\u00fasica Gnaoua, el oasis Tisserdmine, las monta\u00f1as Mineralis y la vista panor\u00e1mica en las dunas de arena.<\/p>\n<p>\u00a0<\/p>\n<h3><img data-recalc-dims=\"1\" decoding=\"async\" class=\"size-medium wp-image-853 aligncenter\" src=\"https:\/\/i0.wp.com\/moroccotouroperator.com\/es\/wp-content\/uploads\/2021\/06\/37391952_1928183990578230_6895180371474776064_n.jpg?resize=300%2C203\" alt=\"\" width=\"300\" height=\"203\" loading=\"lazy\" srcset=\"https:\/\/i0.wp.com\/moroccotouroperator.com\/es\/wp-content\/uploads\/2021\/06\/37391952_1928183990578230_6895180371474776064_n.jpg?resize=300%2C203&amp;ssl=1 300w, https:\/\/i0.wp.com\/moroccotouroperator.com\/es\/wp-content\/uploads\/2021\/06\/37391952_1928183990578230_6895180371474776064_n.jpg?resize=768%2C519&amp;ssl=1 768w, https:\/\/i0.wp.com\/moroccotouroperator.com\/es\/wp-content\/uploads\/2021\/06\/37391952_1928183990578230_6895180371474776064_n.jpg?resize=216%2C146&amp;ssl=1 216w, https:\/\/i0.wp.com\/moroccotouroperator.com\/es\/wp-content\/uploads\/2021\/06\/37391952_1928183990578230_6895180371474776064_n.jpg?resize=50%2C34&amp;ssl=1 50w, https:\/\/i0.wp.com\/moroccotouroperator.com\/es\/wp-content\/uploads\/2021\/06\/37391952_1928183990578230_6895180371474776064_n.jpg?resize=111%2C75&amp;ssl=1 111w, https:\/\/i0.wp.com\/moroccotouroperator.com\/es\/wp-content\/uploads\/2021\/06\/37391952_1928183990578230_6895180371474776064_n.jpg?w=926&amp;ssl=1 926w\" sizes=\"(max-width: 300px) 100vw, 300px\" \/><\/h3>\n<h3>Informaci\u00f3n sobre la excursi\u00f3n al desierto en 4\u00d74 de Merzouga:<\/h3>\n<ul>\n<li>Duraci\u00f3n: d\u00eda completo o medio d\u00eda<\/li>\n<li>Hora de salida: por la ma\u00f1ana o por la tarde<\/li>\n<li>Punto de partida: su alojamiento en la zona de Merzouga<\/li>\n<li>Punto de finalizaci\u00f3n: su alojamiento en la zona de Merzouga<\/li>\n<\/ul>\n<h3>Puntos destacados:<\/h3>\n<ul>\n<li>Explorar los pueblos bereberes del desierto<\/li>\n<li>Lago del desierto y Oasis<\/li>\n<li>Visitar a los n\u00f3madas en su tienda de campa\u00f1a<\/li>\n<li>Escuchar la m\u00fasica gnaoua<\/li>\n<li>Disfrutar de hermosas vistas panor\u00e1micas<\/li>\n<\/ul>\n<p>\u00a0<\/p>\n<h3>Itinerario:<\/h3>\n<p style=\"text-align: justify;\">Hotel o campamento en el desierto de Merzouga &gt;&gt; el lago del desierto &gt;&gt; M\u00fasica Gnaoua &gt;&gt; Monta\u00f1as Mineralis&gt;&gt; Vistas panor\u00e1micas del desierto&gt;&gt; Gente n\u00f3mada que vive en las tiendas&gt;&gt; Oasis de Tisserdmin&gt;&gt; Monta\u00f1a de los F\u00f3siles.<\/p>\n<h3><img data-recalc-dims=\"1\" decoding=\"async\" class=\"size-medium wp-image-854 aligncenter\" src=\"https:\/\/i0.wp.com\/moroccotouroperator.com\/es\/wp-content\/uploads\/2021\/06\/29090089_419783881797461_8549251978872487936_n.jpg?resize=300%2C181\" alt=\"4x4 en Merzouga\" width=\"300\" height=\"181\" loading=\"lazy\" srcset=\"https:\/\/i0.wp.com\/moroccotouroperator.com\/es\/wp-content\/uploads\/2021\/06\/29090089_419783881797461_8549251978872487936_n.jpg?resize=300%2C181&amp;ssl=1 300w, https:\/\/i0.wp.com\/moroccotouroperator.com\/es\/wp-content\/uploads\/2021\/06\/29090089_419783881797461_8549251978872487936_n.jpg?resize=768%2C463&amp;ssl=1 768w, https:\/\/i0.wp.com\/moroccotouroperator.com\/es\/wp-content\/uploads\/2021\/06\/29090089_419783881797461_8549251978872487936_n.jpg?resize=242%2C146&amp;ssl=1 242w, https:\/\/i0.wp.com\/moroccotouroperator.com\/es\/wp-content\/uploads\/2021\/06\/29090089_419783881797461_8549251978872487936_n.jpg?resize=50%2C30&amp;ssl=1 50w, https:\/\/i0.wp.com\/moroccotouroperator.com\/es\/wp-content\/uploads\/2021\/06\/29090089_419783881797461_8549251978872487936_n.jpg?resize=124%2C75&amp;ssl=1 124w, https:\/\/i0.wp.com\/moroccotouroperator.com\/es\/wp-content\/uploads\/2021\/06\/29090089_419783881797461_8549251978872487936_n.jpg?w=1000&amp;ssl=1 1000w\" sizes=\"(max-width: 300px) 100vw, 300px\" \/><\/h3>\n<h3>Programa de nuestro tour por el desierto en 4\u00d74 en Merzouga:<\/h3>\n<h4>Medio d\u00eda:<\/h4>\n<p style=\"text-align: justify;\">Nuestro tour por el desierto de Merzouga 4\u00d74 le dar\u00e1 la oportunidad de conducir en el todoterreno alrededor de las dunas de Erg Chebbi. Hoy, comenzaremos nuestro viaje a la regi\u00f3n para explorar diferentes e interesantes sitios en el desierto del Sahara. En primer lugar, visitaremos el lago del desierto donde disfrutaremos de su hermosa vista y de muchas aves diferentes. Despu\u00e9s, nos dirigiremos a la aldea de Khamlia para escuchar la m\u00fasica gnawa del pueblo de piel oscura y explorar su historia, que fue tra\u00edda a Marruecos como inmigraci\u00f3n hace m\u00e1s de cien a\u00f1os\u2026 Despu\u00e9s, seguiremos explorando las monta\u00f1as de los minerales en Mufis. Adem\u00e1s, tendr\u00e1 la oportunidad de visitar a las familias n\u00f3madas que todav\u00eda viven una vida sencilla en tiendas de campa\u00f1a. Despu\u00e9s, seguiremos hasta Tisserdmine donde disfrutaremos de la vista de su oasis y de la Monta\u00f1a de los F\u00f3siles. A continuaci\u00f3n, regresamos a su alojamiento.<\/p>\n<p>\u00a0<\/p>\n<h4>D\u00eda completo:<\/h4>\n<p style=\"text-align: justify;\">Despu\u00e9s de visitar y explorar muchos lugares diferentes en la primera mitad del d\u00eda, nuestro viaje se dirigir\u00e1 hacia Rissani que es conocido por su mercado tradicional y su deliciosa pizza. Aqu\u00ed, iremos a por la famosa pizza bereber de la regi\u00f3n que deber\u00e1s reservar con horas de antelaci\u00f3n ya que el cocinero que la elabora te da opciones para que elijas c\u00f3mo la quieres, luego almorzar\u00e1s en un restaurante local. A continuaci\u00f3n, pasearemos por su mercado tradicional para conocer diversos productos artesanales. Tambi\u00e9n visitaremos un famoso mercado de burros en Rissani. Despu\u00e9s, volveremos a la aldea de Hassi para ver su canal de riego. A continuaci\u00f3n, le llevaremos a su alojamiento en la zona del desierto de <a href=\"https:\/\/es.wikipedia.org\/wiki\/Merzouga\">Merzouga<\/a>.<\/p>\n<p>\u00a0<\/p>\n<h3>Incluido en este tour por el desierto de Merzouga en 4\u00d74:<\/h3>\n<ul>\n<li>Recogida en su alojamiento.<\/li>\n<li>Veh\u00edculo privado 4\u00d74 confortable con aire acondicionado<\/li>\n<li>Conductor de habla inglesa para esta excursi\u00f3n de un d\u00eda.<\/li>\n<\/ul>\n<p>\u00a0<\/p>\n<h3>No incluye:<\/h3>\n<p>* Todas las comidas y bebidas.<\/p>\n<p>* Entradas y propinas.<\/p>\n<p>\u00a0<\/p>\n<h3>C\u00f3mo reservar esta excursi\u00f3n al desierto de Merzouga en 4\u00d74?<\/h3>\n<p style=\"text-align: justify;\">No dude en ponerse en contacto con nosotros para esta excursi\u00f3n de un d\u00eda en el desierto de Merzouga. Adem\u00e1s, organizamos m\u00e1s excursiones de un d\u00eda en el desierto del S\u00e1hara, excursiones en camello con una noche en el campamento del desierto y en quad.<\/p>\n<p>\u00a0<\/p>\n<h4>*Nota:<\/h4>\n<p>Si tiene m\u00e1s tiempo y quiere explorar m\u00e1s cosas en el desierto del Sahara de Erg Chebbi, <a href=\"http:\/\/moroccotouroperator.com\/es\/\">haga clic aqu\u00ed<\/a>.<\/p>\n<\/body>","protected":false},"excerpt":{"rendered":"<p>Excursi\u00f3n por el desierto de Merzouga en 4\u00d74: Merzouga tours por el desierto 4\u00d74 \/ 1 d\u00eda de tour por el desierto 4\u00d74 en Merzouga Descripci\u00f3n:<span class=\"excerpt-hellip\"> [\u2026]<\/span><\/p>\n","protected":false},"author":1,"featured_media":852,"parent":0,"menu_order":0,"comment_status":"closed","ping_status":"closed","template":"","meta":{"footnotes":""},"class_list":["post-91","page","type-page","status-publish","has-post-thumbnail","hentry"],"yoast_head":"<!-- This site is optimized with the Yoast SEO plugin v25.6 - https:\/\/yoast.com\/wordpress\/plugins\/seo\/ -->\n<title>Excursi\u00f3n en 4x4 por el desierto de Merzouga \/ 4x4 Viajes de Merzouga<\/title>\n<meta name=\"description\" content=\"Excursi\u00f3n en 4x4 por el desierto de Merzouga le dar\u00e1 la oportunidad de conducir en todoterreno y explorar el aut\u00e9ntico desierto del Sahara...\" \/>\n<meta name=\"robots\" content=\"index, follow, max-snippet:-1, max-image-preview:large, max-video-preview:-1\" \/>\n<link rel=\"canonical\" href=\"https:\/\/moroccotouroperator.com\/es\/excursion-en-4x4-por-el-desierto-de-merzouga\/\" \/>\n<meta property=\"og:locale\" content=\"en_US\" \/>\n<meta property=\"og:type\" content=\"article\" \/>\n<meta property=\"og:title\" content=\"Excursi\u00f3n en 4x4 por el desierto de Merzouga \/ 4x4 Viajes de Merzouga\" \/>\n<meta property=\"og:description\" content=\"Excursi\u00f3n en 4x4 por el desierto de Merzouga le dar\u00e1 la oportunidad de conducir en todoterreno y explorar el aut\u00e9ntico desierto del Sahara...\" \/>\n<meta property=\"og:url\" content=\"https:\/\/moroccotouroperator.com\/es\/excursion-en-4x4-por-el-desierto-de-merzouga\/\" \/>\n<meta property=\"og:site_name\" content=\"Morocco Tour Operator\" \/>\n<meta property=\"article:modified_time\" content=\"2021-06-08T11:39:28+00:00\" \/>\n<meta property=\"og:image\" content=\"https:\/\/i0.wp.com\/moroccotouroperator.com\/es\/wp-content\/uploads\/2021\/06\/21224591_1561354680581417_3282035646201331712_n.jpg?fit=475%2C252&ssl=1\" \/>\n\t<meta property=\"og:image:width\" content=\"475\" \/>\n\t<meta property=\"og:image:height\" content=\"252\" \/>\n\t<meta property=\"og:image:type\" content=\"image\/jpeg\" \/>\n<meta name=\"twitter:card\" content=\"summary_large_image\" \/>\n<meta name=\"twitter:label1\" content=\"Est. reading time\" \/>\n\t<meta name=\"twitter:data1\" content=\"4 minutes\" \/>\n<script type=\"application\/ld+json\" class=\"yoast-schema-graph\">{\"@context\":\"https:\/\/schema.org\",\"@graph\":[{\"@type\":\"WebPage\",\"@id\":\"https:\/\/moroccotouroperator.com\/es\/excursion-en-4x4-por-el-desierto-de-merzouga\/\",\"url\":\"https:\/\/moroccotouroperator.com\/es\/excursion-en-4x4-por-el-desierto-de-merzouga\/\",\"name\":\"Excursi\u00f3n en 4x4 por el desierto de Merzouga \/ 4x4 Viajes de Merzouga\",\"isPartOf\":{\"@id\":\"https:\/\/moroccotouroperator.com\/es\/#website\"},\"primaryImageOfPage\":{\"@id\":\"https:\/\/moroccotouroperator.com\/es\/excursion-en-4x4-por-el-desierto-de-merzouga\/#primaryimage\"},\"image\":{\"@id\":\"https:\/\/moroccotouroperator.com\/es\/excursion-en-4x4-por-el-desierto-de-merzouga\/#primaryimage\"},\"thumbnailUrl\":\"https:\/\/i0.wp.com\/moroccotouroperator.com\/es\/wp-content\/uploads\/2021\/06\/21224591_1561354680581417_3282035646201331712_n.jpg?fit=475%2C252&ssl=1\",\"datePublished\":\"2020-10-10T18:16:11+00:00\",\"dateModified\":\"2021-06-08T11:39:28+00:00\",\"description\":\"Excursi\u00f3n en 4x4 por el desierto de Merzouga le dar\u00e1 la oportunidad de conducir en todoterreno y explorar el aut\u00e9ntico desierto del Sahara...\",\"breadcrumb\":{\"@id\":\"https:\/\/moroccotouroperator.com\/es\/excursion-en-4x4-por-el-desierto-de-merzouga\/#breadcrumb\"},\"inLanguage\":\"en-US\",\"potentialAction\":[{\"@type\":\"ReadAction\",\"target\":[\"https:\/\/moroccotouroperator.com\/es\/excursion-en-4x4-por-el-desierto-de-merzouga\/\"]}]},{\"@type\":\"ImageObject\",\"inLanguage\":\"en-US\",\"@id\":\"https:\/\/moroccotouroperator.com\/es\/excursion-en-4x4-por-el-desierto-de-merzouga\/#primaryimage\",\"url\":\"https:\/\/i0.wp.com\/moroccotouroperator.com\/es\/wp-content\/uploads\/2021\/06\/21224591_1561354680581417_3282035646201331712_n.jpg?fit=475%2C252&ssl=1\",\"contentUrl\":\"https:\/\/i0.wp.com\/moroccotouroperator.com\/es\/wp-content\/uploads\/2021\/06\/21224591_1561354680581417_3282035646201331712_n.jpg?fit=475%2C252&ssl=1\",\"width\":475,\"height\":252,\"caption\":\"Excursion 4x4 por el desierto de Merzouga\"},{\"@type\":\"BreadcrumbList\",\"@id\":\"https:\/\/moroccotouroperator.com\/es\/excursion-en-4x4-por-el-desierto-de-merzouga\/#breadcrumb\",\"itemListElement\":[{\"@type\":\"ListItem\",\"position\":1,\"name\":\"Home\",\"item\":\"https:\/\/moroccotouroperator.com\/es\/\"},{\"@type\":\"ListItem\",\"position\":2,\"name\":\"Excursi\u00f3n en 4&#215;4 por el desierto de Merzouga\"}]},{\"@type\":\"WebSite\",\"@id\":\"https:\/\/moroccotouroperator.com\/es\/#website\",\"url\":\"https:\/\/moroccotouroperator.com\/es\/\",\"name\":\"Morocco Tour Operator\",\"description\":\"Morocco Private Desert Tours\",\"potentialAction\":[{\"@type\":\"SearchAction\",\"target\":{\"@type\":\"EntryPoint\",\"urlTemplate\":\"https:\/\/moroccotouroperator.com\/es\/?s={search_term_string}\"},\"query-input\":{\"@type\":\"PropertyValueSpecification\",\"valueRequired\":true,\"valueName\":\"search_term_string\"}}],\"inLanguage\":\"en-US\"}]}<\/script>\n<!-- \/ Yoast SEO plugin. -->","yoast_head_json":{"title":"Excursi\u00f3n en 4x4 por el desierto de Merzouga \/ 4x4 Viajes de Merzouga","description":"Excursi\u00f3n en 4x4 por el desierto de Merzouga le dar\u00e1 la oportunidad de conducir en todoterreno y explorar el aut\u00e9ntico desierto del Sahara...","robots":{"index":"index","follow":"follow","max-snippet":"max-snippet:-1","max-image-preview":"max-image-preview:large","max-video-preview":"max-video-preview:-1"},"canonical":"https:\/\/moroccotouroperator.com\/es\/excursion-en-4x4-por-el-desierto-de-merzouga\/","og_locale":"en_US","og_type":"article","og_title":"Excursi\u00f3n en 4x4 por el desierto de Merzouga \/ 4x4 Viajes de Merzouga","og_description":"Excursi\u00f3n en 4x4 por el desierto de Merzouga le dar\u00e1 la oportunidad de conducir en todoterreno y explorar el aut\u00e9ntico desierto del Sahara...","og_url":"https:\/\/moroccotouroperator.com\/es\/excursion-en-4x4-por-el-desierto-de-merzouga\/","og_site_name":"Morocco Tour Operator","article_modified_time":"2021-06-08T11:39:28+00:00","og_image":[{"width":475,"height":252,"url":"https:\/\/i0.wp.com\/moroccotouroperator.com\/es\/wp-content\/uploads\/2021\/06\/21224591_1561354680581417_3282035646201331712_n.jpg?fit=475%2C252&ssl=1","type":"image\/jpeg"}],"twitter_card":"summary_large_image","twitter_misc":{"Est. reading time":"4 minutes"},"schema":{"@context":"https:\/\/schema.org","@graph":[{"@type":"WebPage","@id":"https:\/\/moroccotouroperator.com\/es\/excursion-en-4x4-por-el-desierto-de-merzouga\/","url":"https:\/\/moroccotouroperator.com\/es\/excursion-en-4x4-por-el-desierto-de-merzouga\/","name":"Excursi\u00f3n en 4x4 por el desierto de Merzouga \/ 4x4 Viajes de Merzouga","isPartOf":{"@id":"https:\/\/moroccotouroperator.com\/es\/#website"},"primaryImageOfPage":{"@id":"https:\/\/moroccotouroperator.com\/es\/excursion-en-4x4-por-el-desierto-de-merzouga\/#primaryimage"},"image":{"@id":"https:\/\/moroccotouroperator.com\/es\/excursion-en-4x4-por-el-desierto-de-merzouga\/#primaryimage"},"thumbnailUrl":"https:\/\/i0.wp.com\/moroccotouroperator.com\/es\/wp-content\/uploads\/2021\/06\/21224591_1561354680581417_3282035646201331712_n.jpg?fit=475%2C252&ssl=1","datePublished":"2020-10-10T18:16:11+00:00","dateModified":"2021-06-08T11:39:28+00:00","description":"Excursi\u00f3n en 4x4 por el desierto de Merzouga le dar\u00e1 la oportunidad de conducir en todoterreno y explorar el aut\u00e9ntico desierto del Sahara...","breadcrumb":{"@id":"https:\/\/moroccotouroperator.com\/es\/excursion-en-4x4-por-el-desierto-de-merzouga\/#breadcrumb"},"inLanguage":"en-US","potentialAction":[{"@type":"ReadAction","target":["https:\/\/moroccotouroperator.com\/es\/excursion-en-4x4-por-el-desierto-de-merzouga\/"]}]},{"@type":"ImageObject","inLanguage":"en-US","@id":"https:\/\/moroccotouroperator.com\/es\/excursion-en-4x4-por-el-desierto-de-merzouga\/#primaryimage","url":"https:\/\/i0.wp.com\/moroccotouroperator.com\/es\/wp-content\/uploads\/2021\/06\/21224591_1561354680581417_3282035646201331712_n.jpg?fit=475%2C252&ssl=1","contentUrl":"https:\/\/i0.wp.com\/moroccotouroperator.com\/es\/wp-content\/uploads\/2021\/06\/21224591_1561354680581417_3282035646201331712_n.jpg?fit=475%2C252&ssl=1","width":475,"height":252,"caption":"Excursion 4x4 por el desierto de Merzouga"},{"@type":"BreadcrumbList","@id":"https:\/\/moroccotouroperator.com\/es\/excursion-en-4x4-por-el-desierto-de-merzouga\/#breadcrumb","itemListElement":[{"@type":"ListItem","position":1,"name":"Home","item":"https:\/\/moroccotouroperator.com\/es\/"},{"@type":"ListItem","position":2,"name":"Excursi\u00f3n en 4&#215;4 por el desierto de Merzouga"}]},{"@type":"WebSite","@id":"https:\/\/moroccotouroperator.com\/es\/#website","url":"https:\/\/moroccotouroperator.com\/es\/","name":"Morocco Tour Operator","description":"Morocco Private Desert Tours","potentialAction":[{"@type":"SearchAction","target":{"@type":"EntryPoint","urlTemplate":"https:\/\/moroccotouroperator.com\/es\/?s={search_term_string}"},"query-input":{"@type":"PropertyValueSpecification","valueRequired":true,"valueName":"search_term_string"}}],"inLanguage":"en-US"}]}},"jetpack_sharing_enabled":true,"_links":{"self":[{"href":"https:\/\/moroccotouroperator.com\/es\/wp-json\/wp\/v2\/pages\/91"}],"collection":[{"href":"https:\/\/moroccotouroperator.com\/es\/wp-json\/wp\/v2\/pages"}],"about":[{"href":"https:\/\/moroccotouroperator.com\/es\/wp-json\/wp\/v2\/types\/page"}],"author":[{"embeddable":true,"href":"https:\/\/moroccotouroperator.com\/es\/wp-json\/wp\/v2\/users\/1"}],"replies":[{"embeddable":true,"href":"https:\/\/moroccotouroperator.com\/es\/wp-json\/wp\/v2\/comments?post=91"}],"version-history":[{"count":7,"href":"https:\/\/moroccotouroperator.com\/es\/wp-json\/wp\/v2\/pages\/91\/revisions"}],"predecessor-version":[{"id":855,"href":"https:\/\/moroccotouroperator.com\/es\/wp-json\/wp\/v2\/pages\/91\/revisions\/855"}],"wp:featuredmedia":[{"embeddable":true,"href":"https:\/\/moroccotouroperator.com\/es\/wp-json\/wp\/v2\/media\/852"}],"wp:attachment":[{"href":"https:\/\/moroccotouroperator.com\/es\/wp-json\/wp\/v2\/media?parent=91"}],"curies":[{"name":"wp","href":"https:\/\/api.w.org\/{rel}","templated":true}]}}