{"id":89,"date":"2020-10-10T18:12:50","date_gmt":"2020-10-10T18:12:50","guid":{"rendered":"https:\/\/rutasdesierto.com\/trips\/?page_id=89"},"modified":"2022-02-03T14:16:14","modified_gmt":"2022-02-03T14:16:14","slug":"2-noches-de-excursion-en-camello-por-el-desierto-de-merzouga","status":"publish","type":"page","link":"https:\/\/moroccotouroperator.com\/es\/2-noches-de-excursion-en-camello-por-el-desierto-de-merzouga\/","title":{"rendered":"2 noches de excursi\u00f3n en camello por el desierto de Merzouga"},"content":{"rendered":"<body><p><\/p>\n<h3>2 noches de excursi\u00f3n en camello por el desierto de Merzouga:<\/h3>\n<h3>Camel trekking Merzouga y 2 noches en el campamento del desierto\/ Camel trekking 2 noches en el campamento del desierto:<\/h3>\n<p>\u00a0<\/p>\n<h3><img data-recalc-dims=\"1\" decoding=\"async\" class=\"size-medium wp-image-894 aligncenter\" src=\"https:\/\/i0.wp.com\/moroccotouroperator.com\/es\/wp-content\/uploads\/2021\/06\/197987655_302661324701039_182218246879252409_n.jpg?resize=300%2C214\" alt=\"2 noches de excursion en el desierto de Merzouga\" width=\"300\" height=\"214\" loading=\"lazy\" srcset=\"https:\/\/i0.wp.com\/moroccotouroperator.com\/es\/wp-content\/uploads\/2021\/06\/197987655_302661324701039_182218246879252409_n.jpg?resize=300%2C214&amp;ssl=1 300w, https:\/\/i0.wp.com\/moroccotouroperator.com\/es\/wp-content\/uploads\/2021\/06\/197987655_302661324701039_182218246879252409_n.jpg?resize=205%2C146&amp;ssl=1 205w, https:\/\/i0.wp.com\/moroccotouroperator.com\/es\/wp-content\/uploads\/2021\/06\/197987655_302661324701039_182218246879252409_n.jpg?resize=50%2C36&amp;ssl=1 50w, https:\/\/i0.wp.com\/moroccotouroperator.com\/es\/wp-content\/uploads\/2021\/06\/197987655_302661324701039_182218246879252409_n.jpg?resize=105%2C75&amp;ssl=1 105w, https:\/\/i0.wp.com\/moroccotouroperator.com\/es\/wp-content\/uploads\/2021\/06\/197987655_302661324701039_182218246879252409_n.jpg?w=440&amp;ssl=1 440w\" sizes=\"(max-width: 300px) 100vw, 300px\" \/><\/h3>\n<h3>Visi\u00f3n general:<\/h3>\n<p style=\"text-align: justify;\">Estas 2 noches de excursi\u00f3n en camello por el desierto de Merzouga son una opci\u00f3n perfecta para pasar la noche en un campamento equipado con m\u00fasica de tambores alrededor del fuego. Adem\u00e1s, esta es una gran oportunidad para tomar incre\u00edbles fotos a las dunas de arena. De camino al campamento, caminaremos hasta las altas dunas para disfrutar de la m\u00e1gica puesta de sol. Adem\u00e1s, ser\u00e1 una gran noche porque a menudo el cielo est\u00e1 despejado y abundan las estrellas que brillan con intensidad. Adem\u00e1s, durante estas dos noches, cenar\u00e1s alrededor de una hoguera bajo un cielo estrellado. Despu\u00e9s, pasar\u00e1s la noche en tiendas n\u00f3madas o de lujo (seg\u00fan tu elecci\u00f3n).<\/p>\n<p>\u00a0<\/p>\n<h3>Informaci\u00f3n de las 2 noches de excursi\u00f3n en camello por el desierto de Merzouga:<\/h3>\n<ul>\n<li>Duraci\u00f3n: 2 noches<\/li>\n<li>Hora de salida:\u00a0 Por la tarde<\/li>\n<li>Punto de partida: su alojamiento en la zona de Merzouga<\/li>\n<li>Punto de finalizaci\u00f3n: su alojamiento en la zona de Merzouga<\/li>\n<\/ul>\n<h3>Lo m\u00e1s destacado:<\/h3>\n<ul>\n<li>Explorar el desierto del Sahara<\/li>\n<li>Montar en camello<\/li>\n<li>Disfrutar de la puesta de sol y el amanecer<\/li>\n<li>2 Noches en el campamento del desierto<\/li>\n<li>Explorar a los n\u00f3madas<\/li>\n<\/ul>\n<p>\u00a0<\/p>\n<p>\u00a0<\/p>\n<h3>Programa:<\/h3>\n<h4>D\u00eda 1: Excursi\u00f3n en camello \u2013 Noche en el campamento:<\/h4>\n<p style=\"text-align: justify;\">Despu\u00e9s de reunirse con usted en nuestro hotel en Merzouga donde dejar\u00e1 su coche en el aparcamiento seguro y empacar las cosas necesarias para este 2 Noches en el desierto. En primer lugar, nuestras 2 noches de trekking en camello por el desierto de Merzouga comenzar\u00e1n a \u00faltima hora de la tarde, unas 2 horas antes de la puesta de sol, y le llevar\u00e1n al coraz\u00f3n de las dunas de arena dorada. Adem\u00e1s, la caminata dura unos 90 minutos, por lo que tendr\u00e1 la oportunidad de disfrutar de una de las m\u00e1s bellas puestas de sol que ofrece Marruecos. Tambi\u00e9n podr\u00e1 probar el sandboarding si es una actividad que le interesa.<\/p>\n<p style=\"text-align: justify;\">Adem\u00e1s, durante la caminata, har\u00e1s una pausa en el mejor punto del desierto del S\u00e1hara para hacer fotos y disfrutar de los paisajes hasta que se ponga el sol. Despu\u00e9s, continuar\u00e1 hasta el campamento donde el personal le dar\u00e1 la bienvenida con un vaso de t\u00e9 a la menta.<\/p>\n<h4>D\u00eda 2: Paseo en camello \u2013 almuerzo con los n\u00f3madas \u2013 campamento en el desierto:<\/h4>\n<p style=\"text-align: justify;\">Despu\u00e9s de desayunar en el campamento, montaremos en los camellos para visitar a los n\u00f3madas en su tienda de campa\u00f1a en el desierto del Sahara y almorzar con ellos. A partir de entonces, se relajar\u00e1 un poco y absorber\u00e1 la hospitalidad. Despu\u00e9s, montaremos los camellos de vuelta al campamento y los dejaremos descansar cerca del mismo. Para nosotros no hay descanso porque es hora de la aventura\u2026 Adem\u00e1s, cogeremos las tablas de arena y caminaremos hasta las altas dunas para pasar un rato divertido. Tambi\u00e9n visitaremos un oasis en medio de las dunas. Luego, volveremos al campamento despu\u00e9s de disfrutar de la maravillosa puesta de sol. Al d\u00eda siguiente, por la ma\u00f1ana temprano, el personal del campamento le despertar\u00e1 a la hora adecuada para disfrutar de la puesta de sol de su vida. Adem\u00e1s, pase la noche en el campamento del desierto.<\/p>\n<p>\u00a0<\/p>\n<h4>D\u00eda 3: Paseo en camello \u2013 Pueblo de Merzouga:<\/h4>\n<p style=\"text-align: justify;\">Despu\u00e9s de desayunar, volver\u00e1 a montar en camello hasta el pueblo de Merzouga. En el camino, disfrutar\u00e1 de hermosos paisajes con diferentes colores de dunas de arena. Finalmente, le llevaremos a su coche en el hotel y nuestro servicio terminar\u00e1.<\/p>\n<h3>Incluido en las 2 noches de excursi\u00f3n en camello por el desierto de Merzouga:<\/h3>\n<ul>\n<li>Paseo en camello hasta el campamento del Sahara y 1 camello por persona.<\/li>\n<li>2 noches en el campamento con cena<\/li>\n<li>Experiencia de puesta de sol y amanecer<\/li>\n<\/ul>\n<p>\u00a0<\/p>\n<h3>C\u00f3mo reservar este viaje en camello Merzouga?<\/h3>\n<p style=\"text-align: justify;\">No dude en ponerse en contacto con nosotros hoy mismo para conocer el precio real de la excursi\u00f3n en camello de 2 noches en Merzouga y su disponibilidad. Le notificaremos sobre las cotas completas del viaje por correo electr\u00f3nico o WhatsApp.<\/p>\n<h4>Nota:<\/h4>\n<p>Si desea otra opci\u00f3n de viaje en camello por el desierto de <a href=\"https:\/\/es.wikipedia.org\/wiki\/Merzouga\">Merzouga<\/a>, <a href=\"http:\/\/moroccotouroperator.com\/es\/\">haga clic aqu\u00ed<\/a>.<\/p>\n<\/body>","protected":false},"excerpt":{"rendered":"<p>2 noches de excursi\u00f3n en camello por el desierto de Merzouga: Camel trekking Merzouga y 2 noches en el campamento del desierto\/ Camel trekking 2 noches<span class=\"excerpt-hellip\"> [\u2026]<\/span><\/p>\n","protected":false},"author":1,"featured_media":895,"parent":0,"menu_order":0,"comment_status":"closed","ping_status":"closed","template":"","meta":{"footnotes":""},"class_list":["post-89","page","type-page","status-publish","has-post-thumbnail","hentry"],"yoast_head":"<!-- This site is optimized with the Yoast SEO plugin v25.6 - https:\/\/yoast.com\/wordpress\/plugins\/seo\/ -->\n<title>2 noches de excursi\u00f3n en camello por el desierto de Merzouga<\/title>\n<meta name=\"description\" content=\"2 Noches de excursi\u00f3n en camello por el desierto de Merzouga es una opci\u00f3n para aquellas personas que quieran vivir varios d\u00edas como n\u00f3madas.\" \/>\n<meta name=\"robots\" content=\"index, follow, max-snippet:-1, max-image-preview:large, max-video-preview:-1\" \/>\n<link rel=\"canonical\" href=\"https:\/\/moroccotouroperator.com\/es\/2-noches-de-excursion-en-camello-por-el-desierto-de-merzouga\/\" \/>\n<meta property=\"og:locale\" content=\"en_US\" \/>\n<meta property=\"og:type\" content=\"article\" \/>\n<meta property=\"og:title\" content=\"2 noches de excursi\u00f3n en camello por el desierto de Merzouga\" \/>\n<meta property=\"og:description\" content=\"2 Noches de excursi\u00f3n en camello por el desierto de Merzouga es una opci\u00f3n para aquellas personas que quieran vivir varios d\u00edas como n\u00f3madas.\" \/>\n<meta property=\"og:url\" content=\"https:\/\/moroccotouroperator.com\/es\/2-noches-de-excursion-en-camello-por-el-desierto-de-merzouga\/\" \/>\n<meta property=\"og:site_name\" content=\"Morocco Tour Operator\" \/>\n<meta property=\"article:modified_time\" content=\"2022-02-03T14:16:14+00:00\" \/>\n<meta property=\"og:image\" content=\"https:\/\/i0.wp.com\/moroccotouroperator.com\/es\/wp-content\/uploads\/2021\/06\/198783831_1184601355316432_1493427064217686832_n.jpg?fit=478%2C379&ssl=1\" \/>\n\t<meta property=\"og:image:width\" content=\"478\" \/>\n\t<meta property=\"og:image:height\" content=\"379\" \/>\n\t<meta property=\"og:image:type\" content=\"image\/jpeg\" \/>\n<meta name=\"twitter:card\" content=\"summary_large_image\" \/>\n<meta name=\"twitter:label1\" content=\"Est. reading time\" \/>\n\t<meta name=\"twitter:data1\" content=\"4 minutes\" \/>\n<script type=\"application\/ld+json\" class=\"yoast-schema-graph\">{\"@context\":\"https:\/\/schema.org\",\"@graph\":[{\"@type\":\"WebPage\",\"@id\":\"https:\/\/moroccotouroperator.com\/es\/2-noches-de-excursion-en-camello-por-el-desierto-de-merzouga\/\",\"url\":\"https:\/\/moroccotouroperator.com\/es\/2-noches-de-excursion-en-camello-por-el-desierto-de-merzouga\/\",\"name\":\"2 noches de excursi\u00f3n en camello por el desierto de Merzouga\",\"isPartOf\":{\"@id\":\"https:\/\/moroccotouroperator.com\/es\/#website\"},\"primaryImageOfPage\":{\"@id\":\"https:\/\/moroccotouroperator.com\/es\/2-noches-de-excursion-en-camello-por-el-desierto-de-merzouga\/#primaryimage\"},\"image\":{\"@id\":\"https:\/\/moroccotouroperator.com\/es\/2-noches-de-excursion-en-camello-por-el-desierto-de-merzouga\/#primaryimage\"},\"thumbnailUrl\":\"https:\/\/i0.wp.com\/moroccotouroperator.com\/es\/wp-content\/uploads\/2021\/06\/198783831_1184601355316432_1493427064217686832_n.jpg?fit=478%2C379&ssl=1\",\"datePublished\":\"2020-10-10T18:12:50+00:00\",\"dateModified\":\"2022-02-03T14:16:14+00:00\",\"description\":\"2 Noches de excursi\u00f3n en camello por el desierto de Merzouga es una opci\u00f3n para aquellas personas que quieran vivir varios d\u00edas como n\u00f3madas.\",\"breadcrumb\":{\"@id\":\"https:\/\/moroccotouroperator.com\/es\/2-noches-de-excursion-en-camello-por-el-desierto-de-merzouga\/#breadcrumb\"},\"inLanguage\":\"en-US\",\"potentialAction\":[{\"@type\":\"ReadAction\",\"target\":[\"https:\/\/moroccotouroperator.com\/es\/2-noches-de-excursion-en-camello-por-el-desierto-de-merzouga\/\"]}]},{\"@type\":\"ImageObject\",\"inLanguage\":\"en-US\",\"@id\":\"https:\/\/moroccotouroperator.com\/es\/2-noches-de-excursion-en-camello-por-el-desierto-de-merzouga\/#primaryimage\",\"url\":\"https:\/\/i0.wp.com\/moroccotouroperator.com\/es\/wp-content\/uploads\/2021\/06\/198783831_1184601355316432_1493427064217686832_n.jpg?fit=478%2C379&ssl=1\",\"contentUrl\":\"https:\/\/i0.wp.com\/moroccotouroperator.com\/es\/wp-content\/uploads\/2021\/06\/198783831_1184601355316432_1493427064217686832_n.jpg?fit=478%2C379&ssl=1\",\"width\":478,\"height\":379,\"caption\":\"2 Noches de viaje en el desierto de Merzouga\"},{\"@type\":\"BreadcrumbList\",\"@id\":\"https:\/\/moroccotouroperator.com\/es\/2-noches-de-excursion-en-camello-por-el-desierto-de-merzouga\/#breadcrumb\",\"itemListElement\":[{\"@type\":\"ListItem\",\"position\":1,\"name\":\"Home\",\"item\":\"https:\/\/moroccotouroperator.com\/es\/\"},{\"@type\":\"ListItem\",\"position\":2,\"name\":\"2 noches de excursi\u00f3n en camello por el desierto de Merzouga\"}]},{\"@type\":\"WebSite\",\"@id\":\"https:\/\/moroccotouroperator.com\/es\/#website\",\"url\":\"https:\/\/moroccotouroperator.com\/es\/\",\"name\":\"Morocco Tour Operator\",\"description\":\"Morocco Private Desert Tours\",\"potentialAction\":[{\"@type\":\"SearchAction\",\"target\":{\"@type\":\"EntryPoint\",\"urlTemplate\":\"https:\/\/moroccotouroperator.com\/es\/?s={search_term_string}\"},\"query-input\":{\"@type\":\"PropertyValueSpecification\",\"valueRequired\":true,\"valueName\":\"search_term_string\"}}],\"inLanguage\":\"en-US\"}]}<\/script>\n<!-- \/ Yoast SEO plugin. -->","yoast_head_json":{"title":"2 noches de excursi\u00f3n en camello por el desierto de Merzouga","description":"2 Noches de excursi\u00f3n en camello por el desierto de Merzouga es una opci\u00f3n para aquellas personas que quieran vivir varios d\u00edas como n\u00f3madas.","robots":{"index":"index","follow":"follow","max-snippet":"max-snippet:-1","max-image-preview":"max-image-preview:large","max-video-preview":"max-video-preview:-1"},"canonical":"https:\/\/moroccotouroperator.com\/es\/2-noches-de-excursion-en-camello-por-el-desierto-de-merzouga\/","og_locale":"en_US","og_type":"article","og_title":"2 noches de excursi\u00f3n en camello por el desierto de Merzouga","og_description":"2 Noches de excursi\u00f3n en camello por el desierto de Merzouga es una opci\u00f3n para aquellas personas que quieran vivir varios d\u00edas como n\u00f3madas.","og_url":"https:\/\/moroccotouroperator.com\/es\/2-noches-de-excursion-en-camello-por-el-desierto-de-merzouga\/","og_site_name":"Morocco Tour Operator","article_modified_time":"2022-02-03T14:16:14+00:00","og_image":[{"width":478,"height":379,"url":"https:\/\/i0.wp.com\/moroccotouroperator.com\/es\/wp-content\/uploads\/2021\/06\/198783831_1184601355316432_1493427064217686832_n.jpg?fit=478%2C379&ssl=1","type":"image\/jpeg"}],"twitter_card":"summary_large_image","twitter_misc":{"Est. reading time":"4 minutes"},"schema":{"@context":"https:\/\/schema.org","@graph":[{"@type":"WebPage","@id":"https:\/\/moroccotouroperator.com\/es\/2-noches-de-excursion-en-camello-por-el-desierto-de-merzouga\/","url":"https:\/\/moroccotouroperator.com\/es\/2-noches-de-excursion-en-camello-por-el-desierto-de-merzouga\/","name":"2 noches de excursi\u00f3n en camello por el desierto de Merzouga","isPartOf":{"@id":"https:\/\/moroccotouroperator.com\/es\/#website"},"primaryImageOfPage":{"@id":"https:\/\/moroccotouroperator.com\/es\/2-noches-de-excursion-en-camello-por-el-desierto-de-merzouga\/#primaryimage"},"image":{"@id":"https:\/\/moroccotouroperator.com\/es\/2-noches-de-excursion-en-camello-por-el-desierto-de-merzouga\/#primaryimage"},"thumbnailUrl":"https:\/\/i0.wp.com\/moroccotouroperator.com\/es\/wp-content\/uploads\/2021\/06\/198783831_1184601355316432_1493427064217686832_n.jpg?fit=478%2C379&ssl=1","datePublished":"2020-10-10T18:12:50+00:00","dateModified":"2022-02-03T14:16:14+00:00","description":"2 Noches de excursi\u00f3n en camello por el desierto de Merzouga es una opci\u00f3n para aquellas personas que quieran vivir varios d\u00edas como n\u00f3madas.","breadcrumb":{"@id":"https:\/\/moroccotouroperator.com\/es\/2-noches-de-excursion-en-camello-por-el-desierto-de-merzouga\/#breadcrumb"},"inLanguage":"en-US","potentialAction":[{"@type":"ReadAction","target":["https:\/\/moroccotouroperator.com\/es\/2-noches-de-excursion-en-camello-por-el-desierto-de-merzouga\/"]}]},{"@type":"ImageObject","inLanguage":"en-US","@id":"https:\/\/moroccotouroperator.com\/es\/2-noches-de-excursion-en-camello-por-el-desierto-de-merzouga\/#primaryimage","url":"https:\/\/i0.wp.com\/moroccotouroperator.com\/es\/wp-content\/uploads\/2021\/06\/198783831_1184601355316432_1493427064217686832_n.jpg?fit=478%2C379&ssl=1","contentUrl":"https:\/\/i0.wp.com\/moroccotouroperator.com\/es\/wp-content\/uploads\/2021\/06\/198783831_1184601355316432_1493427064217686832_n.jpg?fit=478%2C379&ssl=1","width":478,"height":379,"caption":"2 Noches de viaje en el desierto de Merzouga"},{"@type":"BreadcrumbList","@id":"https:\/\/moroccotouroperator.com\/es\/2-noches-de-excursion-en-camello-por-el-desierto-de-merzouga\/#breadcrumb","itemListElement":[{"@type":"ListItem","position":1,"name":"Home","item":"https:\/\/moroccotouroperator.com\/es\/"},{"@type":"ListItem","position":2,"name":"2 noches de excursi\u00f3n en camello por el desierto de Merzouga"}]},{"@type":"WebSite","@id":"https:\/\/moroccotouroperator.com\/es\/#website","url":"https:\/\/moroccotouroperator.com\/es\/","name":"Morocco Tour Operator","description":"Morocco Private Desert Tours","potentialAction":[{"@type":"SearchAction","target":{"@type":"EntryPoint","urlTemplate":"https:\/\/moroccotouroperator.com\/es\/?s={search_term_string}"},"query-input":{"@type":"PropertyValueSpecification","valueRequired":true,"valueName":"search_term_string"}}],"inLanguage":"en-US"}]}},"jetpack_sharing_enabled":true,"_links":{"self":[{"href":"https:\/\/moroccotouroperator.com\/es\/wp-json\/wp\/v2\/pages\/89"}],"collection":[{"href":"https:\/\/moroccotouroperator.com\/es\/wp-json\/wp\/v2\/pages"}],"about":[{"href":"https:\/\/moroccotouroperator.com\/es\/wp-json\/wp\/v2\/types\/page"}],"author":[{"embeddable":true,"href":"https:\/\/moroccotouroperator.com\/es\/wp-json\/wp\/v2\/users\/1"}],"replies":[{"embeddable":true,"href":"https:\/\/moroccotouroperator.com\/es\/wp-json\/wp\/v2\/comments?post=89"}],"version-history":[{"count":7,"href":"https:\/\/moroccotouroperator.com\/es\/wp-json\/wp\/v2\/pages\/89\/revisions"}],"predecessor-version":[{"id":896,"href":"https:\/\/moroccotouroperator.com\/es\/wp-json\/wp\/v2\/pages\/89\/revisions\/896"}],"wp:featuredmedia":[{"embeddable":true,"href":"https:\/\/moroccotouroperator.com\/es\/wp-json\/wp\/v2\/media\/895"}],"wp:attachment":[{"href":"https:\/\/moroccotouroperator.com\/es\/wp-json\/wp\/v2\/media?parent=89"}],"curies":[{"name":"wp","href":"https:\/\/api.w.org\/{rel}","templated":true}]}}