{"id":87,"date":"2020-10-10T18:11:55","date_gmt":"2020-10-10T18:11:55","guid":{"rendered":"https:\/\/rutasdesierto.com\/trips\/?page_id=87"},"modified":"2022-01-31T17:23:00","modified_gmt":"2022-01-31T17:23:00","slug":"paseo-en-camellos","status":"publish","type":"page","link":"https:\/\/moroccotouroperator.com\/es\/paseo-en-camellos\/","title":{"rendered":"Paseo en Camellos"},"content":{"rendered":"<body><h1>Excursi\u00f3n en camello en el desierto de Merzouga<\/h1>\n<h2 style=\"text-align: left;\">Excursi\u00f3n en camello y noche en el campamento del desierto\/excursi\u00f3n en camello al atardecer en el desierto de Merzouga<\/h2>\n<h3>Descripci\u00f3n:<\/h3>\n<p style=\"text-align: left;\">Paseo en Camellos en el desierto de Merzouga comienza con un gu\u00eda local y se adentrar\u00e1 en las dunas de arena a lomos de un camello. En primer lugar, este trekking de aventura en Erg Chebbi le llevar\u00e1 unos 90 minutos. A continuaci\u00f3n, pasar\u00e1 la noche en un c\u00f3modo campamento con m\u00fasica de tambores. En el camino, el gu\u00eda le llevar\u00e1 a la duna alta para que disfrute de la hermosa puesta de sol. Despu\u00e9s, cenar\u00e1 alrededor de una hoguera y disfrutar\u00e1 de la noche en tiendas n\u00f3madas. A la ma\u00f1ana siguiente, volver\u00e9is a montar en camello hasta Merzouga. Tambi\u00e9n disfrutar\u00e1 del amanecer en el desierto. Adem\u00e1s, desayunar\u00e1 en un hotel local de Merzouga. Excursi\u00f3n en camello en Merzouga \u2013 Erg Chebbi y noches en el campamento<\/p>\n<p>\u00a0<\/p>\n<h3>Informaci\u00f3n sobre la excursi\u00f3n en camello en el desierto de Merzouga:<\/h3>\n<ul>\n<li>Duraci\u00f3n: 1 Noche<\/li>\n<li>Hora de salida:\u00a0 Por la tarde<\/li>\n<li>Punto de partida: su alojamiento en la zona de Merzouga<\/li>\n<li>Punto de finalizaci\u00f3n: su alojamiento en la zona de Merzouga<\/li>\n<\/ul>\n<h3>Lo m\u00e1s destacado:<\/h3>\n<ul>\n<li>Explorar el desierto del Sahara<\/li>\n<li>Montar en camello<\/li>\n<li>Disfrutar de la puesta de sol y del amanecer<\/li>\n<li>Noche en el campamento del desierto<\/li>\n<\/ul>\n<h3>Programa de paseo en Camellos:<\/h3>\n<p style=\"text-align: left;\">En esta actividad de paseo en Camellosen el desierto de Merzouga, empezaremos por la tarde descansando en el hotel antes de montar en los camellos para ver una maravillosa puesta de sol en medio del desierto del Sahara. A continuaci\u00f3n, nos dirigiremos al campamento donde podr\u00e1 probar el sand-board, hacer fotos y disfrutar de la belleza del desierto (meditaci\u00f3n). Despu\u00e9s, el personal le dar\u00e1 la bienvenida al campamento con una taza de t\u00e9 a la menta. Despu\u00e9s de cenar, disfrutar\u00e1 escuchando la m\u00fasica de los tambores bereberes alrededor de la hoguera, cantando, bailando e intentando tocar. Adem\u00e1s, podr\u00e1 pasear un poco bajo un cielo estrellado. A medianoche, dormir\u00e1 en las tiendas n\u00f3madas o de lujo (seg\u00fan su elecci\u00f3n).<\/p>\n<p style=\"text-align: left;\">Por la ma\u00f1ana temprano, el personal del campamento le despertar\u00e1 para que vea un hermoso amanecer sobre una gran duna de arena. Por \u00faltimo, vuelva en camello a Merzouga y disfrute de los hermosos paisajes del camino.<\/p>\n<p>\u00a0<\/p>\n<h3>C\u00f3mo reservar esta excursi\u00f3n en camello en el desierto de Merzouga?<\/h3>\n<p style=\"text-align: left;\">No dude en ponerse en contacto con nosotros hoy mismo para conocer el precio real del viaje al desierto de <a href=\"https:\/\/es.wikipedia.org\/wiki\/Merzouga\">Merzouga<\/a> y la disponibilidad. Una vez confirmada la disponibilidad, le notificaremos sobre las cotas completas del viaje por correo electr\u00f3nico o WhatsApp.<\/p>\n<h4>*Nota:<\/h4>\n<p>Si quieres ver m\u00e1s actividades en Merzouga, <a href=\"http:\/\/moroccotouroperator.com\/es\/\">haz clic aqu\u00ed<\/a>.<\/p>\n<\/body>","protected":false},"excerpt":{"rendered":"<p>Excursi\u00f3n en camello en el desierto de Merzouga Excursi\u00f3n en camello y noche en el campamento del desierto\/excursi\u00f3n en camello al atardecer en el desierto de<span class=\"excerpt-hellip\"> [\u2026]<\/span><\/p>\n","protected":false},"author":1,"featured_media":891,"parent":0,"menu_order":0,"comment_status":"closed","ping_status":"closed","template":"","meta":{"footnotes":""},"class_list":["post-87","page","type-page","status-publish","has-post-thumbnail","hentry"],"yoast_head":"<!-- This site is optimized with the Yoast SEO plugin v25.6 - https:\/\/yoast.com\/wordpress\/plugins\/seo\/ -->\n<title>Paseo en Camellos \/ Vijes en el desierto \/ Excursions de camellos<\/title>\n<meta name=\"description\" content=\"Paseo en camellos en el desierto de Merzouga, es una gran opci\u00f3n para explorar el desierto s\u00f3lo en un d\u00eda y pasar una noche en el campamento\" \/>\n<meta name=\"robots\" content=\"index, follow, max-snippet:-1, max-image-preview:large, max-video-preview:-1\" \/>\n<link rel=\"canonical\" href=\"https:\/\/moroccotouroperator.com\/es\/paseo-en-camellos\/\" \/>\n<meta property=\"og:locale\" content=\"en_US\" \/>\n<meta property=\"og:type\" content=\"article\" \/>\n<meta property=\"og:title\" content=\"Paseo en Camellos \/ Vijes en el desierto \/ Excursions de camellos\" \/>\n<meta property=\"og:description\" content=\"Paseo en camellos en el desierto de Merzouga, es una gran opci\u00f3n para explorar el desierto s\u00f3lo en un d\u00eda y pasar una noche en el campamento\" \/>\n<meta property=\"og:url\" content=\"https:\/\/moroccotouroperator.com\/es\/paseo-en-camellos\/\" \/>\n<meta property=\"og:site_name\" content=\"Morocco Tour Operator\" \/>\n<meta property=\"article:modified_time\" content=\"2022-01-31T17:23:00+00:00\" \/>\n<meta property=\"og:image\" content=\"https:\/\/i0.wp.com\/moroccotouroperator.com\/es\/wp-content\/uploads\/2021\/06\/198397889_469820230772591_2072002648436020165_n.jpg?fit=1066%2C815&ssl=1\" \/>\n\t<meta property=\"og:image:width\" content=\"1066\" \/>\n\t<meta property=\"og:image:height\" content=\"815\" \/>\n\t<meta property=\"og:image:type\" content=\"image\/jpeg\" \/>\n<meta name=\"twitter:card\" content=\"summary_large_image\" \/>\n<meta name=\"twitter:label1\" content=\"Est. reading time\" \/>\n\t<meta name=\"twitter:data1\" content=\"2 minutes\" \/>\n<script type=\"application\/ld+json\" class=\"yoast-schema-graph\">{\"@context\":\"https:\/\/schema.org\",\"@graph\":[{\"@type\":\"WebPage\",\"@id\":\"https:\/\/moroccotouroperator.com\/es\/paseo-en-camellos\/\",\"url\":\"https:\/\/moroccotouroperator.com\/es\/paseo-en-camellos\/\",\"name\":\"Paseo en Camellos \/ Vijes en el desierto \/ Excursions de camellos\",\"isPartOf\":{\"@id\":\"https:\/\/moroccotouroperator.com\/es\/#website\"},\"primaryImageOfPage\":{\"@id\":\"https:\/\/moroccotouroperator.com\/es\/paseo-en-camellos\/#primaryimage\"},\"image\":{\"@id\":\"https:\/\/moroccotouroperator.com\/es\/paseo-en-camellos\/#primaryimage\"},\"thumbnailUrl\":\"https:\/\/i0.wp.com\/moroccotouroperator.com\/es\/wp-content\/uploads\/2021\/06\/198397889_469820230772591_2072002648436020165_n.jpg?fit=1066%2C815&ssl=1\",\"datePublished\":\"2020-10-10T18:11:55+00:00\",\"dateModified\":\"2022-01-31T17:23:00+00:00\",\"description\":\"Paseo en camellos en el desierto de Merzouga, es una gran opci\u00f3n para explorar el desierto s\u00f3lo en un d\u00eda y pasar una noche en el campamento\",\"breadcrumb\":{\"@id\":\"https:\/\/moroccotouroperator.com\/es\/paseo-en-camellos\/#breadcrumb\"},\"inLanguage\":\"en-US\",\"potentialAction\":[{\"@type\":\"ReadAction\",\"target\":[\"https:\/\/moroccotouroperator.com\/es\/paseo-en-camellos\/\"]}]},{\"@type\":\"ImageObject\",\"inLanguage\":\"en-US\",\"@id\":\"https:\/\/moroccotouroperator.com\/es\/paseo-en-camellos\/#primaryimage\",\"url\":\"https:\/\/i0.wp.com\/moroccotouroperator.com\/es\/wp-content\/uploads\/2021\/06\/198397889_469820230772591_2072002648436020165_n.jpg?fit=1066%2C815&ssl=1\",\"contentUrl\":\"https:\/\/i0.wp.com\/moroccotouroperator.com\/es\/wp-content\/uploads\/2021\/06\/198397889_469820230772591_2072002648436020165_n.jpg?fit=1066%2C815&ssl=1\",\"width\":1066,\"height\":815,\"caption\":\"paseo en camllos\"},{\"@type\":\"BreadcrumbList\",\"@id\":\"https:\/\/moroccotouroperator.com\/es\/paseo-en-camellos\/#breadcrumb\",\"itemListElement\":[{\"@type\":\"ListItem\",\"position\":1,\"name\":\"Home\",\"item\":\"https:\/\/moroccotouroperator.com\/es\/\"},{\"@type\":\"ListItem\",\"position\":2,\"name\":\"Paseo en Camellos\"}]},{\"@type\":\"WebSite\",\"@id\":\"https:\/\/moroccotouroperator.com\/es\/#website\",\"url\":\"https:\/\/moroccotouroperator.com\/es\/\",\"name\":\"Morocco Tour Operator\",\"description\":\"Morocco Private Desert Tours\",\"potentialAction\":[{\"@type\":\"SearchAction\",\"target\":{\"@type\":\"EntryPoint\",\"urlTemplate\":\"https:\/\/moroccotouroperator.com\/es\/?s={search_term_string}\"},\"query-input\":{\"@type\":\"PropertyValueSpecification\",\"valueRequired\":true,\"valueName\":\"search_term_string\"}}],\"inLanguage\":\"en-US\"}]}<\/script>\n<!-- \/ Yoast SEO plugin. -->","yoast_head_json":{"title":"Paseo en Camellos \/ Vijes en el desierto \/ Excursions de camellos","description":"Paseo en camellos en el desierto de Merzouga, es una gran opci\u00f3n para explorar el desierto s\u00f3lo en un d\u00eda y pasar una noche en el campamento","robots":{"index":"index","follow":"follow","max-snippet":"max-snippet:-1","max-image-preview":"max-image-preview:large","max-video-preview":"max-video-preview:-1"},"canonical":"https:\/\/moroccotouroperator.com\/es\/paseo-en-camellos\/","og_locale":"en_US","og_type":"article","og_title":"Paseo en Camellos \/ Vijes en el desierto \/ Excursions de camellos","og_description":"Paseo en camellos en el desierto de Merzouga, es una gran opci\u00f3n para explorar el desierto s\u00f3lo en un d\u00eda y pasar una noche en el campamento","og_url":"https:\/\/moroccotouroperator.com\/es\/paseo-en-camellos\/","og_site_name":"Morocco Tour Operator","article_modified_time":"2022-01-31T17:23:00+00:00","og_image":[{"width":1066,"height":815,"url":"https:\/\/i0.wp.com\/moroccotouroperator.com\/es\/wp-content\/uploads\/2021\/06\/198397889_469820230772591_2072002648436020165_n.jpg?fit=1066%2C815&ssl=1","type":"image\/jpeg"}],"twitter_card":"summary_large_image","twitter_misc":{"Est. reading time":"2 minutes"},"schema":{"@context":"https:\/\/schema.org","@graph":[{"@type":"WebPage","@id":"https:\/\/moroccotouroperator.com\/es\/paseo-en-camellos\/","url":"https:\/\/moroccotouroperator.com\/es\/paseo-en-camellos\/","name":"Paseo en Camellos \/ Vijes en el desierto \/ Excursions de camellos","isPartOf":{"@id":"https:\/\/moroccotouroperator.com\/es\/#website"},"primaryImageOfPage":{"@id":"https:\/\/moroccotouroperator.com\/es\/paseo-en-camellos\/#primaryimage"},"image":{"@id":"https:\/\/moroccotouroperator.com\/es\/paseo-en-camellos\/#primaryimage"},"thumbnailUrl":"https:\/\/i0.wp.com\/moroccotouroperator.com\/es\/wp-content\/uploads\/2021\/06\/198397889_469820230772591_2072002648436020165_n.jpg?fit=1066%2C815&ssl=1","datePublished":"2020-10-10T18:11:55+00:00","dateModified":"2022-01-31T17:23:00+00:00","description":"Paseo en camellos en el desierto de Merzouga, es una gran opci\u00f3n para explorar el desierto s\u00f3lo en un d\u00eda y pasar una noche en el campamento","breadcrumb":{"@id":"https:\/\/moroccotouroperator.com\/es\/paseo-en-camellos\/#breadcrumb"},"inLanguage":"en-US","potentialAction":[{"@type":"ReadAction","target":["https:\/\/moroccotouroperator.com\/es\/paseo-en-camellos\/"]}]},{"@type":"ImageObject","inLanguage":"en-US","@id":"https:\/\/moroccotouroperator.com\/es\/paseo-en-camellos\/#primaryimage","url":"https:\/\/i0.wp.com\/moroccotouroperator.com\/es\/wp-content\/uploads\/2021\/06\/198397889_469820230772591_2072002648436020165_n.jpg?fit=1066%2C815&ssl=1","contentUrl":"https:\/\/i0.wp.com\/moroccotouroperator.com\/es\/wp-content\/uploads\/2021\/06\/198397889_469820230772591_2072002648436020165_n.jpg?fit=1066%2C815&ssl=1","width":1066,"height":815,"caption":"paseo en camllos"},{"@type":"BreadcrumbList","@id":"https:\/\/moroccotouroperator.com\/es\/paseo-en-camellos\/#breadcrumb","itemListElement":[{"@type":"ListItem","position":1,"name":"Home","item":"https:\/\/moroccotouroperator.com\/es\/"},{"@type":"ListItem","position":2,"name":"Paseo en Camellos"}]},{"@type":"WebSite","@id":"https:\/\/moroccotouroperator.com\/es\/#website","url":"https:\/\/moroccotouroperator.com\/es\/","name":"Morocco Tour Operator","description":"Morocco Private Desert Tours","potentialAction":[{"@type":"SearchAction","target":{"@type":"EntryPoint","urlTemplate":"https:\/\/moroccotouroperator.com\/es\/?s={search_term_string}"},"query-input":{"@type":"PropertyValueSpecification","valueRequired":true,"valueName":"search_term_string"}}],"inLanguage":"en-US"}]}},"jetpack_sharing_enabled":true,"_links":{"self":[{"href":"https:\/\/moroccotouroperator.com\/es\/wp-json\/wp\/v2\/pages\/87"}],"collection":[{"href":"https:\/\/moroccotouroperator.com\/es\/wp-json\/wp\/v2\/pages"}],"about":[{"href":"https:\/\/moroccotouroperator.com\/es\/wp-json\/wp\/v2\/types\/page"}],"author":[{"embeddable":true,"href":"https:\/\/moroccotouroperator.com\/es\/wp-json\/wp\/v2\/users\/1"}],"replies":[{"embeddable":true,"href":"https:\/\/moroccotouroperator.com\/es\/wp-json\/wp\/v2\/comments?post=87"}],"version-history":[{"count":7,"href":"https:\/\/moroccotouroperator.com\/es\/wp-json\/wp\/v2\/pages\/87\/revisions"}],"predecessor-version":[{"id":932,"href":"https:\/\/moroccotouroperator.com\/es\/wp-json\/wp\/v2\/pages\/87\/revisions\/932"}],"wp:featuredmedia":[{"embeddable":true,"href":"https:\/\/moroccotouroperator.com\/es\/wp-json\/wp\/v2\/media\/891"}],"wp:attachment":[{"href":"https:\/\/moroccotouroperator.com\/es\/wp-json\/wp\/v2\/media?parent=87"}],"curies":[{"name":"wp","href":"https:\/\/api.w.org\/{rel}","templated":true}]}}