{"id":85,"date":"2020-10-10T18:07:40","date_gmt":"2020-10-10T18:07:40","guid":{"rendered":"https:\/\/rutasdesierto.com\/trips\/?page_id=85"},"modified":"2021-05-26T18:31:10","modified_gmt":"2021-05-26T18:31:10","slug":"quienes-somos","status":"publish","type":"page","link":"https:\/\/moroccotouroperator.com\/es\/quienes-somos\/","title":{"rendered":"Quienes Somos"},"content":{"rendered":"<body><p>Tours privados por el desierto de Marruecos y paquetes tur\u00edsticos personalizados, sobre nosotros en Marruecos Tour Operador<\/p>\n<p>Todos nuestros viajes privados a Marruecos est\u00e1n dise\u00f1ados, personalizados, organizados y dirigidos por un equipo experimentado. Descubra Marruecos y su desierto de la mejor manera posible utilizando nuestra selecci\u00f3n de itinerarios tur\u00edsticos. Aqu\u00ed podr\u00e1 encontrar las mejores sugerencias de excursiones de un d\u00eda, actividades y tours por el desierto en su viaje por libre en Marruecos.<\/p>\n<p>\u00a0<\/p>\n<p>Tours privados en Marrakech, Excursiones de Fes a Merzouga<\/p>\n<p>En Morocco Tour Operator, entendemos que el \u201cviaje perfecto\u201d de cada persona es diferente. Por eso nuestros tours privados por el desierto son flexibles, creativos y hechos a medida, dirigidos por uno de nuestros apasionados, expertos y amables gu\u00edas. As\u00ed que, por favor, d\u00e9jese inspirar por nuestros circuitos e itinerarios marroqu\u00edes sugeridos, o perm\u00edtanos confeccionar a mano sus d\u00edas perfectos en el desierto de Merzouga, puntada a puntada.<\/p>\n<p>\u00a0<\/p>\n<p>Circuitos a medida en el S\u00e1hara y sus alrededores con c\u00f3modos traslados<\/p>\n<p>Si viaja desde Casablanca, eche un vistazo a algunas de nuestras experiencias favoritas para inspirarse. Ofrecemos recorridos por las ciudades imperiales y el S\u00e1hara v\u00eda Chefchaouen y la medina de Fez. Mucha gente prefiere hacer una excursi\u00f3n por Marruecos porque quiere ver los lugares m\u00e1s incre\u00edbles del pa\u00eds seguro que ejemplifican la belleza del Atlas y del desierto.<\/p>\n<p>\u00a0<\/p>\n<p>\u00a1Como nuestro invitado para la gira o excursi\u00f3n de Marruecos, usted puede relajarse y disfrutar! No tendr\u00e1 el estr\u00e9s de alquilar y devolver un c\u00f3modo coche 4\u00d74 o minib\u00fas, navegar por carreteras desconocidas y no tendr\u00e1 que preocuparse de qu\u00e9 lugares son los mejores para visitar.<\/p>\n<\/body>","protected":false},"excerpt":{"rendered":"<p>Tours privados por el desierto de Marruecos y paquetes tur\u00edsticos personalizados, sobre nosotros en Marruecos Tour Operador Todos nuestros viajes privados a Marruecos est\u00e1n dise\u00f1ados, personalizados,<span class=\"excerpt-hellip\"> [\u2026]<\/span><\/p>\n","protected":false},"author":1,"featured_media":0,"parent":0,"menu_order":0,"comment_status":"closed","ping_status":"closed","template":"","meta":{"footnotes":""},"class_list":["post-85","page","type-page","status-publish","hentry"],"yoast_head":"<!-- This site is optimized with the Yoast SEO plugin v25.6 - https:\/\/yoast.com\/wordpress\/plugins\/seo\/ -->\n<title>Quienes Somos - Morocco Tour Operator<\/title>\n<meta name=\"robots\" content=\"index, follow, max-snippet:-1, max-image-preview:large, max-video-preview:-1\" \/>\n<link rel=\"canonical\" href=\"http:\/\/moroccotouroperator.com\/es\/quienes-somos\/\" \/>\n<meta property=\"og:locale\" content=\"en_US\" \/>\n<meta property=\"og:type\" content=\"article\" \/>\n<meta property=\"og:title\" content=\"Quienes Somos - Morocco Tour Operator\" \/>\n<meta property=\"og:description\" content=\"Tours privados por el desierto de Marruecos y paquetes tur\u00edsticos personalizados, sobre nosotros en Marruecos Tour Operador Todos nuestros viajes privados a Marruecos est\u00e1n dise\u00f1ados, personalizados, [\u2026]\" \/>\n<meta property=\"og:url\" content=\"http:\/\/moroccotouroperator.com\/es\/quienes-somos\/\" \/>\n<meta property=\"og:site_name\" content=\"Morocco Tour Operator\" \/>\n<meta property=\"article:modified_time\" content=\"2021-05-26T18:31:10+00:00\" \/>\n<meta name=\"twitter:card\" content=\"summary_large_image\" \/>\n<meta name=\"twitter:label1\" content=\"Est. reading time\" \/>\n\t<meta name=\"twitter:data1\" content=\"2 minutes\" \/>\n<script type=\"application\/ld+json\" class=\"yoast-schema-graph\">{\"@context\":\"https:\/\/schema.org\",\"@graph\":[{\"@type\":\"WebPage\",\"@id\":\"http:\/\/moroccotouroperator.com\/es\/quienes-somos\/\",\"url\":\"http:\/\/moroccotouroperator.com\/es\/quienes-somos\/\",\"name\":\"Quienes Somos - Morocco Tour Operator\",\"isPartOf\":{\"@id\":\"https:\/\/moroccotouroperator.com\/es\/#website\"},\"datePublished\":\"2020-10-10T18:07:40+00:00\",\"dateModified\":\"2021-05-26T18:31:10+00:00\",\"breadcrumb\":{\"@id\":\"http:\/\/moroccotouroperator.com\/es\/quienes-somos\/#breadcrumb\"},\"inLanguage\":\"en-US\",\"potentialAction\":[{\"@type\":\"ReadAction\",\"target\":[\"http:\/\/moroccotouroperator.com\/es\/quienes-somos\/\"]}]},{\"@type\":\"BreadcrumbList\",\"@id\":\"http:\/\/moroccotouroperator.com\/es\/quienes-somos\/#breadcrumb\",\"itemListElement\":[{\"@type\":\"ListItem\",\"position\":1,\"name\":\"Home\",\"item\":\"https:\/\/moroccotouroperator.com\/es\/\"},{\"@type\":\"ListItem\",\"position\":2,\"name\":\"Quienes Somos\"}]},{\"@type\":\"WebSite\",\"@id\":\"https:\/\/moroccotouroperator.com\/es\/#website\",\"url\":\"https:\/\/moroccotouroperator.com\/es\/\",\"name\":\"Morocco Tour Operator\",\"description\":\"Morocco Private Desert Tours\",\"potentialAction\":[{\"@type\":\"SearchAction\",\"target\":{\"@type\":\"EntryPoint\",\"urlTemplate\":\"https:\/\/moroccotouroperator.com\/es\/?s={search_term_string}\"},\"query-input\":{\"@type\":\"PropertyValueSpecification\",\"valueRequired\":true,\"valueName\":\"search_term_string\"}}],\"inLanguage\":\"en-US\"}]}<\/script>\n<!-- \/ Yoast SEO plugin. -->","yoast_head_json":{"title":"Quienes Somos - Morocco Tour Operator","robots":{"index":"index","follow":"follow","max-snippet":"max-snippet:-1","max-image-preview":"max-image-preview:large","max-video-preview":"max-video-preview:-1"},"canonical":"http:\/\/moroccotouroperator.com\/es\/quienes-somos\/","og_locale":"en_US","og_type":"article","og_title":"Quienes Somos - Morocco Tour Operator","og_description":"Tours privados por el desierto de Marruecos y paquetes tur\u00edsticos personalizados, sobre nosotros en Marruecos Tour Operador Todos nuestros viajes privados a Marruecos est\u00e1n dise\u00f1ados, personalizados, [\u2026]","og_url":"http:\/\/moroccotouroperator.com\/es\/quienes-somos\/","og_site_name":"Morocco Tour Operator","article_modified_time":"2021-05-26T18:31:10+00:00","twitter_card":"summary_large_image","twitter_misc":{"Est. reading time":"2 minutes"},"schema":{"@context":"https:\/\/schema.org","@graph":[{"@type":"WebPage","@id":"http:\/\/moroccotouroperator.com\/es\/quienes-somos\/","url":"http:\/\/moroccotouroperator.com\/es\/quienes-somos\/","name":"Quienes Somos - Morocco Tour Operator","isPartOf":{"@id":"https:\/\/moroccotouroperator.com\/es\/#website"},"datePublished":"2020-10-10T18:07:40+00:00","dateModified":"2021-05-26T18:31:10+00:00","breadcrumb":{"@id":"http:\/\/moroccotouroperator.com\/es\/quienes-somos\/#breadcrumb"},"inLanguage":"en-US","potentialAction":[{"@type":"ReadAction","target":["http:\/\/moroccotouroperator.com\/es\/quienes-somos\/"]}]},{"@type":"BreadcrumbList","@id":"http:\/\/moroccotouroperator.com\/es\/quienes-somos\/#breadcrumb","itemListElement":[{"@type":"ListItem","position":1,"name":"Home","item":"https:\/\/moroccotouroperator.com\/es\/"},{"@type":"ListItem","position":2,"name":"Quienes Somos"}]},{"@type":"WebSite","@id":"https:\/\/moroccotouroperator.com\/es\/#website","url":"https:\/\/moroccotouroperator.com\/es\/","name":"Morocco Tour Operator","description":"Morocco Private Desert Tours","potentialAction":[{"@type":"SearchAction","target":{"@type":"EntryPoint","urlTemplate":"https:\/\/moroccotouroperator.com\/es\/?s={search_term_string}"},"query-input":{"@type":"PropertyValueSpecification","valueRequired":true,"valueName":"search_term_string"}}],"inLanguage":"en-US"}]}},"jetpack_sharing_enabled":true,"_links":{"self":[{"href":"https:\/\/moroccotouroperator.com\/es\/wp-json\/wp\/v2\/pages\/85"}],"collection":[{"href":"https:\/\/moroccotouroperator.com\/es\/wp-json\/wp\/v2\/pages"}],"about":[{"href":"https:\/\/moroccotouroperator.com\/es\/wp-json\/wp\/v2\/types\/page"}],"author":[{"embeddable":true,"href":"https:\/\/moroccotouroperator.com\/es\/wp-json\/wp\/v2\/users\/1"}],"replies":[{"embeddable":true,"href":"https:\/\/moroccotouroperator.com\/es\/wp-json\/wp\/v2\/comments?post=85"}],"version-history":[{"count":6,"href":"https:\/\/moroccotouroperator.com\/es\/wp-json\/wp\/v2\/pages\/85\/revisions"}],"predecessor-version":[{"id":702,"href":"https:\/\/moroccotouroperator.com\/es\/wp-json\/wp\/v2\/pages\/85\/revisions\/702"}],"wp:attachment":[{"href":"https:\/\/moroccotouroperator.com\/es\/wp-json\/wp\/v2\/media?parent=85"}],"curies":[{"name":"wp","href":"https:\/\/api.w.org\/{rel}","templated":true}]}}