{"id":340,"date":"2020-11-19T13:44:07","date_gmt":"2020-11-19T13:44:07","guid":{"rendered":"https:\/\/moroccotouroperator.com\/?page_id=340"},"modified":"2022-01-24T12:17:29","modified_gmt":"2022-01-24T12:17:29","slug":"ruta-3-dias-de-errachidia-al-desierto","status":"publish","type":"page","link":"https:\/\/moroccotouroperator.com\/es\/ruta-3-dias-de-errachidia-al-desierto\/","title":{"rendered":"3 d\u00edas de viaje desde Errachidia al desierto"},"content":{"rendered":"<body><p><\/p>\n<h1>Ruta de 3 d\u00edas de Errachidia al desierto<\/h1>\n<h2>Excursi\u00f3n de 3 d\u00edas por el desierto desde Errachidia \/ Tour de 3 d\u00edas de Errachidia al desierto de Merzouga:<\/h2>\n<p style=\"text-align: justify;\">Esta 3 d\u00edas de viaje desde Errachidia al desierto es la mejor opci\u00f3n para aquellas personas que aman la tranquilidad y el silencio y que quieren disfrutar de la belleza del desierto sin tener que conducir mucho. Adem\u00e1s, muchas personas toman el avi\u00f3n desde Fez o Casablanca hasta Errachidia y llegan r\u00e1pidamente al desierto\u2026Excursi\u00f3n de 3 d\u00edas por el desierto desde Errachidia \/ Viaje 3-d\u00eda de Errachidia al desierto de Merzouga. \/ Viajes al desierto desde Errachidia\/ Errachidia rutas \/ El desierto Excursions desde Errachidia..<\/p>\n<h3>Descripci\u00f3n general:<\/h3>\n<p style=\"text-align: justify;\">Nuestro viaje de 3 d\u00edas por el desierto parte de Errachidia hacia el desierto de Merzouga. Visitaremos la hermosa vista panor\u00e1mica de los palmerales en el valle de Ziz, luego nos dirigiremos a Erfoud donde se puede visitar el famoso mercado de d\u00e1tiles y la f\u00e1brica de los f\u00f3siles. A continuaci\u00f3n, llegaremos a Merzouga, donde comenzaremos la caminata en camello hasta el campamento del desierto. Despu\u00e9s de una impresionante noche en el campamento, exploraremos el desierto del Sahara. A continuaci\u00f3n, conduciremos en el todoterreno y tendr\u00e1 la oportunidad de conducir en la carretera de \u201cPar\u00eds-Dakar\u201d. En el \u00faltimo d\u00eda de nuestro viaje, tomaremos el camino de Rissani donde visitaremos el Musume y el hermoso mercado tradicional.<\/p>\n<h3>Informaci\u00f3n sobre nuestro 3 d\u00edas de viaje desde Errachidia al desierto:<\/h3>\n<ul>\n<li>Duraci\u00f3n: 3 D\u00edas \/ 2 Noches<\/li>\n<li>Salida: 08:00 AM<\/li>\n<li>Punto de partida: Errachidia<\/li>\n<li>Punto de finalizaci\u00f3n: Errachidia<\/li>\n<\/ul>\n<h3>Puntos destacados:<\/h3>\n<ul>\n<li>Atravesar el Valle del Ziz.<\/li>\n<li>Visitar la f\u00e1brica de f\u00f3siles<\/li>\n<li>Visitar el mercado tradicional<\/li>\n<li>Paseo en camello por el desierto de Erg Chebbi disfrutando de la puesta y el amanecer<\/li>\n<li>Pasar una noche inolvidable en una tienda n\u00f3mada<\/li>\n<\/ul>\n<p>\u00a0<\/p>\n<h3>Itinerario del programa de 3 d\u00edas de viaje desde Errachidia al desierto:<\/h3>\n<h4>D\u00eda 1: Errachidia \u2013 desierto de Merzouga:<\/h4>\n<p><img data-recalc-dims=\"1\" decoding=\"async\" class=\"alignnone size-medium wp-image-783\" src=\"https:\/\/i0.wp.com\/moroccotouroperator.com\/es\/wp-content\/uploads\/2021\/06\/135835992_1288156411567520_3122800048392291660_n.jpg?resize=300%2C184\" alt=\"3 dais de Errachida al desierto de Merzouga\" width=\"300\" height=\"184\" loading=\"lazy\" srcset=\"https:\/\/i0.wp.com\/moroccotouroperator.com\/es\/wp-content\/uploads\/2021\/06\/135835992_1288156411567520_3122800048392291660_n.jpg?resize=300%2C184&amp;ssl=1 300w, https:\/\/i0.wp.com\/moroccotouroperator.com\/es\/wp-content\/uploads\/2021\/06\/135835992_1288156411567520_3122800048392291660_n.jpg?resize=1024%2C627&amp;ssl=1 1024w, https:\/\/i0.wp.com\/moroccotouroperator.com\/es\/wp-content\/uploads\/2021\/06\/135835992_1288156411567520_3122800048392291660_n.jpg?resize=768%2C470&amp;ssl=1 768w, https:\/\/i0.wp.com\/moroccotouroperator.com\/es\/wp-content\/uploads\/2021\/06\/135835992_1288156411567520_3122800048392291660_n.jpg?resize=239%2C146&amp;ssl=1 239w, https:\/\/i0.wp.com\/moroccotouroperator.com\/es\/wp-content\/uploads\/2021\/06\/135835992_1288156411567520_3122800048392291660_n.jpg?resize=50%2C31&amp;ssl=1 50w, https:\/\/i0.wp.com\/moroccotouroperator.com\/es\/wp-content\/uploads\/2021\/06\/135835992_1288156411567520_3122800048392291660_n.jpg?resize=123%2C75&amp;ssl=1 123w, https:\/\/i0.wp.com\/moroccotouroperator.com\/es\/wp-content\/uploads\/2021\/06\/135835992_1288156411567520_3122800048392291660_n.jpg?w=1080&amp;ssl=1 1080w\" sizes=\"(max-width: 300px) 100vw, 300px\" \/><\/p>\n<p style=\"text-align: justify;\">El primer d\u00eda de nuestro viaje de 3 d\u00edas de Errachidia al desierto de Merzouga, le recogeremos en el aeropuerto o en su hotel de Errachidia. A continuaci\u00f3n, nos dirigiremos hacia el Valle del Ziz, que es el segundo palmeral m\u00e1s grande de Marruecos. Aqu\u00ed, tendremos una parada en una incre\u00edble vista panor\u00e1mica para disfrutar de las hermosas palmeras y tomar algunas fotos. A continuaci\u00f3n, continuaremos hacia Erfoud, conocida como la capital de los f\u00f3siles, donde tendremos la oportunidad de visitar una f\u00e1brica de f\u00f3siles. Adem\u00e1s, llegaremos a Merzouga por la tarde y encontraremos los camellos esper\u00e1ndole cerca de las dunas de arena para comenzar la experiencia del paseo en camello. Adem\u00e1s, su gu\u00eda de camellos le llevar\u00e1 al mejor punto para disfrutar de la gran puesta de sol en medio de las dunas de Erg Chebbi. Despu\u00e9s, pasar\u00e1 una noche inolvidable en un campamento del desierto.<\/p>\n<h4>D\u00eda 2: Viaje al desierto de Merzouga:<\/h4>\n<p><img data-recalc-dims=\"1\" decoding=\"async\" class=\"alignnone size-medium wp-image-782\" src=\"https:\/\/i0.wp.com\/moroccotouroperator.com\/es\/wp-content\/uploads\/2021\/06\/193893862_147354677426622_8455192974860027124_n.jpg?resize=300%2C149\" alt=\"\" width=\"300\" height=\"149\" loading=\"lazy\" srcset=\"https:\/\/i0.wp.com\/moroccotouroperator.com\/es\/wp-content\/uploads\/2021\/06\/193893862_147354677426622_8455192974860027124_n.jpg?resize=300%2C149&amp;ssl=1 300w, https:\/\/i0.wp.com\/moroccotouroperator.com\/es\/wp-content\/uploads\/2021\/06\/193893862_147354677426622_8455192974860027124_n.jpg?resize=1024%2C510&amp;ssl=1 1024w, https:\/\/i0.wp.com\/moroccotouroperator.com\/es\/wp-content\/uploads\/2021\/06\/193893862_147354677426622_8455192974860027124_n.jpg?resize=768%2C383&amp;ssl=1 768w, https:\/\/i0.wp.com\/moroccotouroperator.com\/es\/wp-content\/uploads\/2021\/06\/193893862_147354677426622_8455192974860027124_n.jpg?resize=260%2C130&amp;ssl=1 260w, https:\/\/i0.wp.com\/moroccotouroperator.com\/es\/wp-content\/uploads\/2021\/06\/193893862_147354677426622_8455192974860027124_n.jpg?resize=50%2C25&amp;ssl=1 50w, https:\/\/i0.wp.com\/moroccotouroperator.com\/es\/wp-content\/uploads\/2021\/06\/193893862_147354677426622_8455192974860027124_n.jpg?resize=150%2C75&amp;ssl=1 150w, https:\/\/i0.wp.com\/moroccotouroperator.com\/es\/wp-content\/uploads\/2021\/06\/193893862_147354677426622_8455192974860027124_n.jpg?w=1080&amp;ssl=1 1080w\" sizes=\"(max-width: 300px) 100vw, 300px\" \/><\/p>\n<p style=\"text-align: justify;\">Es un momento encantador para despertarse temprano para disfrutar del gran amanecer sobre las dunas de arena naranja y tomar algunas fotos especiales. A continuaci\u00f3n, desayunaremos en el campamento y podremos darnos una ducha antes de comenzar nuestro incre\u00edble viaje por el desierto. En primer lugar, nos dirigiremos al descubrimiento de <a href=\"https:\/\/es.wikipedia.org\/wiki\/Merzouga\">Merzouga<\/a>, donde conoceremos la vida n\u00f3mada, en particular. Tambi\u00e9n nos detendremos en el pueblo de Khamlia, una peque\u00f1a aldea de gente de piel negra, muy famosa por su m\u00fasica. Luego, continuaremos hacia las minas de Mifiss, tendremos w parada para ver la hermosa vista panor\u00e1mica del desierto y las dunas m\u00e1s altas de Erg Chebbi, disfrutaremos de un excelente t\u00e9 a la menta con los n\u00f3madas bereberes y finalmente el oasis de Tissardmine. Despu\u00e9s, regresaremos al hotel. Tarde libre para disfrutar de la paz y la tranquilidad del desierto.<\/p>\n<h4>D\u00eda 3: Merzouga \u2013 Rissani \u2013 Errachidia:<\/h4>\n<p><img data-recalc-dims=\"1\" decoding=\"async\" class=\"alignnone size-medium wp-image-784\" src=\"https:\/\/i0.wp.com\/moroccotouroperator.com\/es\/wp-content\/uploads\/2021\/06\/124223880_640028856678086_8826894705475735918_n.jpg?resize=300%2C169\" alt=\"\" width=\"300\" height=\"169\" loading=\"lazy\" srcset=\"https:\/\/i0.wp.com\/moroccotouroperator.com\/es\/wp-content\/uploads\/2021\/06\/124223880_640028856678086_8826894705475735918_n.jpg?resize=300%2C169&amp;ssl=1 300w, https:\/\/i0.wp.com\/moroccotouroperator.com\/es\/wp-content\/uploads\/2021\/06\/124223880_640028856678086_8826894705475735918_n.jpg?resize=1024%2C578&amp;ssl=1 1024w, https:\/\/i0.wp.com\/moroccotouroperator.com\/es\/wp-content\/uploads\/2021\/06\/124223880_640028856678086_8826894705475735918_n.jpg?resize=768%2C434&amp;ssl=1 768w, https:\/\/i0.wp.com\/moroccotouroperator.com\/es\/wp-content\/uploads\/2021\/06\/124223880_640028856678086_8826894705475735918_n.jpg?resize=260%2C146&amp;ssl=1 260w, https:\/\/i0.wp.com\/moroccotouroperator.com\/es\/wp-content\/uploads\/2021\/06\/124223880_640028856678086_8826894705475735918_n.jpg?resize=50%2C28&amp;ssl=1 50w, https:\/\/i0.wp.com\/moroccotouroperator.com\/es\/wp-content\/uploads\/2021\/06\/124223880_640028856678086_8826894705475735918_n.jpg?resize=133%2C75&amp;ssl=1 133w, https:\/\/i0.wp.com\/moroccotouroperator.com\/es\/wp-content\/uploads\/2021\/06\/124223880_640028856678086_8826894705475735918_n.jpg?w=1061&amp;ssl=1 1061w\" sizes=\"(max-width: 300px) 100vw, 300px\" \/><\/p>\n<p style=\"text-align: justify;\">Tras disfrutar de un desayuno t\u00edpico y tomar una ducha, saldremos hacia Rissani, donde visitaremos las Musamues de Molay Ali Charef, la antigua Kasbah y el famos\u00edsimo y colorido mercado semanal, los d\u00edas de mercado ( martes, jueves, domingo). Despu\u00e9s, dependiendo de la hora de su vuelo, le dejaremos en el aeropuerto a la hora indicada donde termina nuestro viaje de 3 d\u00edas al desierto desde Errachidia.<\/p>\n<p>\u00a0<\/p>\n<h3>Incluido en nuestro 3 d\u00edas de viaje desde Marrakech al desierto:<\/h3>\n<ul>\n<li>Recogida en su hotel\/riad.<\/li>\n<li>Tour de Errachidia privado o en grupo en un c\u00f3modo veh\u00edculo con aire acondicionado.<\/li>\n<li>El conductor habla espa\u00f1ol.<\/li>\n<li>Paseo en camello hasta el campamento del desierto y 1 camello para cada persona.<\/li>\n<li>Alojamiento en riad \/ hotel<\/li>\n<li>Pasar una noche en el campamento del desierto<\/li>\n<\/ul>\n<h3>No incluye:<\/h3>\n<ul>\n<li>Billetes de avi\u00f3n.<\/li>\n<li>Todas las comidas y bebidas.<\/li>\n<li>Entradas y tickets, propinas.<\/li>\n<\/ul>\n<p>\u00a0<\/p>\n<h3>C\u00f3mo reservar esta excursi\u00f3n de 3 d\u00edas de Errachidia al desierto de Merzouga?<\/h3>\n<p style=\"text-align: justify;\">No dude en ponerse en contacto con nosotros para conocer el precio real del viaje al desierto de Errachidia. Una vez que confirmemos la disponibilidad, le notificaremos sobre su viaje al desierto.<\/p>\n<h4>*Nota:<\/h4>\n<p style=\"text-align: justify;\">Si quieres m\u00e1s o menos d\u00edas de viaje desde Errachidia. P\u00f3ngase en contacto con nosotros y le enviaremos el programa adecuado de su viaje, <a href=\"http:\/\/moroccotouroperator.com\/es\/\">consulte aqu\u00ed<\/a>.<\/p>\n<p>\u00a0<\/p>\n<\/body>","protected":false},"excerpt":{"rendered":"<p>Ruta de 3 d\u00edas de Errachidia al desierto Excursi\u00f3n de 3 d\u00edas por el desierto desde Errachidia \/ Tour de 3 d\u00edas de Errachidia al desierto<span class=\"excerpt-hellip\"> [\u2026]<\/span><\/p>\n","protected":false},"author":1,"featured_media":788,"parent":0,"menu_order":0,"comment_status":"closed","ping_status":"closed","template":"","meta":{"footnotes":""},"class_list":["post-340","page","type-page","status-publish","has-post-thumbnail","hentry"],"yoast_head":"<!-- This site is optimized with the Yoast SEO plugin v25.6 - https:\/\/yoast.com\/wordpress\/plugins\/seo\/ -->\n<title>3 d\u00edas de viaje desde Errachidia al desierto \/ Viajes de Errachidia<\/title>\n<meta name=\"description\" content=\"3 d\u00edas de viaje desde Errachidia al desierto es suficiente para explorar los f\u00f3siles, la kasbah y experimentar el paseo en camello\" \/>\n<meta name=\"robots\" content=\"index, follow, max-snippet:-1, max-image-preview:large, max-video-preview:-1\" \/>\n<link rel=\"canonical\" href=\"https:\/\/moroccotouroperator.com\/es\/ruta-3-dias-de-errachidia-al-desierto\/\" \/>\n<meta property=\"og:locale\" content=\"en_US\" \/>\n<meta property=\"og:type\" content=\"article\" \/>\n<meta property=\"og:title\" content=\"3 d\u00edas de viaje desde Errachidia al desierto \/ Viajes de Errachidia\" \/>\n<meta property=\"og:description\" content=\"3 d\u00edas de viaje desde Errachidia al desierto es suficiente para explorar los f\u00f3siles, la kasbah y experimentar el paseo en camello\" \/>\n<meta property=\"og:url\" content=\"https:\/\/moroccotouroperator.com\/es\/ruta-3-dias-de-errachidia-al-desierto\/\" \/>\n<meta property=\"og:site_name\" content=\"Morocco Tour Operator\" \/>\n<meta property=\"article:modified_time\" content=\"2022-01-24T12:17:29+00:00\" \/>\n<meta property=\"og:image\" content=\"https:\/\/i0.wp.com\/moroccotouroperator.com\/es\/wp-content\/uploads\/2021\/06\/167915877_1416793148681140_5988051029743588111_n-1.jpg?fit=590%2C320&ssl=1\" \/>\n\t<meta property=\"og:image:width\" content=\"590\" \/>\n\t<meta property=\"og:image:height\" content=\"320\" \/>\n\t<meta property=\"og:image:type\" content=\"image\/jpeg\" \/>\n<meta name=\"twitter:card\" content=\"summary_large_image\" \/>\n<meta name=\"twitter:label1\" content=\"Est. reading time\" \/>\n\t<meta name=\"twitter:data1\" content=\"5 minutes\" \/>\n<script type=\"application\/ld+json\" class=\"yoast-schema-graph\">{\"@context\":\"https:\/\/schema.org\",\"@graph\":[{\"@type\":\"WebPage\",\"@id\":\"https:\/\/moroccotouroperator.com\/es\/ruta-3-dias-de-errachidia-al-desierto\/\",\"url\":\"https:\/\/moroccotouroperator.com\/es\/ruta-3-dias-de-errachidia-al-desierto\/\",\"name\":\"3 d\u00edas de viaje desde Errachidia al desierto \/ Viajes de Errachidia\",\"isPartOf\":{\"@id\":\"https:\/\/moroccotouroperator.com\/es\/#website\"},\"primaryImageOfPage\":{\"@id\":\"https:\/\/moroccotouroperator.com\/es\/ruta-3-dias-de-errachidia-al-desierto\/#primaryimage\"},\"image\":{\"@id\":\"https:\/\/moroccotouroperator.com\/es\/ruta-3-dias-de-errachidia-al-desierto\/#primaryimage\"},\"thumbnailUrl\":\"https:\/\/i0.wp.com\/moroccotouroperator.com\/es\/wp-content\/uploads\/2021\/06\/167915877_1416793148681140_5988051029743588111_n-1.jpg?fit=590%2C320&ssl=1\",\"datePublished\":\"2020-11-19T13:44:07+00:00\",\"dateModified\":\"2022-01-24T12:17:29+00:00\",\"description\":\"3 d\u00edas de viaje desde Errachidia al desierto es suficiente para explorar los f\u00f3siles, la kasbah y experimentar el paseo en camello\",\"breadcrumb\":{\"@id\":\"https:\/\/moroccotouroperator.com\/es\/ruta-3-dias-de-errachidia-al-desierto\/#breadcrumb\"},\"inLanguage\":\"en-US\",\"potentialAction\":[{\"@type\":\"ReadAction\",\"target\":[\"https:\/\/moroccotouroperator.com\/es\/ruta-3-dias-de-errachidia-al-desierto\/\"]}]},{\"@type\":\"ImageObject\",\"inLanguage\":\"en-US\",\"@id\":\"https:\/\/moroccotouroperator.com\/es\/ruta-3-dias-de-errachidia-al-desierto\/#primaryimage\",\"url\":\"https:\/\/i0.wp.com\/moroccotouroperator.com\/es\/wp-content\/uploads\/2021\/06\/167915877_1416793148681140_5988051029743588111_n-1.jpg?fit=590%2C320&ssl=1\",\"contentUrl\":\"https:\/\/i0.wp.com\/moroccotouroperator.com\/es\/wp-content\/uploads\/2021\/06\/167915877_1416793148681140_5988051029743588111_n-1.jpg?fit=590%2C320&ssl=1\",\"width\":590,\"height\":320,\"caption\":\"Tour de 3-dia desde Errachidia al desierto\"},{\"@type\":\"BreadcrumbList\",\"@id\":\"https:\/\/moroccotouroperator.com\/es\/ruta-3-dias-de-errachidia-al-desierto\/#breadcrumb\",\"itemListElement\":[{\"@type\":\"ListItem\",\"position\":1,\"name\":\"Home\",\"item\":\"https:\/\/moroccotouroperator.com\/es\/\"},{\"@type\":\"ListItem\",\"position\":2,\"name\":\"3 d\u00edas de viaje desde Errachidia al desierto\"}]},{\"@type\":\"WebSite\",\"@id\":\"https:\/\/moroccotouroperator.com\/es\/#website\",\"url\":\"https:\/\/moroccotouroperator.com\/es\/\",\"name\":\"Morocco Tour Operator\",\"description\":\"Morocco Private Desert Tours\",\"potentialAction\":[{\"@type\":\"SearchAction\",\"target\":{\"@type\":\"EntryPoint\",\"urlTemplate\":\"https:\/\/moroccotouroperator.com\/es\/?s={search_term_string}\"},\"query-input\":{\"@type\":\"PropertyValueSpecification\",\"valueRequired\":true,\"valueName\":\"search_term_string\"}}],\"inLanguage\":\"en-US\"}]}<\/script>\n<!-- \/ Yoast SEO plugin. -->","yoast_head_json":{"title":"3 d\u00edas de viaje desde Errachidia al desierto \/ Viajes de Errachidia","description":"3 d\u00edas de viaje desde Errachidia al desierto es suficiente para explorar los f\u00f3siles, la kasbah y experimentar el paseo en camello","robots":{"index":"index","follow":"follow","max-snippet":"max-snippet:-1","max-image-preview":"max-image-preview:large","max-video-preview":"max-video-preview:-1"},"canonical":"https:\/\/moroccotouroperator.com\/es\/ruta-3-dias-de-errachidia-al-desierto\/","og_locale":"en_US","og_type":"article","og_title":"3 d\u00edas de viaje desde Errachidia al desierto \/ Viajes de Errachidia","og_description":"3 d\u00edas de viaje desde Errachidia al desierto es suficiente para explorar los f\u00f3siles, la kasbah y experimentar el paseo en camello","og_url":"https:\/\/moroccotouroperator.com\/es\/ruta-3-dias-de-errachidia-al-desierto\/","og_site_name":"Morocco Tour Operator","article_modified_time":"2022-01-24T12:17:29+00:00","og_image":[{"width":590,"height":320,"url":"https:\/\/i0.wp.com\/moroccotouroperator.com\/es\/wp-content\/uploads\/2021\/06\/167915877_1416793148681140_5988051029743588111_n-1.jpg?fit=590%2C320&ssl=1","type":"image\/jpeg"}],"twitter_card":"summary_large_image","twitter_misc":{"Est. reading time":"5 minutes"},"schema":{"@context":"https:\/\/schema.org","@graph":[{"@type":"WebPage","@id":"https:\/\/moroccotouroperator.com\/es\/ruta-3-dias-de-errachidia-al-desierto\/","url":"https:\/\/moroccotouroperator.com\/es\/ruta-3-dias-de-errachidia-al-desierto\/","name":"3 d\u00edas de viaje desde Errachidia al desierto \/ Viajes de Errachidia","isPartOf":{"@id":"https:\/\/moroccotouroperator.com\/es\/#website"},"primaryImageOfPage":{"@id":"https:\/\/moroccotouroperator.com\/es\/ruta-3-dias-de-errachidia-al-desierto\/#primaryimage"},"image":{"@id":"https:\/\/moroccotouroperator.com\/es\/ruta-3-dias-de-errachidia-al-desierto\/#primaryimage"},"thumbnailUrl":"https:\/\/i0.wp.com\/moroccotouroperator.com\/es\/wp-content\/uploads\/2021\/06\/167915877_1416793148681140_5988051029743588111_n-1.jpg?fit=590%2C320&ssl=1","datePublished":"2020-11-19T13:44:07+00:00","dateModified":"2022-01-24T12:17:29+00:00","description":"3 d\u00edas de viaje desde Errachidia al desierto es suficiente para explorar los f\u00f3siles, la kasbah y experimentar el paseo en camello","breadcrumb":{"@id":"https:\/\/moroccotouroperator.com\/es\/ruta-3-dias-de-errachidia-al-desierto\/#breadcrumb"},"inLanguage":"en-US","potentialAction":[{"@type":"ReadAction","target":["https:\/\/moroccotouroperator.com\/es\/ruta-3-dias-de-errachidia-al-desierto\/"]}]},{"@type":"ImageObject","inLanguage":"en-US","@id":"https:\/\/moroccotouroperator.com\/es\/ruta-3-dias-de-errachidia-al-desierto\/#primaryimage","url":"https:\/\/i0.wp.com\/moroccotouroperator.com\/es\/wp-content\/uploads\/2021\/06\/167915877_1416793148681140_5988051029743588111_n-1.jpg?fit=590%2C320&ssl=1","contentUrl":"https:\/\/i0.wp.com\/moroccotouroperator.com\/es\/wp-content\/uploads\/2021\/06\/167915877_1416793148681140_5988051029743588111_n-1.jpg?fit=590%2C320&ssl=1","width":590,"height":320,"caption":"Tour de 3-dia desde Errachidia al desierto"},{"@type":"BreadcrumbList","@id":"https:\/\/moroccotouroperator.com\/es\/ruta-3-dias-de-errachidia-al-desierto\/#breadcrumb","itemListElement":[{"@type":"ListItem","position":1,"name":"Home","item":"https:\/\/moroccotouroperator.com\/es\/"},{"@type":"ListItem","position":2,"name":"3 d\u00edas de viaje desde Errachidia al desierto"}]},{"@type":"WebSite","@id":"https:\/\/moroccotouroperator.com\/es\/#website","url":"https:\/\/moroccotouroperator.com\/es\/","name":"Morocco Tour Operator","description":"Morocco Private Desert Tours","potentialAction":[{"@type":"SearchAction","target":{"@type":"EntryPoint","urlTemplate":"https:\/\/moroccotouroperator.com\/es\/?s={search_term_string}"},"query-input":{"@type":"PropertyValueSpecification","valueRequired":true,"valueName":"search_term_string"}}],"inLanguage":"en-US"}]}},"jetpack_sharing_enabled":true,"_links":{"self":[{"href":"https:\/\/moroccotouroperator.com\/es\/wp-json\/wp\/v2\/pages\/340"}],"collection":[{"href":"https:\/\/moroccotouroperator.com\/es\/wp-json\/wp\/v2\/pages"}],"about":[{"href":"https:\/\/moroccotouroperator.com\/es\/wp-json\/wp\/v2\/types\/page"}],"author":[{"embeddable":true,"href":"https:\/\/moroccotouroperator.com\/es\/wp-json\/wp\/v2\/users\/1"}],"replies":[{"embeddable":true,"href":"https:\/\/moroccotouroperator.com\/es\/wp-json\/wp\/v2\/comments?post=340"}],"version-history":[{"count":10,"href":"https:\/\/moroccotouroperator.com\/es\/wp-json\/wp\/v2\/pages\/340\/revisions"}],"predecessor-version":[{"id":923,"href":"https:\/\/moroccotouroperator.com\/es\/wp-json\/wp\/v2\/pages\/340\/revisions\/923"}],"wp:featuredmedia":[{"embeddable":true,"href":"https:\/\/moroccotouroperator.com\/es\/wp-json\/wp\/v2\/media\/788"}],"wp:attachment":[{"href":"https:\/\/moroccotouroperator.com\/es\/wp-json\/wp\/v2\/media?parent=340"}],"curies":[{"name":"wp","href":"https:\/\/api.w.org\/{rel}","templated":true}]}}