{"id":34,"date":"2014-09-12T10:54:18","date_gmt":"2014-09-12T10:54:18","guid":{"rendered":"http:\/\/themes.muffingroup.com\/be\/pizza\/?page_id=2"},"modified":"2022-02-20T14:01:01","modified_gmt":"2022-02-20T14:01:01","slug":"morocco-tour-operator-es","status":"publish","type":"page","link":"https:\/\/moroccotouroperator.com\/es\/","title":{"rendered":"Viajes de Marruecos"},"content":{"rendered":"<body><p><\/p>\n<h2>Definici\u00f3n de Morocco tour operator :<\/h2>\n<p style=\"text-align: justify;\">Morocco Tour Operator es una agencia de viajes en Marruecos. Aqu\u00ed, ofrecemos una gama de viajes de Marruecos en todo Marruecos, personalizamos los viajes a su medida para que pueda descubrir y experimentar la cultura, la diversidad y la magia de Marruecos. Adem\u00e1s, en nuestro viaje, discutiremos las fechas, duraci\u00f3n, gustos, disgustos\u2026 En relaci\u00f3n con nuestra experiencia y conocimiento de Marruecos. Adem\u00e1s, podemos dise\u00f1ar un viaje espec\u00edficamente para usted. Aunque hemos proporcionado varios ejemplos a continuaci\u00f3n, el dise\u00f1o de un tour amigable, asequible y agradable es sencillo, r\u00e1pido y se puede ajustar seg\u00fan sus preferencias.<\/p>\n<p style=\"text-align: justify;\">Hemos creado estos circuitos de forma individual para aquellos que quieren disfrutar de una experiencia tur\u00edstica verdaderamente privada en Marruecos. Adem\u00e1s, disfrutar\u00e1 viajando con nuestros propios gu\u00edas privados, amables y c\u00f3modos. Adem\u00e1s, atendemos a grupos peque\u00f1os de 1 a 7 viajeros y tambi\u00e9n a grupos grandes. Tambien, hemos trazado una serie de hermosas rutas por Marruecos que le permitir\u00e1n conocer lo m\u00e1s destacado del pa\u00eds a un ritmo tranquilo. Se alojar\u00e1 en hoteles peque\u00f1os y t\u00edpicamente marroqu\u00edes, y siempre que sea posible reservaremos habitaciones familiares. Casi todos los hoteles tienen piscina\u2026<\/p>\n<p style=\"text-align: justify;\">Nuestra misi\u00f3n en Marruecos son: Tours Privados, Tours de Grupo, viajes de Marruecos, viajes por el dseierto desde <a href=\"https:\/\/es.wikipedia.org\/wiki\/Marrakech\">Marrakech<\/a>, Viajes al desierto de Fez, Rutas de Marruecos, Excursions del Desierto de Merzouga, Rutas de Casabanca, Excursions del desierto de Merzouga, Gu\u00eda de Turismo, Tours de Ciudades Imperiales, Tours de A\u00f1o Nuevo, Tours de Luna de Miel, Tours de Celebraci\u00f3n de Cumplea\u00f1os, Tours de Aniversario de Bodas, Paseos en Camello en el Desierto del Sahara, Excursiones\/viajes de un d\u00eda. Adem\u00e1s, ofrece Viajes especiales de lujo VIP, itinerarios ideales para familias que viajan con ni\u00f1os peque\u00f1os, paquetes tur\u00edsticos asequibles para Estudiantes, asesoramiento, asistencia e informaci\u00f3n.<\/p>\n<p>\u00a0<\/p>\n<h3><img data-recalc-dims=\"1\" decoding=\"async\" class=\"size-medium wp-image-850 aligncenter\" src=\"https:\/\/i0.wp.com\/moroccotouroperator.com\/es\/wp-content\/uploads\/2021\/06\/174858163_288399442931964_6909163728689609520_n.jpg?resize=300%2C228\" alt=\"Morocco tour operator\" width=\"300\" height=\"228\" loading=\"lazy\" srcset=\"https:\/\/i0.wp.com\/moroccotouroperator.com\/es\/wp-content\/uploads\/2021\/06\/174858163_288399442931964_6909163728689609520_n.jpg?resize=300%2C228&amp;ssl=1 300w, https:\/\/i0.wp.com\/moroccotouroperator.com\/es\/wp-content\/uploads\/2021\/06\/174858163_288399442931964_6909163728689609520_n.jpg?resize=1024%2C777&amp;ssl=1 1024w, https:\/\/i0.wp.com\/moroccotouroperator.com\/es\/wp-content\/uploads\/2021\/06\/174858163_288399442931964_6909163728689609520_n.jpg?resize=768%2C582&amp;ssl=1 768w, https:\/\/i0.wp.com\/moroccotouroperator.com\/es\/wp-content\/uploads\/2021\/06\/174858163_288399442931964_6909163728689609520_n.jpg?resize=193%2C146&amp;ssl=1 193w, https:\/\/i0.wp.com\/moroccotouroperator.com\/es\/wp-content\/uploads\/2021\/06\/174858163_288399442931964_6909163728689609520_n.jpg?resize=50%2C38&amp;ssl=1 50w, https:\/\/i0.wp.com\/moroccotouroperator.com\/es\/wp-content\/uploads\/2021\/06\/174858163_288399442931964_6909163728689609520_n.jpg?resize=99%2C75&amp;ssl=1 99w, https:\/\/i0.wp.com\/moroccotouroperator.com\/es\/wp-content\/uploads\/2021\/06\/174858163_288399442931964_6909163728689609520_n.jpg?w=1080&amp;ssl=1 1080w\" sizes=\"(max-width: 300px) 100vw, 300px\" \/><\/h3>\n<h3>Viajes de Marruecos<\/h3>\n<p>Cuando viaje a Marruecos, se encontrar\u00e1 en un mundo completamente diferente. Este mundo ofrece todos los ingredientes para una experiencia vacacional especial: hermosas ciudades con animadas plazas y estrechas callejuelas, antiguas kasbahs que le transportan a un pasado lejano, un hermoso campo con monta\u00f1as, desiertos y maravillosas playas. Viaje a Marruecos con sus hijos, sum\u00e9rjase en la cultura \u00e1rabe y d\u00e9jese sorprender por este bello pa\u00eds, que con raz\u00f3n puede llamarse un cuento de hadas de Las mil y una noches.<\/p>\n<p>\u00a0<\/p>\n<h3><img data-recalc-dims=\"1\" decoding=\"async\" class=\"size-medium wp-image-849 aligncenter\" src=\"https:\/\/i0.wp.com\/moroccotouroperator.com\/es\/wp-content\/uploads\/2021\/06\/173098482_527423668643113_3612402168569559350_n.jpg?resize=300%2C240\" alt=\"Morocco tour operator\" width=\"300\" height=\"240\" loading=\"lazy\" srcset=\"https:\/\/i0.wp.com\/moroccotouroperator.com\/es\/wp-content\/uploads\/2021\/06\/173098482_527423668643113_3612402168569559350_n.jpg?resize=300%2C240&amp;ssl=1 300w, https:\/\/i0.wp.com\/moroccotouroperator.com\/es\/wp-content\/uploads\/2021\/06\/173098482_527423668643113_3612402168569559350_n.jpg?resize=182%2C146&amp;ssl=1 182w, https:\/\/i0.wp.com\/moroccotouroperator.com\/es\/wp-content\/uploads\/2021\/06\/173098482_527423668643113_3612402168569559350_n.jpg?resize=50%2C40&amp;ssl=1 50w, https:\/\/i0.wp.com\/moroccotouroperator.com\/es\/wp-content\/uploads\/2021\/06\/173098482_527423668643113_3612402168569559350_n.jpg?resize=94%2C75&amp;ssl=1 94w, https:\/\/i0.wp.com\/moroccotouroperator.com\/es\/wp-content\/uploads\/2021\/06\/173098482_527423668643113_3612402168569559350_n.jpg?w=506&amp;ssl=1 506w\" sizes=\"(max-width: 300px) 100vw, 300px\" \/><br>\nMarruecos con ni\u00f1os<\/h3>\n<p>Durante su viaje por Marruecos, lleve a sus hijos de excursi\u00f3n por las monta\u00f1as en burro o atraviese el desierto en camello. Por la noche, podr\u00e1 escuchar la m\u00fasica y las historias de los n\u00f3madas bajo un hermoso cielo estrellado. Pasee por las estrechas callejuelas o rel\u00e1jese en una de las encantadoras playas; \u00a1hay para todos los gustos! Eso es lo que hace que un viaje a Marruecos con los ni\u00f1os sea tan fant\u00e1stico.<\/p>\n<h3>Los servicios de Morocco tour operator:<\/h3>\n<p>Los servicios comienzan en su alojamiento. Nuestros conductores\/gu\u00edas estar\u00e1n esperando para su tranquilidad y comodidad desde su llegada al aeropuerto, Riad, Hotel o punto acordado con nosotros. Adem\u00e1s, incluye el transporte, las excursiones guiadas por todo Marruecos, el alojamiento. Entonces, si usted viaja solo, privado o en un grupo, en busca de una experiencia cultural o de aventura \u2026 Aqu\u00ed, estamos disponibles para personalizar el mejor itinerario de los mejores lugares para su viaje a Marruecos.<\/p>\n<h3>Lo m\u00e1s destacado de viajes de Marruecos:<\/h3>\n<ul>\n<li>Atravesar la cordillera del Atlas.<\/li>\n<li>\u00a0Excursi\u00f3n a pueblos tradicionales de monta\u00f1a y conocer la cultura bereber.<\/li>\n<li>Viaje por la ruta de las 1000 kasbahs entre Marrakech y el desierto del Sahara.<\/li>\n<li>\u00danase a nuestras excursiones por el desierto del S\u00e1hara desde Marrakech, Fez, Casablanca y cualquier lugar de Marruecos.<\/li>\n<li>Monte en camello y pase una noche en un campamento del desierto.<\/li>\n<li>Explore el antiguo pueblo de adobe de Ait Ben Haddou, las ruinas romanas de Volubilis y ambos lugares<\/li>\n<li>declarados Patrimonio de la Humanidad por la UNESCO.<\/li>\n<li>Visite la ciudad del soplo, la mayor mezquita de Marruecos y las ciudades imperiales.<br>\n<a href=\"http:\/\/moroccotouroperator.com\/es\/\">Excursiones:<\/a><\/li>\n<\/ul>\n<p>\u00a0<\/p>\n<\/body>","protected":false},"excerpt":{"rendered":"<p>Definici\u00f3n de Morocco tour operator : Morocco Tour Operator es una agencia de viajes en Marruecos. Aqu\u00ed, ofrecemos una gama de viajes de Marruecos en todo<span class=\"excerpt-hellip\"> [\u2026]<\/span><\/p>\n","protected":false},"author":1,"featured_media":264,"parent":0,"menu_order":0,"comment_status":"open","ping_status":"closed","template":"","meta":{"footnotes":""},"class_list":["post-34","page","type-page","status-publish","has-post-thumbnail","hentry"],"yoast_head":"<!-- This site is optimized with the Yoast SEO plugin v25.6 - https:\/\/yoast.com\/wordpress\/plugins\/seo\/ -->\n<title>Viajes de Marruecos \/ Viaje de Marrakech al desierto \/ Rutas de Marruecos<\/title>\n<meta name=\"description\" content=\"Morocco tour operator es una agencia de viajes que ofrece Excursions y viajes de Marruecos, organizamos viajes privados y viajes en grupo...\" \/>\n<meta name=\"robots\" content=\"index, follow, max-snippet:-1, max-image-preview:large, max-video-preview:-1\" \/>\n<link rel=\"canonical\" href=\"https:\/\/moroccotouroperator.com\/es\/\" \/>\n<meta property=\"og:locale\" content=\"en_US\" \/>\n<meta property=\"og:type\" content=\"article\" \/>\n<meta property=\"og:title\" content=\"Viajes de Marruecos \/ Viaje de Marrakech al desierto \/ Rutas de Marruecos\" \/>\n<meta property=\"og:description\" content=\"Morocco tour operator es una agencia de viajes que ofrece Excursions y viajes de Marruecos, organizamos viajes privados y viajes en grupo...\" \/>\n<meta property=\"og:url\" content=\"https:\/\/moroccotouroperator.com\/es\/\" \/>\n<meta property=\"og:site_name\" content=\"Morocco Tour Operator\" \/>\n<meta property=\"article:modified_time\" content=\"2022-02-20T14:01:01+00:00\" \/>\n<meta property=\"og:image\" content=\"https:\/\/i0.wp.com\/moroccotouroperator.com\/es\/wp-content\/uploads\/2020\/11\/logo.png?fit=1593%2C472&ssl=1\" \/>\n\t<meta property=\"og:image:width\" content=\"1593\" \/>\n\t<meta property=\"og:image:height\" content=\"472\" \/>\n\t<meta property=\"og:image:type\" content=\"image\/png\" \/>\n<meta name=\"twitter:card\" content=\"summary_large_image\" \/>\n<meta name=\"twitter:label1\" content=\"Est. reading time\" \/>\n\t<meta name=\"twitter:data1\" content=\"4 minutes\" \/>\n<script type=\"application\/ld+json\" class=\"yoast-schema-graph\">{\"@context\":\"https:\/\/schema.org\",\"@graph\":[{\"@type\":\"WebPage\",\"@id\":\"https:\/\/moroccotouroperator.com\/es\/\",\"url\":\"https:\/\/moroccotouroperator.com\/es\/\",\"name\":\"Viajes de Marruecos \/ Viaje de Marrakech al desierto \/ Rutas de Marruecos\",\"isPartOf\":{\"@id\":\"https:\/\/moroccotouroperator.com\/es\/#website\"},\"primaryImageOfPage\":{\"@id\":\"https:\/\/moroccotouroperator.com\/es\/#primaryimage\"},\"image\":{\"@id\":\"https:\/\/moroccotouroperator.com\/es\/#primaryimage\"},\"thumbnailUrl\":\"https:\/\/i0.wp.com\/moroccotouroperator.com\/es\/wp-content\/uploads\/2020\/11\/logo.png?fit=1593%2C472&ssl=1\",\"datePublished\":\"2014-09-12T10:54:18+00:00\",\"dateModified\":\"2022-02-20T14:01:01+00:00\",\"description\":\"Morocco tour operator es una agencia de viajes que ofrece Excursions y viajes de Marruecos, organizamos viajes privados y viajes en grupo...\",\"breadcrumb\":{\"@id\":\"https:\/\/moroccotouroperator.com\/es\/#breadcrumb\"},\"inLanguage\":\"en-US\",\"potentialAction\":[{\"@type\":\"ReadAction\",\"target\":[\"https:\/\/moroccotouroperator.com\/es\/\"]}]},{\"@type\":\"ImageObject\",\"inLanguage\":\"en-US\",\"@id\":\"https:\/\/moroccotouroperator.com\/es\/#primaryimage\",\"url\":\"https:\/\/i0.wp.com\/moroccotouroperator.com\/es\/wp-content\/uploads\/2020\/11\/logo.png?fit=1593%2C472&ssl=1\",\"contentUrl\":\"https:\/\/i0.wp.com\/moroccotouroperator.com\/es\/wp-content\/uploads\/2020\/11\/logo.png?fit=1593%2C472&ssl=1\",\"width\":1593,\"height\":472,\"caption\":\"Viajes de Marruecos\"},{\"@type\":\"BreadcrumbList\",\"@id\":\"https:\/\/moroccotouroperator.com\/es\/#breadcrumb\",\"itemListElement\":[{\"@type\":\"ListItem\",\"position\":1,\"name\":\"Home\",\"item\":\"https:\/\/moroccotouroperator.com\/es\/\"},{\"@type\":\"ListItem\",\"position\":2,\"name\":\"Viajes de Marruecos\"}]},{\"@type\":\"WebSite\",\"@id\":\"https:\/\/moroccotouroperator.com\/es\/#website\",\"url\":\"https:\/\/moroccotouroperator.com\/es\/\",\"name\":\"Morocco Tour Operator\",\"description\":\"Morocco Private Desert Tours\",\"potentialAction\":[{\"@type\":\"SearchAction\",\"target\":{\"@type\":\"EntryPoint\",\"urlTemplate\":\"https:\/\/moroccotouroperator.com\/es\/?s={search_term_string}\"},\"query-input\":{\"@type\":\"PropertyValueSpecification\",\"valueRequired\":true,\"valueName\":\"search_term_string\"}}],\"inLanguage\":\"en-US\"}]}<\/script>\n<!-- \/ Yoast SEO plugin. -->","yoast_head_json":{"title":"Viajes de Marruecos \/ Viaje de Marrakech al desierto \/ Rutas de Marruecos","description":"Morocco tour operator es una agencia de viajes que ofrece Excursions y viajes de Marruecos, organizamos viajes privados y viajes en grupo...","robots":{"index":"index","follow":"follow","max-snippet":"max-snippet:-1","max-image-preview":"max-image-preview:large","max-video-preview":"max-video-preview:-1"},"canonical":"https:\/\/moroccotouroperator.com\/es\/","og_locale":"en_US","og_type":"article","og_title":"Viajes de Marruecos \/ Viaje de Marrakech al desierto \/ Rutas de Marruecos","og_description":"Morocco tour operator es una agencia de viajes que ofrece Excursions y viajes de Marruecos, organizamos viajes privados y viajes en grupo...","og_url":"https:\/\/moroccotouroperator.com\/es\/","og_site_name":"Morocco Tour Operator","article_modified_time":"2022-02-20T14:01:01+00:00","og_image":[{"width":1593,"height":472,"url":"https:\/\/i0.wp.com\/moroccotouroperator.com\/es\/wp-content\/uploads\/2020\/11\/logo.png?fit=1593%2C472&ssl=1","type":"image\/png"}],"twitter_card":"summary_large_image","twitter_misc":{"Est. reading time":"4 minutes"},"schema":{"@context":"https:\/\/schema.org","@graph":[{"@type":"WebPage","@id":"https:\/\/moroccotouroperator.com\/es\/","url":"https:\/\/moroccotouroperator.com\/es\/","name":"Viajes de Marruecos \/ Viaje de Marrakech al desierto \/ Rutas de Marruecos","isPartOf":{"@id":"https:\/\/moroccotouroperator.com\/es\/#website"},"primaryImageOfPage":{"@id":"https:\/\/moroccotouroperator.com\/es\/#primaryimage"},"image":{"@id":"https:\/\/moroccotouroperator.com\/es\/#primaryimage"},"thumbnailUrl":"https:\/\/i0.wp.com\/moroccotouroperator.com\/es\/wp-content\/uploads\/2020\/11\/logo.png?fit=1593%2C472&ssl=1","datePublished":"2014-09-12T10:54:18+00:00","dateModified":"2022-02-20T14:01:01+00:00","description":"Morocco tour operator es una agencia de viajes que ofrece Excursions y viajes de Marruecos, organizamos viajes privados y viajes en grupo...","breadcrumb":{"@id":"https:\/\/moroccotouroperator.com\/es\/#breadcrumb"},"inLanguage":"en-US","potentialAction":[{"@type":"ReadAction","target":["https:\/\/moroccotouroperator.com\/es\/"]}]},{"@type":"ImageObject","inLanguage":"en-US","@id":"https:\/\/moroccotouroperator.com\/es\/#primaryimage","url":"https:\/\/i0.wp.com\/moroccotouroperator.com\/es\/wp-content\/uploads\/2020\/11\/logo.png?fit=1593%2C472&ssl=1","contentUrl":"https:\/\/i0.wp.com\/moroccotouroperator.com\/es\/wp-content\/uploads\/2020\/11\/logo.png?fit=1593%2C472&ssl=1","width":1593,"height":472,"caption":"Viajes de Marruecos"},{"@type":"BreadcrumbList","@id":"https:\/\/moroccotouroperator.com\/es\/#breadcrumb","itemListElement":[{"@type":"ListItem","position":1,"name":"Home","item":"https:\/\/moroccotouroperator.com\/es\/"},{"@type":"ListItem","position":2,"name":"Viajes de Marruecos"}]},{"@type":"WebSite","@id":"https:\/\/moroccotouroperator.com\/es\/#website","url":"https:\/\/moroccotouroperator.com\/es\/","name":"Morocco Tour Operator","description":"Morocco Private Desert Tours","potentialAction":[{"@type":"SearchAction","target":{"@type":"EntryPoint","urlTemplate":"https:\/\/moroccotouroperator.com\/es\/?s={search_term_string}"},"query-input":{"@type":"PropertyValueSpecification","valueRequired":true,"valueName":"search_term_string"}}],"inLanguage":"en-US"}]}},"jetpack_sharing_enabled":true,"_links":{"self":[{"href":"https:\/\/moroccotouroperator.com\/es\/wp-json\/wp\/v2\/pages\/34"}],"collection":[{"href":"https:\/\/moroccotouroperator.com\/es\/wp-json\/wp\/v2\/pages"}],"about":[{"href":"https:\/\/moroccotouroperator.com\/es\/wp-json\/wp\/v2\/types\/page"}],"author":[{"embeddable":true,"href":"https:\/\/moroccotouroperator.com\/es\/wp-json\/wp\/v2\/users\/1"}],"replies":[{"embeddable":true,"href":"https:\/\/moroccotouroperator.com\/es\/wp-json\/wp\/v2\/comments?post=34"}],"version-history":[{"count":16,"href":"https:\/\/moroccotouroperator.com\/es\/wp-json\/wp\/v2\/pages\/34\/revisions"}],"predecessor-version":[{"id":899,"href":"https:\/\/moroccotouroperator.com\/es\/wp-json\/wp\/v2\/pages\/34\/revisions\/899"}],"wp:featuredmedia":[{"embeddable":true,"href":"https:\/\/moroccotouroperator.com\/es\/wp-json\/wp\/v2\/media\/264"}],"wp:attachment":[{"href":"https:\/\/moroccotouroperator.com\/es\/wp-json\/wp\/v2\/media?parent=34"}],"curies":[{"name":"wp","href":"https:\/\/api.w.org\/{rel}","templated":true}]}}