{"id":132,"date":"2020-10-10T18:31:56","date_gmt":"2020-10-10T18:31:56","guid":{"rendered":"https:\/\/rutasdesierto.com\/trips\/?page_id=132"},"modified":"2022-01-24T12:22:07","modified_gmt":"2022-01-24T12:22:07","slug":"tour-de-10-dias-desde-tanger","status":"publish","type":"page","link":"https:\/\/moroccotouroperator.com\/es\/tour-de-10-dias-desde-tanger\/","title":{"rendered":"Ruta de 10 d\u00edas desde T\u00e1nger"},"content":{"rendered":"<body><p><\/p>\n<h1>Tour de 10 d\u00edas de T\u00e1nger:<\/h1>\n<h2>Viaje de 10 d\u00edas desde T\u00e1nger a Casablanca pasando por el desierto de Merzouga y Marrakech \/ Ruta de 1o dias por el desiert desde Tanger a Chefchaouen y Marrakech<\/h2>\n<h3>Descripci\u00f3n general:<\/h3>\n<p style=\"text-align: justify;\">este ruta de 10 d\u00edas desde T\u00e1nger v\u00eda desierto del Sahara y Marrakech es una de las mejores opciones para viajar por Marruecos. Por lo tanto, usted tendr\u00e1 la oportunidad de visitar las mejores ciudades imperiales, montar en camellos y experimentar el desierto del Sahara, explorar Kasbahs y medinas antiguas\u2026 Viajes al desierto desde Tanger \/ Rutas de Tanger a Marrakech.<\/p>\n<p><img data-recalc-dims=\"1\" decoding=\"async\" class=\"size-medium wp-image-833 aligncenter\" src=\"https:\/\/i0.wp.com\/moroccotouroperator.com\/es\/wp-content\/uploads\/2021\/06\/40614574_281240025815904_6993051143567129424_n.jpg?resize=300%2C177\" alt=\"10 dias desde Tanger\" width=\"300\" height=\"177\" loading=\"lazy\" srcset=\"https:\/\/i0.wp.com\/moroccotouroperator.com\/es\/wp-content\/uploads\/2021\/06\/40614574_281240025815904_6993051143567129424_n.jpg?resize=300%2C177&amp;ssl=1 300w, https:\/\/i0.wp.com\/moroccotouroperator.com\/es\/wp-content\/uploads\/2021\/06\/40614574_281240025815904_6993051143567129424_n.jpg?resize=1024%2C605&amp;ssl=1 1024w, https:\/\/i0.wp.com\/moroccotouroperator.com\/es\/wp-content\/uploads\/2021\/06\/40614574_281240025815904_6993051143567129424_n.jpg?resize=768%2C454&amp;ssl=1 768w, https:\/\/i0.wp.com\/moroccotouroperator.com\/es\/wp-content\/uploads\/2021\/06\/40614574_281240025815904_6993051143567129424_n.jpg?resize=247%2C146&amp;ssl=1 247w, https:\/\/i0.wp.com\/moroccotouroperator.com\/es\/wp-content\/uploads\/2021\/06\/40614574_281240025815904_6993051143567129424_n.jpg?resize=50%2C30&amp;ssl=1 50w, https:\/\/i0.wp.com\/moroccotouroperator.com\/es\/wp-content\/uploads\/2021\/06\/40614574_281240025815904_6993051143567129424_n.jpg?resize=127%2C75&amp;ssl=1 127w, https:\/\/i0.wp.com\/moroccotouroperator.com\/es\/wp-content\/uploads\/2021\/06\/40614574_281240025815904_6993051143567129424_n.jpg?w=1080&amp;ssl=1 1080w\" sizes=\"(max-width: 300px) 100vw, 300px\" \/><\/p>\n<h3>Informaci\u00f3n sobre nuestro Excursion de 10 d\u00edas desde T\u00e1nger:<\/h3>\n<ul>\n<li>Duraci\u00f3n: 10 D\u00edas \/ 9 Noches<\/li>\n<li>Punto de partida: T\u00e1nger<\/li>\n<li>Punto de finalizaci\u00f3n: T\u00e1nger<\/li>\n<li>Puntos destacados:<\/li>\n<li>Explorar la ciudad de Blew y Volubilis<\/li>\n<li>Visitar el bosque de cedros de Azerou<\/li>\n<li>Atravesar la cordillera del Atlas<\/li>\n<li>Pasar una noche de campamento en el desierto<\/li>\n<li>Caminar por las gargantas<\/li>\n<li>Visitar la famosa Kasbah de Marruecos<\/li>\n<\/ul>\n<h3><\/h3>\n<h3><img data-recalc-dims=\"1\" decoding=\"async\" class=\"size-medium wp-image-835 aligncenter\" src=\"https:\/\/i0.wp.com\/moroccotouroperator.com\/es\/wp-content\/uploads\/2021\/06\/197580667_4224205611025024_5225938248368896682_n-1.jpg?resize=300%2C195\" alt=\"tour de 10 dias de Tanger\" width=\"300\" height=\"195\" loading=\"lazy\" srcset=\"https:\/\/i0.wp.com\/moroccotouroperator.com\/es\/wp-content\/uploads\/2021\/06\/197580667_4224205611025024_5225938248368896682_n-1.jpg?resize=300%2C195&amp;ssl=1 300w, https:\/\/i0.wp.com\/moroccotouroperator.com\/es\/wp-content\/uploads\/2021\/06\/197580667_4224205611025024_5225938248368896682_n-1.jpg?resize=1024%2C667&amp;ssl=1 1024w, https:\/\/i0.wp.com\/moroccotouroperator.com\/es\/wp-content\/uploads\/2021\/06\/197580667_4224205611025024_5225938248368896682_n-1.jpg?resize=768%2C500&amp;ssl=1 768w, https:\/\/i0.wp.com\/moroccotouroperator.com\/es\/wp-content\/uploads\/2021\/06\/197580667_4224205611025024_5225938248368896682_n-1.jpg?resize=224%2C146&amp;ssl=1 224w, https:\/\/i0.wp.com\/moroccotouroperator.com\/es\/wp-content\/uploads\/2021\/06\/197580667_4224205611025024_5225938248368896682_n-1.jpg?resize=50%2C33&amp;ssl=1 50w, https:\/\/i0.wp.com\/moroccotouroperator.com\/es\/wp-content\/uploads\/2021\/06\/197580667_4224205611025024_5225938248368896682_n-1.jpg?resize=115%2C75&amp;ssl=1 115w, https:\/\/i0.wp.com\/moroccotouroperator.com\/es\/wp-content\/uploads\/2021\/06\/197580667_4224205611025024_5225938248368896682_n-1.jpg?w=1080&amp;ssl=1 1080w\" sizes=\"(max-width: 300px) 100vw, 300px\" \/><\/h3>\n<h3>Programa de nuestro ruta de 10 d\u00edas desde T\u00e1nger:<\/h3>\n<h4>D\u00eda 1: T\u00e1nger \u2013 Chefchaouen<\/h4>\n<p style=\"text-align: justify;\">En el primer d\u00eda de nuestro ruta de 10 d\u00edas desde T\u00e1nger, se encontrar\u00e1 con nuestro conductor\/gu\u00eda en el Puerto o en el Aeropuerto\u2026 para iniciar su viaje hacia Chefchaoue. En el camino, cruzar\u00e1 las monta\u00f1as del Rif y podr\u00e1 disfrutar de las maravillosas vistas de estas monta\u00f1as. A continuaci\u00f3n, continuar\u00e1 hasta Chefchaoune, a la que llegar\u00e1 por la tarde. Entonces, tendr\u00e1 tiempo libre para explorar esta hermosa ciudad azul. Noche en Riad\/Hotel.<\/p>\n<h4>D\u00eda 2 : Chefchaouen \u2013 Volubilis \u2013 Meknes \u2013 Fes<\/h4>\n<p style=\"text-align: justify;\">Despu\u00e9s del desayuno, saldremos hacia Volubilis y exploraremos las ruinas de la ciudad romana. A continuaci\u00f3n, continuaremos hacia Meknes para visitar la antigua Medina con su hermosa Tumba de Moulay Ismail, el granero y el Sahrij Souani utilizado para el riego y la plantaci\u00f3n, tambi\u00e9n la Plaza de Lehdim. A continuaci\u00f3n, nos dirigimos a Fes. Noche en Riad.<\/p>\n<h4>D\u00eda 3: Visita guiada de la Medina de Fez \u2013 Ifrane \u2013 Midelt:<\/h4>\n<p style=\"text-align: justify;\">Nuestro tour de 10 d\u00edas desde T\u00e1nger contin\u00faa, seguramente disfrutar\u00e1 de su d\u00eda de turismo en la Medina de Fez. El tour incluye la visita a la medina (la ciudad vieja) con sus callejones. Tambi\u00e9n ver\u00e1 las curtidur\u00edas locales, los coloridos zocos y los principales monumentos \u2013 La Madrassa Attarine, las mezquitas, el palacio real, las residencias y la fuente Nejjarine. A continuaci\u00f3n, nos dirigiremos a Midelt. Por el camino, le llevaremos a visitar Ifrane, llamada la \u201cSuiza de Marruecos\u201d, en el Medio Atlas. Un lugar encantador en Marruecos. Adem\u00e1s, seguiremos hasta Azrou, donde tambi\u00e9n podremos observar y alimentar a los monos de Berber\u00eda en el bosque de cedros cercano. Pasaremos la noche en Boulaajoul o Midelt.<\/p>\n<h4>D\u00cdA 4: Midelt \u2013 Valle del Ziz \u2013 Desierto de Merzouga :<\/h4>\n<p style=\"text-align: justify;\">Despu\u00e9s del desayuno, comenzaremos a conducir hacia el desierto del Sahara a trav\u00e9s de las monta\u00f1as del Medio Atlas donde hay un gran contraste de paisajes, tambi\u00e9n tendremos paradas en muchas vistas panor\u00e1micas. Adem\u00e1s, disfrutaremos de la vista de los palmerales en el camino a Erfoud, luego llegaremos al desierto de <a href=\"https:\/\/es.wikipedia.org\/wiki\/Merzouga\">Merzouga<\/a> al final de la tarde. Pasaremos la noche en el hotel\/Riad.<\/p>\n<h4>D\u00eda 5: Excursi\u00f3n en Merzouga<\/h4>\n<p style=\"text-align: justify;\">Despu\u00e9s del desayuno, comenzaremos nuestro viaje visitando el pueblo de Khamliya para disfrutar de su m\u00fasica especial. Despu\u00e9s, nos dirigiremos a Mufis para explorar c\u00f3mo est\u00e1n haciendo su trabajo los n\u00f3madas, antes de llegar a la tienda de los n\u00f3madas donde tomaremos una tapa de t\u00e9 con ellos. Una vez que haya almorzado, continuaremos hacia Tissardmin para tomar algunas hermosas fotos de sus oasis y palmeras. A continuaci\u00f3n, volvemos al hotel para comenzar nuestra caminata en camello a trav\u00e9s de las dunas de arena hasta el coraz\u00f3n del desierto, tendremos una parada para admirar la mejor puesta de sol y tomar fotos sobre una gran duna. Noche y cena en el campamento del desierto.<\/p>\n<h4>D\u00cdA 6: Merzouga \u2013 Tinghir \u2013 Gargantas del Todra \u2013 Boumalne Dades<\/h4>\n<p style=\"text-align: justify;\">Por la ma\u00f1ana temprano, el personal del campamento le despertar\u00e1 para disfrutar del amanecer de su vida. Despu\u00e9s de desayunar, volver\u00e9is a montar en camello o en coche 4X4 hasta el hotel para encontraros con vuestro conductor, para luego continuar hasta Rissani. All\u00ed visitaremos su mercado tradicional y nos dirigiremos a Tinghir. A continuaci\u00f3n, llegaremos a las Gargantas del Todra, que son las m\u00e1s altas y estrechas de Marruecos (hasta 300 metros). Aqu\u00ed, caminaremos a trav\u00e9s de impresionantes paredes de roca. Adem\u00e1s, visitaremos la formaci\u00f3n rocosa conocida como los \u201cdedos de los monos\u201d. Finalmente, llegaremos a nuestro punto de parada en las Gargantas del Dades. Cena y alojamiento en el Hotel\/Riad.<\/p>\n<h4>D\u00eda 7: Boumalne Dades \u2013 Kalaa M\u2019gouna \u2013 N\u00f3madas bereberes \u2013 Ouarzazate<\/h4>\n<p style=\"text-align: justify;\">Despu\u00e9s del desayuno, conduciremos por el Valle del Dades hacia Kalaa M\u2019gouna y Ouarzazate. Hoy tendr\u00e1 la oportunidad de conocer a los n\u00f3madas bereberes en sus cuevas. Adem\u00e1s, disfrutar\u00e1 del f\u00e9rtil Valle de las Rosas y de la formaci\u00f3n de rocas a lo largo del camino. Adem\u00e1s, iremos a la ciudad de las rosas para comprar el agua de rosas, que har\u00e1 que su ropa huela bien durante mucho tiempo. A continuaci\u00f3n, continuaremos hacia Ouarzazate, conocido como el \u201cHollywood de \u00c1frica\u201d, cuya geograf\u00eda y hermosos paisajes han atra\u00eddo a muchos productores de cine de talla mundial. Aqu\u00ed, usted puede visitar los estudios, que contienen accesorios utilizados en las pel\u00edculas, Gladiador, como La Momia y la \u00faltima tentaci\u00f3n de Cristo. Noche en Riad\/Hotel.<\/p>\n<h4>D\u00cdA 8: Ouarzazate \u2013 Telouet \u2013 Monta\u00f1as del Atlas \u2013 Marrakech<\/h4>\n<p style=\"text-align: justify;\">Nuestro tour de 10 d\u00edas desde T\u00e1nger contin\u00faa con un c\u00f3modo traslado al pueblo de Ait Benhaddou. As\u00ed, visitamos el sitio de la Unesco, uno de los pueblos fortificados m\u00e1s espectaculares de Marruecos. A continuaci\u00f3n, visitamos el pueblo de Telouet y exploramos la Kasbah el Glaoui. Cruzamos la monta\u00f1a del Alto Atlas. Finalmente, llegamos a Marrakech.<\/p>\n<h4>D\u00cdA 9: Excursi\u00f3n en Marrakech \u2013 Casablanca<\/h4>\n<p style=\"text-align: justify;\">Disfrute de una visita guiada de Marrakech \u201cla Ciudad Roja de Marruecos\u201d. Visitamos todo el inter\u00e9s hist\u00f3rico y cultural, incluyendo las tumbas saadianas y el hermoso Palacio de Bah\u00eda. Paseamos por las callejuelas de la medina, visitamos y exploramos la famosa plaza Jamaa El Fna. Por la tarde, visitaremos los jardines de Majorelle, y tendremos un breve recorrido en Gueliz -la nueva ciudad de Marrakech. Por la tarde, traslado a Casablanca.<\/p>\n<h4>D\u00cdA 10: Casablanca \u2013 Traslado a T\u00e1nger<\/h4>\n<p style=\"text-align: justify;\">Despu\u00e9s del desayuno, le llevaremos a visitar la mayor mezquita de Marruecos. A continuaci\u00f3n, nos dirigiremos a Rabat y T\u00e1nger. Le dejaremos en el aeropuerto o en el puerto de ferry. Fin de nuestros servicios.<\/p>\n<h3>Incluido en el viaje de 10 d\u00edas desde T\u00e1nger:<\/h3>\n<ul>\n<li>Recogida en su hotel o riad local.<\/li>\n<li>Viaje privado desde T\u00e1nger en un c\u00f3modo veh\u00edculo con aire acondicionado.<\/li>\n<li>El conductor habla espa\u00f1ol.<\/li>\n<li>Viaje en camello al campamento de Merzouga \u2013 1 camello por persona.<\/li>\n<li>Alojamiento en riad \/ hotel<\/li>\n<li>Una noche en el campamento del Sahara con cena y desayuno.<\/li>\n<\/ul>\n<h3>No incluido:<\/h3>\n<ul>\n<li>Billetes de avi\u00f3n.<\/li>\n<li>Todos los almuerzos y bebidas.<\/li>\n<li>Entradas y tickets, propinas.<\/li>\n<\/ul>\n<h3><img data-recalc-dims=\"1\" decoding=\"async\" class=\"size-medium wp-image-834 aligncenter\" src=\"https:\/\/i0.wp.com\/moroccotouroperator.com\/es\/wp-content\/uploads\/2021\/06\/176535962_227920232422385_4390092598384899139_n.jpg?resize=300%2C191\" alt=\"ruta de 10 dia desde Tanger al desierto y Marrakech\" width=\"300\" height=\"191\" loading=\"lazy\" srcset=\"https:\/\/i0.wp.com\/moroccotouroperator.com\/es\/wp-content\/uploads\/2021\/06\/176535962_227920232422385_4390092598384899139_n.jpg?resize=300%2C191&amp;ssl=1 300w, https:\/\/i0.wp.com\/moroccotouroperator.com\/es\/wp-content\/uploads\/2021\/06\/176535962_227920232422385_4390092598384899139_n.jpg?resize=229%2C146&amp;ssl=1 229w, https:\/\/i0.wp.com\/moroccotouroperator.com\/es\/wp-content\/uploads\/2021\/06\/176535962_227920232422385_4390092598384899139_n.jpg?resize=50%2C32&amp;ssl=1 50w, https:\/\/i0.wp.com\/moroccotouroperator.com\/es\/wp-content\/uploads\/2021\/06\/176535962_227920232422385_4390092598384899139_n.jpg?resize=118%2C75&amp;ssl=1 118w, https:\/\/i0.wp.com\/moroccotouroperator.com\/es\/wp-content\/uploads\/2021\/06\/176535962_227920232422385_4390092598384899139_n.jpg?w=713&amp;ssl=1 713w\" sizes=\"(max-width: 300px) 100vw, 300px\" \/><\/h3>\n<h3>C\u00f3mo reservar este ruta de 10 d\u00edas desde T\u00e1nger?<\/h3>\n<p style=\"text-align: justify;\">No dude en ponerse en contacto con nosotros hoy mismo para conocer el precio real del tour de T\u00e1nger. Una vez que confirmemos la disponibilidad, le notificaremos sobre las cotas completas del tour y su viaje privado a T\u00e1nger al desierto ser\u00e1 confirmado por correo electr\u00f3nico una vez que nos env\u00ede el pago del dep\u00f3sito.<\/p>\n<h4>*Nota:<\/h4>\n<p>Si desea viajar por Marruecos desde T\u00e1nger s\u00f3lo en 8 d\u00edas, <a href=\"http:\/\/moroccotouroperator.com\/es\/\">haga clic aqu\u00ed<\/a>.<\/p>\n<\/body>","protected":false},"excerpt":{"rendered":"<p>Tour de 10 d\u00edas de T\u00e1nger: Viaje de 10 d\u00edas desde T\u00e1nger a Casablanca pasando por el desierto de Merzouga y Marrakech \/ Ruta de 1o<span class=\"excerpt-hellip\"> [\u2026]<\/span><\/p>\n","protected":false},"author":1,"featured_media":832,"parent":0,"menu_order":0,"comment_status":"closed","ping_status":"closed","template":"","meta":{"footnotes":""},"class_list":["post-132","page","type-page","status-publish","has-post-thumbnail","hentry"],"yoast_head":"<!-- This site is optimized with the Yoast SEO plugin v25.6 - https:\/\/yoast.com\/wordpress\/plugins\/seo\/ -->\n<title>Ruta de 10 d\u00edas desde T\u00e1nger \/ Excursions &amp; Viajes de marruecos<\/title>\n<meta name=\"description\" content=\"Ruta de 10 d\u00edas desde T\u00e1nger, le llevaremos a conocer el desierto del Sahara, visitar las kasbahs y las mejores ciudades imperiales...\" \/>\n<meta name=\"robots\" content=\"index, follow, max-snippet:-1, max-image-preview:large, max-video-preview:-1\" \/>\n<link rel=\"canonical\" href=\"https:\/\/moroccotouroperator.com\/es\/tour-de-10-dias-desde-tanger\/\" \/>\n<meta property=\"og:locale\" content=\"en_US\" \/>\n<meta property=\"og:type\" content=\"article\" \/>\n<meta property=\"og:title\" content=\"Ruta de 10 d\u00edas desde T\u00e1nger \/ Excursions &amp; Viajes de marruecos\" \/>\n<meta property=\"og:description\" content=\"Ruta de 10 d\u00edas desde T\u00e1nger, le llevaremos a conocer el desierto del Sahara, visitar las kasbahs y las mejores ciudades imperiales...\" \/>\n<meta property=\"og:url\" content=\"https:\/\/moroccotouroperator.com\/es\/tour-de-10-dias-desde-tanger\/\" \/>\n<meta property=\"og:site_name\" content=\"Morocco Tour Operator\" \/>\n<meta property=\"article:modified_time\" content=\"2022-01-24T12:22:07+00:00\" \/>\n<meta property=\"og:image\" content=\"https:\/\/i0.wp.com\/moroccotouroperator.com\/es\/wp-content\/uploads\/2021\/06\/197901760_940519473192609_8329669119631913067_n.jpg?fit=713%2C427&ssl=1\" \/>\n\t<meta property=\"og:image:width\" content=\"713\" \/>\n\t<meta property=\"og:image:height\" content=\"427\" \/>\n\t<meta property=\"og:image:type\" content=\"image\/jpeg\" \/>\n<meta name=\"twitter:card\" content=\"summary_large_image\" \/>\n<meta name=\"twitter:label1\" content=\"Est. reading time\" \/>\n\t<meta name=\"twitter:data1\" content=\"6 minutes\" \/>\n<script type=\"application\/ld+json\" class=\"yoast-schema-graph\">{\"@context\":\"https:\/\/schema.org\",\"@graph\":[{\"@type\":\"WebPage\",\"@id\":\"https:\/\/moroccotouroperator.com\/es\/tour-de-10-dias-desde-tanger\/\",\"url\":\"https:\/\/moroccotouroperator.com\/es\/tour-de-10-dias-desde-tanger\/\",\"name\":\"Ruta de 10 d\u00edas desde T\u00e1nger \/ Excursions & Viajes de marruecos\",\"isPartOf\":{\"@id\":\"https:\/\/moroccotouroperator.com\/es\/#website\"},\"primaryImageOfPage\":{\"@id\":\"https:\/\/moroccotouroperator.com\/es\/tour-de-10-dias-desde-tanger\/#primaryimage\"},\"image\":{\"@id\":\"https:\/\/moroccotouroperator.com\/es\/tour-de-10-dias-desde-tanger\/#primaryimage\"},\"thumbnailUrl\":\"https:\/\/i0.wp.com\/moroccotouroperator.com\/es\/wp-content\/uploads\/2021\/06\/197901760_940519473192609_8329669119631913067_n.jpg?fit=713%2C427&ssl=1\",\"datePublished\":\"2020-10-10T18:31:56+00:00\",\"dateModified\":\"2022-01-24T12:22:07+00:00\",\"description\":\"Ruta de 10 d\u00edas desde T\u00e1nger, le llevaremos a conocer el desierto del Sahara, visitar las kasbahs y las mejores ciudades imperiales...\",\"breadcrumb\":{\"@id\":\"https:\/\/moroccotouroperator.com\/es\/tour-de-10-dias-desde-tanger\/#breadcrumb\"},\"inLanguage\":\"en-US\",\"potentialAction\":[{\"@type\":\"ReadAction\",\"target\":[\"https:\/\/moroccotouroperator.com\/es\/tour-de-10-dias-desde-tanger\/\"]}]},{\"@type\":\"ImageObject\",\"inLanguage\":\"en-US\",\"@id\":\"https:\/\/moroccotouroperator.com\/es\/tour-de-10-dias-desde-tanger\/#primaryimage\",\"url\":\"https:\/\/i0.wp.com\/moroccotouroperator.com\/es\/wp-content\/uploads\/2021\/06\/197901760_940519473192609_8329669119631913067_n.jpg?fit=713%2C427&ssl=1\",\"contentUrl\":\"https:\/\/i0.wp.com\/moroccotouroperator.com\/es\/wp-content\/uploads\/2021\/06\/197901760_940519473192609_8329669119631913067_n.jpg?fit=713%2C427&ssl=1\",\"width\":713,\"height\":427,\"caption\":\"Excursion de 10 dias desde Tanger\"},{\"@type\":\"BreadcrumbList\",\"@id\":\"https:\/\/moroccotouroperator.com\/es\/tour-de-10-dias-desde-tanger\/#breadcrumb\",\"itemListElement\":[{\"@type\":\"ListItem\",\"position\":1,\"name\":\"Home\",\"item\":\"https:\/\/moroccotouroperator.com\/es\/\"},{\"@type\":\"ListItem\",\"position\":2,\"name\":\"Ruta de 10 d\u00edas desde T\u00e1nger\"}]},{\"@type\":\"WebSite\",\"@id\":\"https:\/\/moroccotouroperator.com\/es\/#website\",\"url\":\"https:\/\/moroccotouroperator.com\/es\/\",\"name\":\"Morocco Tour Operator\",\"description\":\"Morocco Private Desert Tours\",\"potentialAction\":[{\"@type\":\"SearchAction\",\"target\":{\"@type\":\"EntryPoint\",\"urlTemplate\":\"https:\/\/moroccotouroperator.com\/es\/?s={search_term_string}\"},\"query-input\":{\"@type\":\"PropertyValueSpecification\",\"valueRequired\":true,\"valueName\":\"search_term_string\"}}],\"inLanguage\":\"en-US\"}]}<\/script>\n<!-- \/ Yoast SEO plugin. -->","yoast_head_json":{"title":"Ruta de 10 d\u00edas desde T\u00e1nger \/ Excursions & Viajes de marruecos","description":"Ruta de 10 d\u00edas desde T\u00e1nger, le llevaremos a conocer el desierto del Sahara, visitar las kasbahs y las mejores ciudades imperiales...","robots":{"index":"index","follow":"follow","max-snippet":"max-snippet:-1","max-image-preview":"max-image-preview:large","max-video-preview":"max-video-preview:-1"},"canonical":"https:\/\/moroccotouroperator.com\/es\/tour-de-10-dias-desde-tanger\/","og_locale":"en_US","og_type":"article","og_title":"Ruta de 10 d\u00edas desde T\u00e1nger \/ Excursions & Viajes de marruecos","og_description":"Ruta de 10 d\u00edas desde T\u00e1nger, le llevaremos a conocer el desierto del Sahara, visitar las kasbahs y las mejores ciudades imperiales...","og_url":"https:\/\/moroccotouroperator.com\/es\/tour-de-10-dias-desde-tanger\/","og_site_name":"Morocco Tour Operator","article_modified_time":"2022-01-24T12:22:07+00:00","og_image":[{"width":713,"height":427,"url":"https:\/\/i0.wp.com\/moroccotouroperator.com\/es\/wp-content\/uploads\/2021\/06\/197901760_940519473192609_8329669119631913067_n.jpg?fit=713%2C427&ssl=1","type":"image\/jpeg"}],"twitter_card":"summary_large_image","twitter_misc":{"Est. reading time":"6 minutes"},"schema":{"@context":"https:\/\/schema.org","@graph":[{"@type":"WebPage","@id":"https:\/\/moroccotouroperator.com\/es\/tour-de-10-dias-desde-tanger\/","url":"https:\/\/moroccotouroperator.com\/es\/tour-de-10-dias-desde-tanger\/","name":"Ruta de 10 d\u00edas desde T\u00e1nger \/ Excursions & Viajes de marruecos","isPartOf":{"@id":"https:\/\/moroccotouroperator.com\/es\/#website"},"primaryImageOfPage":{"@id":"https:\/\/moroccotouroperator.com\/es\/tour-de-10-dias-desde-tanger\/#primaryimage"},"image":{"@id":"https:\/\/moroccotouroperator.com\/es\/tour-de-10-dias-desde-tanger\/#primaryimage"},"thumbnailUrl":"https:\/\/i0.wp.com\/moroccotouroperator.com\/es\/wp-content\/uploads\/2021\/06\/197901760_940519473192609_8329669119631913067_n.jpg?fit=713%2C427&ssl=1","datePublished":"2020-10-10T18:31:56+00:00","dateModified":"2022-01-24T12:22:07+00:00","description":"Ruta de 10 d\u00edas desde T\u00e1nger, le llevaremos a conocer el desierto del Sahara, visitar las kasbahs y las mejores ciudades imperiales...","breadcrumb":{"@id":"https:\/\/moroccotouroperator.com\/es\/tour-de-10-dias-desde-tanger\/#breadcrumb"},"inLanguage":"en-US","potentialAction":[{"@type":"ReadAction","target":["https:\/\/moroccotouroperator.com\/es\/tour-de-10-dias-desde-tanger\/"]}]},{"@type":"ImageObject","inLanguage":"en-US","@id":"https:\/\/moroccotouroperator.com\/es\/tour-de-10-dias-desde-tanger\/#primaryimage","url":"https:\/\/i0.wp.com\/moroccotouroperator.com\/es\/wp-content\/uploads\/2021\/06\/197901760_940519473192609_8329669119631913067_n.jpg?fit=713%2C427&ssl=1","contentUrl":"https:\/\/i0.wp.com\/moroccotouroperator.com\/es\/wp-content\/uploads\/2021\/06\/197901760_940519473192609_8329669119631913067_n.jpg?fit=713%2C427&ssl=1","width":713,"height":427,"caption":"Excursion de 10 dias desde Tanger"},{"@type":"BreadcrumbList","@id":"https:\/\/moroccotouroperator.com\/es\/tour-de-10-dias-desde-tanger\/#breadcrumb","itemListElement":[{"@type":"ListItem","position":1,"name":"Home","item":"https:\/\/moroccotouroperator.com\/es\/"},{"@type":"ListItem","position":2,"name":"Ruta de 10 d\u00edas desde T\u00e1nger"}]},{"@type":"WebSite","@id":"https:\/\/moroccotouroperator.com\/es\/#website","url":"https:\/\/moroccotouroperator.com\/es\/","name":"Morocco Tour Operator","description":"Morocco Private Desert Tours","potentialAction":[{"@type":"SearchAction","target":{"@type":"EntryPoint","urlTemplate":"https:\/\/moroccotouroperator.com\/es\/?s={search_term_string}"},"query-input":{"@type":"PropertyValueSpecification","valueRequired":true,"valueName":"search_term_string"}}],"inLanguage":"en-US"}]}},"jetpack_sharing_enabled":true,"_links":{"self":[{"href":"https:\/\/moroccotouroperator.com\/es\/wp-json\/wp\/v2\/pages\/132"}],"collection":[{"href":"https:\/\/moroccotouroperator.com\/es\/wp-json\/wp\/v2\/pages"}],"about":[{"href":"https:\/\/moroccotouroperator.com\/es\/wp-json\/wp\/v2\/types\/page"}],"author":[{"embeddable":true,"href":"https:\/\/moroccotouroperator.com\/es\/wp-json\/wp\/v2\/users\/1"}],"replies":[{"embeddable":true,"href":"https:\/\/moroccotouroperator.com\/es\/wp-json\/wp\/v2\/comments?post=132"}],"version-history":[{"count":13,"href":"https:\/\/moroccotouroperator.com\/es\/wp-json\/wp\/v2\/pages\/132\/revisions"}],"predecessor-version":[{"id":924,"href":"https:\/\/moroccotouroperator.com\/es\/wp-json\/wp\/v2\/pages\/132\/revisions\/924"}],"wp:featuredmedia":[{"embeddable":true,"href":"https:\/\/moroccotouroperator.com\/es\/wp-json\/wp\/v2\/media\/832"}],"wp:attachment":[{"href":"https:\/\/moroccotouroperator.com\/es\/wp-json\/wp\/v2\/media?parent=132"}],"curies":[{"name":"wp","href":"https:\/\/api.w.org\/{rel}","templated":true}]}}