{"id":130,"date":"2020-10-10T18:31:12","date_gmt":"2020-10-10T18:31:12","guid":{"rendered":"https:\/\/rutasdesierto.com\/trips\/?page_id=130"},"modified":"2022-01-24T12:27:24","modified_gmt":"2022-01-24T12:27:24","slug":"8-dias-desde-tanger-al-desierto-y-marrakech","status":"publish","type":"page","link":"https:\/\/moroccotouroperator.com\/es\/8-dias-desde-tanger-al-desierto-y-marrakech\/","title":{"rendered":"8 d\u00edas de viaje desde T\u00e1nger a Marrakech"},"content":{"rendered":"<body><p><\/p>\n<h1>8 d\u00edas de viaje desde T\u00e1nger a Marrakech:<\/h1>\n<h2>Ruta de 8 d\u00edas de T\u00e1nger al desierto del Sahara \/ Excursion de 8 d\u00edas de T\u00e1nger a Marrakech por el desierto del Sahara.<\/h2>\n<p>\u00a0<\/p>\n<h3>Descripci\u00f3n general:<\/h3>\n<p style=\"text-align: justify;\">8 d\u00edas de viaje desde T\u00e1nger a Marrakech es la mejor opci\u00f3n para las personas que quieran descubrir la belleza de Marruecos. En primer lugar, disfrute de los maravillosos paisajes de las monta\u00f1as del Rif y de la ciudad azul con sus estrechas callejuelas tradicionales. A continuaci\u00f3n, explore Vilubolis y Fez, la m\u00e1s grande, la m\u00e1s antigua, la cultural. Adem\u00e1s, durante este viaje, explorar\u00e1 las monta\u00f1as del Medio y el Alto Atlas, Ifrane, conocida como el pa\u00eds del cisne de Marruecos y sus cercanas pistas de esqu\u00ed, y es el mejor destino para los marroqu\u00edes durante los meses de verano.<\/p>\n<p style=\"text-align: justify;\">Adem\u00e1s, el mayor bosque de cedros marroqu\u00edes en Azrou y la experiencia de una excursi\u00f3n en camello con una noche en el campamento del desierto, en nuestro mejor itinerario de 8 d\u00edas por Marruecos, visitaremos el tradicional mercado semanal de Rissani, las hermosas gargantas del Todra, el Dades y la kasbah de Ait Benhaddou, declarada Patrimonio de la Humanidad por la UNESCO. Tambien, exploraremos la ciudad roja de Marrakech.<\/p>\n<h3><img data-recalc-dims=\"1\" decoding=\"async\" class=\"size-medium wp-image-828 aligncenter\" src=\"https:\/\/i0.wp.com\/moroccotouroperator.com\/es\/wp-content\/uploads\/2021\/06\/32725486_2035138313401211_4767828794264256512_n.jpg?resize=300%2C185\" alt=\"ruta de 8 dias desde Tanger a Fez y Marrakech\" width=\"300\" height=\"185\" loading=\"lazy\" srcset=\"https:\/\/i0.wp.com\/moroccotouroperator.com\/es\/wp-content\/uploads\/2021\/06\/32725486_2035138313401211_4767828794264256512_n.jpg?resize=300%2C185&amp;ssl=1 300w, https:\/\/i0.wp.com\/moroccotouroperator.com\/es\/wp-content\/uploads\/2021\/06\/32725486_2035138313401211_4767828794264256512_n.jpg?resize=1024%2C631&amp;ssl=1 1024w, https:\/\/i0.wp.com\/moroccotouroperator.com\/es\/wp-content\/uploads\/2021\/06\/32725486_2035138313401211_4767828794264256512_n.jpg?resize=768%2C473&amp;ssl=1 768w, https:\/\/i0.wp.com\/moroccotouroperator.com\/es\/wp-content\/uploads\/2021\/06\/32725486_2035138313401211_4767828794264256512_n.jpg?resize=237%2C146&amp;ssl=1 237w, https:\/\/i0.wp.com\/moroccotouroperator.com\/es\/wp-content\/uploads\/2021\/06\/32725486_2035138313401211_4767828794264256512_n.jpg?resize=50%2C31&amp;ssl=1 50w, https:\/\/i0.wp.com\/moroccotouroperator.com\/es\/wp-content\/uploads\/2021\/06\/32725486_2035138313401211_4767828794264256512_n.jpg?resize=122%2C75&amp;ssl=1 122w, https:\/\/i0.wp.com\/moroccotouroperator.com\/es\/wp-content\/uploads\/2021\/06\/32725486_2035138313401211_4767828794264256512_n.jpg?w=1080&amp;ssl=1 1080w\" sizes=\"(max-width: 300px) 100vw, 300px\" \/><\/h3>\n<h3>Informaci\u00f3n sobre este 8 d\u00edas de viaje desde T\u00e1nger a Marrakech:<\/h3>\n<ul>\n<li>Duraci\u00f3n: 8 D\u00edas \/ 7 Noches<\/li>\n<li>Punto de partida: T\u00e1nger<\/li>\n<li>Punto de finalizaci\u00f3n: T\u00e1nger<\/li>\n<li>Lo m\u00e1s destacado del viaje de 8 d\u00edas de T\u00e1nger a Marrakech:<\/li>\n<li>Explorar la ciudad de Blew, Volubilis y Fes<\/li>\n<li>Visitar el bosque de cedros de Azerou<\/li>\n<li>Atravesar la cordillera del Atlas<\/li>\n<li>Pasar una noche en un campamento en el desierto<\/li>\n<li>Caminar por las gargantas del Todra<\/li>\n<li>Visitar la famosa Kasbah de Marruecos<\/li>\n<\/ul>\n<h3><img data-recalc-dims=\"1\" decoding=\"async\" class=\"size-medium wp-image-829 aligncenter\" src=\"https:\/\/i0.wp.com\/moroccotouroperator.com\/es\/wp-content\/uploads\/2021\/06\/195939653_382304089871107_6607900528096250320_n.jpg?resize=300%2C184\" alt=\"\" width=\"300\" height=\"184\" loading=\"lazy\" srcset=\"https:\/\/i0.wp.com\/moroccotouroperator.com\/es\/wp-content\/uploads\/2021\/06\/195939653_382304089871107_6607900528096250320_n.jpg?resize=300%2C184&amp;ssl=1 300w, https:\/\/i0.wp.com\/moroccotouroperator.com\/es\/wp-content\/uploads\/2021\/06\/195939653_382304089871107_6607900528096250320_n.jpg?resize=1024%2C629&amp;ssl=1 1024w, https:\/\/i0.wp.com\/moroccotouroperator.com\/es\/wp-content\/uploads\/2021\/06\/195939653_382304089871107_6607900528096250320_n.jpg?resize=768%2C472&amp;ssl=1 768w, https:\/\/i0.wp.com\/moroccotouroperator.com\/es\/wp-content\/uploads\/2021\/06\/195939653_382304089871107_6607900528096250320_n.jpg?resize=238%2C146&amp;ssl=1 238w, https:\/\/i0.wp.com\/moroccotouroperator.com\/es\/wp-content\/uploads\/2021\/06\/195939653_382304089871107_6607900528096250320_n.jpg?resize=50%2C31&amp;ssl=1 50w, https:\/\/i0.wp.com\/moroccotouroperator.com\/es\/wp-content\/uploads\/2021\/06\/195939653_382304089871107_6607900528096250320_n.jpg?resize=122%2C75&amp;ssl=1 122w, https:\/\/i0.wp.com\/moroccotouroperator.com\/es\/wp-content\/uploads\/2021\/06\/195939653_382304089871107_6607900528096250320_n.jpg?w=1070&amp;ssl=1 1070w\" sizes=\"(max-width: 300px) 100vw, 300px\" \/><\/h3>\n<h3>Programa:<\/h3>\n<h4>D\u00eda 1: Puerto de T\u00e1nger \u2013 Monta\u00f1as del Rif \u2013 Chefchaouen:<\/h4>\n<p style=\"text-align: justify;\">El primer d\u00eda, le recogeremos en el puerto o en el aeropuerto. A continuaci\u00f3n iniciaremos el viaje por las monta\u00f1as del Rif a trav\u00e9s de paisajes incre\u00edblemente dram\u00e1ticos. A continuaci\u00f3n, llegaremos a <a href=\"https:\/\/es.wikipedia.org\/wiki\/Chauen\">Chefchaouen<\/a>, un pueblo art\u00edstico y azulado enclavado en las monta\u00f1as del Rif. Adem\u00e1s, la antigua medina es una construcci\u00f3n mixta de influencia marroqu\u00ed y andaluza con tejados de tejas rojas y callejones azules. Tambi\u00e9n visitaremos los edificios blanco-azulados, las estrechas callejuelas que convergen en la plaza de Uta el-Hammam y la kasbah restaurada. Adem\u00e1s, le llevaremos a disfrutar de una vista panor\u00e1mica que le permitir\u00e1 ver la brisa y la belleza de la naturaleza. Aqu\u00ed, pasar\u00e1 una noche en un Hotel\/Riad.<\/p>\n<h4>D\u00eda 2: Chefchaouen \u2013 Monta\u00f1as del Rif \u2013 Ouazane \u2013 Volubilis \u2013 Meknes \u2013 Fes:<\/h4>\n<p style=\"text-align: justify;\">Despu\u00e9s del desayuno, nuestro 8 d\u00edas desde T\u00e1nger al desierto y Marrakech comenzar\u00e1 hacia Volubilis cruzando Ouzane y las monta\u00f1as del Rif. En el camino, disfrutar\u00e1 de la vista de los pueblos del Rif. A continuaci\u00f3n, llegaremos a Volubilis donde aprender\u00e1 sobre el sitio arqueol\u00f3gico de la historia de Marruecos y explorar\u00e1 las ruinas romanas. Despu\u00e9s, nos dirigiremos a Meknes, patrimonio del siglo XVII, donde visitaremos Bab El Mansour y la antigua medina. A continuaci\u00f3n, nos dirigiremos a Fez, donde pasar\u00e1 la noche en un Riad\/Hotel.<\/p>\n<h4>D\u00eda 3: Fez (visita guiada) \u2013 bosques de Cader \u2013 Midelt:<\/h4>\n<p style=\"text-align: justify;\">Despu\u00e9s del desayuno, disfrutar\u00e1 de su visita a la medina de Fez. En primer lugar, visitar\u00e1 la medina (la ciudad vieja) con sus callejones, curtidur\u00edas locales, coloridos zocos y los principales monumentos \u2013 La Madrassa Attarine, las mezquitas, el palacio real, las residencias y la fuente Nejjarine. A continuaci\u00f3n, nos dirigiremos a Midelt a trav\u00e9s de los mayores bosques de cader. Por el camino, haremos un descanso para visitar Ifrane, llamada la \u201cSuiza de Marruecos\u201d, en el Medio Atlas. Tambi\u00e9n, un lugar encantador en Marruecos. Adem\u00e1s, seguimos hasta Azrou, donde tambi\u00e9n podemos observar y alimentar a los monos en los \u00e1rboles cercanos al bosque de cedros.<\/p>\n<h4>D\u00eda 4: Midelt \u2013 Valle del Ziz \u2013 Erfoud \u2013 Merzouga \u2013 noche en un campamento:<\/h4>\n<p style=\"text-align: justify;\">Despu\u00e9s del desayuno, nos dirigiremos a Merzouga v\u00eda Errachidia y Erfoud a trav\u00e9s del fascinante paso de Tizi N\u2019talghomt y el Valle del Ziz. Adem\u00e1s, contemplaremos las vistas de la meseta del Alto Atlas. Aqu\u00ed, notar\u00e1 c\u00f3mo el paisaje cambia para revelar indicios del desierto a medida que se acerca a la ciudad de Errachidia, donde disfrutar\u00e1 de la hospitalidad bereber. A continuaci\u00f3n, continuaremos hacia el desierto de Merzouga con paradas para disfrutar de vistas panor\u00e1micas a lo largo del camino hacia Erfoud. A continuaci\u00f3n, llegaremos al desierto de Merzouga por la tarde. El personal del hotel le dar\u00e1 la bienvenida con un vaso de t\u00e9 a la menta. Despu\u00e9s, iniciar\u00e1 el paseo en camello para pasar una noche m\u00e1gica en el campamento del desierto con m\u00fasica bereber bajo un cielo estrellado.<\/p>\n<h4>D\u00eda 5: Merzouga \u2013 Tinjdad \u2013 Gargantas del Todra \u2013 Valle del Dades:<\/h4>\n<p style=\"text-align: justify;\">El personal del campamento le despertar\u00e1 temprano para disfrutar del amanecer de su vida sobre las dunas de arena. Tras el desayuno, emprenderemos el camino de vuelta, a lomos del camello o en coche 4\u00d74, para encontrarnos con el conductor en el pueblo de Merzouga. A continuaci\u00f3n, pasaremos por Tinjdad y Tinghir, donde daremos un breve paseo por su Garganta del Todra. Es famosa por sus impresionantes paredes de roca. Luego, continuaremos visitando la formaci\u00f3n rocosa conocida como los \u201cdedos de los monos\u201d en Dades. Noche en Riad\/Hotel.<\/p>\n<h4>D\u00eda 6: Valle del Dades \u2013 Valle de las Rosas \u2013 Ouarzazate \u2013 Alto Atlas \u2013 Marrakech:<\/h4>\n<p style=\"text-align: justify;\">Despu\u00e9s del desayuno, conduciremos a trav\u00e9s de Kalaa M\u2019gouna y Ouarzazate. En el camino, conduciremos por la carretera de las mil kasbahs, que ofrece numerosas oportunidades para tomar algunas de las mejores instant\u00e1neas fotogr\u00e1ficas tanto en el Valle de las Rosas como en la ciudad de Ouarzazate, llamada el Hollywood de \u00c1frica. A continuaci\u00f3n, nos dirigiremos a la famosa kasbah de la UNESCO, la Kasbah de Ait Ben Haddou. Adem\u00e1s, cambiaremos el camino para cruzar las monta\u00f1as del Alto Atlas donde disfrutaremos de las hermosas vistas panor\u00e1micas de los pueblos bereberes a lo largo del camino hasta Marrakech.<\/p>\n<h4>D\u00eda 7: Visita a Marrakech \u2013 Marrakech:<\/h4>\n<p style=\"text-align: justify;\">Hoy comenzaremos a explorar Marrakech \u201cla ciudad roja de Marruecos\u201d con nuestro gu\u00eda local. En primer lugar, visitar\u00e1 algunos de sus lugares hist\u00f3ricos m\u00e1s interesantes, como los Jardines Majorelle, la Torre Koutoubia, las tumbas Saadianas, el Palacio de la Bah\u00eda. Adem\u00e1s, podr\u00e1 pasear por los zocos y ver cientos de productos artesanales. Por la tarde, dispondr\u00e1 de tiempo libre para pasear por otras partes de la ciudad por su cuenta y recorrer la plaza de Jemaa El-Fena.<\/p>\n<h4>D\u00eda 8: Traslado al aeropuerto de T\u00e1nger:<\/h4>\n<p style=\"text-align: justify;\">Despu\u00e9s del desayuno, dependiendo de la hora de su avi\u00f3n, le trasladaremos al aeropuerto para su salida. Adem\u00e1s, haremos paradas en el camino y disfrutaremos de los paisajes.<\/p>\n<h3><img data-recalc-dims=\"1\" decoding=\"async\" class=\"size-medium wp-image-830 aligncenter\" src=\"https:\/\/i0.wp.com\/moroccotouroperator.com\/es\/wp-content\/uploads\/2021\/06\/79377502_114556869836423_5691031304575010273_n.jpg?resize=300%2C186\" alt=\"Ruta de Tanger a Marrakech de 6 dias\" width=\"300\" height=\"186\" loading=\"lazy\" srcset=\"https:\/\/i0.wp.com\/moroccotouroperator.com\/es\/wp-content\/uploads\/2021\/06\/79377502_114556869836423_5691031304575010273_n.jpg?resize=300%2C186&amp;ssl=1 300w, https:\/\/i0.wp.com\/moroccotouroperator.com\/es\/wp-content\/uploads\/2021\/06\/79377502_114556869836423_5691031304575010273_n.jpg?resize=1024%2C636&amp;ssl=1 1024w, https:\/\/i0.wp.com\/moroccotouroperator.com\/es\/wp-content\/uploads\/2021\/06\/79377502_114556869836423_5691031304575010273_n.jpg?resize=768%2C477&amp;ssl=1 768w, https:\/\/i0.wp.com\/moroccotouroperator.com\/es\/wp-content\/uploads\/2021\/06\/79377502_114556869836423_5691031304575010273_n.jpg?resize=235%2C146&amp;ssl=1 235w, https:\/\/i0.wp.com\/moroccotouroperator.com\/es\/wp-content\/uploads\/2021\/06\/79377502_114556869836423_5691031304575010273_n.jpg?resize=50%2C31&amp;ssl=1 50w, https:\/\/i0.wp.com\/moroccotouroperator.com\/es\/wp-content\/uploads\/2021\/06\/79377502_114556869836423_5691031304575010273_n.jpg?resize=121%2C75&amp;ssl=1 121w, https:\/\/i0.wp.com\/moroccotouroperator.com\/es\/wp-content\/uploads\/2021\/06\/79377502_114556869836423_5691031304575010273_n.jpg?w=1070&amp;ssl=1 1070w\" sizes=\"(max-width: 300px) 100vw, 300px\" \/><\/h3>\n<h3>Incluido en el 8 d\u00edas de viaje desde T\u00e1nger a Marrakech:<\/h3>\n<ul>\n<li>Recogida en su hotel o riad local.<\/li>\n<li>Viaje privado desde T\u00e1nger en un c\u00f3modo veh\u00edculo con aire acondicionado.<\/li>\n<li>El conductor habla espa\u00f1ol.<\/li>\n<li>Viaje en camello al campamento de Merzouga \u2013 1 camello por cada persona.<\/li>\n<li>Alojamiento en riad \/ hotel<\/li>\n<li>Una noche en el campamento del Sahara con cena y desayuno.<\/li>\n<\/ul>\n<h3>No incluye:<\/h3>\n<ul>\n<li>Billetes de avi\u00f3n.<\/li>\n<li>Almuerzo y bebidas.<\/li>\n<li>Entradas y tickets, propinas.<\/li>\n<\/ul>\n<p>\u00a0<\/p>\n<h3>C\u00f3mo reservar este 8 d\u00edas de viaje desde T\u00e1nger a Marrakech?<\/h3>\n<p style=\"text-align: justify;\">No dude en ponerse en contacto con nosotros hoy mismo para conocer el precio real del tour de T\u00e1nger. Una vez que confirmemos la disponibilidad. Le notificaremos acerca de las cotas completas del tour y su viaje privado a T\u00e1nger al desierto ser\u00e1 confirmado por correo electr\u00f3nico una vez que nos env\u00ede el pago del dep\u00f3sito.<\/p>\n<h4>*Nota:<\/h4>\n<p>Si desea m\u00e1s opciones, <a href=\"http:\/\/moroccotouroperator.com\/es\/\">haga clic aqu\u00ed<\/a>.<\/p>\n<\/body>","protected":false},"excerpt":{"rendered":"<p>8 d\u00edas de viaje desde T\u00e1nger a Marrakech: Ruta de 8 d\u00edas de T\u00e1nger al desierto del Sahara \/ Excursion de 8 d\u00edas de T\u00e1nger a<span class=\"excerpt-hellip\"> [\u2026]<\/span><\/p>\n","protected":false},"author":1,"featured_media":827,"parent":0,"menu_order":0,"comment_status":"closed","ping_status":"closed","template":"","meta":{"footnotes":""},"class_list":["post-130","page","type-page","status-publish","has-post-thumbnail","hentry"],"yoast_head":"<!-- This site is optimized with the Yoast SEO plugin v25.6 - https:\/\/yoast.com\/wordpress\/plugins\/seo\/ -->\n<title>8 d\u00edas de viaje desde T\u00e1nger a Marrakech \/ Rutas en marruecos<\/title>\n<meta name=\"description\" content=\"8 d\u00edas de viaje desde T\u00e1nger a Marrakech es una opci\u00f3n perfecta para explorar los lugares m\u00e1s bellos de Marruecos... Excursions de tanger.\" \/>\n<meta name=\"robots\" content=\"index, follow, max-snippet:-1, max-image-preview:large, max-video-preview:-1\" \/>\n<link rel=\"canonical\" href=\"https:\/\/moroccotouroperator.com\/es\/8-dias-desde-tanger-al-desierto-y-marrakech\/\" \/>\n<meta property=\"og:locale\" content=\"en_US\" \/>\n<meta property=\"og:type\" content=\"article\" \/>\n<meta property=\"og:title\" content=\"8 d\u00edas de viaje desde T\u00e1nger a Marrakech \/ Rutas en marruecos\" \/>\n<meta property=\"og:description\" content=\"8 d\u00edas de viaje desde T\u00e1nger a Marrakech es una opci\u00f3n perfecta para explorar los lugares m\u00e1s bellos de Marruecos... Excursions de tanger.\" \/>\n<meta property=\"og:url\" content=\"https:\/\/moroccotouroperator.com\/es\/8-dias-desde-tanger-al-desierto-y-marrakech\/\" \/>\n<meta property=\"og:site_name\" content=\"Morocco Tour Operator\" \/>\n<meta property=\"article:modified_time\" content=\"2022-01-24T12:27:24+00:00\" \/>\n<meta property=\"og:image\" content=\"https:\/\/i0.wp.com\/moroccotouroperator.com\/es\/wp-content\/uploads\/2021\/06\/191208033_833251347307366_7462259658972753905_n.jpg?fit=1080%2C678&ssl=1\" \/>\n\t<meta property=\"og:image:width\" content=\"1080\" \/>\n\t<meta property=\"og:image:height\" content=\"678\" \/>\n\t<meta property=\"og:image:type\" content=\"image\/jpeg\" \/>\n<meta name=\"twitter:card\" content=\"summary_large_image\" \/>\n<meta name=\"twitter:label1\" content=\"Est. reading time\" \/>\n\t<meta name=\"twitter:data1\" content=\"7 minutes\" \/>\n<script type=\"application\/ld+json\" class=\"yoast-schema-graph\">{\"@context\":\"https:\/\/schema.org\",\"@graph\":[{\"@type\":\"WebPage\",\"@id\":\"https:\/\/moroccotouroperator.com\/es\/8-dias-desde-tanger-al-desierto-y-marrakech\/\",\"url\":\"https:\/\/moroccotouroperator.com\/es\/8-dias-desde-tanger-al-desierto-y-marrakech\/\",\"name\":\"8 d\u00edas de viaje desde T\u00e1nger a Marrakech \/ Rutas en marruecos\",\"isPartOf\":{\"@id\":\"https:\/\/moroccotouroperator.com\/es\/#website\"},\"primaryImageOfPage\":{\"@id\":\"https:\/\/moroccotouroperator.com\/es\/8-dias-desde-tanger-al-desierto-y-marrakech\/#primaryimage\"},\"image\":{\"@id\":\"https:\/\/moroccotouroperator.com\/es\/8-dias-desde-tanger-al-desierto-y-marrakech\/#primaryimage\"},\"thumbnailUrl\":\"https:\/\/i0.wp.com\/moroccotouroperator.com\/es\/wp-content\/uploads\/2021\/06\/191208033_833251347307366_7462259658972753905_n.jpg?fit=1080%2C678&ssl=1\",\"datePublished\":\"2020-10-10T18:31:12+00:00\",\"dateModified\":\"2022-01-24T12:27:24+00:00\",\"description\":\"8 d\u00edas de viaje desde T\u00e1nger a Marrakech es una opci\u00f3n perfecta para explorar los lugares m\u00e1s bellos de Marruecos... Excursions de tanger.\",\"breadcrumb\":{\"@id\":\"https:\/\/moroccotouroperator.com\/es\/8-dias-desde-tanger-al-desierto-y-marrakech\/#breadcrumb\"},\"inLanguage\":\"en-US\",\"potentialAction\":[{\"@type\":\"ReadAction\",\"target\":[\"https:\/\/moroccotouroperator.com\/es\/8-dias-desde-tanger-al-desierto-y-marrakech\/\"]}]},{\"@type\":\"ImageObject\",\"inLanguage\":\"en-US\",\"@id\":\"https:\/\/moroccotouroperator.com\/es\/8-dias-desde-tanger-al-desierto-y-marrakech\/#primaryimage\",\"url\":\"https:\/\/i0.wp.com\/moroccotouroperator.com\/es\/wp-content\/uploads\/2021\/06\/191208033_833251347307366_7462259658972753905_n.jpg?fit=1080%2C678&ssl=1\",\"contentUrl\":\"https:\/\/i0.wp.com\/moroccotouroperator.com\/es\/wp-content\/uploads\/2021\/06\/191208033_833251347307366_7462259658972753905_n.jpg?fit=1080%2C678&ssl=1\",\"width\":1080,\"height\":678,\"caption\":\"8 dia de Tanger a Marrakech\"},{\"@type\":\"BreadcrumbList\",\"@id\":\"https:\/\/moroccotouroperator.com\/es\/8-dias-desde-tanger-al-desierto-y-marrakech\/#breadcrumb\",\"itemListElement\":[{\"@type\":\"ListItem\",\"position\":1,\"name\":\"Home\",\"item\":\"https:\/\/moroccotouroperator.com\/es\/\"},{\"@type\":\"ListItem\",\"position\":2,\"name\":\"8 d\u00edas de viaje desde T\u00e1nger a Marrakech\"}]},{\"@type\":\"WebSite\",\"@id\":\"https:\/\/moroccotouroperator.com\/es\/#website\",\"url\":\"https:\/\/moroccotouroperator.com\/es\/\",\"name\":\"Morocco Tour Operator\",\"description\":\"Morocco Private Desert Tours\",\"potentialAction\":[{\"@type\":\"SearchAction\",\"target\":{\"@type\":\"EntryPoint\",\"urlTemplate\":\"https:\/\/moroccotouroperator.com\/es\/?s={search_term_string}\"},\"query-input\":{\"@type\":\"PropertyValueSpecification\",\"valueRequired\":true,\"valueName\":\"search_term_string\"}}],\"inLanguage\":\"en-US\"}]}<\/script>\n<!-- \/ Yoast SEO plugin. -->","yoast_head_json":{"title":"8 d\u00edas de viaje desde T\u00e1nger a Marrakech \/ Rutas en marruecos","description":"8 d\u00edas de viaje desde T\u00e1nger a Marrakech es una opci\u00f3n perfecta para explorar los lugares m\u00e1s bellos de Marruecos... Excursions de tanger.","robots":{"index":"index","follow":"follow","max-snippet":"max-snippet:-1","max-image-preview":"max-image-preview:large","max-video-preview":"max-video-preview:-1"},"canonical":"https:\/\/moroccotouroperator.com\/es\/8-dias-desde-tanger-al-desierto-y-marrakech\/","og_locale":"en_US","og_type":"article","og_title":"8 d\u00edas de viaje desde T\u00e1nger a Marrakech \/ Rutas en marruecos","og_description":"8 d\u00edas de viaje desde T\u00e1nger a Marrakech es una opci\u00f3n perfecta para explorar los lugares m\u00e1s bellos de Marruecos... Excursions de tanger.","og_url":"https:\/\/moroccotouroperator.com\/es\/8-dias-desde-tanger-al-desierto-y-marrakech\/","og_site_name":"Morocco Tour Operator","article_modified_time":"2022-01-24T12:27:24+00:00","og_image":[{"width":1080,"height":678,"url":"https:\/\/i0.wp.com\/moroccotouroperator.com\/es\/wp-content\/uploads\/2021\/06\/191208033_833251347307366_7462259658972753905_n.jpg?fit=1080%2C678&ssl=1","type":"image\/jpeg"}],"twitter_card":"summary_large_image","twitter_misc":{"Est. reading time":"7 minutes"},"schema":{"@context":"https:\/\/schema.org","@graph":[{"@type":"WebPage","@id":"https:\/\/moroccotouroperator.com\/es\/8-dias-desde-tanger-al-desierto-y-marrakech\/","url":"https:\/\/moroccotouroperator.com\/es\/8-dias-desde-tanger-al-desierto-y-marrakech\/","name":"8 d\u00edas de viaje desde T\u00e1nger a Marrakech \/ Rutas en marruecos","isPartOf":{"@id":"https:\/\/moroccotouroperator.com\/es\/#website"},"primaryImageOfPage":{"@id":"https:\/\/moroccotouroperator.com\/es\/8-dias-desde-tanger-al-desierto-y-marrakech\/#primaryimage"},"image":{"@id":"https:\/\/moroccotouroperator.com\/es\/8-dias-desde-tanger-al-desierto-y-marrakech\/#primaryimage"},"thumbnailUrl":"https:\/\/i0.wp.com\/moroccotouroperator.com\/es\/wp-content\/uploads\/2021\/06\/191208033_833251347307366_7462259658972753905_n.jpg?fit=1080%2C678&ssl=1","datePublished":"2020-10-10T18:31:12+00:00","dateModified":"2022-01-24T12:27:24+00:00","description":"8 d\u00edas de viaje desde T\u00e1nger a Marrakech es una opci\u00f3n perfecta para explorar los lugares m\u00e1s bellos de Marruecos... Excursions de tanger.","breadcrumb":{"@id":"https:\/\/moroccotouroperator.com\/es\/8-dias-desde-tanger-al-desierto-y-marrakech\/#breadcrumb"},"inLanguage":"en-US","potentialAction":[{"@type":"ReadAction","target":["https:\/\/moroccotouroperator.com\/es\/8-dias-desde-tanger-al-desierto-y-marrakech\/"]}]},{"@type":"ImageObject","inLanguage":"en-US","@id":"https:\/\/moroccotouroperator.com\/es\/8-dias-desde-tanger-al-desierto-y-marrakech\/#primaryimage","url":"https:\/\/i0.wp.com\/moroccotouroperator.com\/es\/wp-content\/uploads\/2021\/06\/191208033_833251347307366_7462259658972753905_n.jpg?fit=1080%2C678&ssl=1","contentUrl":"https:\/\/i0.wp.com\/moroccotouroperator.com\/es\/wp-content\/uploads\/2021\/06\/191208033_833251347307366_7462259658972753905_n.jpg?fit=1080%2C678&ssl=1","width":1080,"height":678,"caption":"8 dia de Tanger a Marrakech"},{"@type":"BreadcrumbList","@id":"https:\/\/moroccotouroperator.com\/es\/8-dias-desde-tanger-al-desierto-y-marrakech\/#breadcrumb","itemListElement":[{"@type":"ListItem","position":1,"name":"Home","item":"https:\/\/moroccotouroperator.com\/es\/"},{"@type":"ListItem","position":2,"name":"8 d\u00edas de viaje desde T\u00e1nger a Marrakech"}]},{"@type":"WebSite","@id":"https:\/\/moroccotouroperator.com\/es\/#website","url":"https:\/\/moroccotouroperator.com\/es\/","name":"Morocco Tour Operator","description":"Morocco Private Desert Tours","potentialAction":[{"@type":"SearchAction","target":{"@type":"EntryPoint","urlTemplate":"https:\/\/moroccotouroperator.com\/es\/?s={search_term_string}"},"query-input":{"@type":"PropertyValueSpecification","valueRequired":true,"valueName":"search_term_string"}}],"inLanguage":"en-US"}]}},"jetpack_sharing_enabled":true,"_links":{"self":[{"href":"https:\/\/moroccotouroperator.com\/es\/wp-json\/wp\/v2\/pages\/130"}],"collection":[{"href":"https:\/\/moroccotouroperator.com\/es\/wp-json\/wp\/v2\/pages"}],"about":[{"href":"https:\/\/moroccotouroperator.com\/es\/wp-json\/wp\/v2\/types\/page"}],"author":[{"embeddable":true,"href":"https:\/\/moroccotouroperator.com\/es\/wp-json\/wp\/v2\/users\/1"}],"replies":[{"embeddable":true,"href":"https:\/\/moroccotouroperator.com\/es\/wp-json\/wp\/v2\/comments?post=130"}],"version-history":[{"count":9,"href":"https:\/\/moroccotouroperator.com\/es\/wp-json\/wp\/v2\/pages\/130\/revisions"}],"predecessor-version":[{"id":925,"href":"https:\/\/moroccotouroperator.com\/es\/wp-json\/wp\/v2\/pages\/130\/revisions\/925"}],"wp:featuredmedia":[{"embeddable":true,"href":"https:\/\/moroccotouroperator.com\/es\/wp-json\/wp\/v2\/media\/827"}],"wp:attachment":[{"href":"https:\/\/moroccotouroperator.com\/es\/wp-json\/wp\/v2\/media?parent=130"}],"curies":[{"name":"wp","href":"https:\/\/api.w.org\/{rel}","templated":true}]}}