{"id":128,"date":"2020-10-10T18:30:31","date_gmt":"2020-10-10T18:30:31","guid":{"rendered":"https:\/\/rutasdesierto.com\/trips\/?page_id=128"},"modified":"2021-06-08T13:41:27","modified_gmt":"2021-06-08T13:41:27","slug":"viaje-de-6-dias-de-tanger-a-marrakech","status":"publish","type":"page","link":"https:\/\/moroccotouroperator.com\/es\/viaje-de-6-dias-de-tanger-a-marrakech\/","title":{"rendered":"Viaje de 6 d\u00edas de T\u00e1nger a Marrakech"},"content":{"rendered":"<body><p><\/p>\n<h2>Tour de 6 d\u00edas de T\u00e1nger al desierto y Marrakech:<\/h2>\n<h3>Excursion de 6 d\u00edas por el desierto de T\u00e1nger a Marrakech \/ T\u00e1nger a Marrakech por el desierto del Sahara 6 d\u00edas<\/h3>\n<h3>Descripci\u00f3n:<\/h3>\n<p style=\"text-align: justify;\">Este tour de 6 d\u00edas de T\u00e1nger a Marrakech, le har\u00e1 visitar los lugares m\u00e1s bellos de Marruecos, comenzar con la ciudad bleu (Chefchaouen), la capital hist\u00f3rica (Fes), el desierto del Sahara (Merzouga), el Hollywood de Marruecos ( Ouarzazate) y luego el rojo Marrakech\u2026 Excursion de 6-dia desde Tanger al desierto y Marrakech \/ Ruta de 6 dias desde Tanger \/ Viaje por el desiert desde Tanger a Marrakech.<\/p>\n<p><img data-recalc-dims=\"1\" decoding=\"async\" class=\"size-medium wp-image-823 aligncenter\" src=\"https:\/\/i0.wp.com\/moroccotouroperator.com\/es\/wp-content\/uploads\/2021\/06\/72268653_688403145013021_7622098459779519306_n-1.jpg?resize=300%2C186\" alt=\"tour de 6 dias desde Tanger al desierto y Marrakech\" width=\"300\" height=\"186\" loading=\"lazy\" srcset=\"https:\/\/i0.wp.com\/moroccotouroperator.com\/es\/wp-content\/uploads\/2021\/06\/72268653_688403145013021_7622098459779519306_n-1.jpg?resize=300%2C186&amp;ssl=1 300w, https:\/\/i0.wp.com\/moroccotouroperator.com\/es\/wp-content\/uploads\/2021\/06\/72268653_688403145013021_7622098459779519306_n-1.jpg?resize=1024%2C634&amp;ssl=1 1024w, https:\/\/i0.wp.com\/moroccotouroperator.com\/es\/wp-content\/uploads\/2021\/06\/72268653_688403145013021_7622098459779519306_n-1.jpg?resize=768%2C476&amp;ssl=1 768w, https:\/\/i0.wp.com\/moroccotouroperator.com\/es\/wp-content\/uploads\/2021\/06\/72268653_688403145013021_7622098459779519306_n-1.jpg?resize=236%2C146&amp;ssl=1 236w, https:\/\/i0.wp.com\/moroccotouroperator.com\/es\/wp-content\/uploads\/2021\/06\/72268653_688403145013021_7622098459779519306_n-1.jpg?resize=50%2C31&amp;ssl=1 50w, https:\/\/i0.wp.com\/moroccotouroperator.com\/es\/wp-content\/uploads\/2021\/06\/72268653_688403145013021_7622098459779519306_n-1.jpg?resize=121%2C75&amp;ssl=1 121w, https:\/\/i0.wp.com\/moroccotouroperator.com\/es\/wp-content\/uploads\/2021\/06\/72268653_688403145013021_7622098459779519306_n-1.jpg?w=1077&amp;ssl=1 1077w\" sizes=\"(max-width: 300px) 100vw, 300px\" \/><\/p>\n<h3>Informaci\u00f3n:<\/h3>\n<ul>\n<li>Duraci\u00f3n: 6 D\u00edas \/ 5 Noches<\/li>\n<li>Punto de partida: T\u00e1nger<\/li>\n<li>-Punto de finalizaci\u00f3n: Marrakech<\/li>\n<li>Puntos destacados:<\/li>\n<li>explorar la ciudad de Blew y Volubilis<\/li>\n<li>Visitar Fez<\/li>\n<li>Visitar el bosque de cedros de Azerou<\/li>\n<li>Atravesar el Atlas<\/li>\n<li>Pasar una noche de campamento en el desierto<\/li>\n<li>Caminar por las gargantas<\/li>\n<li>Visitar la famosa Kasbah de Marruecos<\/li>\n<\/ul>\n<h3><img data-recalc-dims=\"1\" decoding=\"async\" class=\"size-medium wp-image-824 aligncenter\" src=\"https:\/\/i0.wp.com\/moroccotouroperator.com\/es\/wp-content\/uploads\/2021\/06\/41955926_1408675609234782_6463284442846687833_n.jpg?resize=300%2C204\" alt=\"\" width=\"300\" height=\"204\" loading=\"lazy\" srcset=\"https:\/\/i0.wp.com\/moroccotouroperator.com\/es\/wp-content\/uploads\/2021\/06\/41955926_1408675609234782_6463284442846687833_n.jpg?resize=300%2C204&amp;ssl=1 300w, https:\/\/i0.wp.com\/moroccotouroperator.com\/es\/wp-content\/uploads\/2021\/06\/41955926_1408675609234782_6463284442846687833_n.jpg?resize=1024%2C695&amp;ssl=1 1024w, https:\/\/i0.wp.com\/moroccotouroperator.com\/es\/wp-content\/uploads\/2021\/06\/41955926_1408675609234782_6463284442846687833_n.jpg?resize=768%2C521&amp;ssl=1 768w, https:\/\/i0.wp.com\/moroccotouroperator.com\/es\/wp-content\/uploads\/2021\/06\/41955926_1408675609234782_6463284442846687833_n.jpg?resize=215%2C146&amp;ssl=1 215w, https:\/\/i0.wp.com\/moroccotouroperator.com\/es\/wp-content\/uploads\/2021\/06\/41955926_1408675609234782_6463284442846687833_n.jpg?resize=50%2C34&amp;ssl=1 50w, https:\/\/i0.wp.com\/moroccotouroperator.com\/es\/wp-content\/uploads\/2021\/06\/41955926_1408675609234782_6463284442846687833_n.jpg?resize=111%2C75&amp;ssl=1 111w, https:\/\/i0.wp.com\/moroccotouroperator.com\/es\/wp-content\/uploads\/2021\/06\/41955926_1408675609234782_6463284442846687833_n.jpg?w=1080&amp;ssl=1 1080w\" sizes=\"(max-width: 300px) 100vw, 300px\" \/><\/h3>\n<h3>Programa del viaje de 6 d\u00edas de T\u00e1nger a Marrakech:<\/h3>\n<h4>D\u00eda 1: T\u00e1nger \u2013 Chefchaouen<\/h4>\n<p style=\"text-align: justify;\">En el primer d\u00eda de nuestro tour de 6 d\u00edas de T\u00e1nger a Marrakech, le recogeremos en el aeropuerto o en el puerto, y luego nos dirigiremos a Chefchaouen. En el camino, cruzaremos las monta\u00f1as del Rif y podr\u00e1 disfrutar de las maravillosas vistas de estas monta\u00f1as. A continuaci\u00f3n, continuamos hacia la ciudad azul. Noche en Riad\/ Hotel.<\/p>\n<h4>D\u00eda 2: Chefchaouen \u2013 Meknes \u2013 Fes<\/h4>\n<p style=\"text-align: justify;\">Despu\u00e9s de desayunar, comenzamos nuestro viaje a Volubilis y exploramos las ruinas de la ciudad romana. A continuaci\u00f3n, continuamos hacia Meknes para visitar la antigua Medina con su hermosa Tumba de Moulay Ismail y pasear por las hist\u00f3ricas y enormes murallas, incluida Bab Mansour. A continuaci\u00f3n, nos dirigimos a Fez, donde pasaremos la noche en un c\u00f3modo alojamiento.<\/p>\n<h4>D\u00eda 3: Medina guiada de Fez \u2013 Ifrane \u2013 Midelt<\/h4>\n<p style=\"text-align: justify;\">Hoy por la ma\u00f1ana tendr\u00e1 una visita guiada para descubrir la ciudad antigua, ver\u00e1 las curtidur\u00edas locales, el palacio real, las mezquitas, los coloridos zocos y los principales monumentos \u2013 La Madrassa Attarine, las residencias y la fuente Nejjarine. Tambi\u00e9n visitaremos la cooperativa de cer\u00e1mica para ver la artesan\u00eda tradicional marroqu\u00ed. Despu\u00e9s, nos dirigiremos a Midelt. En el camino, nos detendremos en Ifrane, llamada la \u201cSuiza de Marruecos\u201d en el Medio Atlas. Tambi\u00e9n es un lugar encantador en Marruecos. A continuaci\u00f3n, le llevaremos a visitar Azrou, donde tambi\u00e9n podremos observar a los monos de Berber\u00eda en el bosque de cedros cercano.<\/p>\n<h4>D\u00cdA 4: Midelt \u2013 Errachidia \u2013 Valle del Ziz \u2013 Desierto de Merzouga<\/h4>\n<p style=\"text-align: justify;\">Despu\u00e9s del desayuno, continuamos nuestro tour de 6 d\u00edas de T\u00e1nger a Marrakech a trav\u00e9s del desierto de Merzouga, conduciremos a trav\u00e9s de las monta\u00f1as del Medio Atlas donde hay maravillosos paisajes, tambi\u00e9n tendremos paradas en muchas vistas panor\u00e1micas. Adem\u00e1s, disfrutaremos de la vista de la hermosa panor\u00e1mica del Valle del Ziz de camino a Erfoud, luego cuando lleguemos al desierto de Merzouga, comenzaremos nuestra caminata en camello hasta el campamento a trav\u00e9s de las dunas de arena de Erg Chebbi. Adem\u00e1s, de camino al campamento, haremos una parada para disfrutar de la mejor puesta de sol sobre una gran duna. Noche en el campamento del desierto con cena y desayuno.<\/p>\n<h4>D\u00cdA 5: Desierto de Merzouga \u2013 Garganta del Todra \u2013 Garganta del Dades<\/h4>\n<p style=\"text-align: justify;\">A primera hora de la ma\u00f1ana se despertar\u00e1 y disfrutar\u00e1 de la mejor salida del sol de su vida. Despu\u00e9s de desayunar, volver\u00e9is a montar en camello hasta el hotel para encontraros con vuestro conductor, para luego continuar hacia Rissani. All\u00ed visitaremos su mercado tradicional y nos dirigiremos a Tinghir y a las impresionantes Gargantas del Todra, las m\u00e1s altas y estrechas de Marruecos. Adem\u00e1s, las Gargantas del Todra son un lugar maravilloso para hacer senderismo y relajarse al borde del valle. A continuaci\u00f3n, nos dirigiremos a las Gargantas del Dades donde pasaremos la noche con cena y desayuno.<\/p>\n<h4>D\u00cdA 6: Dades \u2013 Ouarzazate \u2013 Ait BenHaddou \u2013 Marrakech<\/h4>\n<p style=\"text-align: justify;\">En el \u00faltimo d\u00eda de nuestro tour de 6 d\u00edas de T\u00e1nger a Marrakech, despu\u00e9s del desayuno, visitaremos el valle del Dades, luego el valle de las Rosas y los estudios de cine de Ouarzazate. A partir de entonces, seguimos para explorar la famosa Kasbah en Marruecos, Ait Ben Haddou Kasbah, que es Patrimonio de la Humanidad por la UNESCO. A continuaci\u00f3n, nos dirigimos a Marrakech a trav\u00e9s del Alto Atlas. A continuaci\u00f3n, le dejaremos en su alojamiento en <a href=\"https:\/\/es.wikipedia.org\/wiki\/Marrakech\">Marrakech<\/a>.<\/p>\n<p>\u00a0<\/p>\n<h3>Incluido en nuestro tour de 6 d\u00edas de T\u00e1nger a Marrakech:<\/h3>\n<ul>\n<li>Recogida en su punto de partida.<\/li>\n<li>Tour privado desde T\u00e1nger en un c\u00f3modo veh\u00edculo con aire acondicionado.<\/li>\n<li>El conductor habla espa\u00f1ol.<\/li>\n<li>Viaje en camello al campamento del desierto de Merzouga \u2013 1 camello por cada persona.<\/li>\n<li>Alojamiento en riad \/ hotel<\/li>\n<li>Noche en el campamento del Sahara con cena y desayuno.<\/li>\n<\/ul>\n<h3>No incluye:<\/h3>\n<ul>\n<li>Billetes de avi\u00f3n.<\/li>\n<li>Todos los almuerzos y bebidas.<\/li>\n<li>Entradas y tickets, propinas.<\/li>\n<\/ul>\n<h3>C\u00f3mo reservar este tour de 6 d\u00edas de T\u00e1nger a Marrakech?<\/h3>\n<p>No dude en ponerse en contacto con nosotros para la gira real de T\u00e1nger por correo electr\u00f3nico o WhatsApp.<\/p>\n<h4>*Nota:<\/h4>\n<p>Si usted tiene m\u00e1s tiempo y quiere ver m\u00e1s lugares en Marruecos desde T\u00e1nger, <a href=\"http:\/\/moroccotouroperator.com\/es\/\">haga clic aqu\u00ed<\/a>.<\/p>\n<p><img data-recalc-dims=\"1\" decoding=\"async\" class=\"size-medium wp-image-825 aligncenter\" src=\"https:\/\/i0.wp.com\/moroccotouroperator.com\/es\/wp-content\/uploads\/2021\/06\/193058876_907838143133526_2067669506243859984_n-1.jpg?resize=300%2C201\" alt=\"6 dias de Tangier a Marrakech\" width=\"300\" height=\"201\" loading=\"lazy\" srcset=\"https:\/\/i0.wp.com\/moroccotouroperator.com\/es\/wp-content\/uploads\/2021\/06\/193058876_907838143133526_2067669506243859984_n-1.jpg?resize=300%2C201&amp;ssl=1 300w, https:\/\/i0.wp.com\/moroccotouroperator.com\/es\/wp-content\/uploads\/2021\/06\/193058876_907838143133526_2067669506243859984_n-1.jpg?resize=1024%2C686&amp;ssl=1 1024w, https:\/\/i0.wp.com\/moroccotouroperator.com\/es\/wp-content\/uploads\/2021\/06\/193058876_907838143133526_2067669506243859984_n-1.jpg?resize=768%2C515&amp;ssl=1 768w, https:\/\/i0.wp.com\/moroccotouroperator.com\/es\/wp-content\/uploads\/2021\/06\/193058876_907838143133526_2067669506243859984_n-1.jpg?resize=218%2C146&amp;ssl=1 218w, https:\/\/i0.wp.com\/moroccotouroperator.com\/es\/wp-content\/uploads\/2021\/06\/193058876_907838143133526_2067669506243859984_n-1.jpg?resize=50%2C34&amp;ssl=1 50w, https:\/\/i0.wp.com\/moroccotouroperator.com\/es\/wp-content\/uploads\/2021\/06\/193058876_907838143133526_2067669506243859984_n-1.jpg?resize=112%2C75&amp;ssl=1 112w, https:\/\/i0.wp.com\/moroccotouroperator.com\/es\/wp-content\/uploads\/2021\/06\/193058876_907838143133526_2067669506243859984_n-1.jpg?w=1064&amp;ssl=1 1064w\" sizes=\"(max-width: 300px) 100vw, 300px\" \/><\/p>\n<\/body>","protected":false},"excerpt":{"rendered":"<p>Tour de 6 d\u00edas de T\u00e1nger al desierto y Marrakech: Excursion de 6 d\u00edas por el desierto de T\u00e1nger a Marrakech \/ T\u00e1nger a Marrakech por<span class=\"excerpt-hellip\"> [\u2026]<\/span><\/p>\n","protected":false},"author":1,"featured_media":822,"parent":0,"menu_order":0,"comment_status":"closed","ping_status":"closed","template":"","meta":{"footnotes":""},"class_list":["post-128","page","type-page","status-publish","has-post-thumbnail","hentry"],"yoast_head":"<!-- This site is optimized with the Yoast SEO plugin v25.6 - https:\/\/yoast.com\/wordpress\/plugins\/seo\/ -->\n<title>Viaje de 6 d\u00edas de T\u00e1nger a Marrakech \/ Ruta desde Tanger al desierto<\/title>\n<meta name=\"description\" content=\"Viaje de 6 d\u00edas de T\u00e1nger a Marrakech le llevar\u00e1 del norte al sur de Marruecos y experimentar\u00e1 el senderismo, la exploraci\u00f3n de las Kasbahs.\" \/>\n<meta name=\"robots\" content=\"index, follow, max-snippet:-1, max-image-preview:large, max-video-preview:-1\" \/>\n<link rel=\"canonical\" href=\"https:\/\/moroccotouroperator.com\/es\/viaje-de-6-dias-de-tanger-a-marrakech\/\" \/>\n<meta property=\"og:locale\" content=\"en_US\" \/>\n<meta property=\"og:type\" content=\"article\" \/>\n<meta property=\"og:title\" content=\"Viaje de 6 d\u00edas de T\u00e1nger a Marrakech \/ Ruta desde Tanger al desierto\" \/>\n<meta property=\"og:description\" content=\"Viaje de 6 d\u00edas de T\u00e1nger a Marrakech le llevar\u00e1 del norte al sur de Marruecos y experimentar\u00e1 el senderismo, la exploraci\u00f3n de las Kasbahs.\" \/>\n<meta property=\"og:url\" content=\"https:\/\/moroccotouroperator.com\/es\/viaje-de-6-dias-de-tanger-a-marrakech\/\" \/>\n<meta property=\"og:site_name\" content=\"Morocco Tour Operator\" \/>\n<meta property=\"article:modified_time\" content=\"2021-06-08T13:41:27+00:00\" \/>\n<meta property=\"og:image\" content=\"https:\/\/i0.wp.com\/moroccotouroperator.com\/es\/wp-content\/uploads\/2021\/06\/60845805_1761829860619489_47324704959863498_n.jpg?fit=1070%2C567&ssl=1\" \/>\n\t<meta property=\"og:image:width\" content=\"1070\" \/>\n\t<meta property=\"og:image:height\" content=\"567\" \/>\n\t<meta property=\"og:image:type\" content=\"image\/jpeg\" \/>\n<meta name=\"twitter:card\" content=\"summary_large_image\" \/>\n<meta name=\"twitter:label1\" content=\"Est. reading time\" \/>\n\t<meta name=\"twitter:data1\" content=\"5 minutes\" \/>\n<script type=\"application\/ld+json\" class=\"yoast-schema-graph\">{\"@context\":\"https:\/\/schema.org\",\"@graph\":[{\"@type\":\"WebPage\",\"@id\":\"https:\/\/moroccotouroperator.com\/es\/viaje-de-6-dias-de-tanger-a-marrakech\/\",\"url\":\"https:\/\/moroccotouroperator.com\/es\/viaje-de-6-dias-de-tanger-a-marrakech\/\",\"name\":\"Viaje de 6 d\u00edas de T\u00e1nger a Marrakech \/ Ruta desde Tanger al desierto\",\"isPartOf\":{\"@id\":\"https:\/\/moroccotouroperator.com\/es\/#website\"},\"primaryImageOfPage\":{\"@id\":\"https:\/\/moroccotouroperator.com\/es\/viaje-de-6-dias-de-tanger-a-marrakech\/#primaryimage\"},\"image\":{\"@id\":\"https:\/\/moroccotouroperator.com\/es\/viaje-de-6-dias-de-tanger-a-marrakech\/#primaryimage\"},\"thumbnailUrl\":\"https:\/\/i0.wp.com\/moroccotouroperator.com\/es\/wp-content\/uploads\/2021\/06\/60845805_1761829860619489_47324704959863498_n.jpg?fit=1070%2C567&ssl=1\",\"datePublished\":\"2020-10-10T18:30:31+00:00\",\"dateModified\":\"2021-06-08T13:41:27+00:00\",\"description\":\"Viaje de 6 d\u00edas de T\u00e1nger a Marrakech le llevar\u00e1 del norte al sur de Marruecos y experimentar\u00e1 el senderismo, la exploraci\u00f3n de las Kasbahs.\",\"breadcrumb\":{\"@id\":\"https:\/\/moroccotouroperator.com\/es\/viaje-de-6-dias-de-tanger-a-marrakech\/#breadcrumb\"},\"inLanguage\":\"en-US\",\"potentialAction\":[{\"@type\":\"ReadAction\",\"target\":[\"https:\/\/moroccotouroperator.com\/es\/viaje-de-6-dias-de-tanger-a-marrakech\/\"]}]},{\"@type\":\"ImageObject\",\"inLanguage\":\"en-US\",\"@id\":\"https:\/\/moroccotouroperator.com\/es\/viaje-de-6-dias-de-tanger-a-marrakech\/#primaryimage\",\"url\":\"https:\/\/i0.wp.com\/moroccotouroperator.com\/es\/wp-content\/uploads\/2021\/06\/60845805_1761829860619489_47324704959863498_n.jpg?fit=1070%2C567&ssl=1\",\"contentUrl\":\"https:\/\/i0.wp.com\/moroccotouroperator.com\/es\/wp-content\/uploads\/2021\/06\/60845805_1761829860619489_47324704959863498_n.jpg?fit=1070%2C567&ssl=1\",\"width\":1070,\"height\":567,\"caption\":\"6 dias de Tanger a Marrakech\"},{\"@type\":\"BreadcrumbList\",\"@id\":\"https:\/\/moroccotouroperator.com\/es\/viaje-de-6-dias-de-tanger-a-marrakech\/#breadcrumb\",\"itemListElement\":[{\"@type\":\"ListItem\",\"position\":1,\"name\":\"Home\",\"item\":\"https:\/\/moroccotouroperator.com\/es\/\"},{\"@type\":\"ListItem\",\"position\":2,\"name\":\"Viaje de 6 d\u00edas de T\u00e1nger a Marrakech\"}]},{\"@type\":\"WebSite\",\"@id\":\"https:\/\/moroccotouroperator.com\/es\/#website\",\"url\":\"https:\/\/moroccotouroperator.com\/es\/\",\"name\":\"Morocco Tour Operator\",\"description\":\"Morocco Private Desert Tours\",\"potentialAction\":[{\"@type\":\"SearchAction\",\"target\":{\"@type\":\"EntryPoint\",\"urlTemplate\":\"https:\/\/moroccotouroperator.com\/es\/?s={search_term_string}\"},\"query-input\":{\"@type\":\"PropertyValueSpecification\",\"valueRequired\":true,\"valueName\":\"search_term_string\"}}],\"inLanguage\":\"en-US\"}]}<\/script>\n<!-- \/ Yoast SEO plugin. -->","yoast_head_json":{"title":"Viaje de 6 d\u00edas de T\u00e1nger a Marrakech \/ Ruta desde Tanger al desierto","description":"Viaje de 6 d\u00edas de T\u00e1nger a Marrakech le llevar\u00e1 del norte al sur de Marruecos y experimentar\u00e1 el senderismo, la exploraci\u00f3n de las Kasbahs.","robots":{"index":"index","follow":"follow","max-snippet":"max-snippet:-1","max-image-preview":"max-image-preview:large","max-video-preview":"max-video-preview:-1"},"canonical":"https:\/\/moroccotouroperator.com\/es\/viaje-de-6-dias-de-tanger-a-marrakech\/","og_locale":"en_US","og_type":"article","og_title":"Viaje de 6 d\u00edas de T\u00e1nger a Marrakech \/ Ruta desde Tanger al desierto","og_description":"Viaje de 6 d\u00edas de T\u00e1nger a Marrakech le llevar\u00e1 del norte al sur de Marruecos y experimentar\u00e1 el senderismo, la exploraci\u00f3n de las Kasbahs.","og_url":"https:\/\/moroccotouroperator.com\/es\/viaje-de-6-dias-de-tanger-a-marrakech\/","og_site_name":"Morocco Tour Operator","article_modified_time":"2021-06-08T13:41:27+00:00","og_image":[{"width":1070,"height":567,"url":"https:\/\/i0.wp.com\/moroccotouroperator.com\/es\/wp-content\/uploads\/2021\/06\/60845805_1761829860619489_47324704959863498_n.jpg?fit=1070%2C567&ssl=1","type":"image\/jpeg"}],"twitter_card":"summary_large_image","twitter_misc":{"Est. reading time":"5 minutes"},"schema":{"@context":"https:\/\/schema.org","@graph":[{"@type":"WebPage","@id":"https:\/\/moroccotouroperator.com\/es\/viaje-de-6-dias-de-tanger-a-marrakech\/","url":"https:\/\/moroccotouroperator.com\/es\/viaje-de-6-dias-de-tanger-a-marrakech\/","name":"Viaje de 6 d\u00edas de T\u00e1nger a Marrakech \/ Ruta desde Tanger al desierto","isPartOf":{"@id":"https:\/\/moroccotouroperator.com\/es\/#website"},"primaryImageOfPage":{"@id":"https:\/\/moroccotouroperator.com\/es\/viaje-de-6-dias-de-tanger-a-marrakech\/#primaryimage"},"image":{"@id":"https:\/\/moroccotouroperator.com\/es\/viaje-de-6-dias-de-tanger-a-marrakech\/#primaryimage"},"thumbnailUrl":"https:\/\/i0.wp.com\/moroccotouroperator.com\/es\/wp-content\/uploads\/2021\/06\/60845805_1761829860619489_47324704959863498_n.jpg?fit=1070%2C567&ssl=1","datePublished":"2020-10-10T18:30:31+00:00","dateModified":"2021-06-08T13:41:27+00:00","description":"Viaje de 6 d\u00edas de T\u00e1nger a Marrakech le llevar\u00e1 del norte al sur de Marruecos y experimentar\u00e1 el senderismo, la exploraci\u00f3n de las Kasbahs.","breadcrumb":{"@id":"https:\/\/moroccotouroperator.com\/es\/viaje-de-6-dias-de-tanger-a-marrakech\/#breadcrumb"},"inLanguage":"en-US","potentialAction":[{"@type":"ReadAction","target":["https:\/\/moroccotouroperator.com\/es\/viaje-de-6-dias-de-tanger-a-marrakech\/"]}]},{"@type":"ImageObject","inLanguage":"en-US","@id":"https:\/\/moroccotouroperator.com\/es\/viaje-de-6-dias-de-tanger-a-marrakech\/#primaryimage","url":"https:\/\/i0.wp.com\/moroccotouroperator.com\/es\/wp-content\/uploads\/2021\/06\/60845805_1761829860619489_47324704959863498_n.jpg?fit=1070%2C567&ssl=1","contentUrl":"https:\/\/i0.wp.com\/moroccotouroperator.com\/es\/wp-content\/uploads\/2021\/06\/60845805_1761829860619489_47324704959863498_n.jpg?fit=1070%2C567&ssl=1","width":1070,"height":567,"caption":"6 dias de Tanger a Marrakech"},{"@type":"BreadcrumbList","@id":"https:\/\/moroccotouroperator.com\/es\/viaje-de-6-dias-de-tanger-a-marrakech\/#breadcrumb","itemListElement":[{"@type":"ListItem","position":1,"name":"Home","item":"https:\/\/moroccotouroperator.com\/es\/"},{"@type":"ListItem","position":2,"name":"Viaje de 6 d\u00edas de T\u00e1nger a Marrakech"}]},{"@type":"WebSite","@id":"https:\/\/moroccotouroperator.com\/es\/#website","url":"https:\/\/moroccotouroperator.com\/es\/","name":"Morocco Tour Operator","description":"Morocco Private Desert Tours","potentialAction":[{"@type":"SearchAction","target":{"@type":"EntryPoint","urlTemplate":"https:\/\/moroccotouroperator.com\/es\/?s={search_term_string}"},"query-input":{"@type":"PropertyValueSpecification","valueRequired":true,"valueName":"search_term_string"}}],"inLanguage":"en-US"}]}},"jetpack_sharing_enabled":true,"_links":{"self":[{"href":"https:\/\/moroccotouroperator.com\/es\/wp-json\/wp\/v2\/pages\/128"}],"collection":[{"href":"https:\/\/moroccotouroperator.com\/es\/wp-json\/wp\/v2\/pages"}],"about":[{"href":"https:\/\/moroccotouroperator.com\/es\/wp-json\/wp\/v2\/types\/page"}],"author":[{"embeddable":true,"href":"https:\/\/moroccotouroperator.com\/es\/wp-json\/wp\/v2\/users\/1"}],"replies":[{"embeddable":true,"href":"https:\/\/moroccotouroperator.com\/es\/wp-json\/wp\/v2\/comments?post=128"}],"version-history":[{"count":8,"href":"https:\/\/moroccotouroperator.com\/es\/wp-json\/wp\/v2\/pages\/128\/revisions"}],"predecessor-version":[{"id":878,"href":"https:\/\/moroccotouroperator.com\/es\/wp-json\/wp\/v2\/pages\/128\/revisions\/878"}],"wp:featuredmedia":[{"embeddable":true,"href":"https:\/\/moroccotouroperator.com\/es\/wp-json\/wp\/v2\/media\/822"}],"wp:attachment":[{"href":"https:\/\/moroccotouroperator.com\/es\/wp-json\/wp\/v2\/media?parent=128"}],"curies":[{"name":"wp","href":"https:\/\/api.w.org\/{rel}","templated":true}]}}