{"id":122,"date":"2020-10-10T18:27:53","date_gmt":"2020-10-10T18:27:53","guid":{"rendered":"https:\/\/rutasdesierto.com\/trips\/?page_id=122"},"modified":"2024-07-19T10:10:18","modified_gmt":"2024-07-19T10:10:18","slug":"ruta-de-5-dias-desde-casablanca","status":"publish","type":"page","link":"https:\/\/moroccotouroperator.com\/es\/ruta-de-5-dias-desde-casablanca\/","title":{"rendered":"Ruta de 5 d\u00edas desde Casablanca"},"content":{"rendered":"<body><p><\/p>\n<h1>Ruta de 5 d\u00edas desde Casablanca:<\/h1>\n<h2>Tour de 5 d\u00edas por el desierto desde Casablanca \/ Viaje de 5 d\u00edas desde Casablanca por el desierto del Sahara y Marrakech<\/h2>\n<h3>Descripci\u00f3n:<\/h3>\n<p style=\"text-align: justify;\">Este ruta de 5 d\u00edas desde Casablanca es una gran opci\u00f3n para explorar el reino de Marruecos. Aqu\u00ed, usted visitar\u00e1 las principales ciudades imperiales marroqu\u00edes con su antigua historia. Tambi\u00e9n, conducir\u00e1 a trav\u00e9s de los mayores bosques de cedros de Marruecos y las monta\u00f1as del Atlas. Adem\u00e1s, montar\u00e1 en camello en el desierto del Sahara, pasar\u00e1 una noche inolvidable en el campamento del desierto y disfrutar\u00e1 viendo la mejor puesta y salida del sol, tocar\u00e1 los tambores alrededor del fuego y bajo un cielo estrellado. Adem\u00e1s, visitar\u00e1 el valle de los palmerales, el valle de las rosas y las gargantas. Tambien, la kasbah patrimonio de la humanidad y las incre\u00edbles vistas panor\u00e1micas de los pueblos bereberes\u20265-dia Viaje al desierto desde Marrakech \/ 5 dias de excursi\u00f3n desde Casablanaca.<\/p>\n<h3>Itinerario:<\/h3>\n<ul>\n<li>Casablanca \u2013 Meknes \u2013 Midelt.<\/li>\n<li>Midelt \u2013 Valle del Ziz \u2013 Desierto de Merzouga.<\/li>\n<li>Desierto de Merzouga \u2013 Rissani \u2013 Gargantas del Dades.<\/li>\n<li>Gargantas del Dades \u2013 Ait Ben Haddou \u2013 Marrakech.<\/li>\n<li>Marrakech \u2013 Exploraci\u00f3n de la ciudad y traslado a Casablanca.<\/li>\n<\/ul>\n<h3>Informaci\u00f3n:<\/h3>\n<ul>\n<li>Duraci\u00f3n: 5 D\u00edas \/ 4 Noches<\/li>\n<li>Punto de partida: Casablanca<\/li>\n<li>Punto de finalizaci\u00f3n: Casablanca<\/li>\n<\/ul>\n<h3>Puntos destacados:<\/h3>\n<ul>\n<li>Visitar el bosque de cedros de Azrou<\/li>\n<li>Cruzar las monta\u00f1as del Atlas<\/li>\n<li>Pasar una noche de campamento en el desierto<\/li>\n<li>Caminar por las gargantas<\/li>\n<li>Visitar la famosa Kasbah de Marruecos<\/li>\n<\/ul>\n<p><img data-recalc-dims=\"1\" decoding=\"async\" class=\"size-medium wp-image-789 aligncenter\" src=\"https:\/\/i0.wp.com\/moroccotouroperator.com\/es\/wp-content\/uploads\/2021\/06\/195839702_787848628584789_2031141397837764568_n-1.jpg?resize=300%2C162\" alt=\"5 diasde viaje desde Casablanca\" width=\"300\" height=\"162\" loading=\"lazy\" srcset=\"https:\/\/i0.wp.com\/moroccotouroperator.com\/es\/wp-content\/uploads\/2021\/06\/195839702_787848628584789_2031141397837764568_n-1.jpg?resize=300%2C162&amp;ssl=1 300w, https:\/\/i0.wp.com\/moroccotouroperator.com\/es\/wp-content\/uploads\/2021\/06\/195839702_787848628584789_2031141397837764568_n-1.jpg?resize=1024%2C553&amp;ssl=1 1024w, https:\/\/i0.wp.com\/moroccotouroperator.com\/es\/wp-content\/uploads\/2021\/06\/195839702_787848628584789_2031141397837764568_n-1.jpg?resize=768%2C415&amp;ssl=1 768w, https:\/\/i0.wp.com\/moroccotouroperator.com\/es\/wp-content\/uploads\/2021\/06\/195839702_787848628584789_2031141397837764568_n-1.jpg?resize=260%2C140&amp;ssl=1 260w, https:\/\/i0.wp.com\/moroccotouroperator.com\/es\/wp-content\/uploads\/2021\/06\/195839702_787848628584789_2031141397837764568_n-1.jpg?resize=50%2C27&amp;ssl=1 50w, https:\/\/i0.wp.com\/moroccotouroperator.com\/es\/wp-content\/uploads\/2021\/06\/195839702_787848628584789_2031141397837764568_n-1.jpg?resize=139%2C75&amp;ssl=1 139w, https:\/\/i0.wp.com\/moroccotouroperator.com\/es\/wp-content\/uploads\/2021\/06\/195839702_787848628584789_2031141397837764568_n-1.jpg?w=1052&amp;ssl=1 1052w\" sizes=\"(max-width: 300px) 100vw, 300px\" \/><\/p>\n<h3>Programa de nuestro ruta de 5 d\u00edas desde Casablanca<\/h3>\n<h4>D\u00eda 1: Casablanca \u2013 Meknes \u2013 Azrou \u2013 Midelt :<\/h4>\n<p style=\"text-align: justify;\">En el primer d\u00eda de nuestro tour de 5 d\u00edas de Casablanca a Marrakech a trav\u00e9s del desierto de Merzouga, nuestro conductor le recoger\u00e1 en el punto de partida en Casablanca. Despu\u00e9s, partiremos por el camino alto y disfrutaremos de los hermosos paisajes en nuestro camino hacia Volubilis. Aqu\u00ed, exploraremos las bien conservadas ruinas imperiales de la ciudad romana. A continuaci\u00f3n, continuamos hacia Meknes para visitar la antigua Medina con su hermosa Tumba de Moulay Ismail, Bab Mansour que fue construida por el sult\u00e1n Ismail. Tambi\u00e9n visitamos el Sahrij Souani utilizado para el riego, la plantaci\u00f3n y la Plaza de Lehdim. A continuaci\u00f3n, nos dirigimos a visitar los bosques de cedros m\u00e1s grandes de Marruecos que se encuentra en Azrou y las especies especiales de monos nativos que viven en los bosques de cedros. Luego, terminamos nuestro camino hacia la capital de la manzana donde pasaremos la noche.<\/p>\n<h4>D\u00cdA 2: Midelt \u2013 Valle del Ziz \u2013 Erfoud \u2013 Desierto de Merzouga :<\/h4>\n<p style=\"text-align: justify;\">Despu\u00e9s del desayuno, empezaremos a conducir hacia el desierto del Sahara a trav\u00e9s del paso de \u201cTizi N\u2019 Talghoumt\u201d. En las monta\u00f1as del Atlas, tendremos paradas en muchas vistas panor\u00e1micas para disfrutar de los hermosos paisajes. Luego, continuamos hacia Errachidia donde nos detendremos para disfrutar de su gran presa y de la maravillosa vista de los palmerales de su Ziz Valey. A continuaci\u00f3n, llegamos a Erfoud o la capital de los d\u00e1tiles, que tambi\u00e9n es famosa por las f\u00e1bricas de los f\u00f3siles. Despu\u00e9s, llegaremos al desierto de Merzouga por la tarde. A partir de aqu\u00ed, comenzaremos la excursi\u00f3n en camello con un gu\u00eda local para experimentar las dunas de Erg Chebbi.<\/p>\n<p style=\"text-align: justify;\">Por el camino, le llevar\u00e1 al mejor lugar donde podr\u00e1 disfrutar de la mejor puesta de sol de su vida. En el campamento, el personal le dar\u00e1 la bienvenida con una taza de t\u00e9 a la menta y pasar\u00e1 la noche en el campamento del desierto.<\/p>\n<h4>D\u00cdA 3: Merzouga \u2013 Touroug \u2013 Gargantas del Todra \u2013 Gargantas del Dades:<\/h4>\n<p style=\"text-align: justify;\">Por la ma\u00f1ana temprano, el personal del campamento le despertar\u00e1 a la hora adecuada para disfrutar del cielo rojo y de la puesta de sol de su vida. A continuaci\u00f3n, realizaremos una tranquila excursi\u00f3n en camello hasta el pueblo de Merzouga, donde nos reuniremos con nuestro conductor. Luego, nos dirigiremos a Rissani para visitar su mercado tradicional semanal, que es uno de los d\u00edas de mercado (domingo, martes y jueves). A continuaci\u00f3n, pasaremos por peque\u00f1os pueblos bereberes como Touroug, Tinjdad, y luego por la ciudad de Tinghir, donde nos detendremos para admirar su hermosa vista de sus paisajes verdes y sus antiguas kasbahs demolidas. Adem\u00e1s, llegamos a las Gargantas del Todra, el famoso lugar para los escaladores. Aqu\u00ed, caminamos un poco al lado del valle que cruza los dos estrechos. Despu\u00e9s, continuamos hacia las gargantas del Dades para pasar la noche en un hotel o riad local.<\/p>\n<h4>D\u00cdA 4: Gargantas del Dades \u2013 Valle de las Rosas \u2013 Ait Ben Haddou \u2013 Marrakech:<\/h4>\n<p style=\"text-align: justify;\">Despu\u00e9s del desayuno, nuestro tour de 5 d\u00edas desde Casablanca a trav\u00e9s del desierto de Merzouga contin\u00faa explorando el valle del Dades con su famosa monta\u00f1a que es conocida como la \u201cMonta\u00f1a de los monos de los dedos\u201d. A continuaci\u00f3n, viajaremos a la ciudad de las Rosas, donde exploraremos c\u00f3mo las mujeres hacen el agua de rosas y conduciremos a trav\u00e9s de la \u201cRuta de las mil Kasbahs\u201d. A continuaci\u00f3n, visitaremos el palmeral de Skoura, <a href=\"http:\/\/www.ciudades.co\/marruecos\/ciudad_ouarzazate_45000.html\">Ouarzazate<\/a> y sus estudios cinematogr\u00e1ficos locales de Hollywood. Adem\u00e1s, la famosa Kasbah de Marruecos Ait Ben Haddou Kasbah que es el lugar m\u00e1s visitado de todo el pa\u00eds. A continuaci\u00f3n, tomaremos la carretera por el camino recientemente asfaltado en lo alto del hermoso valle verde de abajo. Luego, conduciremos a trav\u00e9s del paso m\u00e1s alto de \u00c1frica (Tizi N\u2019Tichka) donde disfrutaremos de las maravillosas vistas de los pueblos bereberes, luego llegaremos a Marrakech.<\/p>\n<h4>D\u00eda 5: Exploraci\u00f3n de Marrakech y traslado a Casablanca :<\/h4>\n<p style=\"text-align: justify;\">Hoy explorar\u00e1 los principales lugares hist\u00f3ricos y tur\u00edsticos de Marrakech con un gu\u00eda local. Nuestro gu\u00eda le llevar\u00e1 a explorar los mejores museos y galer\u00edas, jardines y atracciones. Aqu\u00ed, usted visitar\u00e1 Bahia Palas, la necr\u00f3polis R.oyal del siglo XVII y la extraordinaria arquitectura de la Tumba Saadian. Despu\u00e9s, le gustar\u00e1n los diferentes olores y colores del zoco de la Medina. Adem\u00e1s, visitar\u00e1 los jardines de la Menara. Por la tarde, dependiendo de la hora de su vuelo, le trasladaremos a su alojamiento o al aeropuerto de Casablanca y el final de nuestros servicios.<\/p>\n<h3><img data-recalc-dims=\"1\" decoding=\"async\" class=\"size-medium wp-image-790 aligncenter\" src=\"https:\/\/i0.wp.com\/moroccotouroperator.com\/es\/wp-content\/uploads\/2021\/06\/193058876_907838143133526_2067669506243859984_n.jpg?resize=300%2C194\" alt=\"5 dias de viaje desde Casablanca a Marrakech\" width=\"300\" height=\"194\" loading=\"lazy\" srcset=\"https:\/\/i0.wp.com\/moroccotouroperator.com\/es\/wp-content\/uploads\/2021\/06\/193058876_907838143133526_2067669506243859984_n.jpg?resize=300%2C194&amp;ssl=1 300w, https:\/\/i0.wp.com\/moroccotouroperator.com\/es\/wp-content\/uploads\/2021\/06\/193058876_907838143133526_2067669506243859984_n.jpg?resize=1024%2C664&amp;ssl=1 1024w, https:\/\/i0.wp.com\/moroccotouroperator.com\/es\/wp-content\/uploads\/2021\/06\/193058876_907838143133526_2067669506243859984_n.jpg?resize=768%2C498&amp;ssl=1 768w, https:\/\/i0.wp.com\/moroccotouroperator.com\/es\/wp-content\/uploads\/2021\/06\/193058876_907838143133526_2067669506243859984_n.jpg?resize=225%2C146&amp;ssl=1 225w, https:\/\/i0.wp.com\/moroccotouroperator.com\/es\/wp-content\/uploads\/2021\/06\/193058876_907838143133526_2067669506243859984_n.jpg?resize=50%2C32&amp;ssl=1 50w, https:\/\/i0.wp.com\/moroccotouroperator.com\/es\/wp-content\/uploads\/2021\/06\/193058876_907838143133526_2067669506243859984_n.jpg?resize=116%2C75&amp;ssl=1 116w, https:\/\/i0.wp.com\/moroccotouroperator.com\/es\/wp-content\/uploads\/2021\/06\/193058876_907838143133526_2067669506243859984_n.jpg?w=1080&amp;ssl=1 1080w\" sizes=\"(max-width: 300px) 100vw, 300px\" \/><\/h3>\n<h3>Incluido en nuestro ruta de 5 d\u00edas desde Casablanca<\/h3>\n<ul>\n<li>Recogida en Casablanca.<\/li>\n<li>Coche privado 4\u00d74 con aire acondicionado.<\/li>\n<li>El conductor habla espa\u00f1ol.<\/li>\n<li>Excursi\u00f3n en camello + 1 camello para cada persona.<\/li>\n<li>Alojamiento en Riads \/ Hoteles.<\/li>\n<li>Pasar una noche en el campamento del desierto.<\/li>\n<\/ul>\n<h3>No incluye:<\/h3>\n<ul>\n<li>Billetes de avi\u00f3n.<\/li>\n<li>Todos los almuerzos y bebidas.<\/li>\n<li>Entradas y tickets, propinas.<\/li>\n<\/ul>\n<h3>C\u00f3mo reservar el tour de 5 d\u00edas desde Casablanca?<\/h3>\n<p>No dude en ponerse en contacto con nosotros para este tour de Casablanca por Email o WhatsApp.<\/p>\n<h4>Nota:<\/h4>\n<p>Si usted tiene m\u00e1s d\u00edas y quiere visitar m\u00e1s lugares en Marruecos desde Casablanca. <a href=\"http:\/\/moroccotouroperator.com\/es\/\">Haga clic aqu\u00ed<\/a>.<\/p>\n<p><img data-recalc-dims=\"1\" decoding=\"async\" class=\"size-medium wp-image-791 aligncenter\" src=\"https:\/\/i0.wp.com\/moroccotouroperator.com\/es\/wp-content\/uploads\/2021\/06\/191282699_803375720305046_6370128365724820217_n.jpg?resize=300%2C253\" alt=\"Ruta de 5-dia desde Casablanca al desierto y Marrakech\" width=\"300\" height=\"253\" loading=\"lazy\" srcset=\"https:\/\/i0.wp.com\/moroccotouroperator.com\/es\/wp-content\/uploads\/2021\/06\/191282699_803375720305046_6370128365724820217_n.jpg?resize=300%2C253&amp;ssl=1 300w, https:\/\/i0.wp.com\/moroccotouroperator.com\/es\/wp-content\/uploads\/2021\/06\/191282699_803375720305046_6370128365724820217_n.jpg?resize=173%2C146&amp;ssl=1 173w, https:\/\/i0.wp.com\/moroccotouroperator.com\/es\/wp-content\/uploads\/2021\/06\/191282699_803375720305046_6370128365724820217_n.jpg?resize=50%2C42&amp;ssl=1 50w, https:\/\/i0.wp.com\/moroccotouroperator.com\/es\/wp-content\/uploads\/2021\/06\/191282699_803375720305046_6370128365724820217_n.jpg?resize=89%2C75&amp;ssl=1 89w, https:\/\/i0.wp.com\/moroccotouroperator.com\/es\/wp-content\/uploads\/2021\/06\/191282699_803375720305046_6370128365724820217_n.jpg?w=714&amp;ssl=1 714w\" sizes=\"(max-width: 300px) 100vw, 300px\" \/><\/p>\n<\/body>","protected":false},"excerpt":{"rendered":"<p>Ruta de 5 d\u00edas desde Casablanca: Tour de 5 d\u00edas por el desierto desde Casablanca \/ Viaje de 5 d\u00edas desde Casablanca por el desierto del<span class=\"excerpt-hellip\"> [\u2026]<\/span><\/p>\n","protected":false},"author":1,"featured_media":792,"parent":0,"menu_order":0,"comment_status":"closed","ping_status":"closed","template":"","meta":{"footnotes":""},"class_list":["post-122","page","type-page","status-publish","has-post-thumbnail","hentry"],"yoast_head":"<!-- This site is optimized with the Yoast SEO plugin v25.6 - https:\/\/yoast.com\/wordpress\/plugins\/seo\/ -->\n<title>Ruta de 5 d\u00edas desde Casablanca \/ Marruecos viajes al desierto<\/title>\n<meta name=\"description\" content=\"Explore el desierto del Sahara, las gargantas, las kasbahs y Marrakech s\u00f3lo en un ruta de 5 d\u00edas desde Casablanca...\" \/>\n<meta name=\"robots\" content=\"index, follow, max-snippet:-1, max-image-preview:large, max-video-preview:-1\" \/>\n<link rel=\"canonical\" href=\"https:\/\/moroccotouroperator.com\/es\/ruta-de-5-dias-desde-casablanca\/\" \/>\n<meta property=\"og:locale\" content=\"en_US\" \/>\n<meta property=\"og:type\" content=\"article\" \/>\n<meta property=\"og:title\" content=\"Ruta de 5 d\u00edas desde Casablanca \/ Marruecos viajes al desierto\" \/>\n<meta property=\"og:description\" content=\"Explore el desierto del Sahara, las gargantas, las kasbahs y Marrakech s\u00f3lo en un ruta de 5 d\u00edas desde Casablanca...\" \/>\n<meta property=\"og:url\" content=\"https:\/\/moroccotouroperator.com\/es\/ruta-de-5-dias-desde-casablanca\/\" \/>\n<meta property=\"og:site_name\" content=\"Morocco Tour Operator\" \/>\n<meta property=\"article:modified_time\" content=\"2024-07-19T10:10:18+00:00\" \/>\n<meta property=\"og:image\" content=\"https:\/\/moroccotouroperator.com\/es\/wp-content\/uploads\/2021\/06\/118879762_1266519420352428_344326640416892537_n-1.jpg\" \/>\n\t<meta property=\"og:image:width\" content=\"800\" \/>\n\t<meta property=\"og:image:height\" content=\"533\" \/>\n\t<meta property=\"og:image:type\" content=\"image\/jpeg\" \/>\n<meta name=\"twitter:card\" content=\"summary_large_image\" \/>\n<meta name=\"twitter:label1\" content=\"Est. reading time\" \/>\n\t<meta name=\"twitter:data1\" content=\"6 minutes\" \/>\n<script type=\"application\/ld+json\" class=\"yoast-schema-graph\">{\"@context\":\"https:\/\/schema.org\",\"@graph\":[{\"@type\":\"WebPage\",\"@id\":\"https:\/\/moroccotouroperator.com\/es\/ruta-de-5-dias-desde-casablanca\/\",\"url\":\"https:\/\/moroccotouroperator.com\/es\/ruta-de-5-dias-desde-casablanca\/\",\"name\":\"Ruta de 5 d\u00edas desde Casablanca \/ Marruecos viajes al desierto\",\"isPartOf\":{\"@id\":\"https:\/\/moroccotouroperator.com\/es\/#website\"},\"primaryImageOfPage\":{\"@id\":\"https:\/\/moroccotouroperator.com\/es\/ruta-de-5-dias-desde-casablanca\/#primaryimage\"},\"image\":{\"@id\":\"https:\/\/moroccotouroperator.com\/es\/ruta-de-5-dias-desde-casablanca\/#primaryimage\"},\"thumbnailUrl\":\"https:\/\/i0.wp.com\/moroccotouroperator.com\/es\/wp-content\/uploads\/2021\/06\/118879762_1266519420352428_344326640416892537_n-1.jpg?fit=800%2C533&ssl=1\",\"datePublished\":\"2020-10-10T18:27:53+00:00\",\"dateModified\":\"2024-07-19T10:10:18+00:00\",\"description\":\"Explore el desierto del Sahara, las gargantas, las kasbahs y Marrakech s\u00f3lo en un ruta de 5 d\u00edas desde Casablanca...\",\"breadcrumb\":{\"@id\":\"https:\/\/moroccotouroperator.com\/es\/ruta-de-5-dias-desde-casablanca\/#breadcrumb\"},\"inLanguage\":\"en-US\",\"potentialAction\":[{\"@type\":\"ReadAction\",\"target\":[\"https:\/\/moroccotouroperator.com\/es\/ruta-de-5-dias-desde-casablanca\/\"]}]},{\"@type\":\"ImageObject\",\"inLanguage\":\"en-US\",\"@id\":\"https:\/\/moroccotouroperator.com\/es\/ruta-de-5-dias-desde-casablanca\/#primaryimage\",\"url\":\"https:\/\/i0.wp.com\/moroccotouroperator.com\/es\/wp-content\/uploads\/2021\/06\/118879762_1266519420352428_344326640416892537_n-1.jpg?fit=800%2C533&ssl=1\",\"contentUrl\":\"https:\/\/i0.wp.com\/moroccotouroperator.com\/es\/wp-content\/uploads\/2021\/06\/118879762_1266519420352428_344326640416892537_n-1.jpg?fit=800%2C533&ssl=1\",\"width\":800,\"height\":533,\"caption\":\"excursion de 5 dia desde Casablanca al desierto de Merzouga\"},{\"@type\":\"BreadcrumbList\",\"@id\":\"https:\/\/moroccotouroperator.com\/es\/ruta-de-5-dias-desde-casablanca\/#breadcrumb\",\"itemListElement\":[{\"@type\":\"ListItem\",\"position\":1,\"name\":\"Home\",\"item\":\"https:\/\/moroccotouroperator.com\/es\/\"},{\"@type\":\"ListItem\",\"position\":2,\"name\":\"Ruta de 5 d\u00edas desde Casablanca\"}]},{\"@type\":\"WebSite\",\"@id\":\"https:\/\/moroccotouroperator.com\/es\/#website\",\"url\":\"https:\/\/moroccotouroperator.com\/es\/\",\"name\":\"Morocco Tour Operator\",\"description\":\"Morocco Private Desert Tours\",\"potentialAction\":[{\"@type\":\"SearchAction\",\"target\":{\"@type\":\"EntryPoint\",\"urlTemplate\":\"https:\/\/moroccotouroperator.com\/es\/?s={search_term_string}\"},\"query-input\":{\"@type\":\"PropertyValueSpecification\",\"valueRequired\":true,\"valueName\":\"search_term_string\"}}],\"inLanguage\":\"en-US\"}]}<\/script>\n<!-- \/ Yoast SEO plugin. -->","yoast_head_json":{"title":"Ruta de 5 d\u00edas desde Casablanca \/ Marruecos viajes al desierto","description":"Explore el desierto del Sahara, las gargantas, las kasbahs y Marrakech s\u00f3lo en un ruta de 5 d\u00edas desde Casablanca...","robots":{"index":"index","follow":"follow","max-snippet":"max-snippet:-1","max-image-preview":"max-image-preview:large","max-video-preview":"max-video-preview:-1"},"canonical":"https:\/\/moroccotouroperator.com\/es\/ruta-de-5-dias-desde-casablanca\/","og_locale":"en_US","og_type":"article","og_title":"Ruta de 5 d\u00edas desde Casablanca \/ Marruecos viajes al desierto","og_description":"Explore el desierto del Sahara, las gargantas, las kasbahs y Marrakech s\u00f3lo en un ruta de 5 d\u00edas desde Casablanca...","og_url":"https:\/\/moroccotouroperator.com\/es\/ruta-de-5-dias-desde-casablanca\/","og_site_name":"Morocco Tour Operator","article_modified_time":"2024-07-19T10:10:18+00:00","og_image":[{"width":800,"height":533,"url":"https:\/\/moroccotouroperator.com\/es\/wp-content\/uploads\/2021\/06\/118879762_1266519420352428_344326640416892537_n-1.jpg","type":"image\/jpeg"}],"twitter_card":"summary_large_image","twitter_misc":{"Est. reading time":"6 minutes"},"schema":{"@context":"https:\/\/schema.org","@graph":[{"@type":"WebPage","@id":"https:\/\/moroccotouroperator.com\/es\/ruta-de-5-dias-desde-casablanca\/","url":"https:\/\/moroccotouroperator.com\/es\/ruta-de-5-dias-desde-casablanca\/","name":"Ruta de 5 d\u00edas desde Casablanca \/ Marruecos viajes al desierto","isPartOf":{"@id":"https:\/\/moroccotouroperator.com\/es\/#website"},"primaryImageOfPage":{"@id":"https:\/\/moroccotouroperator.com\/es\/ruta-de-5-dias-desde-casablanca\/#primaryimage"},"image":{"@id":"https:\/\/moroccotouroperator.com\/es\/ruta-de-5-dias-desde-casablanca\/#primaryimage"},"thumbnailUrl":"https:\/\/i0.wp.com\/moroccotouroperator.com\/es\/wp-content\/uploads\/2021\/06\/118879762_1266519420352428_344326640416892537_n-1.jpg?fit=800%2C533&ssl=1","datePublished":"2020-10-10T18:27:53+00:00","dateModified":"2024-07-19T10:10:18+00:00","description":"Explore el desierto del Sahara, las gargantas, las kasbahs y Marrakech s\u00f3lo en un ruta de 5 d\u00edas desde Casablanca...","breadcrumb":{"@id":"https:\/\/moroccotouroperator.com\/es\/ruta-de-5-dias-desde-casablanca\/#breadcrumb"},"inLanguage":"en-US","potentialAction":[{"@type":"ReadAction","target":["https:\/\/moroccotouroperator.com\/es\/ruta-de-5-dias-desde-casablanca\/"]}]},{"@type":"ImageObject","inLanguage":"en-US","@id":"https:\/\/moroccotouroperator.com\/es\/ruta-de-5-dias-desde-casablanca\/#primaryimage","url":"https:\/\/i0.wp.com\/moroccotouroperator.com\/es\/wp-content\/uploads\/2021\/06\/118879762_1266519420352428_344326640416892537_n-1.jpg?fit=800%2C533&ssl=1","contentUrl":"https:\/\/i0.wp.com\/moroccotouroperator.com\/es\/wp-content\/uploads\/2021\/06\/118879762_1266519420352428_344326640416892537_n-1.jpg?fit=800%2C533&ssl=1","width":800,"height":533,"caption":"excursion de 5 dia desde Casablanca al desierto de Merzouga"},{"@type":"BreadcrumbList","@id":"https:\/\/moroccotouroperator.com\/es\/ruta-de-5-dias-desde-casablanca\/#breadcrumb","itemListElement":[{"@type":"ListItem","position":1,"name":"Home","item":"https:\/\/moroccotouroperator.com\/es\/"},{"@type":"ListItem","position":2,"name":"Ruta de 5 d\u00edas desde Casablanca"}]},{"@type":"WebSite","@id":"https:\/\/moroccotouroperator.com\/es\/#website","url":"https:\/\/moroccotouroperator.com\/es\/","name":"Morocco Tour Operator","description":"Morocco Private Desert Tours","potentialAction":[{"@type":"SearchAction","target":{"@type":"EntryPoint","urlTemplate":"https:\/\/moroccotouroperator.com\/es\/?s={search_term_string}"},"query-input":{"@type":"PropertyValueSpecification","valueRequired":true,"valueName":"search_term_string"}}],"inLanguage":"en-US"}]}},"jetpack_sharing_enabled":true,"_links":{"self":[{"href":"https:\/\/moroccotouroperator.com\/es\/wp-json\/wp\/v2\/pages\/122"}],"collection":[{"href":"https:\/\/moroccotouroperator.com\/es\/wp-json\/wp\/v2\/pages"}],"about":[{"href":"https:\/\/moroccotouroperator.com\/es\/wp-json\/wp\/v2\/types\/page"}],"author":[{"embeddable":true,"href":"https:\/\/moroccotouroperator.com\/es\/wp-json\/wp\/v2\/users\/1"}],"replies":[{"embeddable":true,"href":"https:\/\/moroccotouroperator.com\/es\/wp-json\/wp\/v2\/comments?post=122"}],"version-history":[{"count":12,"href":"https:\/\/moroccotouroperator.com\/es\/wp-json\/wp\/v2\/pages\/122\/revisions"}],"predecessor-version":[{"id":946,"href":"https:\/\/moroccotouroperator.com\/es\/wp-json\/wp\/v2\/pages\/122\/revisions\/946"}],"wp:featuredmedia":[{"embeddable":true,"href":"https:\/\/moroccotouroperator.com\/es\/wp-json\/wp\/v2\/media\/792"}],"wp:attachment":[{"href":"https:\/\/moroccotouroperator.com\/es\/wp-json\/wp\/v2\/media?parent=122"}],"curies":[{"name":"wp","href":"https:\/\/api.w.org\/{rel}","templated":true}]}}