{"id":115,"date":"2020-10-10T18:26:05","date_gmt":"2020-10-10T18:26:05","guid":{"rendered":"https:\/\/rutasdesierto.com\/trips\/?page_id=115"},"modified":"2022-01-24T12:49:13","modified_gmt":"2022-01-24T12:49:13","slug":"excursion-de-2-dias-de-fes-al-desierto-de-merzouga","status":"publish","type":"page","link":"https:\/\/moroccotouroperator.com\/es\/excursion-de-2-dias-de-fes-al-desierto-de-merzouga\/","title":{"rendered":"Viaje de 2 d\u00edas desde Fes al desierto"},"content":{"rendered":"<body><h1>Excursi\u00f3n de 2 d\u00edas desde Fes al desierto<\/h1>\n<h2>Ruta de 2 d\u00edas de Fez a Merzouga:<\/h2>\n<p style=\"text-align: justify;\">El viaje de 2 d\u00edas desde Fes al desierto, Le da la oportunidad de experimentar el desierto del Sahara. Adem\u00e1s, est\u00e1 dedicado a las personas que no tienen mucho tiempo y quieren visitar el desierto de Merzouga. S\u00f3lo 2 d\u00edas de tour es suficiente para visitar el desierto del Sahara desde Fes\u2026 Fez al desierto de Merzouga \/ Rutas de Fez a Merzouga \/ Viajes de Marruecos\u2026<\/p>\n<h3>Resumen:<\/h3>\n<p style=\"text-align: justify;\">El viaje de Fez al desierto le llevar\u00e1 a disfrutar del paisaje del Medio Atlas y ver\u00e1 el bosque de cedros. A continuaci\u00f3n, podr\u00e1 disfrutar y alimentar a los monos (monos de Berber\u00eda). Adem\u00e1s, este viaje de 2 d\u00edas desde Fez le llevar\u00e1 a explorar la capital de las manzanas. Adem\u00e1s, viajar\u00e1 al profundo sur de Marruecos para experimentar la excursi\u00f3n en camello por las dunas de arena anaranjada de Erg Chebbi. Antes de llegar al campamento, har\u00e1 una parada en medio del desierto del S\u00e1hara para disfrutar de la puesta de sol de su vida. A continuaci\u00f3n, pasar\u00e1 una noche inolvidable en un campamento de lujo o tradicional del desierto. Adem\u00e1s, disfrutar\u00e1 de la m\u00fasica bereber alrededor del fuego despu\u00e9s de la cena y observar\u00e1 el cielo lleno de estrellas.<\/p>\n<h3>Itinerario de nuestra viaje de 2 d\u00edas desde Fez al desierto de Merzouga:<\/h3>\n<p style=\"text-align: justify;\">Nuestro tour de 2 d\u00edas desde Fes tomar\u00e1 la direcci\u00f3n del desierto de Merzouga. En primer lugar, comenzaremos visitando Ifrane, conocida por su arquitectura de estilo alpino, las pistas de esqu\u00ed cercanas y visitaremos la estatua del le\u00f3n. Adem\u00e1s, el bosque de cedros en Azrou el \u00fanico lugar donde los monos macacos de Berber\u00eda est\u00e1n viviendo en Marruecos. Tambi\u00e9n, se puede tomar algunas fotos con ellos. Adem\u00e1s, pasamos por el Valle de Ziz, el segundo m\u00e1s largo del pa\u00eds, y disfrutamos de sus hermosos palmerales. Una vez que lleguemos al desierto de Merzouga, comenzaremos la caminata en camello y observaremos la puesta y la salida del sol sobre las dunas.<\/p>\n<p style=\"text-align: justify;\">Adem\u00e1s, pasaremos la noche en un campamento de lujo o tradicional en el desierto. Luego, al d\u00eda siguiente le llevaremos de vuelta a Fez haciendo paradas en el camino donde no nos detuvimos el primer d\u00eda para admirar y fotografiar las vistas.<\/p>\n<h3>Programa de nuestro viaje de 2 d\u00edas desde Fes al desierto:<\/h3>\n<h4>D\u00cdA 1: Fes \u2013 Imouzar \u2013 Midelt \u2013 Merzouga:<\/h4>\n<p style=\"text-align: justify;\">Nuestra tour de 2 d\u00edas de Fez al desierto de Merzouga comenzar\u00e1 conduciendo hacia el desierto de <a href=\"https:\/\/es.wikipedia.org\/wiki\/Merzouga\">Merzouga<\/a> a trav\u00e9s de Imouzar y las monta\u00f1as del Atlas Medio. A continuaci\u00f3n, nos detendremos en la ciudad de Ifran, que se conoce como la \u201cSuiza de Marruecos\u201d para tomar algunas fotos con su estatua del le\u00f3n y caminar por un tiempo. A continuaci\u00f3n, continuamos hacia Midelt, en el camino hacia el bosque de cedros, en Azrou tendremos una parada para disfrutar de la observaci\u00f3n de los monos de Berber\u00eda en los \u00e1rboles. Tambi\u00e9n,tomar algunas fotos con ellos. Adem\u00e1s, disfrutar de los paisajes que cambian al dirigirse al sur. Despu\u00e9s del almuerzo, continuaremos por el segundo valle m\u00e1s grande de Marruecos.<\/p>\n<p style=\"text-align: justify;\">Aqu\u00ed, nos detendremos en la mejor vista panor\u00e1mica de las palmeras. Luego, continuamos hacia el desierto de Merzouga donde encontraremos a los camellos esper\u00e1ndonos con su gu\u00eda, montaremos en camellos y nos detendremos para ver la m\u00e1gica puesta de sol y luego pasaremos una noche inolvidable en el campamento del desierto.<\/p>\n<h4>DIA 2: Merzouga \u2013 Erfoud \u2013 Midelt \u2013 Boulaajoul \u2013 Fes:<\/h4>\n<p style=\"text-align: justify;\">Hoy por la ma\u00f1ana temprano el personal del campamento le despertar\u00e1 a la hora adecuada para disfrutar del color rojo del cielo y del amanecer de su vida. Despu\u00e9s de desayunar, volver\u00e9is a montar en camello hasta el pueblo de Merzouga a trav\u00e9s de las dunas. Una vez que llegue a Merzouga, se encontrar\u00e1 con su conductor. Despu\u00e9s, nos dirigiremos a Erfoud, conocida como la capital de los d\u00e1tiles y los f\u00f3siles. Aqu\u00ed visitaremos su famoso mercado de d\u00e1tiles y la f\u00e1brica de f\u00f3siles. Despu\u00e9s de eso, viajamos hacia Fes a trav\u00e9s de Errachidia y el Valle de Ziz, nuestro conductor le llevar\u00e1 a su riad o al aeropuerto de Fes. Por \u00faltimo, el final de nuestro tour de 2 d\u00edas Fes a Merzouga Desierto.<\/p>\n<p>\u00a0<\/p>\n<h3>Incluido en el Tour de Fes:<\/h3>\n<ul>\n<li>Recogida en su punto en Fes.<\/li>\n<li>Veh\u00edculo privado 4\u00d74 confortable con aire acondicionado<\/li>\n<li>El conductor habla espa\u00f1ol.<\/li>\n<li>Paseo en camello + 1 camello para cada persona.<\/li>\n<li>Pasar una noche en un campamento de lujo o tradicional<\/li>\n<\/ul>\n<p>\u00a0<\/p>\n<h3>No incluido:<\/h3>\n<p>\u2013 Billetes de avi\u00f3n.<\/p>\n<p>\u2013 Todas las comidas y bebidas.<\/p>\n<p>\u2013 Tasas de entrada y propinas.<\/p>\n<h3>C\u00f3mo reservar esta viaje de 2 d\u00edas desde Fes al desierto?<\/h3>\n<p style=\"text-align: justify;\">No dude en ponerse en contacto con nosotros hoy mismo para reservar una excursi\u00f3n de 2 d\u00edas de Fez a Merzouga. Una vez confirmada la disponibilidad, le enviaremos toda la informaci\u00f3n.<\/p>\n<h4>*Nota:<\/h4>\n<p>Si tiene m\u00e1s tiempo y quiere explorar m\u00e1s lugares. <a href=\"http:\/\/moroccotouroperator.com\/es\/excursion-de-3-dias-de-fes-al-desierto-de-merzouga\/\">Haga clic aqu\u00ed<\/a><\/p>\n<p>\u00a0<\/p>\n<\/body>","protected":false},"excerpt":{"rendered":"<p>Excursi\u00f3n de 2 d\u00edas desde Fes al desierto Ruta de 2 d\u00edas de Fez a Merzouga: El viaje de 2 d\u00edas desde Fes al desierto, Le<span class=\"excerpt-hellip\"> [\u2026]<\/span><\/p>\n","protected":false},"author":1,"featured_media":802,"parent":0,"menu_order":0,"comment_status":"closed","ping_status":"closed","template":"","meta":{"footnotes":""},"class_list":["post-115","page","type-page","status-publish","has-post-thumbnail","hentry"],"yoast_head":"<!-- This site is optimized with the Yoast SEO plugin v25.6 - https:\/\/yoast.com\/wordpress\/plugins\/seo\/ -->\n<title>Viaje de 2 d\u00edas desde Fes al desierto \/ Rutas de Fes a Merzouga<\/title>\n<meta name=\"description\" content=\"El viaje de 2 d\u00edas desde Fes al desierto es una experiencia condensada para ver el sur de Marruecos, de Fez a Merzouga...\" \/>\n<meta name=\"robots\" content=\"index, follow, max-snippet:-1, max-image-preview:large, max-video-preview:-1\" \/>\n<link rel=\"canonical\" href=\"http:\/\/moroccotouroperator.com\/es\/excursion-de-2-dias-de-fes-al-desierto-de-merzouga\/\" \/>\n<meta property=\"og:locale\" content=\"en_US\" \/>\n<meta property=\"og:type\" content=\"article\" \/>\n<meta property=\"og:title\" content=\"Viaje de 2 d\u00edas desde Fes al desierto \/ Rutas de Fes a Merzouga\" \/>\n<meta property=\"og:description\" content=\"El viaje de 2 d\u00edas desde Fes al desierto es una experiencia condensada para ver el sur de Marruecos, de Fez a Merzouga...\" \/>\n<meta property=\"og:url\" content=\"http:\/\/moroccotouroperator.com\/es\/excursion-de-2-dias-de-fes-al-desierto-de-merzouga\/\" \/>\n<meta property=\"og:site_name\" content=\"Morocco Tour Operator\" \/>\n<meta property=\"article:modified_time\" content=\"2022-01-24T12:49:13+00:00\" \/>\n<meta property=\"og:image\" content=\"https:\/\/i0.wp.com\/moroccotouroperator.com\/es\/wp-content\/uploads\/2021\/06\/194771404_482283216388574_6670777548989929207_n.jpg?fit=720%2C388\" \/>\n\t<meta property=\"og:image:width\" content=\"720\" \/>\n\t<meta property=\"og:image:height\" content=\"388\" \/>\n\t<meta property=\"og:image:type\" content=\"image\/jpeg\" \/>\n<meta name=\"twitter:card\" content=\"summary_large_image\" \/>\n<meta name=\"twitter:label1\" content=\"Est. reading time\" \/>\n\t<meta name=\"twitter:data1\" content=\"4 minutes\" \/>\n<script type=\"application\/ld+json\" class=\"yoast-schema-graph\">{\"@context\":\"https:\/\/schema.org\",\"@graph\":[{\"@type\":\"WebPage\",\"@id\":\"http:\/\/moroccotouroperator.com\/es\/excursion-de-2-dias-de-fes-al-desierto-de-merzouga\/\",\"url\":\"http:\/\/moroccotouroperator.com\/es\/excursion-de-2-dias-de-fes-al-desierto-de-merzouga\/\",\"name\":\"Viaje de 2 d\u00edas desde Fes al desierto \/ Rutas de Fes a Merzouga\",\"isPartOf\":{\"@id\":\"https:\/\/moroccotouroperator.com\/es\/#website\"},\"primaryImageOfPage\":{\"@id\":\"http:\/\/moroccotouroperator.com\/es\/excursion-de-2-dias-de-fes-al-desierto-de-merzouga\/#primaryimage\"},\"image\":{\"@id\":\"http:\/\/moroccotouroperator.com\/es\/excursion-de-2-dias-de-fes-al-desierto-de-merzouga\/#primaryimage\"},\"thumbnailUrl\":\"https:\/\/i0.wp.com\/moroccotouroperator.com\/es\/wp-content\/uploads\/2021\/06\/194771404_482283216388574_6670777548989929207_n.jpg?fit=720%2C388&ssl=1\",\"datePublished\":\"2020-10-10T18:26:05+00:00\",\"dateModified\":\"2022-01-24T12:49:13+00:00\",\"description\":\"El viaje de 2 d\u00edas desde Fes al desierto es una experiencia condensada para ver el sur de Marruecos, de Fez a Merzouga...\",\"breadcrumb\":{\"@id\":\"http:\/\/moroccotouroperator.com\/es\/excursion-de-2-dias-de-fes-al-desierto-de-merzouga\/#breadcrumb\"},\"inLanguage\":\"en-US\",\"potentialAction\":[{\"@type\":\"ReadAction\",\"target\":[\"http:\/\/moroccotouroperator.com\/es\/excursion-de-2-dias-de-fes-al-desierto-de-merzouga\/\"]}]},{\"@type\":\"ImageObject\",\"inLanguage\":\"en-US\",\"@id\":\"http:\/\/moroccotouroperator.com\/es\/excursion-de-2-dias-de-fes-al-desierto-de-merzouga\/#primaryimage\",\"url\":\"https:\/\/i0.wp.com\/moroccotouroperator.com\/es\/wp-content\/uploads\/2021\/06\/194771404_482283216388574_6670777548989929207_n.jpg?fit=720%2C388&ssl=1\",\"contentUrl\":\"https:\/\/i0.wp.com\/moroccotouroperator.com\/es\/wp-content\/uploads\/2021\/06\/194771404_482283216388574_6670777548989929207_n.jpg?fit=720%2C388&ssl=1\",\"width\":720,\"height\":388,\"caption\":\"2 dias de viaje desde Fez al desierto\"},{\"@type\":\"BreadcrumbList\",\"@id\":\"http:\/\/moroccotouroperator.com\/es\/excursion-de-2-dias-de-fes-al-desierto-de-merzouga\/#breadcrumb\",\"itemListElement\":[{\"@type\":\"ListItem\",\"position\":1,\"name\":\"Home\",\"item\":\"https:\/\/moroccotouroperator.com\/es\/\"},{\"@type\":\"ListItem\",\"position\":2,\"name\":\"Viaje de 2 d\u00edas desde Fes al desierto\"}]},{\"@type\":\"WebSite\",\"@id\":\"https:\/\/moroccotouroperator.com\/es\/#website\",\"url\":\"https:\/\/moroccotouroperator.com\/es\/\",\"name\":\"Morocco Tour Operator\",\"description\":\"Morocco Private Desert Tours\",\"potentialAction\":[{\"@type\":\"SearchAction\",\"target\":{\"@type\":\"EntryPoint\",\"urlTemplate\":\"https:\/\/moroccotouroperator.com\/es\/?s={search_term_string}\"},\"query-input\":{\"@type\":\"PropertyValueSpecification\",\"valueRequired\":true,\"valueName\":\"search_term_string\"}}],\"inLanguage\":\"en-US\"}]}<\/script>\n<!-- \/ Yoast SEO plugin. -->","yoast_head_json":{"title":"Viaje de 2 d\u00edas desde Fes al desierto \/ Rutas de Fes a Merzouga","description":"El viaje de 2 d\u00edas desde Fes al desierto es una experiencia condensada para ver el sur de Marruecos, de Fez a Merzouga...","robots":{"index":"index","follow":"follow","max-snippet":"max-snippet:-1","max-image-preview":"max-image-preview:large","max-video-preview":"max-video-preview:-1"},"canonical":"http:\/\/moroccotouroperator.com\/es\/excursion-de-2-dias-de-fes-al-desierto-de-merzouga\/","og_locale":"en_US","og_type":"article","og_title":"Viaje de 2 d\u00edas desde Fes al desierto \/ Rutas de Fes a Merzouga","og_description":"El viaje de 2 d\u00edas desde Fes al desierto es una experiencia condensada para ver el sur de Marruecos, de Fez a Merzouga...","og_url":"http:\/\/moroccotouroperator.com\/es\/excursion-de-2-dias-de-fes-al-desierto-de-merzouga\/","og_site_name":"Morocco Tour Operator","article_modified_time":"2022-01-24T12:49:13+00:00","og_image":[{"width":720,"height":388,"url":"https:\/\/i0.wp.com\/moroccotouroperator.com\/es\/wp-content\/uploads\/2021\/06\/194771404_482283216388574_6670777548989929207_n.jpg?fit=720%2C388","type":"image\/jpeg"}],"twitter_card":"summary_large_image","twitter_misc":{"Est. reading time":"4 minutes"},"schema":{"@context":"https:\/\/schema.org","@graph":[{"@type":"WebPage","@id":"http:\/\/moroccotouroperator.com\/es\/excursion-de-2-dias-de-fes-al-desierto-de-merzouga\/","url":"http:\/\/moroccotouroperator.com\/es\/excursion-de-2-dias-de-fes-al-desierto-de-merzouga\/","name":"Viaje de 2 d\u00edas desde Fes al desierto \/ Rutas de Fes a Merzouga","isPartOf":{"@id":"https:\/\/moroccotouroperator.com\/es\/#website"},"primaryImageOfPage":{"@id":"http:\/\/moroccotouroperator.com\/es\/excursion-de-2-dias-de-fes-al-desierto-de-merzouga\/#primaryimage"},"image":{"@id":"http:\/\/moroccotouroperator.com\/es\/excursion-de-2-dias-de-fes-al-desierto-de-merzouga\/#primaryimage"},"thumbnailUrl":"https:\/\/i0.wp.com\/moroccotouroperator.com\/es\/wp-content\/uploads\/2021\/06\/194771404_482283216388574_6670777548989929207_n.jpg?fit=720%2C388&ssl=1","datePublished":"2020-10-10T18:26:05+00:00","dateModified":"2022-01-24T12:49:13+00:00","description":"El viaje de 2 d\u00edas desde Fes al desierto es una experiencia condensada para ver el sur de Marruecos, de Fez a Merzouga...","breadcrumb":{"@id":"http:\/\/moroccotouroperator.com\/es\/excursion-de-2-dias-de-fes-al-desierto-de-merzouga\/#breadcrumb"},"inLanguage":"en-US","potentialAction":[{"@type":"ReadAction","target":["http:\/\/moroccotouroperator.com\/es\/excursion-de-2-dias-de-fes-al-desierto-de-merzouga\/"]}]},{"@type":"ImageObject","inLanguage":"en-US","@id":"http:\/\/moroccotouroperator.com\/es\/excursion-de-2-dias-de-fes-al-desierto-de-merzouga\/#primaryimage","url":"https:\/\/i0.wp.com\/moroccotouroperator.com\/es\/wp-content\/uploads\/2021\/06\/194771404_482283216388574_6670777548989929207_n.jpg?fit=720%2C388&ssl=1","contentUrl":"https:\/\/i0.wp.com\/moroccotouroperator.com\/es\/wp-content\/uploads\/2021\/06\/194771404_482283216388574_6670777548989929207_n.jpg?fit=720%2C388&ssl=1","width":720,"height":388,"caption":"2 dias de viaje desde Fez al desierto"},{"@type":"BreadcrumbList","@id":"http:\/\/moroccotouroperator.com\/es\/excursion-de-2-dias-de-fes-al-desierto-de-merzouga\/#breadcrumb","itemListElement":[{"@type":"ListItem","position":1,"name":"Home","item":"https:\/\/moroccotouroperator.com\/es\/"},{"@type":"ListItem","position":2,"name":"Viaje de 2 d\u00edas desde Fes al desierto"}]},{"@type":"WebSite","@id":"https:\/\/moroccotouroperator.com\/es\/#website","url":"https:\/\/moroccotouroperator.com\/es\/","name":"Morocco Tour Operator","description":"Morocco Private Desert Tours","potentialAction":[{"@type":"SearchAction","target":{"@type":"EntryPoint","urlTemplate":"https:\/\/moroccotouroperator.com\/es\/?s={search_term_string}"},"query-input":{"@type":"PropertyValueSpecification","valueRequired":true,"valueName":"search_term_string"}}],"inLanguage":"en-US"}]}},"jetpack_sharing_enabled":true,"_links":{"self":[{"href":"https:\/\/moroccotouroperator.com\/es\/wp-json\/wp\/v2\/pages\/115"}],"collection":[{"href":"https:\/\/moroccotouroperator.com\/es\/wp-json\/wp\/v2\/pages"}],"about":[{"href":"https:\/\/moroccotouroperator.com\/es\/wp-json\/wp\/v2\/types\/page"}],"author":[{"embeddable":true,"href":"https:\/\/moroccotouroperator.com\/es\/wp-json\/wp\/v2\/users\/1"}],"replies":[{"embeddable":true,"href":"https:\/\/moroccotouroperator.com\/es\/wp-json\/wp\/v2\/comments?post=115"}],"version-history":[{"count":16,"href":"https:\/\/moroccotouroperator.com\/es\/wp-json\/wp\/v2\/pages\/115\/revisions"}],"predecessor-version":[{"id":928,"href":"https:\/\/moroccotouroperator.com\/es\/wp-json\/wp\/v2\/pages\/115\/revisions\/928"}],"wp:featuredmedia":[{"embeddable":true,"href":"https:\/\/moroccotouroperator.com\/es\/wp-json\/wp\/v2\/media\/802"}],"wp:attachment":[{"href":"https:\/\/moroccotouroperator.com\/es\/wp-json\/wp\/v2\/media?parent=115"}],"curies":[{"name":"wp","href":"https:\/\/api.w.org\/{rel}","templated":true}]}}