{"id":113,"date":"2020-10-10T18:22:45","date_gmt":"2020-10-10T18:22:45","guid":{"rendered":"https:\/\/rutasdesierto.com\/trips\/?page_id=113"},"modified":"2021-06-12T14:41:46","modified_gmt":"2021-06-12T14:41:46","slug":"viaje-de-5-dias-desde-marrakech-al-desierto","status":"publish","type":"page","link":"https:\/\/moroccotouroperator.com\/es\/viaje-de-5-dias-desde-marrakech-al-desierto\/","title":{"rendered":"Viaje de 5 d\u00edas desde Marrakech al desierto"},"content":{"rendered":"<body><p><\/p>\n<h1>Viaje de 5 d\u00edas desde Marrakech al desierto<\/h1>\n<h2>Excursi\u00f3n de 5 d\u00edas al desierto desde Marrakech\/ Marrakech al desierto 5 dias ruta<\/h2>\n<p style=\"text-align: justify;\">Este itinerario de 5 d\u00edas desde Marrakech al desierto del Merzouga es una gran opci\u00f3n para cruzar las monta\u00f1as del Alto Atlas, visitar la famosa Kasbah y el estudio cinematogr\u00e1fico de Ouarzazate, caminar por las gargantas del Todra y experimentar el senderismo en camello en el desierto del S\u00e1hara. A continuaci\u00f3n, pase una noche en el campamento del desierto y disfrute observando las estrellas\u2026 Viaje de 5 d\u00edas desde Marrakech al desierto \/ Viajes de Marrakech \/ Rutas de Marruecos \/ Excursion de Marrakech \/ Marrakech a Merzouga\u2026<\/p>\n<h3>Resumen:<\/h3>\n<p style=\"text-align: justify;\">La gira de 5 d\u00edas de Marrakech al desierto del Sahara tiene la mayor\u00eda de los desv\u00edos, de los cuales es la oportunidad de visitar muchas cosas, por ejemplo, los n\u00f3madas que habitan las cuevas en el camino de 1000 Kasbahs para la mirada en la vida nativa de estas personas. Adem\u00e1s, como en todos nuestros tours por el desierto de Marruecos el transporte es en coche 4X4 con A\/C. Adem\u00e1s, este tour de 5 d\u00edas por el desierto es muy gratificante para aquellos que les gusta pasar un tiempo incre\u00edble y visitar una gran variedad de \u00e1reas. Tambien, es el menos exigente, adecuado para las personas que no disfrutan de los viajes largos o las familias, y los fot\u00f3grafos.<\/p>\n<h3>Lo m\u00e1s destacado:<\/h3>\n<p>*Atravesar las monta\u00f1as del Alto Atlas<\/p>\n<p>*Visitar el Hollywood de Marruecos<\/p>\n<p>*Montar en camello en el desierto del S\u00e1hara y disfrutar de la puesta y el amanecer<\/p>\n<p>*Pasar una noche inolvidable en el campamento del desierto<\/p>\n<p>*Atravesar el Valle de las Rosas<\/p>\n<h3>Itinerario del programa :<\/h3>\n<h4>D\u00cdA 1: Marrakech \u2013 Ouarzazate \u2013 Skoura \u2013 Gargantas del Dades:<\/h4>\n<p><img data-recalc-dims=\"1\" decoding=\"async\" class=\"alignnone size-medium wp-image-735\" src=\"https:\/\/i0.wp.com\/moroccotouroperator.com\/es\/wp-content\/uploads\/2021\/05\/30086390_115649869292695_9051493196630065152_n.jpg?resize=300%2C166\" alt=\"\" width=\"300\" height=\"166\" loading=\"lazy\" srcset=\"https:\/\/i0.wp.com\/moroccotouroperator.com\/es\/wp-content\/uploads\/2021\/05\/30086390_115649869292695_9051493196630065152_n.jpg?resize=300%2C166&amp;ssl=1 300w, https:\/\/i0.wp.com\/moroccotouroperator.com\/es\/wp-content\/uploads\/2021\/05\/30086390_115649869292695_9051493196630065152_n.jpg?resize=768%2C426&amp;ssl=1 768w, https:\/\/i0.wp.com\/moroccotouroperator.com\/es\/wp-content\/uploads\/2021\/05\/30086390_115649869292695_9051493196630065152_n.jpg?resize=260%2C144&amp;ssl=1 260w, https:\/\/i0.wp.com\/moroccotouroperator.com\/es\/wp-content\/uploads\/2021\/05\/30086390_115649869292695_9051493196630065152_n.jpg?resize=50%2C28&amp;ssl=1 50w, https:\/\/i0.wp.com\/moroccotouroperator.com\/es\/wp-content\/uploads\/2021\/05\/30086390_115649869292695_9051493196630065152_n.jpg?resize=135%2C75&amp;ssl=1 135w, https:\/\/i0.wp.com\/moroccotouroperator.com\/es\/wp-content\/uploads\/2021\/05\/30086390_115649869292695_9051493196630065152_n.jpg?w=790&amp;ssl=1 790w\" sizes=\"(max-width: 300px) 100vw, 300px\" \/><\/p>\n<p style=\"text-align: justify;\">En el primer d\u00eda de nuestro viaje de 5 d\u00edas desde Marrakech al desierto, nos dirigimos a Ouarzazate a trav\u00e9s de las dram\u00e1ticas monta\u00f1as del Alto Atlas, donde encontraremos a las damas de los pueblos bereberes hace el aceite de arg\u00e1n. A continuaci\u00f3n, disfrutamos de la belleza de los paisajes y nos detenemos en maravillosas vistas panor\u00e1micas para disfrutar de la vista y tomar fotos de los peque\u00f1os pueblos bereberes. A continuaci\u00f3n, continuamos hacia la famosa Kasbah de Marruecos, llamada Kasbah de Ait Ben Haddou, es la mayor Kasbah de Marruecos y Patrimonio de la Humanidad de la UNESCO desde 1987. Despu\u00e9s del almuerzo, visitamos la ciudad de Ouarzazate con su estudio cinematogr\u00e1fico.\u00a0Luego, continuamos hacia la ciudad de Roses a trav\u00e9s del palmeral de Skoura.<\/p>\n<p style=\"text-align: justify;\">Finalmente, llegamos a las Gargantas del Dades a \u00faltima hora de la tarde y visitamos su famosa Monta\u00f1a que se llama \u201cMonta\u00f1a de los Dedos\u201d, pasando la noche en un Hotel o Riad con cena y desayuno.<\/p>\n<h4>D\u00cdA 2: Dades \u2013 Valle del Todra \u2013 Erfoud \u2013 Desierto de Merzouga :<\/h4>\n<p><img data-recalc-dims=\"1\" decoding=\"async\" class=\"alignnone size-medium wp-image-737\" src=\"https:\/\/i0.wp.com\/moroccotouroperator.com\/es\/wp-content\/uploads\/2021\/05\/188103984_308247097510909_1947129588130144138_n-1.jpg?resize=300%2C157\" alt=\"5 dias de viaje desde Marrakech\" width=\"300\" height=\"157\" loading=\"lazy\" srcset=\"https:\/\/i0.wp.com\/moroccotouroperator.com\/es\/wp-content\/uploads\/2021\/05\/188103984_308247097510909_1947129588130144138_n-1.jpg?resize=300%2C157&amp;ssl=1 300w, https:\/\/i0.wp.com\/moroccotouroperator.com\/es\/wp-content\/uploads\/2021\/05\/188103984_308247097510909_1947129588130144138_n-1.jpg?resize=260%2C136&amp;ssl=1 260w, https:\/\/i0.wp.com\/moroccotouroperator.com\/es\/wp-content\/uploads\/2021\/05\/188103984_308247097510909_1947129588130144138_n-1.jpg?resize=50%2C26&amp;ssl=1 50w, https:\/\/i0.wp.com\/moroccotouroperator.com\/es\/wp-content\/uploads\/2021\/05\/188103984_308247097510909_1947129588130144138_n-1.jpg?resize=143%2C75&amp;ssl=1 143w, https:\/\/i0.wp.com\/moroccotouroperator.com\/es\/wp-content\/uploads\/2021\/05\/188103984_308247097510909_1947129588130144138_n-1.jpg?w=584&amp;ssl=1 584w\" sizes=\"(max-width: 300px) 100vw, 300px\" \/><\/p>\n<p style=\"text-align: justify;\">Despu\u00e9s del desayuno, nuestro tour de 5 d\u00edas desde Marrakech al desierto del Sahara contin\u00faa hacia las Gargantas del Todra, tomamos el camino de las 1000 kasbahs. A continuaci\u00f3n, antes de llegar a las Gargantas del Todra haremos paradas para disfrutar de maravillosas vistas panor\u00e1micas de su hermoso palmeral. A continuaci\u00f3n, en las Gargantas del Todra, disfrutaremos del senderismo por los ca\u00f1ones de unos 300 m de altura. Despu\u00e9s del almuerzo, nos dirigimos hacia Erfoud, conocida por sus f\u00f3siles y el mejor mercado de d\u00e1tiles de Marruecos. A continuaci\u00f3n, continuamos hacia el desierto de <a href=\"https:\/\/es.wikipedia.org\/wiki\/Merzouga\">Merzouga<\/a> donde nos alojamos en un Riad \/ Hotel con cena y desayuno.<\/p>\n<h4>D\u00cdA 3: D\u00eda completo para explorar Merzouga \u2013 Paseo en camello:<\/h4>\n<p><img data-recalc-dims=\"1\" decoding=\"async\" class=\"alignnone size-medium wp-image-736\" src=\"https:\/\/i0.wp.com\/moroccotouroperator.com\/es\/wp-content\/uploads\/2021\/05\/190599892_1350550601981683_4594806094238665531_n-1.jpg?resize=300%2C178\" alt=\"\" width=\"300\" height=\"178\" loading=\"lazy\" srcset=\"https:\/\/i0.wp.com\/moroccotouroperator.com\/es\/wp-content\/uploads\/2021\/05\/190599892_1350550601981683_4594806094238665531_n-1.jpg?resize=300%2C178&amp;ssl=1 300w, https:\/\/i0.wp.com\/moroccotouroperator.com\/es\/wp-content\/uploads\/2021\/05\/190599892_1350550601981683_4594806094238665531_n-1.jpg?resize=1024%2C608&amp;ssl=1 1024w, https:\/\/i0.wp.com\/moroccotouroperator.com\/es\/wp-content\/uploads\/2021\/05\/190599892_1350550601981683_4594806094238665531_n-1.jpg?resize=768%2C456&amp;ssl=1 768w, https:\/\/i0.wp.com\/moroccotouroperator.com\/es\/wp-content\/uploads\/2021\/05\/190599892_1350550601981683_4594806094238665531_n-1.jpg?resize=246%2C146&amp;ssl=1 246w, https:\/\/i0.wp.com\/moroccotouroperator.com\/es\/wp-content\/uploads\/2021\/05\/190599892_1350550601981683_4594806094238665531_n-1.jpg?resize=50%2C30&amp;ssl=1 50w, https:\/\/i0.wp.com\/moroccotouroperator.com\/es\/wp-content\/uploads\/2021\/05\/190599892_1350550601981683_4594806094238665531_n-1.jpg?resize=126%2C75&amp;ssl=1 126w, https:\/\/i0.wp.com\/moroccotouroperator.com\/es\/wp-content\/uploads\/2021\/05\/190599892_1350550601981683_4594806094238665531_n-1.jpg?w=1053&amp;ssl=1 1053w\" sizes=\"(max-width: 300px) 100vw, 300px\" \/><\/p>\n<p style=\"text-align: justify;\">Hoy despu\u00e9s del desayuno, empezamos por visitar el hermoso lago del desierto de Merzouga y el pueblo de Khamlia donde escuchamos a los m\u00fasicos Gnaoua. M\u00e1s tarde, le llevaremos a las monta\u00f1as del desierto donde descubrir\u00e1 c\u00f3mo trabajan los n\u00f3madas bereberes para ganarse la vida. Adem\u00e1s, les visitaremos en sus tiendas y veremos c\u00f3mo llevan una vida feliz con capacidades sencillas. Despu\u00e9s, visitaremos Hassilabia, el Oasis de Tissardmine y volveremos al hotel para prepararnos para el viaje de aventura en camello por las dunas del Sahara de Erg Chebbi. A continuaci\u00f3n, disfrutaremos de un paseo en camello durante 90 minutos, su gu\u00eda de camellos le llevar\u00e1 al mejor sitio donde disfrutar de la puesta de sol de su vida. Finalmente, al llegar al campamento el personal le dar\u00e1 la bienvenida con una taza de t\u00e9 a la menta. Pase una noche inolvidable en el campamento.<\/p>\n<h4>D\u00cdA 4: Merzouga \u2013 Alnif \u2013 Tabount \u2013 Ouarzazate:<\/h4>\n<p><img data-recalc-dims=\"1\" decoding=\"async\" class=\"alignnone size-medium wp-image-738\" src=\"https:\/\/i0.wp.com\/moroccotouroperator.com\/es\/wp-content\/uploads\/2021\/05\/193962044_534806807685914_8296967885467091439_n.jpg?resize=300%2C168\" alt=\"5 dias desde Marrakech al desierto\" width=\"300\" height=\"168\" loading=\"lazy\" srcset=\"https:\/\/i0.wp.com\/moroccotouroperator.com\/es\/wp-content\/uploads\/2021\/05\/193962044_534806807685914_8296967885467091439_n.jpg?resize=300%2C168&amp;ssl=1 300w, https:\/\/i0.wp.com\/moroccotouroperator.com\/es\/wp-content\/uploads\/2021\/05\/193962044_534806807685914_8296967885467091439_n.jpg?resize=1024%2C574&amp;ssl=1 1024w, https:\/\/i0.wp.com\/moroccotouroperator.com\/es\/wp-content\/uploads\/2021\/05\/193962044_534806807685914_8296967885467091439_n.jpg?resize=768%2C431&amp;ssl=1 768w, https:\/\/i0.wp.com\/moroccotouroperator.com\/es\/wp-content\/uploads\/2021\/05\/193962044_534806807685914_8296967885467091439_n.jpg?resize=260%2C146&amp;ssl=1 260w, https:\/\/i0.wp.com\/moroccotouroperator.com\/es\/wp-content\/uploads\/2021\/05\/193962044_534806807685914_8296967885467091439_n.jpg?resize=50%2C28&amp;ssl=1 50w, https:\/\/i0.wp.com\/moroccotouroperator.com\/es\/wp-content\/uploads\/2021\/05\/193962044_534806807685914_8296967885467091439_n.jpg?resize=134%2C75&amp;ssl=1 134w, https:\/\/i0.wp.com\/moroccotouroperator.com\/es\/wp-content\/uploads\/2021\/05\/193962044_534806807685914_8296967885467091439_n.jpg?w=1070&amp;ssl=1 1070w\" sizes=\"(max-width: 300px) 100vw, 300px\" \/><\/p>\n<p style=\"text-align: justify;\">Por la ma\u00f1ana temprano, el personal del campamento le despertar\u00e1 para que disfrute del color rojo del cielo y del mejor amanecer de su vida. Despu\u00e9s de desayunar, volveremos a montar en camello hasta el hotel, donde se reunir\u00e1 con su conductor. A continuaci\u00f3n, viaje a la ciudad de Rissani para visitar su mercado local y el Mausoleo de Moulay Ali Cherif. Despu\u00e9s, en la carretera de Alnif, disfrutar\u00e1 de una majestuosa vista de las peque\u00f1as monta\u00f1as del Atlas. Tambi\u00e9n, nos dirigimos a Ouarzazate a trav\u00e9s del Valle del Draa y nos alojamos en un Hotel \/ Riad en Ouarzazate.<\/p>\n<h4>D\u00eda 5: Ouarzazate \u2013 Telouet \u2013 Marrakech:<\/h4>\n<p><img data-recalc-dims=\"1\" decoding=\"async\" class=\"alignnone size-medium wp-image-739\" src=\"https:\/\/i0.wp.com\/moroccotouroperator.com\/es\/wp-content\/uploads\/2021\/05\/177452126_496935388110840_1145228291551155520_n.jpg?resize=300%2C163\" alt=\"High Atlas Mountains\" width=\"300\" height=\"163\" loading=\"lazy\" srcset=\"https:\/\/i0.wp.com\/moroccotouroperator.com\/es\/wp-content\/uploads\/2021\/05\/177452126_496935388110840_1145228291551155520_n.jpg?resize=300%2C163&amp;ssl=1 300w, https:\/\/i0.wp.com\/moroccotouroperator.com\/es\/wp-content\/uploads\/2021\/05\/177452126_496935388110840_1145228291551155520_n.jpg?resize=1024%2C558&amp;ssl=1 1024w, https:\/\/i0.wp.com\/moroccotouroperator.com\/es\/wp-content\/uploads\/2021\/05\/177452126_496935388110840_1145228291551155520_n.jpg?resize=768%2C418&amp;ssl=1 768w, https:\/\/i0.wp.com\/moroccotouroperator.com\/es\/wp-content\/uploads\/2021\/05\/177452126_496935388110840_1145228291551155520_n.jpg?resize=260%2C142&amp;ssl=1 260w, https:\/\/i0.wp.com\/moroccotouroperator.com\/es\/wp-content\/uploads\/2021\/05\/177452126_496935388110840_1145228291551155520_n.jpg?resize=50%2C27&amp;ssl=1 50w, https:\/\/i0.wp.com\/moroccotouroperator.com\/es\/wp-content\/uploads\/2021\/05\/177452126_496935388110840_1145228291551155520_n.jpg?resize=138%2C75&amp;ssl=1 138w, https:\/\/i0.wp.com\/moroccotouroperator.com\/es\/wp-content\/uploads\/2021\/05\/177452126_496935388110840_1145228291551155520_n.jpg?w=1070&amp;ssl=1 1070w\" sizes=\"(max-width: 300px) 100vw, 300px\" \/><\/p>\n<p style=\"text-align: justify;\">Los tours por el desierto de Marrakech 5 d\u00edas contin\u00faan hasta el pueblo de Ait Benhaddou. As\u00ed, visitar\u00e1 la Kasbah de la Unesco y su Patrimonio de la Humanidad. Es uno de los pueblos fortificados m\u00e1s espectaculares de Marruecos. A continuaci\u00f3n, tomar\u00e1 la direcci\u00f3n del pueblo de Telouet y explorar\u00e1 la Kasbah el Glaoui. A continuaci\u00f3n, cruzar\u00e1 la monta\u00f1a del Alto Atlas para volver a Marrakech. Finalmente, cuando llegue a Marrakech nuestro conductor le llevar\u00e1 a su alojamiento o al aeropuerto. Entonces el final de nuestro servicio.<\/p>\n<h3>Incluido en este viaje de 5 d\u00edas de Marrakech al desierto:<\/h3>\n<ul>\n<li>Recogida en su hotel\/riad.<\/li>\n<li>Tour privado de Marrakech en un c\u00f3modo veh\u00edculo con aire acondicionado.<\/li>\n<li>El conductor habla espa\u00f1ol<\/li>\n<li>Paseo en camello hasta el campamento del desierto y 1 camello para cada persona.<\/li>\n<li>Alojamiento en riad\/hotel<\/li>\n<li>Pasar una noche en un campamento del desierto<\/li>\n<\/ul>\n<p>\u00a0<\/p>\n<h3>No est\u00e1 incluido en este tour de 5 d\u00edas de Marrakech al desierto del Sahara:<\/h3>\n<p>*Billetes de avi\u00f3n.<\/p>\n<p>*Todos los almuerzos y bebidas.<\/p>\n<p>*Entradas y tickets, propinas.<\/p>\n<p>\u00a0<\/p>\n<h3>C\u00f3mo reservar esta excursi\u00f3n de 5 d\u00edas de Marrakech al desierto del Sahara?<\/h3>\n<p style=\"text-align: justify;\">No dude en ponerse en contacto con nosotros. Una vez que confirmemos la disponibilidad, le notificaremos sobre nuestro tour al desierto de Marrakech.<\/p>\n<h4>Nota:<\/h4>\n<p style=\"text-align: justify;\">Si no tiene mucho tiempo y quiere descubrir el desierto del Sahara en 3 d\u00edas, <a href=\"http:\/\/moroccotouroperator.com\/es\/ruta-de-3-dias-desde-marrakech-al-desierto-de-merzouga\/\">haga clic aqu\u00ed<\/a> para obtener m\u00e1s opciones.<\/p>\n<p><\/p>\n<\/body>","protected":false},"excerpt":{"rendered":"<p>Viaje de 5 d\u00edas desde Marrakech al desierto Excursi\u00f3n de 5 d\u00edas al desierto desde Marrakech\/ Marrakech al desierto 5 dias ruta Este itinerario de 5<span class=\"excerpt-hellip\"> [\u2026]<\/span><\/p>\n","protected":false},"author":1,"featured_media":734,"parent":0,"menu_order":0,"comment_status":"closed","ping_status":"closed","template":"","meta":{"footnotes":""},"class_list":["post-113","page","type-page","status-publish","has-post-thumbnail","hentry"],"yoast_head":"<!-- This site is optimized with the Yoast SEO plugin v25.6 - https:\/\/yoast.com\/wordpress\/plugins\/seo\/ -->\n<title>Viaje de 5 d\u00edas desde Marrakech al desierto \/ Excursiones por el desierto<\/title>\n<meta name=\"description\" content=\"Viaje de 5 d\u00edas desde Marrakech al desierto, es una gran elecci\u00f3n. Reserve con nosotros su itinerario de viaje al sureste de Marruecos...\" \/>\n<meta name=\"robots\" content=\"index, follow, max-snippet:-1, max-image-preview:large, max-video-preview:-1\" \/>\n<link rel=\"canonical\" href=\"https:\/\/moroccotouroperator.com\/es\/viaje-de-5-dias-desde-marrakech-al-desierto\/\" \/>\n<meta property=\"og:locale\" content=\"en_US\" \/>\n<meta property=\"og:type\" content=\"article\" \/>\n<meta property=\"og:title\" content=\"Viaje de 5 d\u00edas desde Marrakech al desierto \/ Excursiones por el desierto\" \/>\n<meta property=\"og:description\" content=\"Viaje de 5 d\u00edas desde Marrakech al desierto, es una gran elecci\u00f3n. Reserve con nosotros su itinerario de viaje al sureste de Marruecos...\" \/>\n<meta property=\"og:url\" content=\"https:\/\/moroccotouroperator.com\/es\/viaje-de-5-dias-desde-marrakech-al-desierto\/\" \/>\n<meta property=\"og:site_name\" content=\"Morocco Tour Operator\" \/>\n<meta property=\"article:modified_time\" content=\"2021-06-12T14:41:46+00:00\" \/>\n<meta property=\"og:image\" content=\"https:\/\/i0.wp.com\/moroccotouroperator.com\/es\/wp-content\/uploads\/2021\/05\/191547645_2889747821335282_7956492119114210463_n.jpg?fit=1068%2C649&ssl=1\" \/>\n\t<meta property=\"og:image:width\" content=\"1068\" \/>\n\t<meta property=\"og:image:height\" content=\"649\" \/>\n\t<meta property=\"og:image:type\" content=\"image\/jpeg\" \/>\n<meta name=\"twitter:card\" content=\"summary_large_image\" \/>\n<meta name=\"twitter:label1\" content=\"Est. reading time\" \/>\n\t<meta name=\"twitter:data1\" content=\"6 minutes\" \/>\n<script type=\"application\/ld+json\" class=\"yoast-schema-graph\">{\"@context\":\"https:\/\/schema.org\",\"@graph\":[{\"@type\":\"WebPage\",\"@id\":\"https:\/\/moroccotouroperator.com\/es\/viaje-de-5-dias-desde-marrakech-al-desierto\/\",\"url\":\"https:\/\/moroccotouroperator.com\/es\/viaje-de-5-dias-desde-marrakech-al-desierto\/\",\"name\":\"Viaje de 5 d\u00edas desde Marrakech al desierto \/ Excursiones por el desierto\",\"isPartOf\":{\"@id\":\"https:\/\/moroccotouroperator.com\/es\/#website\"},\"primaryImageOfPage\":{\"@id\":\"https:\/\/moroccotouroperator.com\/es\/viaje-de-5-dias-desde-marrakech-al-desierto\/#primaryimage\"},\"image\":{\"@id\":\"https:\/\/moroccotouroperator.com\/es\/viaje-de-5-dias-desde-marrakech-al-desierto\/#primaryimage\"},\"thumbnailUrl\":\"https:\/\/i0.wp.com\/moroccotouroperator.com\/es\/wp-content\/uploads\/2021\/05\/191547645_2889747821335282_7956492119114210463_n.jpg?fit=1068%2C649&ssl=1\",\"datePublished\":\"2020-10-10T18:22:45+00:00\",\"dateModified\":\"2021-06-12T14:41:46+00:00\",\"description\":\"Viaje de 5 d\u00edas desde Marrakech al desierto, es una gran elecci\u00f3n. Reserve con nosotros su itinerario de viaje al sureste de Marruecos...\",\"breadcrumb\":{\"@id\":\"https:\/\/moroccotouroperator.com\/es\/viaje-de-5-dias-desde-marrakech-al-desierto\/#breadcrumb\"},\"inLanguage\":\"en-US\",\"potentialAction\":[{\"@type\":\"ReadAction\",\"target\":[\"https:\/\/moroccotouroperator.com\/es\/viaje-de-5-dias-desde-marrakech-al-desierto\/\"]}]},{\"@type\":\"ImageObject\",\"inLanguage\":\"en-US\",\"@id\":\"https:\/\/moroccotouroperator.com\/es\/viaje-de-5-dias-desde-marrakech-al-desierto\/#primaryimage\",\"url\":\"https:\/\/i0.wp.com\/moroccotouroperator.com\/es\/wp-content\/uploads\/2021\/05\/191547645_2889747821335282_7956492119114210463_n.jpg?fit=1068%2C649&ssl=1\",\"contentUrl\":\"https:\/\/i0.wp.com\/moroccotouroperator.com\/es\/wp-content\/uploads\/2021\/05\/191547645_2889747821335282_7956492119114210463_n.jpg?fit=1068%2C649&ssl=1\",\"width\":1068,\"height\":649,\"caption\":\"viaje de 5 dias desde Marrakech al desierto\"},{\"@type\":\"BreadcrumbList\",\"@id\":\"https:\/\/moroccotouroperator.com\/es\/viaje-de-5-dias-desde-marrakech-al-desierto\/#breadcrumb\",\"itemListElement\":[{\"@type\":\"ListItem\",\"position\":1,\"name\":\"Home\",\"item\":\"https:\/\/moroccotouroperator.com\/es\/\"},{\"@type\":\"ListItem\",\"position\":2,\"name\":\"Viaje de 5 d\u00edas desde Marrakech al desierto\"}]},{\"@type\":\"WebSite\",\"@id\":\"https:\/\/moroccotouroperator.com\/es\/#website\",\"url\":\"https:\/\/moroccotouroperator.com\/es\/\",\"name\":\"Morocco Tour Operator\",\"description\":\"Morocco Private Desert Tours\",\"potentialAction\":[{\"@type\":\"SearchAction\",\"target\":{\"@type\":\"EntryPoint\",\"urlTemplate\":\"https:\/\/moroccotouroperator.com\/es\/?s={search_term_string}\"},\"query-input\":{\"@type\":\"PropertyValueSpecification\",\"valueRequired\":true,\"valueName\":\"search_term_string\"}}],\"inLanguage\":\"en-US\"}]}<\/script>\n<!-- \/ Yoast SEO plugin. -->","yoast_head_json":{"title":"Viaje de 5 d\u00edas desde Marrakech al desierto \/ Excursiones por el desierto","description":"Viaje de 5 d\u00edas desde Marrakech al desierto, es una gran elecci\u00f3n. Reserve con nosotros su itinerario de viaje al sureste de Marruecos...","robots":{"index":"index","follow":"follow","max-snippet":"max-snippet:-1","max-image-preview":"max-image-preview:large","max-video-preview":"max-video-preview:-1"},"canonical":"https:\/\/moroccotouroperator.com\/es\/viaje-de-5-dias-desde-marrakech-al-desierto\/","og_locale":"en_US","og_type":"article","og_title":"Viaje de 5 d\u00edas desde Marrakech al desierto \/ Excursiones por el desierto","og_description":"Viaje de 5 d\u00edas desde Marrakech al desierto, es una gran elecci\u00f3n. Reserve con nosotros su itinerario de viaje al sureste de Marruecos...","og_url":"https:\/\/moroccotouroperator.com\/es\/viaje-de-5-dias-desde-marrakech-al-desierto\/","og_site_name":"Morocco Tour Operator","article_modified_time":"2021-06-12T14:41:46+00:00","og_image":[{"width":1068,"height":649,"url":"https:\/\/i0.wp.com\/moroccotouroperator.com\/es\/wp-content\/uploads\/2021\/05\/191547645_2889747821335282_7956492119114210463_n.jpg?fit=1068%2C649&ssl=1","type":"image\/jpeg"}],"twitter_card":"summary_large_image","twitter_misc":{"Est. reading time":"6 minutes"},"schema":{"@context":"https:\/\/schema.org","@graph":[{"@type":"WebPage","@id":"https:\/\/moroccotouroperator.com\/es\/viaje-de-5-dias-desde-marrakech-al-desierto\/","url":"https:\/\/moroccotouroperator.com\/es\/viaje-de-5-dias-desde-marrakech-al-desierto\/","name":"Viaje de 5 d\u00edas desde Marrakech al desierto \/ Excursiones por el desierto","isPartOf":{"@id":"https:\/\/moroccotouroperator.com\/es\/#website"},"primaryImageOfPage":{"@id":"https:\/\/moroccotouroperator.com\/es\/viaje-de-5-dias-desde-marrakech-al-desierto\/#primaryimage"},"image":{"@id":"https:\/\/moroccotouroperator.com\/es\/viaje-de-5-dias-desde-marrakech-al-desierto\/#primaryimage"},"thumbnailUrl":"https:\/\/i0.wp.com\/moroccotouroperator.com\/es\/wp-content\/uploads\/2021\/05\/191547645_2889747821335282_7956492119114210463_n.jpg?fit=1068%2C649&ssl=1","datePublished":"2020-10-10T18:22:45+00:00","dateModified":"2021-06-12T14:41:46+00:00","description":"Viaje de 5 d\u00edas desde Marrakech al desierto, es una gran elecci\u00f3n. Reserve con nosotros su itinerario de viaje al sureste de Marruecos...","breadcrumb":{"@id":"https:\/\/moroccotouroperator.com\/es\/viaje-de-5-dias-desde-marrakech-al-desierto\/#breadcrumb"},"inLanguage":"en-US","potentialAction":[{"@type":"ReadAction","target":["https:\/\/moroccotouroperator.com\/es\/viaje-de-5-dias-desde-marrakech-al-desierto\/"]}]},{"@type":"ImageObject","inLanguage":"en-US","@id":"https:\/\/moroccotouroperator.com\/es\/viaje-de-5-dias-desde-marrakech-al-desierto\/#primaryimage","url":"https:\/\/i0.wp.com\/moroccotouroperator.com\/es\/wp-content\/uploads\/2021\/05\/191547645_2889747821335282_7956492119114210463_n.jpg?fit=1068%2C649&ssl=1","contentUrl":"https:\/\/i0.wp.com\/moroccotouroperator.com\/es\/wp-content\/uploads\/2021\/05\/191547645_2889747821335282_7956492119114210463_n.jpg?fit=1068%2C649&ssl=1","width":1068,"height":649,"caption":"viaje de 5 dias desde Marrakech al desierto"},{"@type":"BreadcrumbList","@id":"https:\/\/moroccotouroperator.com\/es\/viaje-de-5-dias-desde-marrakech-al-desierto\/#breadcrumb","itemListElement":[{"@type":"ListItem","position":1,"name":"Home","item":"https:\/\/moroccotouroperator.com\/es\/"},{"@type":"ListItem","position":2,"name":"Viaje de 5 d\u00edas desde Marrakech al desierto"}]},{"@type":"WebSite","@id":"https:\/\/moroccotouroperator.com\/es\/#website","url":"https:\/\/moroccotouroperator.com\/es\/","name":"Morocco Tour Operator","description":"Morocco Private Desert Tours","potentialAction":[{"@type":"SearchAction","target":{"@type":"EntryPoint","urlTemplate":"https:\/\/moroccotouroperator.com\/es\/?s={search_term_string}"},"query-input":{"@type":"PropertyValueSpecification","valueRequired":true,"valueName":"search_term_string"}}],"inLanguage":"en-US"}]}},"jetpack_sharing_enabled":true,"_links":{"self":[{"href":"https:\/\/moroccotouroperator.com\/es\/wp-json\/wp\/v2\/pages\/113"}],"collection":[{"href":"https:\/\/moroccotouroperator.com\/es\/wp-json\/wp\/v2\/pages"}],"about":[{"href":"https:\/\/moroccotouroperator.com\/es\/wp-json\/wp\/v2\/types\/page"}],"author":[{"embeddable":true,"href":"https:\/\/moroccotouroperator.com\/es\/wp-json\/wp\/v2\/users\/1"}],"replies":[{"embeddable":true,"href":"https:\/\/moroccotouroperator.com\/es\/wp-json\/wp\/v2\/comments?post=113"}],"version-history":[{"count":18,"href":"https:\/\/moroccotouroperator.com\/es\/wp-json\/wp\/v2\/pages\/113\/revisions"}],"predecessor-version":[{"id":907,"href":"https:\/\/moroccotouroperator.com\/es\/wp-json\/wp\/v2\/pages\/113\/revisions\/907"}],"wp:featuredmedia":[{"embeddable":true,"href":"https:\/\/moroccotouroperator.com\/es\/wp-json\/wp\/v2\/media\/734"}],"wp:attachment":[{"href":"https:\/\/moroccotouroperator.com\/es\/wp-json\/wp\/v2\/media?parent=113"}],"curies":[{"name":"wp","href":"https:\/\/api.w.org\/{rel}","templated":true}]}}