{"id":105,"date":"2020-10-10T18:21:00","date_gmt":"2020-10-10T18:21:00","guid":{"rendered":"https:\/\/rutasdesierto.com\/trips\/?page_id=105"},"modified":"2022-01-24T12:34:22","modified_gmt":"2022-01-24T12:34:22","slug":"ruta-de-3-dias-desde-marrakech-al-desierto-de-merzouga","status":"publish","type":"page","link":"https:\/\/moroccotouroperator.com\/es\/ruta-de-3-dias-desde-marrakech-al-desierto-de-merzouga\/","title":{"rendered":"Viaje de 3 d\u00edas desde Marrakech al desierto"},"content":{"rendered":"<body><p><\/p>\n<h1>Ruta de 3 d\u00edas desde Marrakech al desierto de Merzouga<\/h1>\n<h2>Excursi\u00f3n de 3 d\u00edas al desierto desde Marrakech \/ Viaje de 3 d\u00edas de Marrakech al desierto de Merzouga<\/h2>\n<p style=\"text-align: justify;\">Con esta viaje de 3 d\u00edas desde Marrakech al desierto, vivir\u00e1s un viaje inolvidable. Este tour ha sido dise\u00f1ado para el viajero con ganas de explorar a fondo los mejores lugares de Marruecos. Aqu\u00ed, le llevar\u00e1 a ver la magia de Marruecos. Una vez que el paisaje cambia radicalmente, definitivamente no sentir\u00e1 ni una gota de aburrimiento. Comience con las monta\u00f1as del Alto Atlas a los valles, Kasbahs y las gargantas, a continuaci\u00f3n, las incre\u00edbles dunas de arena de Erg Chebbi y la caminata en camello\u2026 Marrakech al desierto \/ Ruta por el desierto desde Marrakech \/ Viajes de Marrakech\u2026<\/p>\n<h3>Panorama general:<\/h3>\n<p style=\"text-align: justify;\">Morocco Tour Operator le da muchas grandes opciones para viajar por Marruecos, para conducir a trav\u00e9s de las monta\u00f1as del Alto Atlas. A continuaci\u00f3n, disfrutar de los hermosos paisajes, visitando la Kasbah de la UNESCO de Ait Ben Haddou y la exploraci\u00f3n de las gargantas. Adem\u00e1s, experimentar el senderismo en camello y pasar una noche en un campamento en el desierto. La excursi\u00f3n de 3 d\u00edas de Marrakech al desierto de Merzouga es una de las mejores opciones que puede elegir. Adem\u00e1s, pasar\u00e1s una noche inolvidable en el desierto de Merzouga, que se encuentra a tan s\u00f3lo 35 km de la frontera con Argelia, donde termina la carretera probada y se encuentran las verdaderas dunas del desierto del Sahara.<\/p>\n<h3>Informaci\u00f3n sobre nuestro tour de 3 d\u00edas desde Marrakech al desierto de Merzouga:<\/h3>\n<p>*Duraci\u00f3n: 3 D\u00edas \/ 2 Noches<\/p>\n<p>*Salida: 08:00 AM<\/p>\n<p>*Punto de partida: Marrakech<\/p>\n<p>*Punto de finalizaci\u00f3n: Marrakech<\/p>\n<h3>Puntos destacados:<\/h3>\n<ul>\n<li>Cruzar las monta\u00f1as del Alto Atlas y los pueblos bereberes<\/li>\n<li>Visitar la Kasbah de la UNESCO<\/li>\n<li>Paseo por las Gargantas del Todra<\/li>\n<li>Paseo en camello por el desierto del S\u00e1hara disfrutando del atardecer y el amanecer<\/li>\n<li>Pasar una noche inolvidable en una tienda n\u00f3mada<\/li>\n<li>Atravesar el camino de las 1000 Kasbahs y el Valle de las Rosas<\/li>\n<\/ul>\n<p>\u00a0<\/p>\n<h3>Programa itinerario de nuestro tour de 3 d\u00edas de Marrakech al desierto de Merzouga:<\/h3>\n<h4>D\u00cdA 1: Marrakech \u2013 Gargantas del Dades:<\/h4>\n<p><img data-recalc-dims=\"1\" decoding=\"async\" class=\"alignnone wp-image-715 size-medium\" src=\"https:\/\/i0.wp.com\/moroccotouroperator.com\/es\/wp-content\/uploads\/2021\/05\/101000462_283155616057706_7737515605299726437_n.jpg?resize=300%2C164\" alt=\"\" width=\"300\" height=\"164\" loading=\"lazy\" srcset=\"https:\/\/i0.wp.com\/moroccotouroperator.com\/es\/wp-content\/uploads\/2021\/05\/101000462_283155616057706_7737515605299726437_n.jpg?resize=300%2C164&amp;ssl=1 300w, https:\/\/i0.wp.com\/moroccotouroperator.com\/es\/wp-content\/uploads\/2021\/05\/101000462_283155616057706_7737515605299726437_n.jpg?resize=1024%2C559&amp;ssl=1 1024w, https:\/\/i0.wp.com\/moroccotouroperator.com\/es\/wp-content\/uploads\/2021\/05\/101000462_283155616057706_7737515605299726437_n.jpg?resize=768%2C419&amp;ssl=1 768w, https:\/\/i0.wp.com\/moroccotouroperator.com\/es\/wp-content\/uploads\/2021\/05\/101000462_283155616057706_7737515605299726437_n.jpg?resize=260%2C142&amp;ssl=1 260w, https:\/\/i0.wp.com\/moroccotouroperator.com\/es\/wp-content\/uploads\/2021\/05\/101000462_283155616057706_7737515605299726437_n.jpg?resize=50%2C27&amp;ssl=1 50w, https:\/\/i0.wp.com\/moroccotouroperator.com\/es\/wp-content\/uploads\/2021\/05\/101000462_283155616057706_7737515605299726437_n.jpg?resize=137%2C75&amp;ssl=1 137w, https:\/\/i0.wp.com\/moroccotouroperator.com\/es\/wp-content\/uploads\/2021\/05\/101000462_283155616057706_7737515605299726437_n.jpg?w=1048&amp;ssl=1 1048w\" sizes=\"(max-width: 300px) 100vw, 300px\" \/><\/p>\n<p style=\"text-align: justify;\">En primer lugar, nuestro viaje comienza desde su hotel a trav\u00e9s del Alto Atlas, pasando por el Tizi n\u2019Tichka con paradas en vistas panor\u00e1micas para tomar algunas fotos para los peque\u00f1os pueblos bereberes. A continuaci\u00f3n, las comarcas para explorar la Kasbah de Ait Benhaddou de la UNESCO. Despu\u00e9s del almuerzo, visitaremos el estudio de cine en Ouarzazate y tendr\u00e1 tiempo libre para tomar algunas fotos. A continuaci\u00f3n, continuaremos hacia el valle de Skoura, un hermoso lugar para contemplar miles de palmeras y las numerosas kasbahs que se construyen en los alrededores. A continuaci\u00f3n, tomamos la carretera del Valle de las Rosas. Aqu\u00ed se cr\u00edan las rosas para su uso cosm\u00e9tico, como la preciada agua de rosas, all\u00ed haremos una parada de unos minutos.<\/p>\n<p style=\"text-align: justify;\">Adem\u00e1s, en mayo se celebra la Fiesta de la Rosa. A continuaci\u00f3n, nos dirigiremos al Valle del Dades para pasar la noche en un Riad o en un Hotel con cena y desayuno.<\/p>\n<h4>D\u00cdA 2: Boumalne Dades \u2013 Valle del Todra \u2013 Merzouga :<\/h4>\n<p><img data-recalc-dims=\"1\" decoding=\"async\" class=\"alignnone size-medium wp-image-716\" src=\"https:\/\/i0.wp.com\/moroccotouroperator.com\/es\/wp-content\/uploads\/2021\/05\/191372306_786908865297029_821549092701019824_n.jpg?resize=300%2C168\" alt=\"Marrakech a Merzouga\" width=\"300\" height=\"168\" loading=\"lazy\" srcset=\"https:\/\/i0.wp.com\/moroccotouroperator.com\/es\/wp-content\/uploads\/2021\/05\/191372306_786908865297029_821549092701019824_n.jpg?resize=300%2C168&amp;ssl=1 300w, https:\/\/i0.wp.com\/moroccotouroperator.com\/es\/wp-content\/uploads\/2021\/05\/191372306_786908865297029_821549092701019824_n.jpg?resize=260%2C146&amp;ssl=1 260w, https:\/\/i0.wp.com\/moroccotouroperator.com\/es\/wp-content\/uploads\/2021\/05\/191372306_786908865297029_821549092701019824_n.jpg?resize=50%2C28&amp;ssl=1 50w, https:\/\/i0.wp.com\/moroccotouroperator.com\/es\/wp-content\/uploads\/2021\/05\/191372306_786908865297029_821549092701019824_n.jpg?resize=134%2C75&amp;ssl=1 134w, https:\/\/i0.wp.com\/moroccotouroperator.com\/es\/wp-content\/uploads\/2021\/05\/191372306_786908865297029_821549092701019824_n.jpg?w=530&amp;ssl=1 530w\" sizes=\"(max-width: 300px) 100vw, 300px\" \/><\/p>\n<p style=\"text-align: justify;\">En el segundo d\u00eda de nuestro tour de 3 d\u00edas desde Marrakech al desierto de Merzouga, tomaremos la direcci\u00f3n hacia el Valle del Todra. Aqu\u00ed, caminaremos cerca de los escaladores de roca. A partir de entonces, viajamos a Erfoud a trav\u00e9s de Tinjdad palmerales. As\u00ed, exploramos los f\u00f3siles en las monta\u00f1as del desierto cerca de Erfoud antes de llegar a <a href=\"https:\/\/es.wikipedia.org\/wiki\/Merzouga\">Merzouga<\/a>, donde explorar\u00e1 las dunas de Erg Chebbi. M\u00e1s tarde, te preparas para la mejor aventura en camello en medio de las dunas del Sahara, antes de llegar al campamento del desierto tu gu\u00eda de camellos te llevar\u00e1 al mejor lugar donde disfrutar\u00e1s de la puesta de sol de tu vida sobre una gran duna.<\/p>\n<p style=\"text-align: justify;\">Una vez que llegue al campamento encontrar\u00e1 al personal esper\u00e1ndole con un t\u00e9 de bienvenida, despu\u00e9s de la cena, disfrutar\u00e1 de la m\u00fasica bereber alrededor del fuego y bajo un cielo lleno de estrellas. A continuaci\u00f3n, pasar\u00e1 la noche en el campamento.<\/p>\n<h4>D\u00cdA 3: Campamento en el desierto \u2013 Valle del Draa \u2013 Marrakech:<\/h4>\n<p><img data-recalc-dims=\"1\" decoding=\"async\" class=\"alignnone size-medium wp-image-717\" src=\"https:\/\/i0.wp.com\/moroccotouroperator.com\/es\/wp-content\/uploads\/2021\/05\/175283323_793352854637370_6252292684497836132_n.jpg?resize=300%2C192\" alt=\"\" width=\"300\" height=\"192\" loading=\"lazy\" srcset=\"https:\/\/i0.wp.com\/moroccotouroperator.com\/es\/wp-content\/uploads\/2021\/05\/175283323_793352854637370_6252292684497836132_n.jpg?resize=300%2C192&amp;ssl=1 300w, https:\/\/i0.wp.com\/moroccotouroperator.com\/es\/wp-content\/uploads\/2021\/05\/175283323_793352854637370_6252292684497836132_n.jpg?resize=1024%2C655&amp;ssl=1 1024w, https:\/\/i0.wp.com\/moroccotouroperator.com\/es\/wp-content\/uploads\/2021\/05\/175283323_793352854637370_6252292684497836132_n.jpg?resize=768%2C491&amp;ssl=1 768w, https:\/\/i0.wp.com\/moroccotouroperator.com\/es\/wp-content\/uploads\/2021\/05\/175283323_793352854637370_6252292684497836132_n.jpg?resize=228%2C146&amp;ssl=1 228w, https:\/\/i0.wp.com\/moroccotouroperator.com\/es\/wp-content\/uploads\/2021\/05\/175283323_793352854637370_6252292684497836132_n.jpg?resize=50%2C32&amp;ssl=1 50w, https:\/\/i0.wp.com\/moroccotouroperator.com\/es\/wp-content\/uploads\/2021\/05\/175283323_793352854637370_6252292684497836132_n.jpg?resize=117%2C75&amp;ssl=1 117w, https:\/\/i0.wp.com\/moroccotouroperator.com\/es\/wp-content\/uploads\/2021\/05\/175283323_793352854637370_6252292684497836132_n.jpg?w=1070&amp;ssl=1 1070w\" sizes=\"(max-width: 300px) 100vw, 300px\" \/><\/p>\n<p style=\"text-align: justify;\">El \u00faltimo d\u00eda de nuestro tour de 3 d\u00edas desde Marrakech al desierto de Merzouga comenzar\u00e1 disfrutando de un maravilloso amanecer con el color rojo del cielo. Despu\u00e9s de desayunar, volveremos a montar en camello hasta el pueblo de Merzouga, donde nos encontraremos con nuestro conductor, y luego nos dirigiremos a Rissani para explorar el zoco local. Adem\u00e1s, pasaremos por las monta\u00f1as del Peque\u00f1o Atlas y luego por el fascinante Valle del Draa hasta llegar a Ouarzazate. A partir de entonces, cruzamos las monta\u00f1as del Alto Atlas de vuelta a Marrakech, la \u00fanica carretera entre Ouarzazate y Marrakech y le dejamos en su Riad u Hotel en Marrakech.<\/p>\n<p>\u00a0<\/p>\n<h3>Incluido en nuestro viaje de 3 d\u00edas de Marrakech al desierto :<\/h3>\n<ul>\n<li>Recogida en su hotel\/riad.<\/li>\n<li>Tour privado desde Marrakech en un c\u00f3modo veh\u00edculo con aire acondicionado.<\/li>\n<li>El conductor habla espa\u00f1ol.<\/li>\n<li>Paseo en camello en el desierto del Sahara y 1 camello para cada persona.<\/li>\n<li>Alojamiento en riad \/ hotel<\/li>\n<li>Pasar una noche en el campamento del desierto<\/li>\n<\/ul>\n<h3>No incluido:<\/h3>\n<p>*Billetes de avi\u00f3n.<\/p>\n<p>*Todas las comidas y bebidas.<\/p>\n<p>* Entradas y tickets, propinas.<\/p>\n<p>\u00a0<\/p>\n<h3>C\u00f3mo reservar este viaje de 3 d\u00edas de Marrakech al desierto ?<\/h3>\n<p>No dude en ponerse en contacto con nosotros para conocer el precio real del viaje a Marruecos. Una vez que confirmemos la disponibilidad, le notificaremos sobre su viaje al desierto.<\/p>\n<p>\u00a0<\/p>\n<h3>Nota:<\/h3>\n<p>Si desea pasar m\u00e1s tiempo en el desierto del Sahara. Por favor, <a href=\"http:\/\/moroccotouroperator.com\/es\/\">haga clic aqu\u00ed<\/a><\/p>\n<p>\u00a0<\/p>\n<h3>Lugares que visitaremos:<\/h3>\n<h4>Erfoud:<\/h4>\n<p style=\"text-align: justify;\">Erfoud es la capital de los d\u00e1tiles tiene un mercado especial de d\u00e1tiles. Adem\u00e1s, tiene f\u00e1bricas de f\u00f3siles. En el camino entre Erfoud y Merzouga nos damos cuenta de muchas monta\u00f1as llenas de f\u00f3siles. Las f\u00f3siles dejados por un gran lago que hab\u00eda en la antig\u00fcedad.<\/p>\n<h4>Merzouga:<\/h4>\n<p style=\"text-align: justify;\">El desierto de Merzouga es el destino m\u00e1s com\u00fan en Marruecos para las excursiones en camello, Quad, 4\u00d74 y campamentos en el desierto, la mejor manera de experimentar el desierto del S\u00e1hara es una excursi\u00f3n en camello por las dunas del desierto del S\u00e1hara y pasar una noche en una tienda bereber o en un campamento de lujo. Adem\u00e1s, la excursi\u00f3n en camello dura aproximadamente 1 hora y 30 minutos a trav\u00e9s de las dunas de arena anaranjada para llegar al campamento del desierto del S\u00e1hara, donde tendr\u00e1 una sabrosa cena y pasar\u00e1 la noche. Adem\u00e1s, despu\u00e9s de la cena, disfrutar\u00e1 de la m\u00fasica bereber con el personal alrededor del fuego y bajo el cielo lleno de estrellas.<\/p>\n<p>\u00a0<\/p>\n<\/body>","protected":false},"excerpt":{"rendered":"<p>Ruta de 3 d\u00edas desde Marrakech al desierto de Merzouga Excursi\u00f3n de 3 d\u00edas al desierto desde Marrakech \/ Viaje de 3 d\u00edas de Marrakech al<span class=\"excerpt-hellip\"> [\u2026]<\/span><\/p>\n","protected":false},"author":1,"featured_media":800,"parent":0,"menu_order":0,"comment_status":"closed","ping_status":"closed","template":"","meta":{"footnotes":""},"class_list":["post-105","page","type-page","status-publish","has-post-thumbnail","hentry"],"yoast_head":"<!-- This site is optimized with the Yoast SEO plugin v25.6 - https:\/\/yoast.com\/wordpress\/plugins\/seo\/ -->\n<title>Viaje de 3 d\u00edas desde Marrakech al desierto \/ Rutas del desierto<\/title>\n<meta name=\"description\" content=\"Viaje de 3 d\u00edas desde Marrakech al desierto, Viaje de 3 d\u00edas desde Marrakech a Ouarzazate y desierto de Merzouga...\" \/>\n<meta name=\"robots\" content=\"index, follow, max-snippet:-1, max-image-preview:large, max-video-preview:-1\" \/>\n<link rel=\"canonical\" href=\"http:\/\/moroccotouroperator.com\/es\/ruta-de-3-dias-desde-marrakech-al-desierto-de-merzouga\/\" \/>\n<meta property=\"og:locale\" content=\"en_US\" \/>\n<meta property=\"og:type\" content=\"article\" \/>\n<meta property=\"og:title\" content=\"Viaje de 3 d\u00edas desde Marrakech al desierto \/ Rutas del desierto\" \/>\n<meta property=\"og:description\" content=\"Viaje de 3 d\u00edas desde Marrakech al desierto, Viaje de 3 d\u00edas desde Marrakech a Ouarzazate y desierto de Merzouga...\" \/>\n<meta property=\"og:url\" content=\"http:\/\/moroccotouroperator.com\/es\/ruta-de-3-dias-desde-marrakech-al-desierto-de-merzouga\/\" \/>\n<meta property=\"og:site_name\" content=\"Morocco Tour Operator\" \/>\n<meta property=\"article:modified_time\" content=\"2022-01-24T12:34:22+00:00\" \/>\n<meta property=\"og:image\" content=\"https:\/\/i0.wp.com\/moroccotouroperator.com\/es\/wp-content\/uploads\/2021\/06\/195445526_4744382768908579_6091245871106214405_n.jpg?fit=743%2C403\" \/>\n\t<meta property=\"og:image:width\" content=\"743\" \/>\n\t<meta property=\"og:image:height\" content=\"403\" \/>\n\t<meta property=\"og:image:type\" content=\"image\/jpeg\" \/>\n<meta name=\"twitter:card\" content=\"summary_large_image\" \/>\n<meta name=\"twitter:label1\" content=\"Est. reading time\" \/>\n\t<meta name=\"twitter:data1\" content=\"6 minutes\" \/>\n<script type=\"application\/ld+json\" class=\"yoast-schema-graph\">{\"@context\":\"https:\/\/schema.org\",\"@graph\":[{\"@type\":\"WebPage\",\"@id\":\"http:\/\/moroccotouroperator.com\/es\/ruta-de-3-dias-desde-marrakech-al-desierto-de-merzouga\/\",\"url\":\"http:\/\/moroccotouroperator.com\/es\/ruta-de-3-dias-desde-marrakech-al-desierto-de-merzouga\/\",\"name\":\"Viaje de 3 d\u00edas desde Marrakech al desierto \/ Rutas del desierto\",\"isPartOf\":{\"@id\":\"https:\/\/moroccotouroperator.com\/es\/#website\"},\"primaryImageOfPage\":{\"@id\":\"http:\/\/moroccotouroperator.com\/es\/ruta-de-3-dias-desde-marrakech-al-desierto-de-merzouga\/#primaryimage\"},\"image\":{\"@id\":\"http:\/\/moroccotouroperator.com\/es\/ruta-de-3-dias-desde-marrakech-al-desierto-de-merzouga\/#primaryimage\"},\"thumbnailUrl\":\"https:\/\/i0.wp.com\/moroccotouroperator.com\/es\/wp-content\/uploads\/2021\/06\/195445526_4744382768908579_6091245871106214405_n.jpg?fit=743%2C403&ssl=1\",\"datePublished\":\"2020-10-10T18:21:00+00:00\",\"dateModified\":\"2022-01-24T12:34:22+00:00\",\"description\":\"Viaje de 3 d\u00edas desde Marrakech al desierto, Viaje de 3 d\u00edas desde Marrakech a Ouarzazate y desierto de Merzouga...\",\"breadcrumb\":{\"@id\":\"http:\/\/moroccotouroperator.com\/es\/ruta-de-3-dias-desde-marrakech-al-desierto-de-merzouga\/#breadcrumb\"},\"inLanguage\":\"en-US\",\"potentialAction\":[{\"@type\":\"ReadAction\",\"target\":[\"http:\/\/moroccotouroperator.com\/es\/ruta-de-3-dias-desde-marrakech-al-desierto-de-merzouga\/\"]}]},{\"@type\":\"ImageObject\",\"inLanguage\":\"en-US\",\"@id\":\"http:\/\/moroccotouroperator.com\/es\/ruta-de-3-dias-desde-marrakech-al-desierto-de-merzouga\/#primaryimage\",\"url\":\"https:\/\/i0.wp.com\/moroccotouroperator.com\/es\/wp-content\/uploads\/2021\/06\/195445526_4744382768908579_6091245871106214405_n.jpg?fit=743%2C403&ssl=1\",\"contentUrl\":\"https:\/\/i0.wp.com\/moroccotouroperator.com\/es\/wp-content\/uploads\/2021\/06\/195445526_4744382768908579_6091245871106214405_n.jpg?fit=743%2C403&ssl=1\",\"width\":743,\"height\":403,\"caption\":\"Tour de 3-dia desde Marrakech\"},{\"@type\":\"BreadcrumbList\",\"@id\":\"http:\/\/moroccotouroperator.com\/es\/ruta-de-3-dias-desde-marrakech-al-desierto-de-merzouga\/#breadcrumb\",\"itemListElement\":[{\"@type\":\"ListItem\",\"position\":1,\"name\":\"Home\",\"item\":\"https:\/\/moroccotouroperator.com\/es\/\"},{\"@type\":\"ListItem\",\"position\":2,\"name\":\"Viaje de 3 d\u00edas desde Marrakech al desierto\"}]},{\"@type\":\"WebSite\",\"@id\":\"https:\/\/moroccotouroperator.com\/es\/#website\",\"url\":\"https:\/\/moroccotouroperator.com\/es\/\",\"name\":\"Morocco Tour Operator\",\"description\":\"Morocco Private Desert Tours\",\"potentialAction\":[{\"@type\":\"SearchAction\",\"target\":{\"@type\":\"EntryPoint\",\"urlTemplate\":\"https:\/\/moroccotouroperator.com\/es\/?s={search_term_string}\"},\"query-input\":{\"@type\":\"PropertyValueSpecification\",\"valueRequired\":true,\"valueName\":\"search_term_string\"}}],\"inLanguage\":\"en-US\"}]}<\/script>\n<!-- \/ Yoast SEO plugin. -->","yoast_head_json":{"title":"Viaje de 3 d\u00edas desde Marrakech al desierto \/ Rutas del desierto","description":"Viaje de 3 d\u00edas desde Marrakech al desierto, Viaje de 3 d\u00edas desde Marrakech a Ouarzazate y desierto de Merzouga...","robots":{"index":"index","follow":"follow","max-snippet":"max-snippet:-1","max-image-preview":"max-image-preview:large","max-video-preview":"max-video-preview:-1"},"canonical":"http:\/\/moroccotouroperator.com\/es\/ruta-de-3-dias-desde-marrakech-al-desierto-de-merzouga\/","og_locale":"en_US","og_type":"article","og_title":"Viaje de 3 d\u00edas desde Marrakech al desierto \/ Rutas del desierto","og_description":"Viaje de 3 d\u00edas desde Marrakech al desierto, Viaje de 3 d\u00edas desde Marrakech a Ouarzazate y desierto de Merzouga...","og_url":"http:\/\/moroccotouroperator.com\/es\/ruta-de-3-dias-desde-marrakech-al-desierto-de-merzouga\/","og_site_name":"Morocco Tour Operator","article_modified_time":"2022-01-24T12:34:22+00:00","og_image":[{"width":743,"height":403,"url":"https:\/\/i0.wp.com\/moroccotouroperator.com\/es\/wp-content\/uploads\/2021\/06\/195445526_4744382768908579_6091245871106214405_n.jpg?fit=743%2C403","type":"image\/jpeg"}],"twitter_card":"summary_large_image","twitter_misc":{"Est. reading time":"6 minutes"},"schema":{"@context":"https:\/\/schema.org","@graph":[{"@type":"WebPage","@id":"http:\/\/moroccotouroperator.com\/es\/ruta-de-3-dias-desde-marrakech-al-desierto-de-merzouga\/","url":"http:\/\/moroccotouroperator.com\/es\/ruta-de-3-dias-desde-marrakech-al-desierto-de-merzouga\/","name":"Viaje de 3 d\u00edas desde Marrakech al desierto \/ Rutas del desierto","isPartOf":{"@id":"https:\/\/moroccotouroperator.com\/es\/#website"},"primaryImageOfPage":{"@id":"http:\/\/moroccotouroperator.com\/es\/ruta-de-3-dias-desde-marrakech-al-desierto-de-merzouga\/#primaryimage"},"image":{"@id":"http:\/\/moroccotouroperator.com\/es\/ruta-de-3-dias-desde-marrakech-al-desierto-de-merzouga\/#primaryimage"},"thumbnailUrl":"https:\/\/i0.wp.com\/moroccotouroperator.com\/es\/wp-content\/uploads\/2021\/06\/195445526_4744382768908579_6091245871106214405_n.jpg?fit=743%2C403&ssl=1","datePublished":"2020-10-10T18:21:00+00:00","dateModified":"2022-01-24T12:34:22+00:00","description":"Viaje de 3 d\u00edas desde Marrakech al desierto, Viaje de 3 d\u00edas desde Marrakech a Ouarzazate y desierto de Merzouga...","breadcrumb":{"@id":"http:\/\/moroccotouroperator.com\/es\/ruta-de-3-dias-desde-marrakech-al-desierto-de-merzouga\/#breadcrumb"},"inLanguage":"en-US","potentialAction":[{"@type":"ReadAction","target":["http:\/\/moroccotouroperator.com\/es\/ruta-de-3-dias-desde-marrakech-al-desierto-de-merzouga\/"]}]},{"@type":"ImageObject","inLanguage":"en-US","@id":"http:\/\/moroccotouroperator.com\/es\/ruta-de-3-dias-desde-marrakech-al-desierto-de-merzouga\/#primaryimage","url":"https:\/\/i0.wp.com\/moroccotouroperator.com\/es\/wp-content\/uploads\/2021\/06\/195445526_4744382768908579_6091245871106214405_n.jpg?fit=743%2C403&ssl=1","contentUrl":"https:\/\/i0.wp.com\/moroccotouroperator.com\/es\/wp-content\/uploads\/2021\/06\/195445526_4744382768908579_6091245871106214405_n.jpg?fit=743%2C403&ssl=1","width":743,"height":403,"caption":"Tour de 3-dia desde Marrakech"},{"@type":"BreadcrumbList","@id":"http:\/\/moroccotouroperator.com\/es\/ruta-de-3-dias-desde-marrakech-al-desierto-de-merzouga\/#breadcrumb","itemListElement":[{"@type":"ListItem","position":1,"name":"Home","item":"https:\/\/moroccotouroperator.com\/es\/"},{"@type":"ListItem","position":2,"name":"Viaje de 3 d\u00edas desde Marrakech al desierto"}]},{"@type":"WebSite","@id":"https:\/\/moroccotouroperator.com\/es\/#website","url":"https:\/\/moroccotouroperator.com\/es\/","name":"Morocco Tour Operator","description":"Morocco Private Desert Tours","potentialAction":[{"@type":"SearchAction","target":{"@type":"EntryPoint","urlTemplate":"https:\/\/moroccotouroperator.com\/es\/?s={search_term_string}"},"query-input":{"@type":"PropertyValueSpecification","valueRequired":true,"valueName":"search_term_string"}}],"inLanguage":"en-US"}]}},"jetpack_sharing_enabled":true,"_links":{"self":[{"href":"https:\/\/moroccotouroperator.com\/es\/wp-json\/wp\/v2\/pages\/105"}],"collection":[{"href":"https:\/\/moroccotouroperator.com\/es\/wp-json\/wp\/v2\/pages"}],"about":[{"href":"https:\/\/moroccotouroperator.com\/es\/wp-json\/wp\/v2\/types\/page"}],"author":[{"embeddable":true,"href":"https:\/\/moroccotouroperator.com\/es\/wp-json\/wp\/v2\/users\/1"}],"replies":[{"embeddable":true,"href":"https:\/\/moroccotouroperator.com\/es\/wp-json\/wp\/v2\/comments?post=105"}],"version-history":[{"count":19,"href":"https:\/\/moroccotouroperator.com\/es\/wp-json\/wp\/v2\/pages\/105\/revisions"}],"predecessor-version":[{"id":926,"href":"https:\/\/moroccotouroperator.com\/es\/wp-json\/wp\/v2\/pages\/105\/revisions\/926"}],"wp:featuredmedia":[{"embeddable":true,"href":"https:\/\/moroccotouroperator.com\/es\/wp-json\/wp\/v2\/media\/800"}],"wp:attachment":[{"href":"https:\/\/moroccotouroperator.com\/es\/wp-json\/wp\/v2\/media?parent=105"}],"curies":[{"name":"wp","href":"https:\/\/api.w.org\/{rel}","templated":true}]}}