{"id":103,"date":"2020-10-10T18:20:24","date_gmt":"2020-10-10T18:20:24","guid":{"rendered":"https:\/\/rutasdesierto.com\/trips\/?page_id=103"},"modified":"2021-06-12T14:35:41","modified_gmt":"2021-06-12T14:35:41","slug":"excursion-de-2-dias-de-marrakech-a-zagora-por-el-desierto","status":"publish","type":"page","link":"https:\/\/moroccotouroperator.com\/es\/excursion-de-2-dias-de-marrakech-a-zagora-por-el-desierto\/","title":{"rendered":"Excursi\u00f3n de 2 d\u00edas al dsierto de Zagora desde Marrakech"},"content":{"rendered":"<body><h1>Excursi\u00f3n de 2 d\u00edas por el desierto de Marrakech a Zagora<\/h1>\n<h2>Ruta de 2 dias desde Marrakech al desierto:<\/h2>\n<h3>Resumen:<\/h3>\n<p style=\"text-align: justify;\">Nuestro itinerario de Marrakech a Zagora de 2 d\u00edas de viaje por el desierto le mostrar\u00e1 c\u00f3mo pasar 2 d\u00edas y 1 noche en un c\u00f3modo viaje al desierto de Zagora a trav\u00e9s de Ait Benhaddou y disfrutar del paseo en camello.Tendr\u00e1 la oportunidad de conducir a trav\u00e9s de las monta\u00f1as del Atlas, tambi\u00e9n visitar\u00e1 sitios incre\u00edbles como la Kasbah de Ait Ben Haddou. A continuaci\u00f3n, explorar\u00e1s Zagora en viaje en camello y pasar\u00e1s la noche en el campamento del desierto\u2026Excursi\u00f3n de 2 d\u00edas al dsierto de Zagora desde Marrakech.<\/p>\n<p>\u00a0<\/p>\n<h3>Informaci\u00f3n:<\/h3>\n<p>+ Duraci\u00f3n: 2 D\u00edas \/ 1Noche<\/p>\n<p>+ Salida: 08:00 AM<\/p>\n<p>+ Punto de partida: Marrakech<\/p>\n<p>+ Punto de finalizaci\u00f3n: Marrakech<\/p>\n<h3>Puntos destacados:<\/h3>\n<p>+ Cruzar las monta\u00f1as del Alto Atlas<\/p>\n<p>+ Aut\u00e9nticos pueblos bereberes<\/p>\n<p>+ Kasbah de Ait Ben Haddou<\/p>\n<p>+ Pasar la noche en el campamento del desierto<\/p>\n<p>\u00a0<\/p>\n<h3>El programa de nuestra excursi\u00f3n de 2 d\u00edas de Marrakech a Zagora por el desierto:<\/h3>\n<h4>D\u00cdA 1: Marrakech \u2013 Monta\u00f1as del Alto Atlas \u2013 Agdez \u2013 Zagora:<\/h4>\n<p style=\"text-align: justify;\">Este excursi\u00f3n de 2 d\u00edas al dsierto de Zagora desde Marrakech comenzar\u00e1 conduciendo hacia las incre\u00edbles monta\u00f1as del Alto Atlas sobre Tizi n\u2019Tichka (2260 m de altitud). A trav\u00e9s de las monta\u00f1as, ver\u00e1 pueblos tradicionales, granjas bereberes, \u00e1rboles de arg\u00e1n y bosques de la reserva natural hasta que lleguemos a Ouarzazate. A continuaci\u00f3n, visitaremos los estudios de Hollywood en Ouarzazate. A continuaci\u00f3n, continuaremos hacia Zagora por el paso de Tizi-n-Tnifift hasta llegar a Agdz. As\u00ed, conduciremos cerca del Valle del Draa que es el m\u00e1s grande de Marruecos y disfrutaremos de las hermosas vistas de las plantaciones de palmeras al lado del camino. Adem\u00e1s, haremos una parada para ver cientos de miles de palmeras datileras.<\/p>\n<p style=\"text-align: justify;\">A continuaci\u00f3n, continuaremos hacia el desierto de <a href=\"https:\/\/es.wikipedia.org\/wiki\/Provincia_de_Zagora\">Zagora<\/a>, donde sus camellos le esperan para comenzar su excursi\u00f3n en camello por las dunas de arena durante unas 2 horas. Pasaremos la noche en el campamento del desierto de Zagora.<\/p>\n<h4>D\u00cdA 2: Desierto de Zagora \u2013 Kasbah de Ait Benhaddou \u2013 Marrakech:<\/h4>\n<p style=\"text-align: justify;\">Despu\u00e9s de una ma\u00f1ana temprana, el personal se despertar\u00e1 para disfrutar de la salida del sol sobre las dunas de Zagora, el desayuno y tener una ducha a continuaci\u00f3n, volver en los camellos para cumplir con su conductor. Usted comenzar\u00e1 su viaje por el desierto de Marrakech, en el camino de regreso a Marrakech ver\u00e1 las tiendas bereberes de f\u00f3siles, alfombras, l\u00e1mparas, cuero \u2026 A continuaci\u00f3n, llegaremos a Ouarzazate que se llama como Hollywood de Marruecos, tambi\u00e9n el gran proyecto en Marruecos de la energ\u00eda solar se encuentra en Ouarzazate donde usted tendr\u00e1 tiempo libre para el almuerzo. Adem\u00e1s, seguir\u00e1 explorando la incre\u00edble kasbah de Ait Ben Haddou, patrimonio mundial de la UNESCO. A continuaci\u00f3n, regresar\u00e1 a Marrakech pasando por Telouat y las monta\u00f1as del Alto Atlas. Finalmente, el final de su viaje despu\u00e9s de que nos deje en su alojamiento.<\/p>\n<p>\u00a0<\/p>\n<h3>Incluido en nuestro tour de 2 d\u00edas de Marrakech a Zagora en el desierto:<\/h3>\n<ul>\n<li>\u00a0 Recogida en su hotel\/riad.<\/li>\n<li>Tour privado en Marrakech en un c\u00f3modo veh\u00edculo con aire acondicionado.<\/li>\n<li>\u00a0Conductor de habla hispana\u00a0para esta excursi\u00f3n al desierto de Zagora.<\/li>\n<li>Paseo en camello hasta el campamento del desierto y 1 camello para cada persona.<\/li>\n<li>Una noche en el campamento con cena y desayuno.<\/li>\n<\/ul>\n<p>\u00a0<\/p>\n<h3>No incluido:<\/h3>\n<p>\u2013 Billetes de avi\u00f3n.<\/p>\n<p>\u2013 Todos los almuerzos y bebidas.<\/p>\n<p>\u2013 Entradas y tickets, propinas.<\/p>\n<p>\u00a0<\/p>\n<h3>C\u00f3mo reservar este viaje a Marruecos?<\/h3>\n<p>No dude en ponerse en contacto con nosotros para conocer el precio de este viaje al desierto. Una vez que confirmemos la disponibilidad, le notificaremos su viaje al desierto<\/p>\n<p>\u00a0<\/p>\n<h3>Nota:<\/h3>\n<p>Si desea 3 d\u00edas de viaje por el desierto para explorar las gargantas y otras cosas. Luego pasar una noche en el desierto de Merzouga. Por favor, <a href=\"http:\/\/moroccotouroperator.com\/es\/\">haga clic aqui<\/a>.<\/p>\n<p>\u00a0<\/p>\n<p>\u00a0<\/p>\n<\/body>","protected":false},"excerpt":{"rendered":"<p>Excursi\u00f3n de 2 d\u00edas por el desierto de Marrakech a Zagora Ruta de 2 dias desde Marrakech al desierto: Resumen: Nuestro itinerario de Marrakech a Zagora<span class=\"excerpt-hellip\"> [\u2026]<\/span><\/p>\n","protected":false},"author":1,"featured_media":796,"parent":0,"menu_order":0,"comment_status":"closed","ping_status":"closed","template":"","meta":{"footnotes":""},"class_list":["post-103","page","type-page","status-publish","has-post-thumbnail","hentry"],"yoast_head":"<!-- This site is optimized with the Yoast SEO plugin v25.6 - https:\/\/yoast.com\/wordpress\/plugins\/seo\/ -->\n<title>Excursi\u00f3n de 2 d\u00edas al dsierto de Zagora desde Marrakech \/ marruecos<\/title>\n<meta name=\"description\" content=\"Excursi\u00f3n de 2 d\u00edas al dsierto de Zagora desde Marrakech... D\u00cdA 1: Marrakech - Monta\u00f1as del Alto Atlas - Agdez - Zagora...\" \/>\n<meta name=\"robots\" content=\"index, follow, max-snippet:-1, max-image-preview:large, max-video-preview:-1\" \/>\n<link rel=\"canonical\" href=\"https:\/\/moroccotouroperator.com\/es\/excursion-de-2-dias-de-marrakech-a-zagora-por-el-desierto\/\" \/>\n<meta property=\"og:locale\" content=\"en_US\" \/>\n<meta property=\"og:type\" content=\"article\" \/>\n<meta property=\"og:title\" content=\"Excursi\u00f3n de 2 d\u00edas al dsierto de Zagora desde Marrakech \/ marruecos\" \/>\n<meta property=\"og:description\" content=\"Excursi\u00f3n de 2 d\u00edas al dsierto de Zagora desde Marrakech... D\u00cdA 1: Marrakech - Monta\u00f1as del Alto Atlas - Agdez - Zagora...\" \/>\n<meta property=\"og:url\" content=\"https:\/\/moroccotouroperator.com\/es\/excursion-de-2-dias-de-marrakech-a-zagora-por-el-desierto\/\" \/>\n<meta property=\"og:site_name\" content=\"Morocco Tour Operator\" \/>\n<meta property=\"article:modified_time\" content=\"2021-06-12T14:35:41+00:00\" \/>\n<meta property=\"og:image\" content=\"https:\/\/i0.wp.com\/moroccotouroperator.com\/es\/wp-content\/uploads\/2021\/06\/191313684_491024115500708_2356172376615516604_n.jpg?fit=718%2C407&ssl=1\" \/>\n\t<meta property=\"og:image:width\" content=\"718\" \/>\n\t<meta property=\"og:image:height\" content=\"407\" \/>\n\t<meta property=\"og:image:type\" content=\"image\/jpeg\" \/>\n<meta name=\"twitter:card\" content=\"summary_large_image\" \/>\n<meta name=\"twitter:label1\" content=\"Est. reading time\" \/>\n\t<meta name=\"twitter:data1\" content=\"3 minutes\" \/>\n<script type=\"application\/ld+json\" class=\"yoast-schema-graph\">{\"@context\":\"https:\/\/schema.org\",\"@graph\":[{\"@type\":\"WebPage\",\"@id\":\"https:\/\/moroccotouroperator.com\/es\/excursion-de-2-dias-de-marrakech-a-zagora-por-el-desierto\/\",\"url\":\"https:\/\/moroccotouroperator.com\/es\/excursion-de-2-dias-de-marrakech-a-zagora-por-el-desierto\/\",\"name\":\"Excursi\u00f3n de 2 d\u00edas al dsierto de Zagora desde Marrakech \/ marruecos\",\"isPartOf\":{\"@id\":\"https:\/\/moroccotouroperator.com\/es\/#website\"},\"primaryImageOfPage\":{\"@id\":\"https:\/\/moroccotouroperator.com\/es\/excursion-de-2-dias-de-marrakech-a-zagora-por-el-desierto\/#primaryimage\"},\"image\":{\"@id\":\"https:\/\/moroccotouroperator.com\/es\/excursion-de-2-dias-de-marrakech-a-zagora-por-el-desierto\/#primaryimage\"},\"thumbnailUrl\":\"https:\/\/i0.wp.com\/moroccotouroperator.com\/es\/wp-content\/uploads\/2021\/06\/191313684_491024115500708_2356172376615516604_n.jpg?fit=718%2C407&ssl=1\",\"datePublished\":\"2020-10-10T18:20:24+00:00\",\"dateModified\":\"2021-06-12T14:35:41+00:00\",\"description\":\"Excursi\u00f3n de 2 d\u00edas al dsierto de Zagora desde Marrakech... D\u00cdA 1: Marrakech - Monta\u00f1as del Alto Atlas - Agdez - Zagora...\",\"breadcrumb\":{\"@id\":\"https:\/\/moroccotouroperator.com\/es\/excursion-de-2-dias-de-marrakech-a-zagora-por-el-desierto\/#breadcrumb\"},\"inLanguage\":\"en-US\",\"potentialAction\":[{\"@type\":\"ReadAction\",\"target\":[\"https:\/\/moroccotouroperator.com\/es\/excursion-de-2-dias-de-marrakech-a-zagora-por-el-desierto\/\"]}]},{\"@type\":\"ImageObject\",\"inLanguage\":\"en-US\",\"@id\":\"https:\/\/moroccotouroperator.com\/es\/excursion-de-2-dias-de-marrakech-a-zagora-por-el-desierto\/#primaryimage\",\"url\":\"https:\/\/i0.wp.com\/moroccotouroperator.com\/es\/wp-content\/uploads\/2021\/06\/191313684_491024115500708_2356172376615516604_n.jpg?fit=718%2C407&ssl=1\",\"contentUrl\":\"https:\/\/i0.wp.com\/moroccotouroperator.com\/es\/wp-content\/uploads\/2021\/06\/191313684_491024115500708_2356172376615516604_n.jpg?fit=718%2C407&ssl=1\",\"width\":718,\"height\":407,\"caption\":\"ruta de 2 dais desde Marrakech\"},{\"@type\":\"BreadcrumbList\",\"@id\":\"https:\/\/moroccotouroperator.com\/es\/excursion-de-2-dias-de-marrakech-a-zagora-por-el-desierto\/#breadcrumb\",\"itemListElement\":[{\"@type\":\"ListItem\",\"position\":1,\"name\":\"Home\",\"item\":\"https:\/\/moroccotouroperator.com\/es\/\"},{\"@type\":\"ListItem\",\"position\":2,\"name\":\"Excursi\u00f3n de 2 d\u00edas al dsierto de Zagora desde Marrakech\"}]},{\"@type\":\"WebSite\",\"@id\":\"https:\/\/moroccotouroperator.com\/es\/#website\",\"url\":\"https:\/\/moroccotouroperator.com\/es\/\",\"name\":\"Morocco Tour Operator\",\"description\":\"Morocco Private Desert Tours\",\"potentialAction\":[{\"@type\":\"SearchAction\",\"target\":{\"@type\":\"EntryPoint\",\"urlTemplate\":\"https:\/\/moroccotouroperator.com\/es\/?s={search_term_string}\"},\"query-input\":{\"@type\":\"PropertyValueSpecification\",\"valueRequired\":true,\"valueName\":\"search_term_string\"}}],\"inLanguage\":\"en-US\"}]}<\/script>\n<!-- \/ Yoast SEO plugin. -->","yoast_head_json":{"title":"Excursi\u00f3n de 2 d\u00edas al dsierto de Zagora desde Marrakech \/ marruecos","description":"Excursi\u00f3n de 2 d\u00edas al dsierto de Zagora desde Marrakech... D\u00cdA 1: Marrakech - Monta\u00f1as del Alto Atlas - Agdez - Zagora...","robots":{"index":"index","follow":"follow","max-snippet":"max-snippet:-1","max-image-preview":"max-image-preview:large","max-video-preview":"max-video-preview:-1"},"canonical":"https:\/\/moroccotouroperator.com\/es\/excursion-de-2-dias-de-marrakech-a-zagora-por-el-desierto\/","og_locale":"en_US","og_type":"article","og_title":"Excursi\u00f3n de 2 d\u00edas al dsierto de Zagora desde Marrakech \/ marruecos","og_description":"Excursi\u00f3n de 2 d\u00edas al dsierto de Zagora desde Marrakech... D\u00cdA 1: Marrakech - Monta\u00f1as del Alto Atlas - Agdez - Zagora...","og_url":"https:\/\/moroccotouroperator.com\/es\/excursion-de-2-dias-de-marrakech-a-zagora-por-el-desierto\/","og_site_name":"Morocco Tour Operator","article_modified_time":"2021-06-12T14:35:41+00:00","og_image":[{"width":718,"height":407,"url":"https:\/\/i0.wp.com\/moroccotouroperator.com\/es\/wp-content\/uploads\/2021\/06\/191313684_491024115500708_2356172376615516604_n.jpg?fit=718%2C407&ssl=1","type":"image\/jpeg"}],"twitter_card":"summary_large_image","twitter_misc":{"Est. reading time":"3 minutes"},"schema":{"@context":"https:\/\/schema.org","@graph":[{"@type":"WebPage","@id":"https:\/\/moroccotouroperator.com\/es\/excursion-de-2-dias-de-marrakech-a-zagora-por-el-desierto\/","url":"https:\/\/moroccotouroperator.com\/es\/excursion-de-2-dias-de-marrakech-a-zagora-por-el-desierto\/","name":"Excursi\u00f3n de 2 d\u00edas al dsierto de Zagora desde Marrakech \/ marruecos","isPartOf":{"@id":"https:\/\/moroccotouroperator.com\/es\/#website"},"primaryImageOfPage":{"@id":"https:\/\/moroccotouroperator.com\/es\/excursion-de-2-dias-de-marrakech-a-zagora-por-el-desierto\/#primaryimage"},"image":{"@id":"https:\/\/moroccotouroperator.com\/es\/excursion-de-2-dias-de-marrakech-a-zagora-por-el-desierto\/#primaryimage"},"thumbnailUrl":"https:\/\/i0.wp.com\/moroccotouroperator.com\/es\/wp-content\/uploads\/2021\/06\/191313684_491024115500708_2356172376615516604_n.jpg?fit=718%2C407&ssl=1","datePublished":"2020-10-10T18:20:24+00:00","dateModified":"2021-06-12T14:35:41+00:00","description":"Excursi\u00f3n de 2 d\u00edas al dsierto de Zagora desde Marrakech... D\u00cdA 1: Marrakech - Monta\u00f1as del Alto Atlas - Agdez - Zagora...","breadcrumb":{"@id":"https:\/\/moroccotouroperator.com\/es\/excursion-de-2-dias-de-marrakech-a-zagora-por-el-desierto\/#breadcrumb"},"inLanguage":"en-US","potentialAction":[{"@type":"ReadAction","target":["https:\/\/moroccotouroperator.com\/es\/excursion-de-2-dias-de-marrakech-a-zagora-por-el-desierto\/"]}]},{"@type":"ImageObject","inLanguage":"en-US","@id":"https:\/\/moroccotouroperator.com\/es\/excursion-de-2-dias-de-marrakech-a-zagora-por-el-desierto\/#primaryimage","url":"https:\/\/i0.wp.com\/moroccotouroperator.com\/es\/wp-content\/uploads\/2021\/06\/191313684_491024115500708_2356172376615516604_n.jpg?fit=718%2C407&ssl=1","contentUrl":"https:\/\/i0.wp.com\/moroccotouroperator.com\/es\/wp-content\/uploads\/2021\/06\/191313684_491024115500708_2356172376615516604_n.jpg?fit=718%2C407&ssl=1","width":718,"height":407,"caption":"ruta de 2 dais desde Marrakech"},{"@type":"BreadcrumbList","@id":"https:\/\/moroccotouroperator.com\/es\/excursion-de-2-dias-de-marrakech-a-zagora-por-el-desierto\/#breadcrumb","itemListElement":[{"@type":"ListItem","position":1,"name":"Home","item":"https:\/\/moroccotouroperator.com\/es\/"},{"@type":"ListItem","position":2,"name":"Excursi\u00f3n de 2 d\u00edas al dsierto de Zagora desde Marrakech"}]},{"@type":"WebSite","@id":"https:\/\/moroccotouroperator.com\/es\/#website","url":"https:\/\/moroccotouroperator.com\/es\/","name":"Morocco Tour Operator","description":"Morocco Private Desert Tours","potentialAction":[{"@type":"SearchAction","target":{"@type":"EntryPoint","urlTemplate":"https:\/\/moroccotouroperator.com\/es\/?s={search_term_string}"},"query-input":{"@type":"PropertyValueSpecification","valueRequired":true,"valueName":"search_term_string"}}],"inLanguage":"en-US"}]}},"jetpack_sharing_enabled":true,"_links":{"self":[{"href":"https:\/\/moroccotouroperator.com\/es\/wp-json\/wp\/v2\/pages\/103"}],"collection":[{"href":"https:\/\/moroccotouroperator.com\/es\/wp-json\/wp\/v2\/pages"}],"about":[{"href":"https:\/\/moroccotouroperator.com\/es\/wp-json\/wp\/v2\/types\/page"}],"author":[{"embeddable":true,"href":"https:\/\/moroccotouroperator.com\/es\/wp-json\/wp\/v2\/users\/1"}],"replies":[{"embeddable":true,"href":"https:\/\/moroccotouroperator.com\/es\/wp-json\/wp\/v2\/comments?post=103"}],"version-history":[{"count":14,"href":"https:\/\/moroccotouroperator.com\/es\/wp-json\/wp\/v2\/pages\/103\/revisions"}],"predecessor-version":[{"id":904,"href":"https:\/\/moroccotouroperator.com\/es\/wp-json\/wp\/v2\/pages\/103\/revisions\/904"}],"wp:featuredmedia":[{"embeddable":true,"href":"https:\/\/moroccotouroperator.com\/es\/wp-json\/wp\/v2\/media\/796"}],"wp:attachment":[{"href":"https:\/\/moroccotouroperator.com\/es\/wp-json\/wp\/v2\/media?parent=103"}],"curies":[{"name":"wp","href":"https:\/\/api.w.org\/{rel}","templated":true}]}}